{"id":27,"date":"2024-01-16T13:51:46","date_gmt":"2024-01-16T12:51:46","guid":{"rendered":"https:\/\/site.nord.no\/medsafe-old\/?page_id=27"},"modified":"2025-04-28T21:29:47","modified_gmt":"2025-04-28T19:29:47","slug":"formidling","status":"publish","type":"page","link":"https:\/\/site.nord.no\/medsafe-old\/formidling\/","title":{"rendered":"Publisering"},"content":{"rendered":"\n<div style=\"height:43px\" aria-hidden=\"true\" class=\"wp-block-spacer\"><\/div>\n\n\n\n<p class=\"has-medium-font-size\"><strong><em>Konferansebidrag og faglig presentasjon<\/em><\/strong><\/p>\n\n\n\n<p>Olsen, U. S. (2025). <em>Personalized and safe medicine use for older adults living at home. <\/em>Flash talk, PhD conference &#8211; PhD in science of professions, Bod\u00f8, 19.-20. mars 2025.<\/p>\n\n\n\n<p>Olsen, U. S. (2025). <em>Medforskning som metode for \u00e5 utvikle kunnskap om trygg og persontilpasset legemiddelh\u00e5ndtering hos hjemmeboende eldre. <\/em>Posterpresentasjon. Fakultetskonferanse FSH, Stj\u00f8rdal, 12.-13. mars 2025.<\/p>\n\n\n\n<p>Nilsen, M. K., Olsen, U. S., Skogseth, A. &amp; Habtu, T. A. (2025). <em>Trygg legemiddelbruk hos hjemmeboende eldre som mottar hjelp fra kommunale helsetjenester.<\/em> Fakultetskonferanse FSH, Stj\u00f8rdal, 12.-13. mars 2025.<\/p>\n\n\n\n<p>Nilsen, M. K. (2024). <em>MedSafe-Old: Ensuring medication safety for older recipients of municipal home care services.<\/em> Oral presentasjon. Nettverkssamling samfunnsfarmas\u00f8ytisk forskning, Oslo, 13. november 2024.<\/p>\n\n\n\n<p>Olsen, U. S., Myren, G. E. S., Sletvold, H. &amp; Devik, S. A. (2024). <em>Medforskning for \u00e5 utvikle kunnskap om trygg og persontilpasset legemiddelbruk hos hjemmeboende eldre.<\/em> Posterpresentasjon. Den 8. nasjonale konferansen for omsorgsforskning, Drammen, 23.-24. oktober 2024.<\/p>\n\n\n\n<p>Nilsen, M. K., Sletvold, H. &amp; Olsen, R. M. (2024). <em>How do Norwegian municipality health services facilitate safe medication use for older adults living in their own homes?<\/em> Posterpresentasjon. Den 8. nasjonale konferansen for omsorgsforskning, Drammen, 23. &#8211; 24. oktober 2024.<\/p>\n\n\n\n<p>Nilsen, M. K. (2024). <em>Ensuring Medication safety for older recipients of municipal home care services<\/em>. Seminar: Medicines Management for Older Adults in their own homes. Swansea University, Swansea, 1. mai 2024.<\/p>\n\n\n\n<p>Habtu, T. (2024). <em>Hvordan helsepersonell erfarer og praktiserer legemiddelh\u00e5ndtering for eldre som mottar kommunale hjemmetjenester?<\/em> Oral presentasjon. Fagfrokost. Sykehus Innlandet, Hamar, 20. mars 2024.<\/p>\n\n\n\n<p>Nilsen, M. K., Sletvold, H., Jordan, S. &amp; Olsen, R. M. (2023). <em>How do Norwegian municipality health services facilitate safe medication use for older adults living in their own homes?<\/em> Poster presentation. Farmasidagene 2023. Oslo, 9. &#8211; 10. November, 2023.<\/p>\n\n\n\n<p>Skogseth, A. (2023). <em>MedSafe-Old. Arbeidspakke<\/em> 4. <em>Teater som verkt\u00f8y for trygg legemiddelbruk blant hjemmeboende eldre. <\/em>Oral presentasjon. Samling nasjonalt nettverk av Senter for omsorgsforskning. Metochi, Hellas, 26. september 2023.<\/p>\n\n\n\n<p>Olsen, U. S. (2023). <em>MedSafe-Old. Arbeidspakke<\/em> 3. <em>Hvordan erfarer og beskriver hjemmeboende eldre sine behov for hjelp med legemiddelh\u00e5ndtering for \u00e5 sikre persontilpasset og trygg legemiddelbruk?<\/em> Oral presentasjon. Samling nasjonalt nettverk av Senter for omsorgsforskning. Metochi, Hellas, 26. september 2023.<\/p>\n\n\n\n<p>Habtu, T. (2023). <em>MedSafe-Old. Arbeidspakke 2 Hvordan helsepersonell erfarer og praktiserer legemiddelh\u00e5ndtering for eldre som mottar kommunale hjemmetjenester.<\/em> &nbsp;Oral presentasjon. Samling nasjonalt nettverk av Senter for omsorgsforskning. Metochi, Hellas, 26. september 2023.<\/p>\n\n\n\n<p>Nilsen, M. K. (2023). MedSafe-Old. <em>Arbeidspakke 1 Hvordan tilrettelegger kommunale helse- og omsorgstjenester for trygg legemiddelbruk for hjemmeboende eldre? <\/em>Oral presentasjon. Samling nasjonalt nettverk av Senter for omsorgsforskning. Metochi, Hellas, 26. september 2023.<\/p>\n\n\n\n<p><\/p>\n\n\n\n<div style=\"height:42px\" aria-hidden=\"true\" class=\"wp-block-spacer\"><\/div>\n\n\n\n<p class=\"has-medium-font-size\"><strong><em>Vitenskapelige publikasjoner<\/em><\/strong><\/p>\n","protected":false},"excerpt":{"rendered":"<p>Konferansebidrag og faglig presentasjon Olsen, U. S. (2025). Personalized and safe medicine use for older adults living at home. Flash talk, PhD conference &#8211; PhD in science of professions, Bod\u00f8, 19.-20. mars 2025. Olsen, U. S. (2025). Medforskning som metode for \u00e5 utvikle kunnskap om trygg og persontilpasset legemiddelh\u00e5ndtering hos hjemmeboende eldre. Posterpresentasjon. Fakultetskonferanse FSH, [&hellip;]<\/p>\n","protected":false},"author":75,"featured_media":0,"parent":0,"menu_order":0,"comment_status":"closed","ping_status":"closed","template":"","meta":{"footnotes":""},"coauthors":[8],"class_list":["post-27","page","type-page","status-publish","hentry"],"_links":{"self":[{"href":"https:\/\/site.nord.no\/medsafe-old\/wp-json\/wp\/v2\/pages\/27","targetHints":{"allow":["GET"]}}],"collection":[{"href":"https:\/\/site.nord.no\/medsafe-old\/wp-json\/wp\/v2\/pages"}],"about":[{"href":"https:\/\/site.nord.no\/medsafe-old\/wp-json\/wp\/v2\/types\/page"}],"author":[{"embeddable":true,"href":"https:\/\/site.nord.no\/medsafe-old\/wp-json\/wp\/v2\/users\/75"}],"replies":[{"embeddable":true,"href":"https:\/\/site.nord.no\/medsafe-old\/wp-json\/wp\/v2\/comments?post=27"}],"version-history":[{"count":34,"href":"https:\/\/site.nord.no\/medsafe-old\/wp-json\/wp\/v2\/pages\/27\/revisions"}],"predecessor-version":[{"id":820,"href":"https:\/\/site.nord.no\/medsafe-old\/wp-json\/wp\/v2\/pages\/27\/revisions\/820"}],"wp:attachment":[{"href":"https:\/\/site.nord.no\/medsafe-old\/wp-json\/wp\/v2\/media?parent=27"}],"wp:term":[{"taxonomy":"author","embeddable":true,"href":"https:\/\/site.nord.no\/medsafe-old\/wp-json\/wp\/v2\/coauthors?post=27"}],"curies":[{"name":"wp","href":"https:\/\/api.w.org\/{rel}","templated":true}]}}