{"id":22,"date":"2021-04-09T10:45:11","date_gmt":"2021-04-09T08:45:11","guid":{"rendered":"https:\/\/blogg.nord.no\/mins\/?page_id=22"},"modified":"2021-12-23T13:08:19","modified_gmt":"2021-12-23T12:08:19","slug":"om-mins","status":"publish","type":"page","link":"https:\/\/site.nord.no\/mins\/","title":{"rendered":"Om MINS\/About MINS"},"content":{"rendered":"<p>Dette er en blogg for faggruppa for milj\u00f8, internasjonale relasjoner, nordomr\u00e5der og samfunnssikkerhet, en av faggruppene ved Fakultet for samfunnsvitenskap p\u00e5 Nord universitet. Vi dekker over mange temaer og fagomr\u00e5der, deriblant geografi, internasjonale relasjoner og sosiologi.<\/p>\n<p>Vi er alle aktive forskere som jobber med temaer som milj\u00f8, gruvedrift, beiten\u00e6ringer, kystforvaltning, kart, planarbeid, lokalsamfunnsutvikling, turisme, opplevelsesbaserte n\u00e6ringer, klimaendringer, urfolk, kj\u00f8nn, etnisitet, nasjonalisme, sikkerhet, beredskap, terror, forsvar, nasjonal og internasjonal politikk, for \u00e5 nevne noe.<\/p>\n<p>V\u00e5re ansatte underviser og veileder p\u00e5 flere ulike programmer p\u00e5 alle niv\u00e5er, deriblant bachelor i geografi, bachelor in nordomr\u00e5destudier, bachelor i sosiologi, bachelor i internasjonale relasjoner, master i samfunnsvitenskap og PhD i sosiologi. Vi er ogs\u00e5 engasjerte og deltar b\u00e5de i samfunnsdebatten og p\u00e5 vitenskapelige konferanser og seminarer i inn- og utland.<\/p>\n<p>P\u00e5 denne bloggen kan du bli litt bedre kjent med oss og det vi driver med!<\/p>\n<p><a href=\"https:\/\/www.nord.no\/no\/om-oss\/fakulteter-og-avdelinger\/fakultet-for-samfunnsvitenskap\/forskning\/faggrupper\/miljo-internasjonale-relasjoner-noromrader-og-samfunnssikkerhet\" target=\"_blank\" rel=\"noopener\">Les mer om oss p\u00e5 nettsidene<\/a><\/p>\n<p>***<\/p>\n<p>This is a blog for the Division for Environmental Studies, International Relations, Northern Studies and Security, one of the divisions at the Faculty of Social Sciences at Nord University. We cover many topics and disciplines, including geography, international relations and sociology.<\/p>\n<p>We are all active researchers working on topics such as environment, mining, grazing industries, coastal management, maps, planning, community development, tourism, experience-based industries, climate change, indigenous peoples, gender, ethnicity, nationalism, security, preparedness, terrorism, defense, national and international. politics, to name a few.<\/p>\n<p>Our employees teach and supervise in several different programs at all levels, including Bachelor in Geography, Bachelor in Circumpolar Studies, Bachelor in Sociology, Bachelor in International relations, Master in Social Sciences and PhD in Sociology. We are also involved and participate both in the public debate and in scientific conferences and seminars at home and abroad.<\/p>\n<p>On this blog you can get a little better acquainted with us and what we do!<\/p>\n<p><a href=\"https:\/\/www.nord.no\/en\/about\/faculties-and-centres\/faculty-of-social-sciences\/research\/divisions\/miljo-internasjonale-relasjoner-noromrader-og-samfunnssikkerhet\/Pages\/default.aspx\" target=\"_blank\" rel=\"noopener\">Read more about us on our webpage!<\/a><\/p>\n","protected":false},"excerpt":{"rendered":"<p>Dette er en blogg for faggruppa for milj\u00f8, internasjonale relasjoner, nordomr\u00e5der og samfunnssikkerhet, en av faggruppene ved Fakultet for samfunnsvitenskap p\u00e5 Nord universitet. Vi dekker over mange temaer og fagomr\u00e5der, deriblant geografi, internasjonale relasjoner og sosiologi. Vi er alle aktive forskere som jobber med temaer som milj\u00f8, gruvedrift, beiten\u00e6ringer, kystforvaltning, kart, planarbeid, lokalsamfunnsutvikling, turisme, opplevelsesbaserte &hellip; <\/p>\n<p class=\"link-more\"><a href=\"https:\/\/site.nord.no\/mins\/\" class=\"more-link\">Fortsett \u00e5 lese<span class=\"screen-reader-text\"> \u00abOm MINS\/About MINS\u00bb<\/span><\/a><\/p>\n","protected":false},"author":75,"featured_media":0,"parent":0,"menu_order":0,"comment_status":"closed","ping_status":"closed","template":"","meta":{"footnotes":""},"coauthors":[2],"class_list":["post-22","page","type-page","status-publish","hentry"],"_links":{"self":[{"href":"https:\/\/site.nord.no\/mins\/wp-json\/wp\/v2\/pages\/22","targetHints":{"allow":["GET"]}}],"collection":[{"href":"https:\/\/site.nord.no\/mins\/wp-json\/wp\/v2\/pages"}],"about":[{"href":"https:\/\/site.nord.no\/mins\/wp-json\/wp\/v2\/types\/page"}],"author":[{"embeddable":true,"href":"https:\/\/site.nord.no\/mins\/wp-json\/wp\/v2\/users\/75"}],"replies":[{"embeddable":true,"href":"https:\/\/site.nord.no\/mins\/wp-json\/wp\/v2\/comments?post=22"}],"version-history":[{"count":21,"href":"https:\/\/site.nord.no\/mins\/wp-json\/wp\/v2\/pages\/22\/revisions"}],"predecessor-version":[{"id":603,"href":"https:\/\/site.nord.no\/mins\/wp-json\/wp\/v2\/pages\/22\/revisions\/603"}],"wp:attachment":[{"href":"https:\/\/site.nord.no\/mins\/wp-json\/wp\/v2\/media?parent=22"}],"wp:term":[{"taxonomy":"author","embeddable":true,"href":"https:\/\/site.nord.no\/mins\/wp-json\/wp\/v2\/coauthors?post=22"}],"curies":[{"name":"wp","href":"https:\/\/api.w.org\/{rel}","templated":true}]}}