{"id":19,"date":"2023-01-30T00:00:40","date_gmt":"2023-01-29T23:00:40","guid":{"rendered":"https:\/\/site.nord.no\/eb2024\/?page_id=19"},"modified":"2025-12-03T10:50:54","modified_gmt":"2025-12-03T09:50:54","slug":"hjem","status":"publish","type":"page","link":"https:\/\/site.nord.no\/monitor2024\/","title":{"rendered":"Hjem"},"content":{"rendered":"\t\t<div data-elementor-type=\"wp-page\" data-elementor-id=\"19\" class=\"elementor elementor-19\" data-elementor-post-type=\"page\">\n\t\t\t\t\t\t<section class=\"elementor-section elementor-top-section elementor-element elementor-element-18bc4261 elementor-section-boxed elementor-section-height-default elementor-section-height-default\" data-id=\"18bc4261\" data-element_type=\"section\" data-e-type=\"section\">\n\t\t\t\t\t\t<div class=\"elementor-container elementor-column-gap-default\">\n\t\t\t\t\t<div class=\"elementor-column elementor-col-100 elementor-top-column elementor-element elementor-element-c4ffb1\" data-id=\"c4ffb1\" data-element_type=\"column\" data-e-type=\"column\">\n\t\t\t<div class=\"elementor-widget-wrap elementor-element-populated\">\n\t\t\t\t\t\t<div class=\"elementor-element elementor-element-4009886e uael-fancytext-stack-no elementor-widget elementor-widget-uael-fancy-heading\" data-id=\"4009886e\" data-element_type=\"widget\" data-e-type=\"widget\" data-widget_type=\"uael-fancy-heading.default\">\n\t\t\t\t<div class=\"elementor-widget-container\">\n\t\t\t\t\t\t\t<div class=\"uael-module-content uael-fancy-text-node \" data-animation=\"push\" data-speed=\"2500\">\n\t\t\t \n\t\t\t\t\t\t\t\t<h1 class=\"uael-fancy-text-wrap uael-fancy-text-push\">\n\t\t\t\t\t\t\t\t\t\t\t<span class=\"uael-fancy-heading uael-fancy-text-prefix\">Vi<\/span>\n\t\t\t\t\t\t\t\t\t\t\t<span class=\"uael-fancy-stack\">\n\t\t\t\t\t\t\t\t\t\t\t\t<span class=\"uael-fancy-heading uael-fancy-text-main uael-slide-main uael-adjust-width\">\n\t\t\t\t\t\t\t\t<span class=\"uael-slide-main_ul\">\n\t\t\t\t\t\t\t\t\t\t\t\t\t\t\t\t\t\t\t\t\t\t\t\t\t\t\t\t\t\t<span class=\"uael-slide-block uael-active-heading\"><span class=\"uael-slide_text\">evaluerer<\/span>\n\t\t\t\t\t\t\t\t\t\t\t<\/span>\n\t\t\t\t\t\t\t\t\t\t\t\t\t\t\t\t\t\t\t\t\t\t\t\t\t\t\t\t\t\t\t\t\t\t\t\t\t\t\t\t\t\t<span class=\"uael-slide-block \"><span class=\"uael-slide_text\">unders\u00f8ker<\/span>\n\t\t\t\t\t\t\t\t\t\t\t<\/span>\n\t\t\t\t\t\t\t\t\t\t\t\t\t\t\t\t\t\t\t\t\t\t\t\t\t\t\t\t\t\t\t\t\t\t\t\t\t\t\t\t\t\t<span class=\"uael-slide-block \"><span class=\"uael-slide_text\">monitorerer<\/span>\n\t\t\t\t\t\t\t\t\t\t\t<\/span>\n\t\t\t\t\t\t\t\t\t\t\t\t\t\t\t\t\t\t\t\t\t\t\t\t\t\t\t\t\t\t\t\t\t\t\t\t\t\t\t\t\t\t<span class=\"uael-slide-block \"><span class=\"uael-slide_text\">rapporterer<\/span>\n\t\t\t\t\t\t\t\t\t\t\t<\/span>\n\t\t\t\t\t\t\t\t\t\t\t\t\t\t\t\t\t\t\t\t\t\t\t\t\t\t\t\t\t<\/span>\n\t\t\t\t\t\t\t<\/span>\n\t\t\t\t\t\t\t\t\t\t\t\t<\/span>\n\t\t\t\t\t\t\t\t\t\t\t<span class=\"uael-fancy-heading uael-fancy-text-suffix\">effekten av Bod\u00f82024<\/span>\n\t\t\t\t\t\t\t\t\t<\/h1>\t\t\t\t\t<\/div>\n\t\t\t\t\t\t<\/div>\n\t\t\t\t<\/div>\n\t\t\t\t\t<\/div>\n\t\t<\/div>\n\t\t\t\t\t<\/div>\n\t\t<\/section>\n\t\t\t\t<section class=\"elementor-section elementor-top-section elementor-element elementor-element-42a96e3 elementor-section-boxed elementor-section-height-default elementor-section-height-default\" data-id=\"42a96e3\" data-element_type=\"section\" data-e-type=\"section\">\n\t\t\t\t\t\t<div class=\"elementor-container elementor-column-gap-default\">\n\t\t\t\t\t<div class=\"elementor-column elementor-col-50 elementor-top-column elementor-element elementor-element-445cf52\" data-id=\"445cf52\" data-element_type=\"column\" data-e-type=\"column\">\n\t\t\t<div class=\"elementor-widget-wrap elementor-element-populated\">\n\t\t\t\t\t\t<div class=\"elementor-element elementor-element-8f723f7 elementor-widget elementor-widget-image\" data-id=\"8f723f7\" data-element_type=\"widget\" data-e-type=\"widget\" data-widget_type=\"image.default\">\n\t\t\t\t<div class=\"elementor-widget-container\">\n\t\t\t\t\t\t\t\t\t\t\t\t\t\t\t\t<a href=\"https:\/\/culture.ec.europa.eu\/policies\/culture-in-cities-and-regions\/european-capitals-of-culture\">\n\t\t\t\t\t\t\t<img fetchpriority=\"high\" decoding=\"async\" width=\"800\" height=\"537\" src=\"https:\/\/i0.wp.com\/site.nord.no\/monitor2024\/wp-content\/uploads\/sites\/58\/2022\/11\/European_Capital_of_Culture.svg_.png?fit=800%2C537&amp;ssl=1\" class=\"elementor-animation-grow attachment-large size-large wp-image-38\" alt=\"\" \/>\t\t\t\t\t\t\t\t<\/a>\n\t\t\t\t\t\t\t\t\t\t\t\t\t\t\t<\/div>\n\t\t\t\t<\/div>\n\t\t\t\t\t<\/div>\n\t\t<\/div>\n\t\t\t\t<div class=\"elementor-column elementor-col-50 elementor-top-column elementor-element elementor-element-6116283\" data-id=\"6116283\" data-element_type=\"column\" data-e-type=\"column\">\n\t\t\t<div class=\"elementor-widget-wrap elementor-element-populated\">\n\t\t\t\t\t\t<div class=\"elementor-element elementor-element-f82bbb5 elementor-widget elementor-widget-text-editor\" data-id=\"f82bbb5\" data-element_type=\"widget\" data-e-type=\"widget\" data-widget_type=\"text-editor.default\">\n\t\t\t\t<div class=\"elementor-widget-container\">\n\t\t\t\t\t\t\t\t\t<p>I 2019 ble Bod\u00f8 tildelt status som <a href=\"http:\/\/www.bodo2024.no\" target=\"_blank\" rel=\"noopener\">Europeisk kulturhovedstad<\/a> (ECoC) for 2024. Bod\u00f82024 er det st\u00f8rste kulturprosjektet i Norge p\u00e5 flere \u00e5r. I 2024 blir det gjennomf\u00f8rt over 600 ulike arrangementer i Nordland. Prosjektet tar sikte p\u00e5 \u00e5 n\u00e5 over 500.000 bes\u00f8kende, styrke kulturlivet i Bod\u00f8 og Nordland og bidra til \u00f8kt trivsel og bolyst.<\/p><p>EU-kommisjonen krever at arrang\u00f8ren av kulturhovedstaden (Bod\u00f82024 IKS) gjennomf\u00f8rer en evaluering av prosjektet. Bod\u00f82024 har derfor inng\u00e5tt en avtale med Nord Universitet om evaluering av Bod\u00f8 som kulturhovedstad. Denne evalueringen vil bli gjennomf\u00f8rt av en gruppe <a href=\"https:\/\/site.nord.no\/monitor2024\/om-oss\/\">forskere<\/a> med tilknytning til Handelsh\u00f8gskolen, Nord Universitet, i prosjektet <strong>\u00abMonitor2024 \u2013 Effekter av Bod\u00f8 som europeisk kulturhovedstad\u00bb\u00a0 \u00a0<\/strong><\/p><p>I evalueringen vil vi beskrive og forklare b\u00e5de kortsiktige og langsiktige effekter av Bod\u00f82024. Evalueringen er basert p\u00e5 EU-kommisjonens rammeverk og vil medf\u00f8re bruk av flere forskjellige datakilder og metoder for \u00e5 kartlegge endringer i Bod\u00f8 og Nordland og unders\u00f8ke om m\u00e5lene for kulturhovedstad-prosjektet, fastsatt i\u00a0<a href=\"https:\/\/site.nord.no\/monitor2024\/wp-content\/uploads\/sites\/58\/2023\/01\/ecoc-guidelines-for-cities-own-evaluations-2020-2033.pdf\" target=\"_blank\" rel=\"noopener\">rammeverket av EU-kommisjonen (2018)<\/a>, blir oppn\u00e5dd. Vi vil ogs\u00e5 unders\u00f8ke om Bod\u00f82024 f\u00f8rer til endringer i kulturlivet og om dette eventuelt har positive effekter for befolkningen og bidrar til by- og regionalutvikling.<\/p>\t\t\t\t\t\t\t\t<\/div>\n\t\t\t\t<\/div>\n\t\t\t\t\t<\/div>\n\t\t<\/div>\n\t\t\t\t\t<\/div>\n\t\t<\/section>\n\t\t\t\t<section class=\"elementor-section elementor-top-section elementor-element elementor-element-1de6e6d5 elementor-section-boxed elementor-section-height-default elementor-section-height-default\" data-id=\"1de6e6d5\" data-element_type=\"section\" data-e-type=\"section\">\n\t\t\t\t\t\t<div class=\"elementor-container elementor-column-gap-default\">\n\t\t\t\t\t<div class=\"elementor-column elementor-col-100 elementor-top-column elementor-element elementor-element-3fb7bd32\" data-id=\"3fb7bd32\" data-element_type=\"column\" data-e-type=\"column\">\n\t\t\t<div class=\"elementor-widget-wrap elementor-element-populated\">\n\t\t\t\t\t\t<div class=\"elementor-element elementor-element-3f16acc2 elementor-widget-divider--view-line elementor-widget elementor-widget-divider\" data-id=\"3f16acc2\" data-element_type=\"widget\" data-e-type=\"widget\" data-widget_type=\"divider.default\">\n\t\t\t\t<div class=\"elementor-widget-container\">\n\t\t\t\t\t\t\t<div class=\"elementor-divider\">\n\t\t\t<span class=\"elementor-divider-separator\">\n\t\t\t\t\t\t<\/span>\n\t\t<\/div>\n\t\t\t\t\t\t<\/div>\n\t\t\t\t<\/div>\n\t\t\t\t\t<\/div>\n\t\t<\/div>\n\t\t\t\t\t<\/div>\n\t\t<\/section>\n\t\t\t\t<section class=\"elementor-section elementor-top-section elementor-element elementor-element-b0192ef elementor-section-boxed elementor-section-height-default elementor-section-height-default\" data-id=\"b0192ef\" data-element_type=\"section\" data-e-type=\"section\">\n\t\t\t\t\t\t<div class=\"elementor-container elementor-column-gap-default\">\n\t\t\t\t\t<div class=\"elementor-column elementor-col-100 elementor-top-column elementor-element elementor-element-0f0159d\" data-id=\"0f0159d\" data-element_type=\"column\" data-e-type=\"column\">\n\t\t\t<div class=\"elementor-widget-wrap elementor-element-populated\">\n\t\t\t\t\t\t<section class=\"elementor-section elementor-inner-section elementor-element elementor-element-de8f533 elementor-section-boxed elementor-section-height-default elementor-section-height-default\" data-id=\"de8f533\" data-element_type=\"section\" data-e-type=\"section\">\n\t\t\t\t\t\t<div class=\"elementor-container elementor-column-gap-default\">\n\t\t\t\t\t<div class=\"elementor-column elementor-col-50 elementor-inner-column elementor-element elementor-element-7519bfe\" data-id=\"7519bfe\" data-element_type=\"column\" data-e-type=\"column\">\n\t\t\t<div class=\"elementor-widget-wrap elementor-element-populated\">\n\t\t\t\t\t\t<div class=\"elementor-element elementor-element-65a1006 elementor-widget elementor-widget-image\" data-id=\"65a1006\" data-element_type=\"widget\" data-e-type=\"widget\" data-widget_type=\"image.default\">\n\t\t\t\t<div class=\"elementor-widget-container\">\n\t\t\t\t\t\t\t\t\t\t\t\t\t\t\t\t<a href=\"http:\/\/www.nord.no\">\n\t\t\t\t\t\t\t<img decoding=\"async\" width=\"560\" height=\"189\" src=\"https:\/\/i0.wp.com\/site.nord.no\/monitor2024\/wp-content\/uploads\/sites\/58\/2022\/11\/560x189_logo_pos.png?fit=560%2C189&amp;ssl=1\" class=\"elementor-animation-grow attachment-large size-large wp-image-9\" alt=\"\" \/>\t\t\t\t\t\t\t\t<\/a>\n\t\t\t\t\t\t\t\t\t\t\t\t\t\t\t<\/div>\n\t\t\t\t<\/div>\n\t\t\t\t\t<\/div>\n\t\t<\/div>\n\t\t\t\t<div class=\"elementor-column elementor-col-50 elementor-inner-column elementor-element elementor-element-0026ed7\" data-id=\"0026ed7\" data-element_type=\"column\" data-e-type=\"column\">\n\t\t\t<div class=\"elementor-widget-wrap elementor-element-populated\">\n\t\t\t\t\t\t<div class=\"elementor-element elementor-element-f358496 elementor-widget elementor-widget-image\" data-id=\"f358496\" data-element_type=\"widget\" data-e-type=\"widget\" data-widget_type=\"image.default\">\n\t\t\t\t<div class=\"elementor-widget-container\">\n\t\t\t\t\t\t\t\t\t\t\t\t\t\t\t\t<a href=\"http:\/\/www.bodo2024.no\">\n\t\t\t\t\t\t\t<img decoding=\"async\" width=\"1200\" height=\"995\" src=\"https:\/\/i0.wp.com\/site.nord.no\/monitor2024\/wp-content\/uploads\/sites\/58\/2022\/11\/Bod%E2%94%9C%C2%A92024_Logo_Main_Medium_Web.png?fit=1200%2C995&amp;ssl=1\" class=\"elementor-animation-grow attachment-full size-full wp-image-37\" alt=\"\" \/>\t\t\t\t\t\t\t\t<\/a>\n\t\t\t\t\t\t\t\t\t\t\t\t\t\t\t<\/div>\n\t\t\t\t<\/div>\n\t\t\t\t\t<\/div>\n\t\t<\/div>\n\t\t\t\t\t<\/div>\n\t\t<\/section>\n\t\t\t\t\t<\/div>\n\t\t<\/div>\n\t\t\t\t\t<\/div>\n\t\t<\/section>\n\t\t\t\t<section class=\"elementor-section elementor-top-section elementor-element elementor-element-732a687 elementor-section-boxed elementor-section-height-default elementor-section-height-default\" data-id=\"732a687\" data-element_type=\"section\" data-e-type=\"section\">\n\t\t\t\t\t\t<div class=\"elementor-container elementor-column-gap-default\">\n\t\t\t\t\t<div class=\"elementor-column elementor-col-100 elementor-top-column elementor-element elementor-element-de8c4fb\" data-id=\"de8c4fb\" data-element_type=\"column\" data-e-type=\"column\">\n\t\t\t<div class=\"elementor-widget-wrap elementor-element-populated\">\n\t\t\t\t\t\t<div class=\"elementor-element elementor-element-f477619 elementor-widget-divider--view-line elementor-widget elementor-widget-divider\" data-id=\"f477619\" data-element_type=\"widget\" data-e-type=\"widget\" data-widget_type=\"divider.default\">\n\t\t\t\t<div class=\"elementor-widget-container\">\n\t\t\t\t\t\t\t<div class=\"elementor-divider\">\n\t\t\t<span class=\"elementor-divider-separator\">\n\t\t\t\t\t\t<\/span>\n\t\t<\/div>\n\t\t\t\t\t\t<\/div>\n\t\t\t\t<\/div>\n\t\t\t\t\t<\/div>\n\t\t<\/div>\n\t\t\t\t\t<\/div>\n\t\t<\/section>\n\t\t\t\t<\/div>\n\t\t","protected":false},"excerpt":{"rendered":"<p>Vi evaluerer unders\u00f8ker monitorerer rapporterer effekten av Bod\u00f82024 I 2019 ble Bod\u00f8 tildelt status som Europeisk kulturhovedstad (ECoC) for 2024. Bod\u00f82024 er det st\u00f8rste kulturprosjektet i Norge p\u00e5 flere \u00e5r. I 2024 blir det gjennomf\u00f8rt over 600 ulike arrangementer i Nordland. Prosjektet tar sikte p\u00e5 \u00e5 n\u00e5 over 500.000 bes\u00f8kende, styrke kulturlivet i Bod\u00f8 og [&hellip;]<\/p>\n","protected":false},"author":119,"featured_media":661,"parent":0,"menu_order":0,"comment_status":"closed","ping_status":"closed","template":"","meta":{"footnotes":""},"coauthors":[4],"class_list":["post-19","page","type-page","status-publish","has-post-thumbnail","hentry"],"yoast_head":"<!-- This site is optimized with the Yoast SEO plugin v27.4 - https:\/\/yoast.com\/product\/yoast-seo-wordpress\/ -->\n<title>Hjem &#8211; Monitor 2024<\/title>\n<meta name=\"description\" content=\"Prosjektet Monitor2024 evaluerer effektene av Bod\u00f82024 som europeisk kulturhovedsted etter avtale mellom Nord Universitet og Bod\u00f82024.\" \/>\n<meta name=\"robots\" content=\"index, follow, max-snippet:-1, max-image-preview:large, max-video-preview:-1\" \/>\n<link rel=\"canonical\" href=\"https:\/\/site.nord.no\/monitor2024\/\" \/>\n<meta property=\"og:locale\" content=\"nb_NO\" \/>\n<meta property=\"og:type\" content=\"article\" \/>\n<meta property=\"og:title\" content=\"Hjem &#8211; Monitor 2024\" \/>\n<meta property=\"og:description\" content=\"Prosjektet Monitor2024 evaluerer effektene av Bod\u00f82024 som europeisk kulturhovedsted etter avtale mellom Nord Universitet og Bod\u00f82024.\" \/>\n<meta property=\"og:url\" content=\"https:\/\/site.nord.no\/monitor2024\/\" \/>\n<meta property=\"og:site_name\" content=\"Monitor 2024\" \/>\n<meta property=\"article:modified_time\" content=\"2025-12-03T09:50:54+00:00\" \/>\n<meta property=\"og:image\" content=\"https:\/\/site.nord.no\/monitor2024\/wp-content\/uploads\/sites\/58\/2023\/01\/Monitor-2024-aurora-3-1-\u2013-Kopikvadrat.png\" \/>\n\t<meta property=\"og:image:width\" content=\"536\" \/>\n\t<meta property=\"og:image:height\" content=\"536\" \/>\n\t<meta property=\"og:image:type\" content=\"image\/png\" \/>\n<meta name=\"twitter:card\" content=\"summary_large_image\" \/>\n<meta name=\"twitter:label1\" content=\"Ansl. lesetid\" \/>\n\t<meta name=\"twitter:data1\" content=\"2 minutter\" \/>\n\t<meta name=\"twitter:label2\" content=\"Written by\" \/>\n\t<meta name=\"twitter:data2\" content=\"monitor2024\" \/>\n<script type=\"application\/ld+json\" class=\"yoast-schema-graph\">{\"@context\":\"https:\\\/\\\/schema.org\",\"@graph\":[{\"@type\":\"WebPage\",\"@id\":\"https:\\\/\\\/site.nord.no\\\/monitor2024\\\/\",\"url\":\"https:\\\/\\\/site.nord.no\\\/monitor2024\\\/\",\"name\":\"Hjem &#8211; Monitor 2024\",\"isPartOf\":{\"@id\":\"https:\\\/\\\/site.nord.no\\\/monitor2024\\\/#website\"},\"primaryImageOfPage\":{\"@id\":\"https:\\\/\\\/site.nord.no\\\/monitor2024\\\/#primaryimage\"},\"image\":{\"@id\":\"https:\\\/\\\/site.nord.no\\\/monitor2024\\\/#primaryimage\"},\"thumbnailUrl\":\"https:\\\/\\\/i0.wp.com\\\/site.nord.no\\\/monitor2024\\\/wp-content\\\/uploads\\\/sites\\\/58\\\/2023\\\/01\\\/Monitor-2024-aurora-3-1-%E2%80%93-Kopikvadrat.png?fit=536%2C536&ssl=1\",\"datePublished\":\"2023-01-29T23:00:40+00:00\",\"dateModified\":\"2025-12-03T09:50:54+00:00\",\"description\":\"Prosjektet Monitor2024 evaluerer effektene av Bod\u00f82024 som europeisk kulturhovedsted etter avtale mellom Nord Universitet og Bod\u00f82024.\",\"breadcrumb\":{\"@id\":\"https:\\\/\\\/site.nord.no\\\/monitor2024\\\/#breadcrumb\"},\"inLanguage\":\"nb-NO\",\"potentialAction\":[{\"@type\":\"ReadAction\",\"target\":[\"https:\\\/\\\/site.nord.no\\\/monitor2024\\\/\"]}]},{\"@type\":\"ImageObject\",\"inLanguage\":\"nb-NO\",\"@id\":\"https:\\\/\\\/site.nord.no\\\/monitor2024\\\/#primaryimage\",\"url\":\"https:\\\/\\\/i0.wp.com\\\/site.nord.no\\\/monitor2024\\\/wp-content\\\/uploads\\\/sites\\\/58\\\/2023\\\/01\\\/Monitor-2024-aurora-3-1-%E2%80%93-Kopikvadrat.png?fit=536%2C536&ssl=1\",\"contentUrl\":\"https:\\\/\\\/i0.wp.com\\\/site.nord.no\\\/monitor2024\\\/wp-content\\\/uploads\\\/sites\\\/58\\\/2023\\\/01\\\/Monitor-2024-aurora-3-1-%E2%80%93-Kopikvadrat.png?fit=536%2C536&ssl=1\",\"width\":536,\"height\":536},{\"@type\":\"BreadcrumbList\",\"@id\":\"https:\\\/\\\/site.nord.no\\\/monitor2024\\\/#breadcrumb\",\"itemListElement\":[{\"@type\":\"ListItem\",\"position\":1,\"name\":\"Hjem\",\"item\":\"https:\\\/\\\/site.nord.no\\\/monitor2024\\\/\"},{\"@type\":\"ListItem\",\"position\":2,\"name\":\"Hjem\"}]},{\"@type\":\"WebSite\",\"@id\":\"https:\\\/\\\/site.nord.no\\\/monitor2024\\\/#website\",\"url\":\"https:\\\/\\\/site.nord.no\\\/monitor2024\\\/\",\"name\":\"Monitor 2024\",\"description\":\"Evaluerings- og monitoreringsprosjekt av Bod\u00f8 2024\",\"publisher\":{\"@id\":\"https:\\\/\\\/site.nord.no\\\/monitor2024\\\/#organization\"},\"potentialAction\":[{\"@type\":\"SearchAction\",\"target\":{\"@type\":\"EntryPoint\",\"urlTemplate\":\"https:\\\/\\\/site.nord.no\\\/monitor2024\\\/?s={search_term_string}\"},\"query-input\":{\"@type\":\"PropertyValueSpecification\",\"valueRequired\":true,\"valueName\":\"search_term_string\"}}],\"inLanguage\":\"nb-NO\"},{\"@type\":\"Organization\",\"@id\":\"https:\\\/\\\/site.nord.no\\\/monitor2024\\\/#organization\",\"name\":\"Monitor 2024\",\"url\":\"https:\\\/\\\/site.nord.no\\\/monitor2024\\\/\",\"logo\":{\"@type\":\"ImageObject\",\"inLanguage\":\"nb-NO\",\"@id\":\"https:\\\/\\\/site.nord.no\\\/monitor2024\\\/#\\\/schema\\\/logo\\\/image\\\/\",\"url\":\"https:\\\/\\\/i0.wp.com\\\/site.nord.no\\\/monitor2024\\\/wp-content\\\/uploads\\\/sites\\\/58\\\/2022\\\/11\\\/Monitor-2024-aurora-3-003.png?fit=1484%2C625&ssl=1\",\"contentUrl\":\"https:\\\/\\\/i0.wp.com\\\/site.nord.no\\\/monitor2024\\\/wp-content\\\/uploads\\\/sites\\\/58\\\/2022\\\/11\\\/Monitor-2024-aurora-3-003.png?fit=1484%2C625&ssl=1\",\"width\":1484,\"height\":625,\"caption\":\"Monitor 2024\"},\"image\":{\"@id\":\"https:\\\/\\\/site.nord.no\\\/monitor2024\\\/#\\\/schema\\\/logo\\\/image\\\/\"}}]}<\/script>\n<!-- \/ Yoast SEO plugin. -->","yoast_head_json":{"title":"Hjem &#8211; Monitor 2024","description":"Prosjektet Monitor2024 evaluerer effektene av Bod\u00f82024 som europeisk kulturhovedsted etter avtale mellom Nord Universitet og Bod\u00f82024.","robots":{"index":"index","follow":"follow","max-snippet":"max-snippet:-1","max-image-preview":"max-image-preview:large","max-video-preview":"max-video-preview:-1"},"canonical":"https:\/\/site.nord.no\/monitor2024\/","og_locale":"nb_NO","og_type":"article","og_title":"Hjem &#8211; Monitor 2024","og_description":"Prosjektet Monitor2024 evaluerer effektene av Bod\u00f82024 som europeisk kulturhovedsted etter avtale mellom Nord Universitet og Bod\u00f82024.","og_url":"https:\/\/site.nord.no\/monitor2024\/","og_site_name":"Monitor 2024","article_modified_time":"2025-12-03T09:50:54+00:00","og_image":[{"width":536,"height":536,"url":"https:\/\/site.nord.no\/monitor2024\/wp-content\/uploads\/sites\/58\/2023\/01\/Monitor-2024-aurora-3-1-\u2013-Kopikvadrat.png","type":"image\/png"}],"twitter_card":"summary_large_image","twitter_misc":{"Ansl. lesetid":"2 minutter","Written by":"monitor2024"},"schema":{"@context":"https:\/\/schema.org","@graph":[{"@type":"WebPage","@id":"https:\/\/site.nord.no\/monitor2024\/","url":"https:\/\/site.nord.no\/monitor2024\/","name":"Hjem &#8211; Monitor 2024","isPartOf":{"@id":"https:\/\/site.nord.no\/monitor2024\/#website"},"primaryImageOfPage":{"@id":"https:\/\/site.nord.no\/monitor2024\/#primaryimage"},"image":{"@id":"https:\/\/site.nord.no\/monitor2024\/#primaryimage"},"thumbnailUrl":"https:\/\/i0.wp.com\/site.nord.no\/monitor2024\/wp-content\/uploads\/sites\/58\/2023\/01\/Monitor-2024-aurora-3-1-%E2%80%93-Kopikvadrat.png?fit=536%2C536&ssl=1","datePublished":"2023-01-29T23:00:40+00:00","dateModified":"2025-12-03T09:50:54+00:00","description":"Prosjektet Monitor2024 evaluerer effektene av Bod\u00f82024 som europeisk kulturhovedsted etter avtale mellom Nord Universitet og Bod\u00f82024.","breadcrumb":{"@id":"https:\/\/site.nord.no\/monitor2024\/#breadcrumb"},"inLanguage":"nb-NO","potentialAction":[{"@type":"ReadAction","target":["https:\/\/site.nord.no\/monitor2024\/"]}]},{"@type":"ImageObject","inLanguage":"nb-NO","@id":"https:\/\/site.nord.no\/monitor2024\/#primaryimage","url":"https:\/\/i0.wp.com\/site.nord.no\/monitor2024\/wp-content\/uploads\/sites\/58\/2023\/01\/Monitor-2024-aurora-3-1-%E2%80%93-Kopikvadrat.png?fit=536%2C536&ssl=1","contentUrl":"https:\/\/i0.wp.com\/site.nord.no\/monitor2024\/wp-content\/uploads\/sites\/58\/2023\/01\/Monitor-2024-aurora-3-1-%E2%80%93-Kopikvadrat.png?fit=536%2C536&ssl=1","width":536,"height":536},{"@type":"BreadcrumbList","@id":"https:\/\/site.nord.no\/monitor2024\/#breadcrumb","itemListElement":[{"@type":"ListItem","position":1,"name":"Hjem","item":"https:\/\/site.nord.no\/monitor2024\/"},{"@type":"ListItem","position":2,"name":"Hjem"}]},{"@type":"WebSite","@id":"https:\/\/site.nord.no\/monitor2024\/#website","url":"https:\/\/site.nord.no\/monitor2024\/","name":"Monitor 2024","description":"Evaluerings- og monitoreringsprosjekt av Bod\u00f8 2024","publisher":{"@id":"https:\/\/site.nord.no\/monitor2024\/#organization"},"potentialAction":[{"@type":"SearchAction","target":{"@type":"EntryPoint","urlTemplate":"https:\/\/site.nord.no\/monitor2024\/?s={search_term_string}"},"query-input":{"@type":"PropertyValueSpecification","valueRequired":true,"valueName":"search_term_string"}}],"inLanguage":"nb-NO"},{"@type":"Organization","@id":"https:\/\/site.nord.no\/monitor2024\/#organization","name":"Monitor 2024","url":"https:\/\/site.nord.no\/monitor2024\/","logo":{"@type":"ImageObject","inLanguage":"nb-NO","@id":"https:\/\/site.nord.no\/monitor2024\/#\/schema\/logo\/image\/","url":"https:\/\/i0.wp.com\/site.nord.no\/monitor2024\/wp-content\/uploads\/sites\/58\/2022\/11\/Monitor-2024-aurora-3-003.png?fit=1484%2C625&ssl=1","contentUrl":"https:\/\/i0.wp.com\/site.nord.no\/monitor2024\/wp-content\/uploads\/sites\/58\/2022\/11\/Monitor-2024-aurora-3-003.png?fit=1484%2C625&ssl=1","width":1484,"height":625,"caption":"Monitor 2024"},"image":{"@id":"https:\/\/site.nord.no\/monitor2024\/#\/schema\/logo\/image\/"}}]}},"jetpack_sharing_enabled":true,"_links":{"self":[{"href":"https:\/\/site.nord.no\/monitor2024\/wp-json\/wp\/v2\/pages\/19","targetHints":{"allow":["GET"]}}],"collection":[{"href":"https:\/\/site.nord.no\/monitor2024\/wp-json\/wp\/v2\/pages"}],"about":[{"href":"https:\/\/site.nord.no\/monitor2024\/wp-json\/wp\/v2\/types\/page"}],"author":[{"embeddable":true,"href":"https:\/\/site.nord.no\/monitor2024\/wp-json\/wp\/v2\/users\/119"}],"replies":[{"embeddable":true,"href":"https:\/\/site.nord.no\/monitor2024\/wp-json\/wp\/v2\/comments?post=19"}],"version-history":[{"count":67,"href":"https:\/\/site.nord.no\/monitor2024\/wp-json\/wp\/v2\/pages\/19\/revisions"}],"predecessor-version":[{"id":1836,"href":"https:\/\/site.nord.no\/monitor2024\/wp-json\/wp\/v2\/pages\/19\/revisions\/1836"}],"wp:featuredmedia":[{"embeddable":true,"href":"https:\/\/site.nord.no\/monitor2024\/wp-json\/wp\/v2\/media\/661"}],"wp:attachment":[{"href":"https:\/\/site.nord.no\/monitor2024\/wp-json\/wp\/v2\/media?parent=19"}],"wp:term":[{"taxonomy":"author","embeddable":true,"href":"https:\/\/site.nord.no\/monitor2024\/wp-json\/wp\/v2\/coauthors?post=19"}],"curies":[{"name":"wp","href":"https:\/\/api.w.org\/{rel}","templated":true}]}}