{"id":54,"date":"2023-01-30T00:00:58","date_gmt":"2023-01-29T23:00:58","guid":{"rendered":"https:\/\/site.nord.no\/monitor2024\/?page_id=54"},"modified":"2023-01-29T22:06:40","modified_gmt":"2023-01-29T21:06:40","slug":"home","status":"publish","type":"page","link":"https:\/\/site.nord.no\/monitor2024\/home\/","title":{"rendered":"English"},"content":{"rendered":"\t\t<div data-elementor-type=\"wp-page\" data-elementor-id=\"54\" class=\"elementor elementor-54\" data-elementor-post-type=\"page\">\n\t\t\t\t\t\t<section class=\"elementor-section elementor-top-section elementor-element elementor-element-450b2f58 elementor-section-boxed elementor-section-height-default elementor-section-height-default\" data-id=\"450b2f58\" data-element_type=\"section\" data-e-type=\"section\">\n\t\t\t\t\t\t<div class=\"elementor-container elementor-column-gap-default\">\n\t\t\t\t\t<div class=\"elementor-column elementor-col-100 elementor-top-column elementor-element elementor-element-19e7b6f\" data-id=\"19e7b6f\" data-element_type=\"column\" data-e-type=\"column\">\n\t\t\t<div class=\"elementor-widget-wrap elementor-element-populated\">\n\t\t\t\t\t\t<div class=\"elementor-element elementor-element-1fce80ca uael-fancytext-stack-no elementor-widget elementor-widget-uael-fancy-heading\" data-id=\"1fce80ca\" data-element_type=\"widget\" data-e-type=\"widget\" data-widget_type=\"uael-fancy-heading.default\">\n\t\t\t\t<div class=\"elementor-widget-container\">\n\t\t\t\t\t\t\t<div class=\"uael-module-content uael-fancy-text-node \" data-animation=\"push\" data-speed=\"2500\">\n\t\t\t \n\t\t\t\t\t\t\t\t<h1 class=\"uael-fancy-text-wrap uael-fancy-text-push\">\n\t\t\t\t\t\t\t\t\t\t\t<span class=\"uael-fancy-heading uael-fancy-text-prefix\">We<\/span>\n\t\t\t\t\t\t\t\t\t\t\t<span class=\"uael-fancy-stack\">\n\t\t\t\t\t\t\t\t\t\t\t\t<span class=\"uael-fancy-heading uael-fancy-text-main uael-slide-main uael-adjust-width\">\n\t\t\t\t\t\t\t\t<span class=\"uael-slide-main_ul\">\n\t\t\t\t\t\t\t\t\t\t\t\t\t\t\t\t\t\t\t\t\t\t\t\t\t\t\t\t\t\t<span class=\"uael-slide-block uael-active-heading\"><span class=\"uael-slide_text\">monitor<\/span>\n\t\t\t\t\t\t\t\t\t\t\t<\/span>\n\t\t\t\t\t\t\t\t\t\t\t\t\t\t\t\t\t\t\t\t\t\t\t\t\t\t\t\t\t\t\t\t\t\t\t\t\t\t\t\t\t\t<span class=\"uael-slide-block \"><span class=\"uael-slide_text\">report<\/span>\n\t\t\t\t\t\t\t\t\t\t\t<\/span>\n\t\t\t\t\t\t\t\t\t\t\t\t\t\t\t\t\t\t\t\t\t\t\t\t\t\t\t\t\t\t\t\t\t\t\t\t\t\t\t\t\t\t<span class=\"uael-slide-block \"><span class=\"uael-slide_text\">investigate<\/span>\n\t\t\t\t\t\t\t\t\t\t\t<\/span>\n\t\t\t\t\t\t\t\t\t\t\t\t\t\t\t\t\t\t\t\t\t\t\t\t\t\t\t\t\t\t\t\t\t\t\t\t\t\t\t\t\t\t<span class=\"uael-slide-block \"><span class=\"uael-slide_text\">evaluate<\/span>\n\t\t\t\t\t\t\t\t\t\t\t<\/span>\n\t\t\t\t\t\t\t\t\t\t\t\t\t\t\t\t\t\t\t\t\t\t\t\t\t\t\t\t\t<\/span>\n\t\t\t\t\t\t\t<\/span>\n\t\t\t\t\t\t\t\t\t\t\t\t<\/span>\n\t\t\t\t\t\t\t\t\t\t\t<span class=\"uael-fancy-heading uael-fancy-text-suffix\">the effects of Bod\u00f82024<\/span>\n\t\t\t\t\t\t\t\t\t<\/h1>\t\t\t\t\t<\/div>\n\t\t\t\t\t\t<\/div>\n\t\t\t\t<\/div>\n\t\t\t\t\t<\/div>\n\t\t<\/div>\n\t\t\t\t\t<\/div>\n\t\t<\/section>\n\t\t\t\t<section class=\"elementor-section elementor-top-section elementor-element elementor-element-5c62500a elementor-section-boxed elementor-section-height-default elementor-section-height-default\" data-id=\"5c62500a\" data-element_type=\"section\" data-e-type=\"section\">\n\t\t\t\t\t\t<div class=\"elementor-container elementor-column-gap-default\">\n\t\t\t\t\t<div class=\"elementor-column elementor-col-50 elementor-top-column elementor-element elementor-element-400471cf\" data-id=\"400471cf\" data-element_type=\"column\" data-e-type=\"column\">\n\t\t\t<div class=\"elementor-widget-wrap elementor-element-populated\">\n\t\t\t\t\t\t<div class=\"elementor-element elementor-element-1cbbbb09 elementor-widget elementor-widget-image\" data-id=\"1cbbbb09\" data-element_type=\"widget\" data-e-type=\"widget\" data-widget_type=\"image.default\">\n\t\t\t\t<div class=\"elementor-widget-container\">\n\t\t\t\t\t\t\t\t\t\t\t\t\t\t\t\t<a href=\"https:\/\/culture.ec.europa.eu\/policies\/culture-in-cities-and-regions\/european-capitals-of-culture\">\n\t\t\t\t\t\t\t<img fetchpriority=\"high\" decoding=\"async\" width=\"800\" height=\"537\" src=\"https:\/\/i0.wp.com\/site.nord.no\/monitor2024\/wp-content\/uploads\/sites\/58\/2022\/11\/European_Capital_of_Culture.svg_.png?fit=800%2C537&amp;ssl=1\" class=\"elementor-animation-grow attachment-large size-large wp-image-38\" alt=\"\" \/>\t\t\t\t\t\t\t\t<\/a>\n\t\t\t\t\t\t\t\t\t\t\t\t\t\t\t<\/div>\n\t\t\t\t<\/div>\n\t\t\t\t\t<\/div>\n\t\t<\/div>\n\t\t\t\t<div class=\"elementor-column elementor-col-50 elementor-top-column elementor-element elementor-element-74448b0c\" data-id=\"74448b0c\" data-element_type=\"column\" data-e-type=\"column\">\n\t\t\t<div class=\"elementor-widget-wrap elementor-element-populated\">\n\t\t\t\t\t\t<div class=\"elementor-element elementor-element-2cbb5e7b elementor-widget elementor-widget-text-editor\" data-id=\"2cbb5e7b\" data-element_type=\"widget\" data-e-type=\"widget\" data-widget_type=\"text-editor.default\">\n\t\t\t\t<div class=\"elementor-widget-container\">\n\t\t\t\t\t\t\t\t\t<p>In 2019, the city of Bod\u00f8 was awarded <a href=\"http:\/\/www.bodo2024.no\" target=\"_blank\" rel=\"noopener\">European Capital of Culture<\/a> (ECoC) status for 2024. Bod\u00f82024 is the biggest cultural project that has been undertaken in Norway for several years. In 2024, over 600 different events will be held in Nordland. The project aims to reach over 500,000 visitors, strengthen the cultural life in Bod\u00f8 and Nordland and contribute to increased well-being and life satisfaction.<\/p><p>The European Commission requires the organizer of the capital of culture (Bod\u00f82024 IKS) to carry out an evaluation of the project. Bod\u00f82024 has therefore entered into an agreement with Nord University regarding the evaluation of Bod\u00f8 as a capital of culture. This evaluation will be carried out by a group of <a href=\"https:\/\/site.nord.no\/monitor2024\/about-us\/\">researchers<\/a> connected to the Nord University Business School, in the project &laquo;<strong>Monitor2024 &#8211; Effects of Bod\u00f8 as European Capital of Culture<\/strong>&laquo;<\/p><p>In the evaluation, we will describe and explain both short-term and long-term effects of Bod\u00f82024. The evaluation is based on the European Commission&#8217;s framework and will entail the use of several different data sources and methods to map changes in Bod\u00f8 and Nordland. This will allow us to examine whether the goals for the capital of culture project, set out in <a href=\"https:\/\/site.nord.no\/monitor2024\/wp-content\/uploads\/sites\/58\/2023\/01\/ecoc-guidelines-for-cities-own-evaluations-2020-2033.pdf\" target=\"_blank\" rel=\"noopener\">the framework by the European Commission (2018)<\/a>, are being achieved. We will also investigate whether Bod\u00f82024 leads to changes in cultural life and whether this has positive effects for the population, as well as urban and regional development.<\/p>\t\t\t\t\t\t\t\t<\/div>\n\t\t\t\t<\/div>\n\t\t\t\t\t<\/div>\n\t\t<\/div>\n\t\t\t\t\t<\/div>\n\t\t<\/section>\n\t\t\t\t<section class=\"elementor-section elementor-top-section elementor-element elementor-element-32778da6 elementor-section-boxed elementor-section-height-default elementor-section-height-default\" data-id=\"32778da6\" data-element_type=\"section\" data-e-type=\"section\">\n\t\t\t\t\t\t<div class=\"elementor-container elementor-column-gap-default\">\n\t\t\t\t\t<div class=\"elementor-column elementor-col-100 elementor-top-column elementor-element elementor-element-44a803c1\" data-id=\"44a803c1\" data-element_type=\"column\" data-e-type=\"column\">\n\t\t\t<div class=\"elementor-widget-wrap elementor-element-populated\">\n\t\t\t\t\t\t<div class=\"elementor-element elementor-element-5a6b2d2e elementor-widget-divider--view-line elementor-widget elementor-widget-divider\" data-id=\"5a6b2d2e\" data-element_type=\"widget\" data-e-type=\"widget\" data-widget_type=\"divider.default\">\n\t\t\t\t<div class=\"elementor-widget-container\">\n\t\t\t\t\t\t\t<div class=\"elementor-divider\">\n\t\t\t<span class=\"elementor-divider-separator\">\n\t\t\t\t\t\t<\/span>\n\t\t<\/div>\n\t\t\t\t\t\t<\/div>\n\t\t\t\t<\/div>\n\t\t\t\t\t<\/div>\n\t\t<\/div>\n\t\t\t\t\t<\/div>\n\t\t<\/section>\n\t\t\t\t<section class=\"elementor-section elementor-top-section elementor-element elementor-element-505f6dde elementor-section-boxed elementor-section-height-default elementor-section-height-default\" data-id=\"505f6dde\" data-element_type=\"section\" data-e-type=\"section\">\n\t\t\t\t\t\t<div class=\"elementor-container elementor-column-gap-default\">\n\t\t\t\t\t<div class=\"elementor-column elementor-col-100 elementor-top-column elementor-element elementor-element-5e54ea61\" data-id=\"5e54ea61\" data-element_type=\"column\" data-e-type=\"column\">\n\t\t\t<div class=\"elementor-widget-wrap elementor-element-populated\">\n\t\t\t\t\t\t<section class=\"elementor-section elementor-inner-section elementor-element elementor-element-349c8a76 elementor-section-boxed elementor-section-height-default elementor-section-height-default\" data-id=\"349c8a76\" data-element_type=\"section\" data-e-type=\"section\">\n\t\t\t\t\t\t<div class=\"elementor-container elementor-column-gap-default\">\n\t\t\t\t\t<div class=\"elementor-column elementor-col-50 elementor-inner-column elementor-element elementor-element-716381d3\" data-id=\"716381d3\" data-element_type=\"column\" data-e-type=\"column\">\n\t\t\t<div class=\"elementor-widget-wrap elementor-element-populated\">\n\t\t\t\t\t\t<div class=\"elementor-element elementor-element-58ac65c4 elementor-widget elementor-widget-image\" data-id=\"58ac65c4\" data-element_type=\"widget\" data-e-type=\"widget\" data-widget_type=\"image.default\">\n\t\t\t\t<div class=\"elementor-widget-container\">\n\t\t\t\t\t\t\t\t\t\t\t\t\t\t\t\t<a href=\"http:\/\/www.nord.no\">\n\t\t\t\t\t\t\t<img decoding=\"async\" width=\"560\" height=\"189\" src=\"https:\/\/i0.wp.com\/site.nord.no\/monitor2024\/wp-content\/uploads\/sites\/58\/2022\/11\/560x189_logo_pos.png?fit=560%2C189&amp;ssl=1\" class=\"elementor-animation-grow attachment-large size-large wp-image-9\" alt=\"\" \/>\t\t\t\t\t\t\t\t<\/a>\n\t\t\t\t\t\t\t\t\t\t\t\t\t\t\t<\/div>\n\t\t\t\t<\/div>\n\t\t\t\t\t<\/div>\n\t\t<\/div>\n\t\t\t\t<div class=\"elementor-column elementor-col-50 elementor-inner-column elementor-element elementor-element-7c571af0\" data-id=\"7c571af0\" data-element_type=\"column\" data-e-type=\"column\">\n\t\t\t<div class=\"elementor-widget-wrap elementor-element-populated\">\n\t\t\t\t\t\t<div class=\"elementor-element elementor-element-7be9f57c elementor-widget elementor-widget-image\" data-id=\"7be9f57c\" data-element_type=\"widget\" data-e-type=\"widget\" data-widget_type=\"image.default\">\n\t\t\t\t<div class=\"elementor-widget-container\">\n\t\t\t\t\t\t\t\t\t\t\t\t\t\t\t\t<a href=\"http:\/\/www.bodo2024.no\">\n\t\t\t\t\t\t\t<img decoding=\"async\" width=\"1200\" height=\"995\" src=\"https:\/\/i0.wp.com\/site.nord.no\/monitor2024\/wp-content\/uploads\/sites\/58\/2022\/11\/Bod%E2%94%9C%C2%A92024_Logo_Main_Medium_Web.png?fit=1200%2C995&amp;ssl=1\" class=\"elementor-animation-grow attachment-full size-full wp-image-37\" alt=\"\" \/>\t\t\t\t\t\t\t\t<\/a>\n\t\t\t\t\t\t\t\t\t\t\t\t\t\t\t<\/div>\n\t\t\t\t<\/div>\n\t\t\t\t\t<\/div>\n\t\t<\/div>\n\t\t\t\t\t<\/div>\n\t\t<\/section>\n\t\t\t\t\t<\/div>\n\t\t<\/div>\n\t\t\t\t\t<\/div>\n\t\t<\/section>\n\t\t\t\t<section class=\"elementor-section elementor-top-section elementor-element elementor-element-1b8fa46e elementor-section-boxed elementor-section-height-default elementor-section-height-default\" data-id=\"1b8fa46e\" data-element_type=\"section\" data-e-type=\"section\">\n\t\t\t\t\t\t<div class=\"elementor-container elementor-column-gap-default\">\n\t\t\t\t\t<div class=\"elementor-column elementor-col-100 elementor-top-column elementor-element elementor-element-7dfb8814\" data-id=\"7dfb8814\" data-element_type=\"column\" data-e-type=\"column\">\n\t\t\t<div class=\"elementor-widget-wrap elementor-element-populated\">\n\t\t\t\t\t\t<div class=\"elementor-element elementor-element-69579447 elementor-widget-divider--view-line elementor-widget elementor-widget-divider\" data-id=\"69579447\" data-element_type=\"widget\" data-e-type=\"widget\" data-widget_type=\"divider.default\">\n\t\t\t\t<div class=\"elementor-widget-container\">\n\t\t\t\t\t\t\t<div class=\"elementor-divider\">\n\t\t\t<span class=\"elementor-divider-separator\">\n\t\t\t\t\t\t<\/span>\n\t\t<\/div>\n\t\t\t\t\t\t<\/div>\n\t\t\t\t<\/div>\n\t\t\t\t\t<\/div>\n\t\t<\/div>\n\t\t\t\t\t<\/div>\n\t\t<\/section>\n\t\t\t\t<\/div>\n\t\t","protected":false},"excerpt":{"rendered":"<p>We monitor report investigate evaluate the effects of Bod\u00f82024 \/*! elementor &#8211; v3.10.0 &#8211; 09-01-2023 *\/ .elementor-widget-image{text-align:center}.elementor-widget-image a{display:inline-block}.elementor-widget-image a img[src$=&raquo;.svg&raquo;]{width:48px}.elementor-widget-image img{vertical-align:middle;display:inline-block} In 2019, the city of Bod\u00f8 was awarded European Capital of Culture (ECoC) status for 2024. Bod\u00f82024 is the biggest cultural project that has been undertaken in Norway for several years. In 2024, over [&hellip;]<\/p>\n","protected":false},"author":75,"featured_media":661,"parent":0,"menu_order":0,"comment_status":"closed","ping_status":"closed","template":"","meta":{"footnotes":""},"coauthors":[5],"class_list":["post-54","page","type-page","status-publish","has-post-thumbnail","hentry"],"yoast_head":"<!-- This site is optimized with the Yoast SEO plugin v27.4 - https:\/\/yoast.com\/product\/yoast-seo-wordpress\/ -->\n<title>Monitor 2024 &#8211; English<\/title>\n<meta name=\"description\" content=\"Monitor2024 evaluates the effects of Bod\u00f82024 as European Capital of Culture, based on the agreement between Nord University and Bod\u00f82024 IKS.\" \/>\n<meta name=\"robots\" content=\"index, follow, max-snippet:-1, max-image-preview:large, max-video-preview:-1\" \/>\n<link rel=\"canonical\" href=\"https:\/\/site.nord.no\/monitor2024\/home\/\" \/>\n<meta property=\"og:locale\" content=\"nb_NO\" \/>\n<meta property=\"og:type\" content=\"article\" \/>\n<meta property=\"og:title\" content=\"Monitor 2024 &#8211; English\" \/>\n<meta property=\"og:description\" content=\"Monitor2024 evaluates the effects of Bod\u00f82024 as European Capital of Culture, based on the agreement between Nord University and Bod\u00f82024 IKS.\" \/>\n<meta property=\"og:url\" content=\"https:\/\/site.nord.no\/monitor2024\/home\/\" \/>\n<meta property=\"og:site_name\" content=\"Monitor 2024\" \/>\n<meta property=\"og:image\" content=\"https:\/\/site.nord.no\/monitor2024\/wp-content\/uploads\/sites\/58\/2023\/01\/Monitor-2024-aurora-3-1-\u2013-Kopikvadrat.png\" \/>\n\t<meta property=\"og:image:width\" content=\"536\" \/>\n\t<meta property=\"og:image:height\" content=\"536\" \/>\n\t<meta property=\"og:image:type\" content=\"image\/png\" \/>\n<meta name=\"twitter:card\" content=\"summary_large_image\" \/>\n<meta name=\"twitter:label1\" content=\"Ansl. lesetid\" \/>\n\t<meta name=\"twitter:data1\" content=\"3 minutter\" \/>\n\t<meta name=\"twitter:label2\" content=\"Written by\" \/>\n\t<meta name=\"twitter:data2\" content=\"Admin\" \/>\n<script type=\"application\/ld+json\" class=\"yoast-schema-graph\">{\"@context\":\"https:\\\/\\\/schema.org\",\"@graph\":[{\"@type\":\"WebPage\",\"@id\":\"https:\\\/\\\/site.nord.no\\\/monitor2024\\\/home\\\/\",\"url\":\"https:\\\/\\\/site.nord.no\\\/monitor2024\\\/home\\\/\",\"name\":\"Monitor 2024 &#8211; English\",\"isPartOf\":{\"@id\":\"https:\\\/\\\/site.nord.no\\\/monitor2024\\\/#website\"},\"primaryImageOfPage\":{\"@id\":\"https:\\\/\\\/site.nord.no\\\/monitor2024\\\/home\\\/#primaryimage\"},\"image\":{\"@id\":\"https:\\\/\\\/site.nord.no\\\/monitor2024\\\/home\\\/#primaryimage\"},\"thumbnailUrl\":\"https:\\\/\\\/i0.wp.com\\\/site.nord.no\\\/monitor2024\\\/wp-content\\\/uploads\\\/sites\\\/58\\\/2023\\\/01\\\/Monitor-2024-aurora-3-1-%E2%80%93-Kopikvadrat.png?fit=536%2C536&ssl=1\",\"datePublished\":\"2023-01-29T23:00:58+00:00\",\"description\":\"Monitor2024 evaluates the effects of Bod\u00f82024 as European Capital of Culture, based on the agreement between Nord University and Bod\u00f82024 IKS.\",\"breadcrumb\":{\"@id\":\"https:\\\/\\\/site.nord.no\\\/monitor2024\\\/home\\\/#breadcrumb\"},\"inLanguage\":\"nb-NO\",\"potentialAction\":[{\"@type\":\"ReadAction\",\"target\":[\"https:\\\/\\\/site.nord.no\\\/monitor2024\\\/home\\\/\"]}]},{\"@type\":\"ImageObject\",\"inLanguage\":\"nb-NO\",\"@id\":\"https:\\\/\\\/site.nord.no\\\/monitor2024\\\/home\\\/#primaryimage\",\"url\":\"https:\\\/\\\/i0.wp.com\\\/site.nord.no\\\/monitor2024\\\/wp-content\\\/uploads\\\/sites\\\/58\\\/2023\\\/01\\\/Monitor-2024-aurora-3-1-%E2%80%93-Kopikvadrat.png?fit=536%2C536&ssl=1\",\"contentUrl\":\"https:\\\/\\\/i0.wp.com\\\/site.nord.no\\\/monitor2024\\\/wp-content\\\/uploads\\\/sites\\\/58\\\/2023\\\/01\\\/Monitor-2024-aurora-3-1-%E2%80%93-Kopikvadrat.png?fit=536%2C536&ssl=1\",\"width\":536,\"height\":536},{\"@type\":\"BreadcrumbList\",\"@id\":\"https:\\\/\\\/site.nord.no\\\/monitor2024\\\/home\\\/#breadcrumb\",\"itemListElement\":[{\"@type\":\"ListItem\",\"position\":1,\"name\":\"Hjem\",\"item\":\"https:\\\/\\\/site.nord.no\\\/monitor2024\\\/\"},{\"@type\":\"ListItem\",\"position\":2,\"name\":\"English\"}]},{\"@type\":\"WebSite\",\"@id\":\"https:\\\/\\\/site.nord.no\\\/monitor2024\\\/#website\",\"url\":\"https:\\\/\\\/site.nord.no\\\/monitor2024\\\/\",\"name\":\"Monitor 2024\",\"description\":\"Evaluerings- og monitoreringsprosjekt av Bod\u00f8 2024\",\"publisher\":{\"@id\":\"https:\\\/\\\/site.nord.no\\\/monitor2024\\\/#organization\"},\"potentialAction\":[{\"@type\":\"SearchAction\",\"target\":{\"@type\":\"EntryPoint\",\"urlTemplate\":\"https:\\\/\\\/site.nord.no\\\/monitor2024\\\/?s={search_term_string}\"},\"query-input\":{\"@type\":\"PropertyValueSpecification\",\"valueRequired\":true,\"valueName\":\"search_term_string\"}}],\"inLanguage\":\"nb-NO\"},{\"@type\":\"Organization\",\"@id\":\"https:\\\/\\\/site.nord.no\\\/monitor2024\\\/#organization\",\"name\":\"Monitor 2024\",\"url\":\"https:\\\/\\\/site.nord.no\\\/monitor2024\\\/\",\"logo\":{\"@type\":\"ImageObject\",\"inLanguage\":\"nb-NO\",\"@id\":\"https:\\\/\\\/site.nord.no\\\/monitor2024\\\/#\\\/schema\\\/logo\\\/image\\\/\",\"url\":\"https:\\\/\\\/i0.wp.com\\\/site.nord.no\\\/monitor2024\\\/wp-content\\\/uploads\\\/sites\\\/58\\\/2022\\\/11\\\/Monitor-2024-aurora-3-003.png?fit=1484%2C625&ssl=1\",\"contentUrl\":\"https:\\\/\\\/i0.wp.com\\\/site.nord.no\\\/monitor2024\\\/wp-content\\\/uploads\\\/sites\\\/58\\\/2022\\\/11\\\/Monitor-2024-aurora-3-003.png?fit=1484%2C625&ssl=1\",\"width\":1484,\"height\":625,\"caption\":\"Monitor 2024\"},\"image\":{\"@id\":\"https:\\\/\\\/site.nord.no\\\/monitor2024\\\/#\\\/schema\\\/logo\\\/image\\\/\"}}]}<\/script>\n<!-- \/ Yoast SEO plugin. -->","yoast_head_json":{"title":"Monitor 2024 &#8211; English","description":"Monitor2024 evaluates the effects of Bod\u00f82024 as European Capital of Culture, based on the agreement between Nord University and Bod\u00f82024 IKS.","robots":{"index":"index","follow":"follow","max-snippet":"max-snippet:-1","max-image-preview":"max-image-preview:large","max-video-preview":"max-video-preview:-1"},"canonical":"https:\/\/site.nord.no\/monitor2024\/home\/","og_locale":"nb_NO","og_type":"article","og_title":"Monitor 2024 &#8211; English","og_description":"Monitor2024 evaluates the effects of Bod\u00f82024 as European Capital of Culture, based on the agreement between Nord University and Bod\u00f82024 IKS.","og_url":"https:\/\/site.nord.no\/monitor2024\/home\/","og_site_name":"Monitor 2024","og_image":[{"width":536,"height":536,"url":"https:\/\/site.nord.no\/monitor2024\/wp-content\/uploads\/sites\/58\/2023\/01\/Monitor-2024-aurora-3-1-\u2013-Kopikvadrat.png","type":"image\/png"}],"twitter_card":"summary_large_image","twitter_misc":{"Ansl. lesetid":"3 minutter","Written by":"Admin"},"schema":{"@context":"https:\/\/schema.org","@graph":[{"@type":"WebPage","@id":"https:\/\/site.nord.no\/monitor2024\/home\/","url":"https:\/\/site.nord.no\/monitor2024\/home\/","name":"Monitor 2024 &#8211; English","isPartOf":{"@id":"https:\/\/site.nord.no\/monitor2024\/#website"},"primaryImageOfPage":{"@id":"https:\/\/site.nord.no\/monitor2024\/home\/#primaryimage"},"image":{"@id":"https:\/\/site.nord.no\/monitor2024\/home\/#primaryimage"},"thumbnailUrl":"https:\/\/i0.wp.com\/site.nord.no\/monitor2024\/wp-content\/uploads\/sites\/58\/2023\/01\/Monitor-2024-aurora-3-1-%E2%80%93-Kopikvadrat.png?fit=536%2C536&ssl=1","datePublished":"2023-01-29T23:00:58+00:00","description":"Monitor2024 evaluates the effects of Bod\u00f82024 as European Capital of Culture, based on the agreement between Nord University and Bod\u00f82024 IKS.","breadcrumb":{"@id":"https:\/\/site.nord.no\/monitor2024\/home\/#breadcrumb"},"inLanguage":"nb-NO","potentialAction":[{"@type":"ReadAction","target":["https:\/\/site.nord.no\/monitor2024\/home\/"]}]},{"@type":"ImageObject","inLanguage":"nb-NO","@id":"https:\/\/site.nord.no\/monitor2024\/home\/#primaryimage","url":"https:\/\/i0.wp.com\/site.nord.no\/monitor2024\/wp-content\/uploads\/sites\/58\/2023\/01\/Monitor-2024-aurora-3-1-%E2%80%93-Kopikvadrat.png?fit=536%2C536&ssl=1","contentUrl":"https:\/\/i0.wp.com\/site.nord.no\/monitor2024\/wp-content\/uploads\/sites\/58\/2023\/01\/Monitor-2024-aurora-3-1-%E2%80%93-Kopikvadrat.png?fit=536%2C536&ssl=1","width":536,"height":536},{"@type":"BreadcrumbList","@id":"https:\/\/site.nord.no\/monitor2024\/home\/#breadcrumb","itemListElement":[{"@type":"ListItem","position":1,"name":"Hjem","item":"https:\/\/site.nord.no\/monitor2024\/"},{"@type":"ListItem","position":2,"name":"English"}]},{"@type":"WebSite","@id":"https:\/\/site.nord.no\/monitor2024\/#website","url":"https:\/\/site.nord.no\/monitor2024\/","name":"Monitor 2024","description":"Evaluerings- og monitoreringsprosjekt av Bod\u00f8 2024","publisher":{"@id":"https:\/\/site.nord.no\/monitor2024\/#organization"},"potentialAction":[{"@type":"SearchAction","target":{"@type":"EntryPoint","urlTemplate":"https:\/\/site.nord.no\/monitor2024\/?s={search_term_string}"},"query-input":{"@type":"PropertyValueSpecification","valueRequired":true,"valueName":"search_term_string"}}],"inLanguage":"nb-NO"},{"@type":"Organization","@id":"https:\/\/site.nord.no\/monitor2024\/#organization","name":"Monitor 2024","url":"https:\/\/site.nord.no\/monitor2024\/","logo":{"@type":"ImageObject","inLanguage":"nb-NO","@id":"https:\/\/site.nord.no\/monitor2024\/#\/schema\/logo\/image\/","url":"https:\/\/i0.wp.com\/site.nord.no\/monitor2024\/wp-content\/uploads\/sites\/58\/2022\/11\/Monitor-2024-aurora-3-003.png?fit=1484%2C625&ssl=1","contentUrl":"https:\/\/i0.wp.com\/site.nord.no\/monitor2024\/wp-content\/uploads\/sites\/58\/2022\/11\/Monitor-2024-aurora-3-003.png?fit=1484%2C625&ssl=1","width":1484,"height":625,"caption":"Monitor 2024"},"image":{"@id":"https:\/\/site.nord.no\/monitor2024\/#\/schema\/logo\/image\/"}}]}},"jetpack_sharing_enabled":true,"_links":{"self":[{"href":"https:\/\/site.nord.no\/monitor2024\/wp-json\/wp\/v2\/pages\/54","targetHints":{"allow":["GET"]}}],"collection":[{"href":"https:\/\/site.nord.no\/monitor2024\/wp-json\/wp\/v2\/pages"}],"about":[{"href":"https:\/\/site.nord.no\/monitor2024\/wp-json\/wp\/v2\/types\/page"}],"author":[{"embeddable":true,"href":"https:\/\/site.nord.no\/monitor2024\/wp-json\/wp\/v2\/users\/75"}],"replies":[{"embeddable":true,"href":"https:\/\/site.nord.no\/monitor2024\/wp-json\/wp\/v2\/comments?post=54"}],"version-history":[{"count":25,"href":"https:\/\/site.nord.no\/monitor2024\/wp-json\/wp\/v2\/pages\/54\/revisions"}],"predecessor-version":[{"id":975,"href":"https:\/\/site.nord.no\/monitor2024\/wp-json\/wp\/v2\/pages\/54\/revisions\/975"}],"wp:featuredmedia":[{"embeddable":true,"href":"https:\/\/site.nord.no\/monitor2024\/wp-json\/wp\/v2\/media\/661"}],"wp:attachment":[{"href":"https:\/\/site.nord.no\/monitor2024\/wp-json\/wp\/v2\/media?parent=54"}],"wp:term":[{"taxonomy":"author","embeddable":true,"href":"https:\/\/site.nord.no\/monitor2024\/wp-json\/wp\/v2\/coauthors?post=54"}],"curies":[{"name":"wp","href":"https:\/\/api.w.org\/{rel}","templated":true}]}}