{"id":33,"date":"2024-01-26T16:50:52","date_gmt":"2024-01-26T15:50:52","guid":{"rendered":"https:\/\/site.nord.no\/movem\/?page_id=33"},"modified":"2024-03-07T16:51:56","modified_gmt":"2024-03-07T15:51:56","slug":"om-movem","status":"publish","type":"page","link":"https:\/\/site.nord.no\/movem\/om-movem\/","title":{"rendered":"om prosjektet"},"content":{"rendered":"\n<p><strong>Hva handler prosjektet om?<\/strong><\/p>\n\n\n\n<p>Hovedm\u00e5let i MoVeM-prosjektet, er \u00e5 pr\u00f8ve ut en digital veiledningsteknologi for \u00e5 utvikle og stimulere til kvalitetsheving av veiledningspraksis ved musikkl\u00e6rerutdanninger i Norge.<\/p>\n\n\n\n<p>Heterogeniteten i praksisoppl\u00e6ringen for v\u00e5re musikkstudenter er stor. Dette inkluderer blant annet praksis i ulike skoleslag, kulturskole og prosjektpraksis med musikkprosjekter i samfunnet. Et s\u00e6rlig behov musikkstudenter har i forbindelse med musikkundervisning er veiledning av praktisk (dvs. kunstnerisk handlende) forberedelse, observasjon og refleksjon. Tradisjonell praksisveiledning (muntlig\/tekstlig) fremst\u00e5r i denne sammenhengen som mangelfull, og MoVeM retter derfor fokus p\u00e5 multimodale tiln\u00e6rminger, som kan gi en rikere tilgang til det nonverbale som skjer i musikkundervisningen. I lys av MoVeM-prosjektet ser vi et behov for \u00e5 innf\u00f8re en tilsvarende multimodal veiledningsteknologi og likes\u00e5 \u00e5 heve digital kompetanse hos universitetsansatte og samarbeidspartnere fra praksisfeltet.\u00a0<\/p>\n\n\n\n<p>Implementering av MoVeM er planlagt for studenter og l\u00e6rere tilknyttet tre klasser ved musikkl\u00e6rerutdanning ved Nord universitet, som f\u00f8lger prosjektet i fire semester. Prosjektet f\u00f8lger studiets oppbygging relatert til ulike praksisarenaer (grunnskole, kulturskole, videreg\u00e5ende og prosjektpraksis). MoVeM best\u00e5r derfor av praksisl\u00e6rere i de respektive skolene\/institusjonene, studenter og universitetsl\u00e6rere.\u00a0<\/p>\n\n\n\n<p>Forskningsteamet gjennomf\u00f8rer en omfattende formativ og summativ evalueringsstudie der bruk og implikasjoner av MoVeM_tek blir unders\u00f8kt. Evalueringen er integrert i et \u00abdesign based research\u00bb-design og danner grunnlaget for evidensbaserte formuleringer av den endelige modellen\/teknologien.<\/p>\n\n\n\n<div style=\"height:100px\" aria-hidden=\"true\" class=\"wp-block-spacer\"><\/div>\n\n\n\n<h3 class=\"wp-block-heading\">Kontakt<\/h3>\n\n\n\n<p>jens.knigge@nord.no <\/p>\n","protected":false},"excerpt":{"rendered":"<p>Hva handler prosjektet om? Hovedm\u00e5let i MoVeM-prosjektet, er \u00e5 pr\u00f8ve ut en digital veiledningsteknologi for \u00e5 utvikle og stimulere til kvalitetsheving av veiledningspraksis ved musikkl\u00e6rerutdanninger i Norge. Heterogeniteten i praksisoppl\u00e6ringen for v\u00e5re musikkstudenter er stor. Dette inkluderer blant annet praksis i ulike skoleslag, kulturskole og prosjektpraksis med musikkprosjekter i samfunnet. Et s\u00e6rlig behov musikkstudenter har [&hellip;]<\/p>\n","protected":false},"author":80,"featured_media":0,"parent":0,"menu_order":0,"comment_status":"closed","ping_status":"closed","template":"","meta":{"footnotes":""},"coauthors":[7],"class_list":["post-33","page","type-page","status-publish","hentry"],"_links":{"self":[{"href":"https:\/\/site.nord.no\/movem\/wp-json\/wp\/v2\/pages\/33","targetHints":{"allow":["GET"]}}],"collection":[{"href":"https:\/\/site.nord.no\/movem\/wp-json\/wp\/v2\/pages"}],"about":[{"href":"https:\/\/site.nord.no\/movem\/wp-json\/wp\/v2\/types\/page"}],"author":[{"embeddable":true,"href":"https:\/\/site.nord.no\/movem\/wp-json\/wp\/v2\/users\/80"}],"replies":[{"embeddable":true,"href":"https:\/\/site.nord.no\/movem\/wp-json\/wp\/v2\/comments?post=33"}],"version-history":[{"count":6,"href":"https:\/\/site.nord.no\/movem\/wp-json\/wp\/v2\/pages\/33\/revisions"}],"predecessor-version":[{"id":135,"href":"https:\/\/site.nord.no\/movem\/wp-json\/wp\/v2\/pages\/33\/revisions\/135"}],"wp:attachment":[{"href":"https:\/\/site.nord.no\/movem\/wp-json\/wp\/v2\/media?parent=33"}],"wp:term":[{"taxonomy":"author","embeddable":true,"href":"https:\/\/site.nord.no\/movem\/wp-json\/wp\/v2\/coauthors?post=33"}],"curies":[{"name":"wp","href":"https:\/\/api.w.org\/{rel}","templated":true}]}}