{"id":41,"date":"2024-01-29T17:03:48","date_gmt":"2024-01-29T16:03:48","guid":{"rendered":"https:\/\/site.nord.no\/movem\/?page_id=41"},"modified":"2024-03-07T16:52:46","modified_gmt":"2024-03-07T15:52:46","slug":"veiledningserfaringer","status":"publish","type":"page","link":"https:\/\/site.nord.no\/movem\/veiledningserfaringer\/","title":{"rendered":"Veiledning i praksis"},"content":{"rendered":"\n<figure class=\"wp-block-image size-full\"><img loading=\"lazy\" decoding=\"async\" width=\"3918\" height=\"2018\" src=\"https:\/\/site.nord.no\/movem\/wp-content\/uploads\/sites\/74\/2024\/03\/meeting.png\" alt=\"\" class=\"wp-image-133\" \/><\/figure>\n\n\n\n<div style=\"height:23px\" aria-hidden=\"true\" class=\"wp-block-spacer\"><\/div>\n\n\n\n<p>Her finner du fortellinger om erfaringer fra l\u00e6rerne fra universitet, kulturskole, grunnskole og videreg\u00e5ende skole (MDD). Tekstene viser et mangfoldig praksisfelt, og disse er representert med ulike stemmer fra hvert praksisfelt. Tekstene er skrevet med tanke p\u00e5 at praksisl\u00e6rere og studenter med behov og interesse for \u00e5 l\u00e6re mer om veiledning generelt, og MOSO spesielt, enkelt skal finne b\u00e5de informasjon og erfaringer fra brukerne. Innholdet er derfor sortert etter skoleslag, og de som har skrevet innholdet har lagt s\u00e6rlig vekt p\u00e5 \u00e5 formidle det viktigste og det meste s\u00e6regne fra sitt praksisfelt.&nbsp;<\/p>\n\n\n\n<div style=\"height:35px\" aria-hidden=\"true\" class=\"wp-block-spacer\"><\/div>\n\n\n\n<h2 class=\"wp-block-heading\">Praksishistorier<\/h2>\n\n\n\n<ul class=\"wp-block-list\">\n<li><a href=\"https:\/\/site.nord.no\/movem\/praksishistorier-universitetslaerere\/\">Universitetsl\u00e6rere<\/a><\/li>\n\n\n\n<li><a href=\"https:\/\/site.nord.no\/movem\/praksishistorier-grunnskolelaerere\/\">Grunnskolel\u00e6rere<\/a><\/li>\n\n\n\n<li><a href=\"https:\/\/site.nord.no\/movem\/veiledningserfaringer\/praksishistorier-vgs-laerere\/\" data-type=\"page\" data-id=\"79\">VGS-l\u00e6rer<\/a><\/li>\n\n\n\n<li><a href=\"https:\/\/site.nord.no\/movem\/kulturskolelaerer\/\" data-type=\"page\" data-id=\"82\">Kulturskolel\u00e6rere<\/a><\/li>\n<\/ul>\n\n\n\n<div style=\"height:43px\" aria-hidden=\"true\" class=\"wp-block-spacer\"><\/div>\n\n\n\n<h2 class=\"wp-block-heading\">Veiledningsmodellen<\/h2>\n\n\n\n<p><a href=\"https:\/\/site.nord.no\/movem\/veiledningserfaringer\/var-veiledningsmodell-moso-i-movem\/\" data-type=\"page\" data-id=\"98\"><mark style=\"background-color:#f9f9f9\" class=\"has-inline-color has-accent-3-color\">Her<\/mark><\/a> finner du en (adaptert) modell for&nbsp;pedagogisk bruk av MOSO i MoVeM.<\/p>\n","protected":false},"excerpt":{"rendered":"<p>Her finner du fortellinger om erfaringer fra l\u00e6rerne fra universitet, kulturskole, grunnskole og videreg\u00e5ende skole (MDD). Tekstene viser et mangfoldig praksisfelt, og disse er representert med ulike stemmer fra hvert praksisfelt. Tekstene er skrevet med tanke p\u00e5 at praksisl\u00e6rere og studenter med behov og interesse for \u00e5 l\u00e6re mer om veiledning generelt, og MOSO spesielt, [&hellip;]<\/p>\n","protected":false},"author":80,"featured_media":0,"parent":0,"menu_order":0,"comment_status":"closed","ping_status":"closed","template":"","meta":{"footnotes":""},"coauthors":[7],"class_list":["post-41","page","type-page","status-publish","hentry"],"_links":{"self":[{"href":"https:\/\/site.nord.no\/movem\/wp-json\/wp\/v2\/pages\/41","targetHints":{"allow":["GET"]}}],"collection":[{"href":"https:\/\/site.nord.no\/movem\/wp-json\/wp\/v2\/pages"}],"about":[{"href":"https:\/\/site.nord.no\/movem\/wp-json\/wp\/v2\/types\/page"}],"author":[{"embeddable":true,"href":"https:\/\/site.nord.no\/movem\/wp-json\/wp\/v2\/users\/80"}],"replies":[{"embeddable":true,"href":"https:\/\/site.nord.no\/movem\/wp-json\/wp\/v2\/comments?post=41"}],"version-history":[{"count":13,"href":"https:\/\/site.nord.no\/movem\/wp-json\/wp\/v2\/pages\/41\/revisions"}],"predecessor-version":[{"id":136,"href":"https:\/\/site.nord.no\/movem\/wp-json\/wp\/v2\/pages\/41\/revisions\/136"}],"wp:attachment":[{"href":"https:\/\/site.nord.no\/movem\/wp-json\/wp\/v2\/media?parent=41"}],"wp:term":[{"taxonomy":"author","embeddable":true,"href":"https:\/\/site.nord.no\/movem\/wp-json\/wp\/v2\/coauthors?post=41"}],"curies":[{"name":"wp","href":"https:\/\/api.w.org\/{rel}","templated":true}]}}