{"id":106,"date":"2023-05-16T12:32:41","date_gmt":"2023-05-16T10:32:41","guid":{"rendered":"https:\/\/site.nord.no\/naisa2024\/?page_id=106"},"modified":"2024-04-02T12:20:19","modified_gmt":"2024-04-02T10:20:19","slug":"travel-to-bodo","status":"publish","type":"page","link":"https:\/\/site.nord.no\/naisa2024\/travel-to-bodo\/","title":{"rendered":"Travel to Bod\u00f8"},"content":{"rendered":"\n<h3 class=\"wp-block-heading\">By air<\/h3>\n\n\n\n<p>Bod\u00f8 Airport has a range of national and international flights and is an easy gateway to Bod\u00f8 and the surrounding region.<\/p>\n\n\n\n<p>From Oslo (the capital of Norway), it only takes 80 minutes to get to Bod\u00f8 Airport. The airport is located 1.2 km from the city, so many choose to walk <a href=\"https:\/\/www.google.com\/maps\/dir\/Moloveien,+8003+Bod%C3%B8\/Bod%C3%B8+lufthavn+(BOO),+Olav+V+gate,+8004+Bod%C3%B8\/@67.2760812,14.3677182,13.82z\/data=!4m14!4m13!1m5!1m1!1s0x45df105b861d7b03:0xf336887fb548866c!2m2!1d14.3718748!2d67.2808047!1m5!1m1!1s0x45df10516a4a91b5:0x63df55226f896eea!2m2!1d14.362237!2d67.2683099!3e2\">the short distance to the center<\/a>.<\/p>\n\n\n\n<p>Bod\u00f8 Airport has daily connections to Oslo (Gardermoen, OSL), Trondheim (V\u00e6rnes), Bergen (Flesland), Troms\u00f8 and Lofoten. <a href=\"https:\/\/www.sas.no\/\">SAS<\/a>, <a href=\"https:\/\/www.norwegian.no\/\">Norwegian<\/a>, <a href=\"https:\/\/www.wideroe.no\/\">Wider\u00f8e<\/a>, and <a href=\"https:\/\/www.finnair.com\/\">Finnair<\/a> have regular flights to Bod\u00f8 Airport.<\/p>\n\n\n\n<h3 class=\"wp-block-heading\">By train<\/h3>\n\n\n\n<p>Nordlandsbanen, one of the world\u2019s most beautiful train routes, winds its way 730 km northward from Trondheim to Bod\u00f8.<\/p>\n\n\n\n<p>Bod\u00f8 Station is the northern end station of the Nordland Railway, and is located in Bod\u00f8 city center. The station is served by long-distance traffic to Trondheim, regional traffic to Mo i Rana and Mosj\u00f8en, and local traffic to Fauske and Rognan.<\/p>\n\n\n\n<p>Book tickets at <a href=\"https:\/\/www.vy.no\/\">vy.no<\/a><br><\/p>\n\n\n\n<p><strong>Long-distance traffic<\/strong><\/p>\n\n\n\n<p>There are two long-distance trains between Bod\u00f8 and Trondheim each day, one day train and one night train. The travel time varies somewhat, with day trains taking around 9 hours and 50 minutes, while the travel time for night trains is about 20 minutes shorter, as they stop at fewer stations.<strong><br><\/strong><\/p>\n\n\n\n<p><strong>Regional traffic<\/strong><\/p>\n\n\n\n<p>There are two regional trains between Bod\u00f8 and Mosj\u00f8en Station daily in both directions, in addition to the long-distance traffic\u2019s two daily departures. This train journey takes around 3 hours and 50 minutes.<\/p>\n\n\n\n<p><strong>Local traffic<\/strong><\/p>\n\n\n\n<p>The local traffic between Bod\u00f8 \u2013 Fauske and Rognan, consists of eight daily departures from Bod\u00f8 to the neighboring towns of Fauske and Rognan, of which half of them stop at Fauske Station. The route, under the name Saltenbanen, runs from Bod\u00f8 Station to the M\u00f8rkved neighborhood in Ytrebyen, the village of Tverlandet, the village of Valnesfjord, Fauske and Rognan Stations.<\/p>\n\n\n\n<h3 class=\"wp-block-heading\">By sea &#8211; Hurtigruten coastal route<\/h3>\n\n\n\n<p>Hurtigruten, also known as the Norwegian Coastal Express, stops in \u00d8rnes and Bod\u00f8 in the Salten region before continuing to Lofoten. The northbound route stops in \u00d8rnes in the morning and Bod\u00f8 at midday, while the southbound route stops in Bod\u00f8 and \u00d8rnes in the middle of the night or early morning.<\/p>\n\n\n\n<p><a href=\"https:\/\/www.hurtigruten.co.uk\/coastal-practical-information\/sailing-plan\/\">You can find the schedule for the Hurtigruten on their website<\/a>.<\/p>\n\n\n\n<p>The Hurtigruten terminal is located in the center of Bod\u00f8, opposite the train station.<\/p>\n\n\n\n<h3 class=\"wp-block-heading\">By car<\/h3>\n\n\n\n<p>With a car, you can reach Bod\u00f8 and Salten along the E6 highway or the scenic Coastal Route.<\/p>\n\n\n\n<p>The car journey between Trondheim and Bod\u00f8 takes approximately 10 hours (about 700 km).<\/p>\n\n\n\n<p><a href=\"https:\/\/www.google.com\/maps\/dir\/67.2848198,14.37756\/Trondheim\/@65.3412616,11.6308847,7z\/data=!4m19!1m8!3m7!1s0x466d319747037e53:0xbf7c8288f3cf3d4!2sTrondheim!3b1!8m2!3d63.4305149!4d10.3950528!16zL20vMDlidGs!4m9!1m1!4e1!1m5!1m1!1s0x466d319747037e53:0xbf7c8288f3cf3d4!2m2!1d10.3950528!2d63.4305149!3e0\">See the route here<\/a><\/p>\n\n\n\n<p>The E6 European route is the longest and most important road in Nordland county, running through the county from South to North. The National Road 80 is the road connection between Bod\u00f8 and E6 at Fauske. County Road 17 is the Coastal Route from Steinkjer through Ytre Helgeland to Bod\u00f8. <\/p>\n\n\n\n<p>The 650 km long Coastal Route is a popular \u201cdetour\u201d for those visiting the region. Here, you can follow the impressive coastal landscape and take small detours along the way, for example to Svartisen in Mel\u00f8y, the church site in Gildesk\u00e5l, or to Saltstraumen.<\/p>\n\n\n\n<p><a href=\"https:\/\/www.visitnorway.com\/places-to-go\/northern-norway\/kystriksveien\/?lang=primary\">Read more about The Coastal Route<\/a><\/p>\n\n\n\n<p>If you need a rental car, you can get one at Avis, Budget or Hertz in Bod\u00f8. They have pickup locations in several places in the city, including at the airport.<\/p>\n\n\n\n<p><a href=\"https:\/\/www.ladestasjoner.no\/kart\/?lat=67.2803556&amp;lng=14.404916&amp;location=false&amp;name=Bod%C3%B8%2C%20Norge\">See charging stations for electric cars in Bod\u00f8 &amp; Salten<\/a><\/p>\n\n\n\n<h3 class=\"wp-block-heading\">By bus<\/h3>\n\n\n\n<p>For more information about bus timetables and information about the regional buses, <a href=\"https:\/\/www.reisnordland.com\/route-tables\" target=\"_blank\" rel=\"noreferrer noopener\">visit the external site<\/a>.<\/p>\n\n\n\n<h3 class=\"wp-block-heading\">By taxi<\/h3>\n\n\n\n<p>Bod\u00f8 Taxi is the taxi company that serves the Bod\u00f8 area. The company is affiliated with Nordland Taxi for tour booking and related services.<\/p>\n\n\n\n<p>Phone number: +47 07550<\/p>\n\n\n\n<p>Website: <a href=\"https:\/\/www.07550.no\/bodo\/\" target=\"_blank\" rel=\"noreferrer noopener\">https:\/\/www.07550.no\/bodo\/<\/a><\/p>\n\n\n\n<p>All licensed taxis display their rates and charge according to the meter.<\/p>\n","protected":false},"excerpt":{"rendered":"<p>By air Bod\u00f8 Airport has a range of national and international flights and is an easy gateway to Bod\u00f8 and the surrounding region. From Oslo (the capital of Norway), it only takes 80 minutes to get to Bod\u00f8 Airport. The airport is located 1.2 km from the city, so many choose to walk the short [&hellip;]<\/p>\n","protected":false},"author":58,"featured_media":0,"parent":0,"menu_order":0,"comment_status":"closed","ping_status":"closed","template":"","meta":{"footnotes":""},"coauthors":[6],"class_list":["post-106","page","type-page","status-publish","hentry"],"jetpack_sharing_enabled":true,"_links":{"self":[{"href":"https:\/\/site.nord.no\/naisa2024\/wp-json\/wp\/v2\/pages\/106","targetHints":{"allow":["GET"]}}],"collection":[{"href":"https:\/\/site.nord.no\/naisa2024\/wp-json\/wp\/v2\/pages"}],"about":[{"href":"https:\/\/site.nord.no\/naisa2024\/wp-json\/wp\/v2\/types\/page"}],"author":[{"embeddable":true,"href":"https:\/\/site.nord.no\/naisa2024\/wp-json\/wp\/v2\/users\/58"}],"replies":[{"embeddable":true,"href":"https:\/\/site.nord.no\/naisa2024\/wp-json\/wp\/v2\/comments?post=106"}],"version-history":[{"count":5,"href":"https:\/\/site.nord.no\/naisa2024\/wp-json\/wp\/v2\/pages\/106\/revisions"}],"predecessor-version":[{"id":423,"href":"https:\/\/site.nord.no\/naisa2024\/wp-json\/wp\/v2\/pages\/106\/revisions\/423"}],"wp:attachment":[{"href":"https:\/\/site.nord.no\/naisa2024\/wp-json\/wp\/v2\/media?parent=106"}],"wp:term":[{"taxonomy":"author","embeddable":true,"href":"https:\/\/site.nord.no\/naisa2024\/wp-json\/wp\/v2\/coauthors?post=106"}],"curies":[{"name":"wp","href":"https:\/\/api.w.org\/{rel}","templated":true}]}}