{"id":118,"date":"2023-05-16T12:42:28","date_gmt":"2023-05-16T10:42:28","guid":{"rendered":"https:\/\/site.nord.no\/naisa2024\/?page_id=118"},"modified":"2024-05-16T14:56:48","modified_gmt":"2024-05-16T12:56:48","slug":"promote-at-naisa","status":"publish","type":"page","link":"https:\/\/site.nord.no\/naisa2024\/promote-at-naisa\/","title":{"rendered":"Promote at NAISA"},"content":{"rendered":"\n<h3 class=\"wp-block-heading\"><strong>Exhibitor Booth Space<\/strong><\/h3>\n\n\n\n<div class=\"wp-block-group has-pale-cyan-blue-background-color has-background has-global-padding is-layout-constrained wp-block-group-is-layout-constrained\">\n<p class=\"has-text-align-center has-medium-font-size\" style=\"margin-top:0;margin-bottom:0;padding-top:0;padding-right:0;padding-bottom:0;padding-left:0\"><strong>Opening times for the Exhibitor Booth Spaces in the <a href=\"https:\/\/stormen.no\/bibliotek\/\" data-type=\"link\" data-id=\"https:\/\/stormen.no\/bibliotek\/\">Stormen Library<\/a><\/strong>:<\/p>\n\n\n\n<ul style=\"margin-right:0;margin-left:0\" class=\"has-pale-cyan-blue-background-color has-background wp-block-list\">\n<li style=\"margin-top:0;margin-right:0;margin-bottom:0;margin-left:0\" class=\"has-medium-font-size\"><strong><span style=\"text-decoration: underline\">Wednesday 5th June:<\/span><\/strong>&nbsp;From 15:00 until 19:30<\/li>\n\n\n\n<li style=\"margin-top:0;margin-right:0;margin-bottom:0;margin-left:0\" class=\"has-medium-font-size\"><strong><span style=\"text-decoration: underline\">Thursday 6th June:<\/span><\/strong>&nbsp;From 10:00 until 19:30<\/li>\n\n\n\n<li style=\"margin-top:0;margin-right:0;margin-bottom:0;margin-left:0\" class=\"has-medium-font-size\"><strong><span style=\"text-decoration: underline\">Friday 7th June:<\/span><\/strong>&nbsp;From 10:00 until 15:30<\/li>\n\n\n\n<li style=\"margin-top:0;margin-right:0;margin-bottom:0;margin-left:0\" class=\"has-medium-font-size\"><strong><span style=\"text-decoration: underline\">Saturday 8th June:<\/span><\/strong>\u00a0From 10:00 until 14:00<\/li>\n<\/ul>\n\n\n\n<p class=\"has-text-align-center has-contrast-color has-text-color has-link-color wp-elements-dd615fb6f9f4233c377f75f743ed33cd\"><strong><a href=\"https:\/\/maps.app.goo.gl\/DUELGgyCzTQMN6v28\" data-type=\"link\" data-id=\"https:\/\/maps.app.goo.gl\/DUELGgyCzTQMN6v28\" target=\"_blank\" rel=\"noreferrer noopener\">See the location here<\/a><\/strong><\/p>\n<\/div>\n\n\n\n<p>Approved scholary presses, academic programs, and non-profit organisations may apply for booth spaces on a&nbsp;<strong>first-come, first-served basis<\/strong>, until spaces are filled. Exhibit types are listed below:<\/p>\n\n\n\n<p><strong>Publisher Booth:&nbsp;<\/strong>Each booth includes one (1) complementary registration, one 4\u2032 x 2\u2032 table, two chairs, and one Booth ID sign. The cost is $450 USD. Spaces will be available on a first come, first served basis.<\/p>\n\n\n\n<p><strong>Institute Booth:&nbsp;<\/strong>Each booth includes one (1) complementary registration, one 4\u2032 x 1.3\u2032 table, two&nbsp; chairs, and one Booth ID sign.&nbsp; The cost is $450 USD. Spaces will be available on a first come, first served basis.<\/p>\n\n\n\n<p><strong>Additional Exhibitor Registration:<\/strong>&nbsp;For additional exhibitors assisting with a booth or site, registrations are at a discounted rate of $125 USD per person. Please note exhibitors can only register up to two people at a time.<\/p>\n\n\n\n<p><strong>Exhibitor Shipping:<\/strong>&nbsp;<\/p>\n\n\n\n<p>Nord Universitet<br>M\u00f8rkvedtr\u00e5kket 30<br>8026 Bod\u00f8<br>Norway<\/p>\n\n\n\n<p>All exhibitors must also follow these instructions:<\/p>\n\n\n\n<p>the boxes <strong><span style=\"text-decoration: underline\">must<\/span><\/strong> be marked with<\/p>\n\n\n\n<ul class=\"wp-block-list\">\n<li>Stormen 6.-8. juni<\/li>\n\n\n\n<li>Reference +47 92298043, Tina Bringslimark<\/li>\n<\/ul>\n\n\n\n<p>Please note that it is the exhibitor\u2019s responsibility to arrange and pay for delivery of materials. <\/p>\n\n\n\n<p><strong>Registered exhibitors can contact Local Host Committee member Morgane Colleau (<a href=\"mailto:morgane.h.colleau@nord.no\">morgane.h.colleau@nord.no<\/a>) to discuss shipping address, set up, removal and other logistical considerations.<\/strong><\/p>\n\n\n\n<p><\/p>\n","protected":false},"excerpt":{"rendered":"<p>Exhibitor Booth Space Opening times for the Exhibitor Booth Spaces in the Stormen Library: See the location here Approved scholary presses, academic programs, and non-profit organisations may apply for booth spaces on a&nbsp;first-come, first-served basis, until spaces are filled. Exhibit types are listed below: Publisher Booth:&nbsp;Each booth includes one (1) complementary registration, one 4\u2032 x [&hellip;]<\/p>\n","protected":false},"author":58,"featured_media":0,"parent":0,"menu_order":0,"comment_status":"closed","ping_status":"closed","template":"","meta":{"footnotes":""},"coauthors":[6],"class_list":["post-118","page","type-page","status-publish","hentry"],"jetpack_sharing_enabled":true,"_links":{"self":[{"href":"https:\/\/site.nord.no\/naisa2024\/wp-json\/wp\/v2\/pages\/118","targetHints":{"allow":["GET"]}}],"collection":[{"href":"https:\/\/site.nord.no\/naisa2024\/wp-json\/wp\/v2\/pages"}],"about":[{"href":"https:\/\/site.nord.no\/naisa2024\/wp-json\/wp\/v2\/types\/page"}],"author":[{"embeddable":true,"href":"https:\/\/site.nord.no\/naisa2024\/wp-json\/wp\/v2\/users\/58"}],"replies":[{"embeddable":true,"href":"https:\/\/site.nord.no\/naisa2024\/wp-json\/wp\/v2\/comments?post=118"}],"version-history":[{"count":16,"href":"https:\/\/site.nord.no\/naisa2024\/wp-json\/wp\/v2\/pages\/118\/revisions"}],"predecessor-version":[{"id":607,"href":"https:\/\/site.nord.no\/naisa2024\/wp-json\/wp\/v2\/pages\/118\/revisions\/607"}],"wp:attachment":[{"href":"https:\/\/site.nord.no\/naisa2024\/wp-json\/wp\/v2\/media?parent=118"}],"wp:term":[{"taxonomy":"author","embeddable":true,"href":"https:\/\/site.nord.no\/naisa2024\/wp-json\/wp\/v2\/coauthors?post=118"}],"curies":[{"name":"wp","href":"https:\/\/api.w.org\/{rel}","templated":true}]}}