{"id":244,"date":"2024-03-08T14:54:59","date_gmt":"2024-03-08T13:54:59","guid":{"rendered":"https:\/\/site.nord.no\/naisa2024\/?page_id=244"},"modified":"2024-04-02T12:26:54","modified_gmt":"2024-04-02T10:26:54","slug":"explore-bodo","status":"publish","type":"page","link":"https:\/\/site.nord.no\/naisa2024\/explore-bodo\/","title":{"rendered":"Explore Bod\u00f8"},"content":{"rendered":"\n<p>Check out Visit Bod\u00f8 for information about what you can do in the Bod\u00f8 region:&nbsp;<a href=\"https:\/\/visitbodo.com\/en\/\" target=\"_blank\" rel=\"noreferrer noopener\">https:\/\/visitbodo.com\/en\/<\/a><\/p>\n\n\n\n<div class=\"wp-block-media-text alignfull has-media-on-the-right is-stacked-on-mobile is-vertically-aligned-center is-style-default\" style=\"grid-template-columns:auto 46%\"><div class=\"wp-block-media-text__content\">\n<h3 class=\"wp-block-heading has-base-color has-vivid-cyan-blue-to-vivid-purple-gradient-background has-text-color has-background has-link-color has-large-font-size wp-elements-9018cd3e8467ef0e5c980b0586bc6a2a\">If you want to spend time in Bod\u00f8 before the NAISA Conference, check out the <a href=\"https:\/\/www.arcticcongress.com\/\">Arctic Congress 2024 Bod\u00f8<\/a> that will take place from 29 May to 3 June 2024<\/h3>\n<\/div><figure class=\"wp-block-media-text__media\"><img loading=\"lazy\" decoding=\"async\" width=\"832\" height=\"356\" src=\"https:\/\/site.nord.no\/naisa2024\/wp-content\/uploads\/sites\/65\/2023\/05\/ArcticCongresslogo-transparent-1.png\" alt=\"\" class=\"wp-image-103 size-full\" \/><\/figure><\/div>\n\n\n\n<div class=\"wp-block-media-text alignfull has-media-on-the-right is-stacked-on-mobile is-vertically-aligned-center is-style-default\" style=\"grid-template-columns:auto 46%\"><div class=\"wp-block-media-text__content\">\n<h4 class=\"wp-block-heading has-text-align-left has-base-color has-blush-bordeaux-gradient-background has-text-color has-background has-link-color has-large-font-size wp-elements-6e804edf8cfbc2612711407d2c8bc97e\">Bod\u00f8 is a European Capital of Culture in 2024, read more at <a rel=\"noreferrer noopener\" href=\"https:\/\/www.bodo2024.no\/\" target=\"_blank\">Bod\u00f82024 website.<\/a><\/h4>\n<\/div><figure class=\"wp-block-media-text__media\"><img loading=\"lazy\" decoding=\"async\" width=\"1500\" height=\"844\" src=\"https:\/\/site.nord.no\/naisa2024\/wp-content\/uploads\/sites\/65\/2023\/05\/Bodo2024_Slide14.jpg\" alt=\"\" class=\"wp-image-101 size-full\" \/><\/figure><\/div>\n","protected":false},"excerpt":{"rendered":"<p>Check out Visit Bod\u00f8 for information about what you can do in the Bod\u00f8 region:&nbsp;https:\/\/visitbodo.com\/en\/ If you want to spend time in Bod\u00f8 before the NAISA Conference, check out the Arctic Congress 2024 Bod\u00f8 that will take place from 29 May to 3 June 2024 Bod\u00f8 is a European Capital of Culture in 2024, read [&hellip;]<\/p>\n","protected":false},"author":156,"featured_media":0,"parent":0,"menu_order":0,"comment_status":"closed","ping_status":"closed","template":"","meta":{"footnotes":""},"coauthors":[17],"class_list":["post-244","page","type-page","status-publish","hentry"],"jetpack_sharing_enabled":true,"_links":{"self":[{"href":"https:\/\/site.nord.no\/naisa2024\/wp-json\/wp\/v2\/pages\/244","targetHints":{"allow":["GET"]}}],"collection":[{"href":"https:\/\/site.nord.no\/naisa2024\/wp-json\/wp\/v2\/pages"}],"about":[{"href":"https:\/\/site.nord.no\/naisa2024\/wp-json\/wp\/v2\/types\/page"}],"author":[{"embeddable":true,"href":"https:\/\/site.nord.no\/naisa2024\/wp-json\/wp\/v2\/users\/156"}],"replies":[{"embeddable":true,"href":"https:\/\/site.nord.no\/naisa2024\/wp-json\/wp\/v2\/comments?post=244"}],"version-history":[{"count":6,"href":"https:\/\/site.nord.no\/naisa2024\/wp-json\/wp\/v2\/pages\/244\/revisions"}],"predecessor-version":[{"id":430,"href":"https:\/\/site.nord.no\/naisa2024\/wp-json\/wp\/v2\/pages\/244\/revisions\/430"}],"wp:attachment":[{"href":"https:\/\/site.nord.no\/naisa2024\/wp-json\/wp\/v2\/media?parent=244"}],"wp:term":[{"taxonomy":"author","embeddable":true,"href":"https:\/\/site.nord.no\/naisa2024\/wp-json\/wp\/v2\/coauthors?post=244"}],"curies":[{"name":"wp","href":"https:\/\/api.w.org\/{rel}","templated":true}]}}