{"id":274,"date":"2024-03-13T08:29:55","date_gmt":"2024-03-13T07:29:55","guid":{"rendered":"https:\/\/site.nord.no\/naisa2024\/?page_id=274"},"modified":"2024-04-24T15:16:46","modified_gmt":"2024-04-24T13:16:46","slug":"accomodations","status":"publish","type":"page","link":"https:\/\/site.nord.no\/naisa2024\/accomodations\/","title":{"rendered":"Accommodations"},"content":{"rendered":"\n<h3 class=\"wp-block-heading has-large-font-size\">Quality Hotel Ramsalt<\/h3>\n\n\n\n<p><a href=\"https:\/\/www.strawberryhotels.com\/hotels\/norway\/bodo\/quality-hotel-ramsalt\/\" target=\"_blank\" rel=\"noreferrer noopener\">Quality Hotel Ramsalt<\/a>&nbsp;&#8211;&nbsp;Sj\u00f8gata 37\/39,&nbsp;8006&nbsp;Bod\u00f8,&nbsp;Norway<\/p>\n\n\n\n<p>Quality Hotel Ramsalt is providing guest rooms with One or Two Beds starting at 1450 NOK per night plus tax. Breakfast is included in the rate. To make your reservation at Quality Hotel Ramsalt, <a href=\"https:\/\/app.mews.com\/distributor\/ec79a69b-a3ba-4be6-99ea-b14d008b5991?mewsAvailabilityBlockId=77c82235-32d3-4303-be33-b1460092a098&amp;mewsStart=2024-06-03&amp;mewsEnd=2024-06-12\" data-type=\"link\" data-id=\"https:\/\/app.mews.com\/distributor\/ec79a69b-a3ba-4be6-99ea-b14d008b5991?mewsAvailabilityBlockId=77c82235-32d3-4303-be33-b1460092a098&amp;mewsStart=2024-06-03&amp;mewsEnd=2024-06-12\">please click on this link<\/a> to receive the discounted rate. <\/p>\n\n\n\n<h3 class=\"wp-block-heading has-large-font-size\">Comfort Hotel Bod\u00f8<\/h3>\n\n\n\n<p><a href=\"https:\/\/www.strawberryhotels.com\/hotels\/norge\/bodo\/comfort-hotel-bodo\/?gad_source=1&amp;gclid=EAIaIQobChMIsa69t7vRhAMVZWhHAR3UAgHnEAAYASAAEgJJ8PD_BwE&amp;gclsrc=aw.ds\" target=\"_blank\" rel=\"noreferrer noopener\">Comfort Hotel Bod\u00f8&nbsp;<\/a>&#8211;&nbsp;Sandgata 4,&nbsp;8006&nbsp;Bod\u00f8,&nbsp;Norway<\/p>\n\n\n\n<p>Quality Hotel Ramsalt is providing guest rooms with One or Two Beds starting at 1399 NOK per night plus tax. Breakfast is included in the rate. To make your reservation, you can book by email at&nbsp;<a href=\"mailto:co.bodo@strawberry.no\" target=\"_blank\" rel=\"noreferrer noopener\">co.bodo@strawberry.no<\/a> with&nbsp;the code #2050.<\/p>\n\n\n\n<h3 class=\"wp-block-heading has-large-font-size\">Hotel Grand Bod\u00f8<\/h3>\n\n\n\n<p><a href=\"https:\/\/app.mews.com\/distributor\/4cc4a7c5-e6d9-41ab-b0f3-afff00748259?mewsAvailabilityBlockId=73301a29-cbd4-46e2-9765-b12200de6719&amp;mewsStart=2024-06-05&amp;mewsEnd=2024-06-09\" data-type=\"link\" data-id=\"https:\/\/app.mews.com\/distributor\/4cc4a7c5-e6d9-41ab-b0f3-afff00748259?mewsAvailabilityBlockId=73301a29-cbd4-46e2-9765-b12200de6719&amp;mewsStart=2024-06-05&amp;mewsEnd=2024-06-09\">Hotel Grand Bod\u00f8<\/a>&nbsp;&#8211;&nbsp;Professor Schyttes Gate 1, 8006 Bod\u00f8, Norway<\/p>\n\n\n\n<p>Hotel Grand Bod\u00f8 is providing guest rooms with Two Twin Beds or One Double Bed at 2200 NOK per night. Breakfast, afternoon fika (coffee and cake) and a light evening meal are included in the rate. To make your reservation,&nbsp;<a href=\"https:\/\/app.mews.com\/distributor\/4cc4a7c5-e6d9-41ab-b0f3-afff00748259?mewsAvailabilityBlockId=73301a29-cbd4-46e2-9765-b12200de6719&amp;mewsStart=2024-06-05&amp;mewsEnd=2024-06-09\" target=\"_blank\" rel=\"noreferrer noopener\">please click this link to get the discounted rate<\/a>.<\/p>\n\n\n\n<h3 class=\"wp-block-heading has-large-font-size\">Thon Hotel Skagen<\/h3>\n\n\n\n<p><a href=\"https:\/\/www.thonhotels.com\/event\/naisa\/\" data-type=\"link\" data-id=\"https:\/\/www.thonhotels.com\/event\/naisa\/\">Thon Hotel Skagen<\/a> &#8211;&nbsp;Nyholmsgata 11, 8005 Bod\u00f8, Norway<\/p>\n\n\n\n<p>Thon Hotel Skagen is providing guest rooms with One Twin Bed 1825 NOK per night. Breakfast is included in the rate. Please note reservations are pre-paid in full and non-refundable. To make your reservation,&nbsp;<a href=\"https:\/\/www.thonhotels.com\/event\/naisa\/\" target=\"_blank\" rel=\"noreferrer noopener\">please click this link to get the discounted rate<\/a>.<\/p>\n\n\n\n<h3 class=\"wp-block-heading has-large-font-size\">Wood Hotel Bod\u00f8<\/h3>\n\n\n\n<p><a href=\"https:\/\/app.mews.com\/distributor\/a1ffd4ec-8f32-4478-9a98-b0d500b37873?mewsAvailabilityBlockId=38625f54-1cb1-4fec-8d49-b12200c2bcaa&amp;mewsStart=2024-06-06&amp;mewsEnd=2024-06-10\" data-type=\"link\" data-id=\"https:\/\/app.mews.com\/distributor\/a1ffd4ec-8f32-4478-9a98-b0d500b37873?mewsAvailabilityBlockId=38625f54-1cb1-4fec-8d49-b12200c2bcaa&amp;mewsStart=2024-06-06&amp;mewsEnd=2024-06-10\">Wood Hotel Bod\u00f8<\/a>&nbsp;&#8211;&nbsp;Fjellveien 187, 8011 Bod\u00f8, Norway<\/p>\n\n\n\n<p>Wood Hotel Skagen is providing guest rooms with One Standard King Bed 2420 NOK per night. To make your reservation,&nbsp;<a href=\"https:\/\/app.mews.com\/distributor\/a1ffd4ec-8f32-4478-9a98-b0d500b37873?mewsAvailabilityBlockId=38625f54-1cb1-4fec-8d49-b12200c2bcaa&amp;mewsStart=2024-06-06&amp;mewsEnd=2024-06-10\" target=\"_blank\" rel=\"noreferrer noopener\">please click this link to get the discounted rate<\/a>.<\/p>\n\n\n\n<h3 class=\"wp-block-heading has-large-font-size\">Smarthotel Bod\u00f8<\/h3>\n\n\n\n<p><a href=\"https:\/\/app.mews.com\/distributor\/785e93ef-62ee-407f-8fd7-b0f400ff9a91?mewsAvailabilityBlockId=dda485bb-393b-4ef8-86bc-b12200fc0e8a&amp;mewsStart=2024-06-05&amp;mewsEnd=2024-06-09\" data-type=\"link\" data-id=\"https:\/\/app.mews.com\/distributor\/785e93ef-62ee-407f-8fd7-b0f400ff9a91?mewsAvailabilityBlockId=dda485bb-393b-4ef8-86bc-b12200fc0e8a&amp;mewsStart=2024-06-05&amp;mewsEnd=2024-06-09\">Smarthotel Bod\u00f8<\/a>&nbsp;&#8211;&nbsp;Sj\u00f8gata 30, 8006&nbsp;Bod\u00f8, Norway<\/p>\n\n\n\n<p>Smarthotel&nbsp;Bod\u00f8&nbsp;is providing guest rooms with One Twin Bed, or One Double Bed at 1950 NOK per night. Breakfast is included in the rate. To make your reservation,&nbsp;<a href=\"https:\/\/app.mews.com\/distributor\/785e93ef-62ee-407f-8fd7-b0f400ff9a91?mewsAvailabilityBlockId=dda485bb-393b-4ef8-86bc-b12200fc0e8a&amp;mewsStart=2024-06-05&amp;mewsEnd=2024-06-09\" target=\"_blank\" rel=\"noreferrer noopener\">please click this link to get the discounted rate<\/a>.<\/p>\n\n\n\n<h3 class=\"wp-block-heading has-large-font-size\">Thon Hotel Nordlys<\/h3>\n\n\n\n<p><a href=\"https:\/\/www.thonhotels.com\/our-hotels\/norway\/bodo\/thon-hotel-nordlys\/?gad_source=1&amp;gclid=EAIaIQobChMI39SQx_fahQMVRESRBR2yXwD4EAAYASAAEgJ0qPD_BwE&amp;gclsrc=aw.ds&amp;_gl=1*b9ds2x*_ga*MTMyMzk4NjgxNy4xNzEzOTY0NTY1*_ga_MLYJ7YSQM5*MTcxMzk2NDU2NC4xLjAuMTcxMzk2NDU2Ny4wLjAuNDMzMDc5Mzcx\" data-type=\"link\" data-id=\"https:\/\/www.thonhotels.com\/our-hotels\/norway\/bodo\/thon-hotel-nordlys\/?gad_source=1&amp;gclid=EAIaIQobChMI39SQx_fahQMVRESRBR2yXwD4EAAYASAAEgJ0qPD_BwE&amp;gclsrc=aw.ds&amp;_gl=1*b9ds2x*_ga*MTMyMzk4NjgxNy4xNzEzOTY0NTY1*_ga_MLYJ7YSQM5*MTcxMzk2NDU2NC4xLjAuMTcxMzk2NDU2Ny4wLjAuNDMzMDc5Mzcx\">Thon Hotel Nordlys<\/a> &#8211; Moloveien 14, 8003 Bod\u00f8, Norway <\/p>\n\n\n\n<p>Thon Hotel Nordlys is providing guest rooms at 2315 NOK per night. Breakfast is included in the rate. To make your reservation, <a href=\"https:\/\/www.thonhotels.no\/event\/naisa-2024\/\" data-type=\"link\" data-id=\"https:\/\/www.thonhotels.no\/event\/naisa-2024\/\">please click this link to get the discounted rate.<\/a><\/p>\n\n\n\n<h3 class=\"wp-block-heading has-large-font-size\">Nordavind Bod\u00f8<\/h3>\n\n\n\n<p><a href=\"https:\/\/www.studentinord.no\/housing-bodo\/nordavind\" data-type=\"link\" data-id=\"https:\/\/www.studentinord.no\/housing-bodo\/nordavind\">Nordavind Bod\u00f8<\/a>&nbsp;&#8211; M\u00f8rkvedtr\u00e5kket 32, 8028 Bod\u00f8, Norway<\/p>\n\n\n\n<p>Nordavind is providing short-term student housing at varying rates based on room types. To book your stay, please send the following information by email to <a href=\"mailto:bolig@studeninord.no\" target=\"_blank\" rel=\"noreferrer noopener\">bolig@studentinord.no<\/a><\/p>\n\n\n\n<p><em>-Reference: NAISA, Audun<\/em><\/p>\n\n\n\n<p><em>-Full name, Date of Birth, Email, Cell Phone including country code, Wishes for Housing ranked 1 to 3 and Length of Stay.<\/em><\/p>\n\n\n\n<p>You will receive a link for completing your user profile after booking. Under &#8220;My Page&#8221; you will find your booking and invoice which you pay when you move in. All bookings include kitchen appliances, towels and wifi. For more information, please visit&nbsp;<a href=\"https:\/\/url.emailprotection.link\/?baNM7pNRxvNrzDh41OdOjf0fy5nRkWibM_ZqLwphCiDKU6Gg0KVtY72qZQdG7qLdbFJCmIoipslc4lz5htt91mg~~\">https:\/\/www.studentinord.no\/housing<\/a><\/p>\n\n\n\n<h3 class=\"wp-block-heading has-large-font-size\">MS Salten<\/h3>\n\n\n\n<p>We are pleased to announce that we have partnered with MS Salten, which is a passenger ship that will be docked in Bod\u00f8 during the conference. The harbor is located in Bod\u00f8 Sentrum, and is close to the conference hotels. <\/p>\n\n\n\n<div class=\"wp-block-jetpack-slideshow aligncenter\" data-effect=\"slide\"><div class=\"wp-block-jetpack-slideshow_container swiper-container\"><ul class=\"wp-block-jetpack-slideshow_swiper-wrapper swiper-wrapper\"><li class=\"wp-block-jetpack-slideshow_slide swiper-slide\"><figure><img loading=\"lazy\" decoding=\"async\" width=\"2048\" height=\"2048\" alt=\"\" class=\"wp-block-jetpack-slideshow_image wp-image-381\" data-id=\"381\" src=\"https:\/\/site.nord.no\/naisa2024\/wp-content\/uploads\/sites\/65\/2024\/03\/Gamle-salten-ekst.jpg\" \/><\/figure><\/li><li class=\"wp-block-jetpack-slideshow_slide swiper-slide\"><figure><img loading=\"lazy\" decoding=\"async\" width=\"2048\" height=\"1365\" alt=\"\" class=\"wp-block-jetpack-slideshow_image wp-image-384\" data-id=\"384\" src=\"https:\/\/site.nord.no\/naisa2024\/wp-content\/uploads\/sites\/65\/2024\/03\/Lovold-Frokosttallerken.jpg\" \/><figcaption class=\"wp-block-jetpack-slideshow_caption gallery-caption\">Breakfast plate 1<\/figcaption><\/figure><\/li><li class=\"wp-block-jetpack-slideshow_slide swiper-slide\"><figure><img loading=\"lazy\" decoding=\"async\" width=\"960\" height=\"640\" alt=\"\" class=\"wp-block-jetpack-slideshow_image wp-image-385\" data-id=\"385\" src=\"https:\/\/site.nord.no\/naisa2024\/wp-content\/uploads\/sites\/65\/2024\/03\/Lovold-Lunsjtallerken.jpg\" \/><figcaption class=\"wp-block-jetpack-slideshow_caption gallery-caption\">Breakfast plate 2<\/figcaption><\/figure><\/li><li class=\"wp-block-jetpack-slideshow_slide swiper-slide\"><figure><img loading=\"lazy\" decoding=\"async\" width=\"750\" height=\"750\" alt=\"\" class=\"wp-block-jetpack-slideshow_image wp-image-380\" data-id=\"380\" src=\"https:\/\/site.nord.no\/naisa2024\/wp-content\/uploads\/sites\/65\/2024\/03\/Gamle-salten-lugar.jpg\" \/><figcaption class=\"wp-block-jetpack-slideshow_caption gallery-caption\">Inside one of the cabins <\/figcaption><\/figure><\/li><li class=\"wp-block-jetpack-slideshow_slide swiper-slide\"><figure><img loading=\"lazy\" decoding=\"async\" width=\"3663\" height=\"2812\" alt=\"\" class=\"wp-block-jetpack-slideshow_image wp-image-447\" data-id=\"447\" src=\"https:\/\/site.nord.no\/naisa2024\/wp-content\/uploads\/sites\/65\/2024\/04\/Lugar1.jpg\" \/><figcaption class=\"wp-block-jetpack-slideshow_caption gallery-caption\">Inside one of the cabins<\/figcaption><\/figure><\/li><li class=\"wp-block-jetpack-slideshow_slide swiper-slide\"><figure><img loading=\"lazy\" decoding=\"async\" width=\"3024\" height=\"4032\" alt=\"\" class=\"wp-block-jetpack-slideshow_image wp-image-383\" data-id=\"383\" src=\"https:\/\/site.nord.no\/naisa2024\/wp-content\/uploads\/sites\/65\/2024\/03\/2023-Ved-kai-i-Bodo.jpg\" \/><\/figure><\/li><li class=\"wp-block-jetpack-slideshow_slide swiper-slide\"><figure><img loading=\"lazy\" decoding=\"async\" width=\"1920\" height=\"1280\" alt=\"\" class=\"wp-block-jetpack-slideshow_image wp-image-382\" data-id=\"382\" src=\"https:\/\/site.nord.no\/naisa2024\/wp-content\/uploads\/sites\/65\/2024\/03\/2023-Pa-vei-til-Rognan2-foto-Kjell-Skjerve.jpg\" \/><\/figure><\/li><\/ul><a class=\"wp-block-jetpack-slideshow_button-prev swiper-button-prev swiper-button-white\" role=\"button\"><\/a><a class=\"wp-block-jetpack-slideshow_button-next swiper-button-next swiper-button-white\" role=\"button\"><\/a><a aria-label=\"Pause Slideshow\" class=\"wp-block-jetpack-slideshow_button-pause\" role=\"button\"><\/a><div class=\"wp-block-jetpack-slideshow_pagination swiper-pagination swiper-pagination-white\"><\/div><\/div><\/div>\n\n\n\n<p class=\"has-contrast-color has-text-color has-link-color wp-elements-bb7c648d39a63ddd95c5fc051d23a89f\">MS Salten have made a breakfast deal with <a href=\"https:\/\/lovoldskafeteria.no\/\" data-type=\"link\" data-id=\"https:\/\/lovoldskafeteria.no\/\" target=\"_blank\" rel=\"noreferrer noopener\">L\u00f8vold Cafeteria<\/a>, located right next to where the boat wil be docked. You can choose to book a cabin either with or without breakfast.<br>Price per bunk:<br>1200 NOK without breakfast<br>1400 NOK with breakfast<\/p>\n\n\n\n<p>Bedding and towels are included in the accommodation, but please note that toilets and bathrooms are shared aboard the ship.<\/p>\n\n\n\n<p class=\"has-contrast-color has-text-color has-link-color wp-elements-85b1ac9914bf92f48b298b511e32ec21\">To book, please send the following information to <a href=\"mailto:Vera@verasverden.no\">Vera@verasverden.no<\/a>:<br>Name:<br>Phone number:<br>E-mail:<br>Nationality:<br>Dates for accommodation:<\/p>\n\n\n\n<p>Some of the cabins are shared, so please state wether you would share cabin or not.<\/p>\n\n\n\n<p>You will recieve a confirmation e-mail from Vera Isachsen for the booking.<\/p>\n\n\n\n<hr class=\"wp-block-separator has-alpha-channel-opacity is-style-wide\" \/>\n\n\n\n<h3 class=\"wp-block-heading has-large-font-size\">Radisson Hotel Bod\u00f8<\/h3>\n\n\n\n<p>Sj\u00f8gata 2, 8006 Bod\u00f8<\/p>\n\n\n\n<p>Radisson Hotel Bod\u00f8 is providing guest rooms with One or Two Single Beds or One Queen Bed at 1750 NOK per night. Breakfast is included in the rate. <\/p>\n\n\n\n<p class=\"has-contrast-color has-text-color has-link-color wp-elements-d1d8148cecc59d9ddef0fca1ea81544c\">Please note reservations are pre-paid in full and non-refundable. To make your reservation at the Radisson, <a href=\"https:\/\/eur01.safelinks.protection.outlook.com\/?url=https%3A%2F%2Fwww.radissonhotels.com%2Fno-no%2Fbooking%2Fsearch-results%3FplaceId%3DChIJffFjW_UQ30URUzxdspNbeI4%26checkInDate%3D2024-06-05%26checkOutDate%3D2024-06-09%26adults%255B%255D%3D1%26children%255B%255D%3D0%26searchType%3Dpac%26promotionCode%3DNO456067%26voucher%3D&amp;data=05%7C02%7Cjorgen.a.hetzler%40nord.no%7C8d096e3691564b9b48f208dc42935a15%7Cfed13d9f21df485d909a231f3c6d16f0%7C1%7C0%7C638458447848994859%7CUnknown%7CTWFpbGZsb3d8eyJWIjoiMC4wLjAwMDAiLCJQIjoiV2luMzIiLCJBTiI6Ik1haWwiLCJXVCI6Mn0%3D%7C0%7C%7C%7C&amp;sdata=Cz%2FAol%2FrKvy2qlREvE4snCR3pwZvJAgKsICAOhD2hjU%3D&amp;reserved=0\" data-type=\"link\" data-id=\"https:\/\/eur01.safelinks.protection.outlook.com\/?url=https%3A%2F%2Fwww.radissonhotels.com%2Fno-no%2Fbooking%2Fsearch-results%3FplaceId%3DChIJffFjW_UQ30URUzxdspNbeI4%26checkInDate%3D2024-06-05%26checkOutDate%3D2024-06-09%26adults%255B%255D%3D1%26children%255B%255D%3D0%26searchType%3Dpac%26promotionCode%3DNO456067%26voucher%3D&amp;data=05%7C02%7Cjorgen.a.hetzler%40nord.no%7C8d096e3691564b9b48f208dc42935a15%7Cfed13d9f21df485d909a231f3c6d16f0%7C1%7C0%7C638458447848994859%7CUnknown%7CTWFpbGZsb3d8eyJWIjoiMC4wLjAwMDAiLCJQIjoiV2luMzIiLCJBTiI6Ik1haWwiLCJXVCI6Mn0%3D%7C0%7C%7C%7C&amp;sdata=Cz%2FAol%2FrKvy2qlREvE4snCR3pwZvJAgKsICAOhD2hjU%3D&amp;reserved=0\" target=\"_blank\" rel=\"noreferrer noopener\">please click on this link to secure the discounted rate<\/a>.<\/p>\n\n\n\n<p class=\"has-vivid-red-color has-text-color has-link-color wp-elements-e2e23b450e65630b05a1da490b0beef6\" style=\"font-size:clamp(0.984rem, 0.984rem + ((1vw - 0.2rem) * 0.938), 1.5rem);\"><strong><span style=\"text-decoration: underline\">All rooms at this hotel are now sold out.<\/span><\/strong><\/p>\n","protected":false},"excerpt":{"rendered":"<p>Quality Hotel Ramsalt Quality Hotel Ramsalt&nbsp;&#8211;&nbsp;Sj\u00f8gata 37\/39,&nbsp;8006&nbsp;Bod\u00f8,&nbsp;Norway Quality Hotel Ramsalt is providing guest rooms with One or Two Beds starting at 1450 NOK per night plus tax. Breakfast is included in the rate. To make your reservation at Quality Hotel Ramsalt, please click on this link to receive the discounted rate. Comfort Hotel Bod\u00f8 Comfort [&hellip;]<\/p>\n","protected":false},"author":156,"featured_media":0,"parent":0,"menu_order":0,"comment_status":"closed","ping_status":"closed","template":"","meta":{"footnotes":""},"coauthors":[17],"class_list":["post-274","page","type-page","status-publish","hentry"],"jetpack_sharing_enabled":true,"_links":{"self":[{"href":"https:\/\/site.nord.no\/naisa2024\/wp-json\/wp\/v2\/pages\/274","targetHints":{"allow":["GET"]}}],"collection":[{"href":"https:\/\/site.nord.no\/naisa2024\/wp-json\/wp\/v2\/pages"}],"about":[{"href":"https:\/\/site.nord.no\/naisa2024\/wp-json\/wp\/v2\/types\/page"}],"author":[{"embeddable":true,"href":"https:\/\/site.nord.no\/naisa2024\/wp-json\/wp\/v2\/users\/156"}],"replies":[{"embeddable":true,"href":"https:\/\/site.nord.no\/naisa2024\/wp-json\/wp\/v2\/comments?post=274"}],"version-history":[{"count":17,"href":"https:\/\/site.nord.no\/naisa2024\/wp-json\/wp\/v2\/pages\/274\/revisions"}],"predecessor-version":[{"id":533,"href":"https:\/\/site.nord.no\/naisa2024\/wp-json\/wp\/v2\/pages\/274\/revisions\/533"}],"wp:attachment":[{"href":"https:\/\/site.nord.no\/naisa2024\/wp-json\/wp\/v2\/media?parent=274"}],"wp:term":[{"taxonomy":"author","embeddable":true,"href":"https:\/\/site.nord.no\/naisa2024\/wp-json\/wp\/v2\/coauthors?post=274"}],"curies":[{"name":"wp","href":"https:\/\/api.w.org\/{rel}","templated":true}]}}