{"id":289,"date":"2024-04-23T12:12:18","date_gmt":"2024-04-23T10:12:18","guid":{"rendered":"https:\/\/site.nord.no\/naisa2024\/?page_id=289"},"modified":"2024-05-30T13:18:33","modified_gmt":"2024-05-30T11:18:33","slug":"special-events","status":"publish","type":"page","link":"https:\/\/site.nord.no\/naisa2024\/special-events\/","title":{"rendered":"Special Events"},"content":{"rendered":"\n<p>The Local Host Committee is delighted to offer participants the opportunity to register for lunch boxes on the conference days, a dinner in The Lavvo at Breivika on Friday 7<em>th<\/em> June, a concert on Friday <em>7th<\/em> and another on Saturday 8<em>th<\/em> June.<\/p>\n\n\n\n<p><strong>Registration for the lunches and conference dinner on June 7th will close on Wednesday 29th May<\/strong>. Places are limited and are allocated on a <strong>first come first served basis<\/strong><\/p>\n\n\n\n<p>At the bottom of the page you will also find special NAISA deals for lunch and dinners at selected restaurants in Bod\u00f8. These special NAISA deals do not have any deadlines for registration. <\/p>\n\n\n\n<h3 class=\"wp-block-heading\">Conference Lunches<\/h3>\n\n\n\n<p><strong>Daily: June 6, 7 and 8th &#8211; 11.45-13.00<\/strong><\/p>\n\n\n\n<p><strong><u>Lunch boxes:<\/u><\/strong> You can order a lunch box for day 1, day 2 and\/or day 3 of the conference. Each lunch box includes 1 sandwich, 1 soda, 1 fruit and 1 sweet. They each cost <strong>150 NOK<\/strong> (about $13.60). <\/p>\n\n\n\n<p class=\"has-text-color has-link-color wp-elements-4daf9ad7f840978f0de2fb214d435b8f\" style=\"color:#f37063\"><\/p>\n\n\n\n<h3 class=\"wp-block-heading\">Conference Dinner<\/h3>\n\n\n\n<p><strong>June 7th &#8211; 20:00-22:00<\/strong><\/p>\n\n\n\n<p>1050 NOK per person<\/p>\n\n\n\n<figure class=\"wp-block-image size-full\"><img loading=\"lazy\" decoding=\"async\" width=\"1075\" height=\"365\" src=\"https:\/\/site.nord.no\/naisa2024\/wp-content\/uploads\/sites\/65\/2024\/03\/Conference_dinner.png\" alt=\"\" class=\"wp-image-294\" \/><\/figure>\n\n\n\n<p>We are very excited to host a dinner in The Lavvo at Breivika, Pelle Molins Plass on <strong>Friday 7<sup>th<\/sup> June starting at 20:00<\/strong>. The menu includes &#8220;Bidos&#8221;, a traditional Sami Reindeer Stew served with potatoes, vegetables and fresh bread. It also includes coffee and multekrem, a traditional Norwegian dessert made of cloudberries and whipped cream. Guests will be able to purchase their drinks at The Lavvo. The dinner costs <strong>1,050 NOK<\/strong> (about $95.23).<\/p>\n\n\n\n<h3 class=\"wp-block-heading has-medium-font-size\"><strong>Dietary Restrictions:<\/strong><\/h3>\n\n\n\n<p>If you have any dietary restrictions, we offer several options. For a gluten-free meal, we will serve gluten-free bread to go with the main course, and gluten-free biscuits with the dessert. For vegetarians and vegans, we will offer a vegetable bidos option. We will not serve fish at the conference dinner<\/p>\n\n\n\n<p class=\"has-text-color has-link-color wp-elements-4daf9ad7f840978f0de2fb214d435b8f\" style=\"color:#f37063\"><\/p>\n\n\n\n<h3 class=\"wp-block-heading\">Concert &#8211; European premiere of Raven Chacon\u2019s <em>Voiceless Mass: <\/em>A concert with works by Raven Chacon and Elina Waage Mikalsen<\/h3>\n\n\n\n<p><strong>June 7th &#8211; 18:00 Bod\u00f8 Domkirke<\/strong><\/p>\n\n\n\n<figure class=\"wp-block-image size-full\"><img loading=\"lazy\" decoding=\"async\" width=\"2560\" height=\"1707\" src=\"https:\/\/site.nord.no\/naisa2024\/wp-content\/uploads\/sites\/65\/2024\/05\/Portrett-Raven-Chacon-Photo_Adolphe-Pierre-Louis.jpg\" alt=\"\" class=\"wp-image-582\" \/><\/figure>\n\n\n\n<p>Nordnorsk\u202fKunstmuseum, in collaboration with\u202fArktisk Filharmoni and Bod\u00f8 2024,\u202fis proud to present a unique concert in <strong>Bod\u00f8 Cathedral <\/strong>featuring\u202fRaven Chacon\u2019s Pulitzer Prize-winning composition,<strong>\u202f<em>Voiceless Mass<\/em><\/strong>, as part of the exhibition,<strong>\u202f<em>Raven Chacon: A Worm\u2019s Eye View from a Bird\u2019s Beak<\/em>.\u202f\u202f<\/strong>&nbsp;<\/p>\n\n\n\n<p>Accompanying his first solo museum exhibition in Europe at\u202fNordnorsk\u202fKunstmuseum\u202fin\u202fTroms\u00f8, Raven Chacon will come to\u202fBod\u00f8\/Buvvda\/B\u00e5d\u00e5ddjo\u202ffor\u202fthe\u202fperformance of his compositions,\u202fVoiceless Mass\u202fand\u202fBiy\u00e1n. The concert\u202fprogramme\u202fwill also feature an extended improvisational set by <strong>Elina\u202fWaage\u202fMikalsen<\/strong>.\u202f\u202f&nbsp;<\/p>\n\n\n\n<p><strong>This is the premiere performance of Chacon\u2019s award-winning work in Europe<\/strong>.\u202fChacon\u2019s\u202f<em>Voiceless Mass<\/em>\u202f(2021) was a site-specific commission for the annual Thanksgiving concert hosted by Present Music at The Cathedral of St. John the Evangelist in Milwaukee, Wisconsin. It was composed specifically for the organ at the cathedral, and it uses the space of the church, an institution that has played a crucial role in the extinguishing of Native American culture to consider that legacy\u202fand\u202fhow it reverberates in the present.<strong>\u202fPerforming the piece in Bod\u00f8\/Buvvda\/B\u00e5d\u00e5ddjo draws parallels between S\u00e1mi and global Indigenous experiences, strengthening the links and networks of solidarity that can lead to empowered Indigenous futures<\/strong>.\u202f\u202f&nbsp;<\/p>\n\n\n\n<p>The<em>\u202f<\/em>performance of<em>\u202fVoiceless\u202fMass<\/em>\u202fwill be accompanied by another of Chacon\u2019s works,\u202f<strong><em>Biy\u00e1n<\/em><\/strong>.\u202f<em>Biy\u00e1n<\/em>\u202ftakes its title from the Navajo word for \u2018song\u2019. In\u202fChacon\u2019s\u202fown words, moments of the composition repeat in the same way that a song might repeat if it were to be sung all night.\u202f\u202f&nbsp;<\/p>\n\n\n\n<p class=\"has-text-color has-link-color wp-elements-517a795f6654b7a08c24ee024f2fbf6f\" style=\"color:#f37063\"><strong>To register, click <a href=\"https:\/\/billetter.stormen.no\/nb\/specialoffer\/zmhimbqikkqd2\/\" data-type=\"link\" data-id=\"https:\/\/billetter.stormen.no\/nb\/specialoffer\/zmhimbqikkqd2\/\">here<\/a>!<\/strong><\/p>\n\n\n\n<h3 class=\"wp-block-heading\">Concert &#8211; Transjoik featuring Yuliyana Krivoshapkina and Radik Tyulyush<\/h3>\n\n\n\n<p><strong>June 8th &#8211; 19:00-20:30 Stormen Concert Hall<\/strong><\/p>\n\n\n\n<figure class=\"wp-block-image size-full\"><img loading=\"lazy\" decoding=\"async\" width=\"5472\" height=\"3068\" src=\"https:\/\/site.nord.no\/naisa2024\/wp-content\/uploads\/sites\/65\/2024\/03\/Photo-Knut-Utler_I.jpg\" alt=\"\" class=\"wp-image-293\" \/><\/figure>\n\n\n\n<p>We are so fortunate to be joined by <strong>Transjoik<\/strong>, the well-known Norwegian jazz\/world band with over 20 years of experience! What happens on stage when the musicians come together is always new and improvisational. At the same time, we somehow know exactly what they have in store; the special experience, the way they use their voices, the S\u00e1mi yoik; all of which impress us again and again! <strong>Frode Fjellheim and Snorre Bjerck<\/strong> lead the way, together with partners <strong>Torbj\u00f8rn Hillers\u00f8y<\/strong> (bass) and <strong>Ronni Tekr\u00f8<\/strong> (guitar). The musicians in Transjoik are always curious about new voices and have the whole world as their catchment area, which gives the audience unique experiences. For this concert, they welcome throat singer <strong>Radik Tyulyush<\/strong> (Huun Huur Tu) from Tuva and <strong>Yuliyana Krivoshapkina<\/strong> from Sakha\/Yakutsia as guests. The tickets each <strong>395 NOK<\/strong> each (about $35.83).<\/p>\n\n\n\n<p class=\"has-text-color has-link-color wp-elements-0ce9427d003733d596bd91aa772d26e1\" style=\"color:#f37063\"><strong>To register, click <a href=\"https:\/\/billetter.stormen.no\/nb\/specialoffer\/4bqvrp7upnv2k\/\">here<\/a>!<\/strong><\/p>\n\n\n\n<h3 class=\"wp-block-heading\">NAISA Deals<\/h3>\n\n\n\n<p>Show your conference badge to receive a discounted rate in selected restaurants in Bod\u00f8! Whenever possible, we also recommend that you book your table well in advance. You will find the booking information under the slideshow.<\/p>\n\n\n\n<div class=\"wp-block-jetpack-slideshow aligncenter\"><div data-effect=\"slide\"><div class=\"wp-block-jetpack-slideshow_container swiper-container\"><ul class=\"wp-block-jetpack-slideshow_swiper-wrapper swiper-wrapper\"><li class=\"wp-block-jetpack-slideshow_slide swiper-slide\"><figure><img loading=\"lazy\" decoding=\"async\" width=\"2480\" height=\"3508\" alt=\"\" class=\"wp-block-jetpack-slideshow_image wp-image-468\" data-id=\"468\" src=\"https:\/\/site.nord.no\/naisa2024\/wp-content\/uploads\/sites\/65\/2024\/04\/Bryggerikaia-1.jpeg\" \/><figcaption class=\"wp-block-jetpack-slideshow_caption gallery-caption\">Bryggerikaia: Fish &amp; Chips, 275,- NOK<\/figcaption><\/figure><\/li><li class=\"wp-block-jetpack-slideshow_slide swiper-slide\"><figure><img loading=\"lazy\" decoding=\"async\" width=\"2480\" height=\"3508\" alt=\"\" class=\"wp-block-jetpack-slideshow_image wp-image-456\" data-id=\"456\" src=\"https:\/\/site.nord.no\/naisa2024\/wp-content\/uploads\/sites\/65\/2024\/04\/Olivia.png\" \/><figcaption class=\"wp-block-jetpack-slideshow_caption gallery-caption\">Olivia: Sharing menu, 395,- NOK<\/figcaption><\/figure><\/li><li class=\"wp-block-jetpack-slideshow_slide swiper-slide\"><figure><img loading=\"lazy\" decoding=\"async\" width=\"1414\" height=\"2000\" alt=\"\" class=\"wp-block-jetpack-slideshow_image wp-image-452\" data-id=\"452\" src=\"https:\/\/site.nord.no\/naisa2024\/wp-content\/uploads\/sites\/65\/2024\/04\/OHMA.png\" \/><figcaption class=\"wp-block-jetpack-slideshow_caption gallery-caption\">OHMA: Crispy Stake Strips, 329,- NOK<\/figcaption><\/figure><\/li><li class=\"wp-block-jetpack-slideshow_slide swiper-slide\"><figure><img loading=\"lazy\" decoding=\"async\" width=\"2480\" height=\"3508\" alt=\"\" class=\"wp-block-jetpack-slideshow_image wp-image-454\" data-id=\"454\" src=\"https:\/\/site.nord.no\/naisa2024\/wp-content\/uploads\/sites\/65\/2024\/04\/Pa\u030aPir.png\" \/><figcaption class=\"wp-block-jetpack-slideshow_caption gallery-caption\">P\u00e5Pir: 10% off all sandwiches<\/figcaption><\/figure><\/li><li class=\"wp-block-jetpack-slideshow_slide swiper-slide\"><figure><img loading=\"lazy\" decoding=\"async\" width=\"1414\" height=\"2000\" alt=\"\" class=\"wp-block-jetpack-slideshow_image wp-image-546\" data-id=\"546\" src=\"https:\/\/site.nord.no\/naisa2024\/wp-content\/uploads\/sites\/65\/2024\/04\/txaba.jpg\" \/><figcaption class=\"wp-block-jetpack-slideshow_caption gallery-caption\">Txaba: Halibut Ceviche with mango, coriander and gyoza, 175,- NOK<\/figcaption><\/figure><\/li><li class=\"wp-block-jetpack-slideshow_slide swiper-slide\"><figure><img loading=\"lazy\" decoding=\"async\" width=\"1414\" height=\"2000\" alt=\"\" class=\"wp-block-jetpack-slideshow_image wp-image-545\" data-id=\"545\" src=\"https:\/\/site.nord.no\/naisa2024\/wp-content\/uploads\/sites\/65\/2024\/04\/Sportsbaren.jpg\" \/><figcaption class=\"wp-block-jetpack-slideshow_caption gallery-caption\">Sportsbaren: Smashburger, 175,- NOK<\/figcaption><\/figure><\/li><li class=\"wp-block-jetpack-slideshow_slide swiper-slide\"><figure><img loading=\"lazy\" decoding=\"async\" width=\"1414\" height=\"2000\" alt=\"\" class=\"wp-block-jetpack-slideshow_image wp-image-542\" data-id=\"542\" src=\"https:\/\/site.nord.no\/naisa2024\/wp-content\/uploads\/sites\/65\/2024\/04\/Holmen.jpg\" \/><figcaption class=\"wp-block-jetpack-slideshow_caption gallery-caption\">Hundholmen: Grilled Whale, 369,- NOK<\/figcaption><\/figure><\/li><li class=\"wp-block-jetpack-slideshow_slide swiper-slide\"><figure><img loading=\"lazy\" decoding=\"async\" width=\"2480\" height=\"3508\" alt=\"\" class=\"wp-block-jetpack-slideshow_image wp-image-540\" data-id=\"540\" src=\"https:\/\/site.nord.no\/naisa2024\/wp-content\/uploads\/sites\/65\/2024\/04\/Bjork.jpg\" \/><figcaption class=\"wp-block-jetpack-slideshow_caption gallery-caption\">Bj\u00f8rk: Grilled Stockfish, 415,- NOK<\/figcaption><\/figure><\/li><\/ul><a class=\"wp-block-jetpack-slideshow_button-prev swiper-button-prev swiper-button-white\" role=\"button\"><\/a><a class=\"wp-block-jetpack-slideshow_button-next swiper-button-next swiper-button-white\" role=\"button\"><\/a><a aria-label=\"Pause Slideshow\" class=\"wp-block-jetpack-slideshow_button-pause\" role=\"button\"><\/a><div class=\"wp-block-jetpack-slideshow_pagination swiper-pagination swiper-pagination-white\"><\/div><\/div><\/div><\/div>\n\n\n\n<p><strong>Booking links:<\/strong><\/p>\n\n\n\n<p class=\"has-contrast-color has-text-color has-link-color wp-elements-f5f834e3b70b5735ab767cd0c2e50f5d\"><a href=\"https:\/\/www.bryggerikaia.no\/\" data-type=\"link\" data-id=\"https:\/\/www.bryggerikaia.no\/\" target=\"_blank\" rel=\"noreferrer noopener\">Bryggerikaia<\/a> &#8211; <a href=\"https:\/\/maps.app.goo.gl\/HtgrN8EQp1r5z5x28\" data-type=\"link\" data-id=\"https:\/\/maps.app.goo.gl\/HtgrN8EQp1r5z5x28\">Map<\/a><\/p>\n\n\n\n<p class=\"has-contrast-color has-text-color has-link-color wp-elements-7827a17a0bf483832485ee5163a6a3cf\"><a href=\"https:\/\/www.txaba.no\/\" data-type=\"link\" data-id=\"https:\/\/www.txaba.no\/\" target=\"_blank\" rel=\"noreferrer noopener\">Txaba<\/a> &#8211; <a href=\"https:\/\/maps.app.goo.gl\/QnR973KSrT6Mu1hE6\" data-type=\"link\" data-id=\"https:\/\/maps.app.goo.gl\/QnR973KSrT6Mu1hE6\" target=\"_blank\" rel=\"noreferrer noopener\">Map<\/a><\/p>\n\n\n\n<p class=\"has-contrast-color has-text-color has-link-color wp-elements-e513f49daf515518d91acb97915512b3\"><a href=\"https:\/\/www.restaurantbjork.no\/\" data-type=\"link\" data-id=\"https:\/\/www.restaurantbjork.no\/\" target=\"_blank\" rel=\"noreferrer noopener\">Bj\u00f8rk<\/a> &#8211; <a href=\"https:\/\/maps.app.goo.gl\/fvp7BCnbZeH4yBkQ6\" data-type=\"link\" data-id=\"https:\/\/maps.app.goo.gl\/fvp7BCnbZeH4yBkQ6\" target=\"_blank\" rel=\"noreferrer noopener\">Map<\/a><\/p>\n\n\n\n<p class=\"has-contrast-color has-text-color has-link-color wp-elements-5f2a9debd15146e17be2b8c40800d908\"><a href=\"https:\/\/oliviarestauranter.no\/restauranter\/ramsalt\/\" data-type=\"link\" data-id=\"https:\/\/oliviarestauranter.no\/restauranter\/ramsalt\/\">Oliva<\/a> &#8211; <a href=\"https:\/\/maps.app.goo.gl\/UzQJmGUkHXWRmH736\" data-type=\"link\" data-id=\"https:\/\/maps.app.goo.gl\/UzQJmGUkHXWRmH736\" target=\"_blank\" rel=\"noreferrer noopener\">Map<\/a><\/p>\n\n\n\n<p class=\"has-contrast-color has-text-color has-link-color wp-elements-f7f1981dfce4a74236d208212612dd7a\"><a href=\"https:\/\/www.ohma-asian.no\/\" data-type=\"link\" data-id=\"https:\/\/www.ohma-asian.no\/\" target=\"_blank\" rel=\"noreferrer noopener\">OHMA<\/a> &#8211; <a href=\"https:\/\/maps.app.goo.gl\/VN3zvm737FJbw7Bc6\" data-type=\"link\" data-id=\"https:\/\/maps.app.goo.gl\/VN3zvm737FJbw7Bc6\">Map<\/a><\/p>\n\n\n\n<p class=\"has-contrast-color has-text-color has-link-color wp-elements-d4c9474711de3e2f5b54736254a9c4b9\"><a href=\"https:\/\/www.hundholmenbrygghus.no\/\" data-type=\"link\" data-id=\"https:\/\/www.hundholmenbrygghus.no\/\" target=\"_blank\" rel=\"noreferrer noopener\">Hundholmen<\/a> &#8211; <a href=\"https:\/\/maps.app.goo.gl\/Qg5TW6iqnZ7pndP26\" data-type=\"link\" data-id=\"https:\/\/maps.app.goo.gl\/Qg5TW6iqnZ7pndP26\" target=\"_blank\" rel=\"noreferrer noopener\">Map<\/a><\/p>\n\n\n\n<p class=\"has-contrast-color has-text-color has-link-color wp-elements-6bc3331f3f73842e44cf5a3233e6872b\"><a href=\"https:\/\/www.sportsbarenbodo.no\/\" data-type=\"link\" data-id=\"https:\/\/www.sportsbarenbodo.no\/\">Sp<\/a><a href=\"https:\/\/www.sportsbarenbodo.no\/\" data-type=\"link\" data-id=\"https:\/\/www.sportsbarenbodo.no\/\" target=\"_blank\" rel=\"noreferrer noopener\">orts<\/a><a href=\"https:\/\/www.sportsbarenbodo.no\/\" data-type=\"link\" data-id=\"https:\/\/www.sportsbarenbodo.no\/\">baren<\/a> &#8211; <a href=\"https:\/\/maps.app.goo.gl\/byEHPUrqd8ENtvYg9\" data-type=\"link\" data-id=\"https:\/\/maps.app.goo.gl\/byEHPUrqd8ENtvYg9\">Map<\/a> &#8211; No booking required<\/p>\n\n\n\n<p class=\"has-contrast-color has-text-color has-link-color wp-elements-deb72281b1654077c70f95040fb38598\"><a href=\"https:\/\/paapir.no\/\" data-type=\"link\" data-id=\"https:\/\/paapir.no\/\" target=\"_blank\" rel=\"noreferrer noopener\">P\u00e5Pir<\/a> &#8211; <a href=\"https:\/\/maps.app.goo.gl\/5GmUpLpeR1zWAPDn8\" data-type=\"link\" data-id=\"https:\/\/maps.app.goo.gl\/5GmUpLpeR1zWAPDn8\" target=\"_blank\" rel=\"noreferrer noopener\">Map<\/a> &#8211; No booking required<\/p>\n\n\n\n<p class=\"has-contrast-color has-text-color has-link-color wp-elements-9663a6471a987a129af018be2dfbbfce\">To find other places to eat lunch and dinner you can visit the <a href=\"https:\/\/bodosentrum.no\/mat-drikke\/\" data-type=\"link\" data-id=\"https:\/\/bodosentrum.no\/mat-drikke\/\">Bod\u00f8 Sentrum webpage<\/a>. Here you will find a list of restaurants under the tab &#8220;Mat &amp; Drikke&#8221;.<\/p>\n\n\n\n<p class=\"has-contrast-color has-text-color has-link-color wp-elements-189af77be3b3526b5d594a0a1be7dbd6\">You can also download their app <a href=\"https:\/\/bodosentrum.no\/aktuelt\/har-du-lastet-ned-bodo-sentrum-app\/\" data-type=\"link\" data-id=\"https:\/\/bodosentrum.no\/aktuelt\/har-du-lastet-ned-bodo-sentrum-app\/\">here<\/a>.<\/p>\n","protected":false},"excerpt":{"rendered":"<p>The Local Host Committee is delighted to offer participants the opportunity to register for lunch boxes on the conference days, a dinner in The Lavvo at Breivika on Friday 7th June, a concert on Friday 7th and another on Saturday 8th June. Registration for the lunches and conference dinner on June 7th will close on [&hellip;]<\/p>\n","protected":false},"author":156,"featured_media":0,"parent":0,"menu_order":0,"comment_status":"closed","ping_status":"closed","template":"","meta":{"footnotes":""},"coauthors":[17],"class_list":["post-289","page","type-page","status-publish","hentry"],"jetpack_sharing_enabled":true,"_links":{"self":[{"href":"https:\/\/site.nord.no\/naisa2024\/wp-json\/wp\/v2\/pages\/289","targetHints":{"allow":["GET"]}}],"collection":[{"href":"https:\/\/site.nord.no\/naisa2024\/wp-json\/wp\/v2\/pages"}],"about":[{"href":"https:\/\/site.nord.no\/naisa2024\/wp-json\/wp\/v2\/types\/page"}],"author":[{"embeddable":true,"href":"https:\/\/site.nord.no\/naisa2024\/wp-json\/wp\/v2\/users\/156"}],"replies":[{"embeddable":true,"href":"https:\/\/site.nord.no\/naisa2024\/wp-json\/wp\/v2\/comments?post=289"}],"version-history":[{"count":41,"href":"https:\/\/site.nord.no\/naisa2024\/wp-json\/wp\/v2\/pages\/289\/revisions"}],"predecessor-version":[{"id":685,"href":"https:\/\/site.nord.no\/naisa2024\/wp-json\/wp\/v2\/pages\/289\/revisions\/685"}],"wp:attachment":[{"href":"https:\/\/site.nord.no\/naisa2024\/wp-json\/wp\/v2\/media?parent=289"}],"wp:term":[{"taxonomy":"author","embeddable":true,"href":"https:\/\/site.nord.no\/naisa2024\/wp-json\/wp\/v2\/coauthors?post=289"}],"curies":[{"name":"wp","href":"https:\/\/api.w.org\/{rel}","templated":true}]}}