{"id":298,"date":"2024-03-14T12:14:24","date_gmt":"2024-03-14T11:14:24","guid":{"rendered":"https:\/\/site.nord.no\/naisa2024\/?page_id=298"},"modified":"2024-06-07T13:32:46","modified_gmt":"2024-06-07T11:32:46","slug":"program","status":"publish","type":"page","link":"https:\/\/site.nord.no\/naisa2024\/program\/","title":{"rendered":"Programme at a glance"},"content":{"rendered":"\n<figure class=\"wp-block-image aligncenter size-full is-resized\"><img loading=\"lazy\" decoding=\"async\" width=\"1754\" height=\"966\" src=\"https:\/\/site.nord.no\/naisa2024\/wp-content\/uploads\/sites\/65\/2024\/01\/NAISA_logo-002.png\" alt=\"\" class=\"wp-image-169\" style=\"width:543px;height:auto\" \/><\/figure>\n\n\n\n<h2 class=\"wp-block-heading has-text-align-left has-text-color has-link-color has-large-font-size wp-elements-172e56e898da9baa22176abf1ccd7be6\" style=\"color:#00577b\"><strong>Programme overview &#8211;<\/strong> <strong>NAISA <strong>B\u00e5d\u00e5ddjo<\/strong> 2024<\/strong><\/h2>\n\n\n\n<p class=\"has-contrast-color has-text-color has-link-color has-medium-font-size wp-elements-31d1b0e5371d597cdf8d674ae351965b\">The most up-to-date version of the programme is available on Ex Ordo: <a href=\"https:\/\/naisa2024.exordo.com\/programme\/at-a-glance\">Programme | NAISA 2024 B\u00e5d\u00e5ddjo\/Buvvda\/Bod\u00f8 &#8211; Native American and Indigenous Studies Association&#8217;s Thirteenth Annual Conference | Ex Ordo<\/a><\/p>\n\n\n\n<h2 class=\"wp-block-heading has-text-color has-link-color has-medium-font-size wp-elements-a9ffa0a47782960d2b4e21c118b3e5d8\" style=\"color:#f37063\"><strong>Daily: June 5th, 6th and 7th<\/strong><\/h2>\n\n\n\n<p class=\"has-contrast-color has-text-color has-link-color has-small-font-size wp-elements-1fa196e3555ce2e3b7addf5198d9332e\"><strong>17:00 &#8211; 21:30<\/strong> <a href=\"https:\/\/site.nord.no\/naisa2024\/soptsestimmie\/\" data-type=\"page\" data-id=\"642\">Soptsestimmie (Storytelling): Baajh vaeride \u00e5rrodh = Land back!<\/a> &#8211; Nordland Museum (Bymuseet)<br><strong>11:00 &#8211; 16:00<\/strong> <a href=\"https:\/\/site.nord.no\/naisa2024\/conifa-womens-world-cup\/\" data-type=\"page\" data-id=\"695\">CONIFA Women&#8217;s World Cup<\/a><\/p>\n\n\n\n<h3 class=\"wp-block-heading has-text-color has-link-color has-medium-font-size wp-elements-b704836676f6a2e21f8800f1dff86ce2\" style=\"color:#f37063\"><strong>Daily: June 6th, 7th and 8th<\/strong><\/h3>\n\n\n\n<p class=\"has-text-align-left has-contrast-color has-text-color has-link-color has-small-font-size wp-elements-06a6e44ec06d6fe6d69dc31410ee91b2\"><strong>10:00 &#8211; 16:00<\/strong> Saami Market and Exhibition &#8211; Lobby of the Quality Hotel Ramsalt<br><strong>10:00 &#8211; 17:00<\/strong> Art exhibition B\u00e5d\u00e5ddjo\/Buvvda Musea &#8211; <a href=\"https:\/\/static1.squarespace.com\/static\/6274ef1a02d9a77f64596fc8\/t\/661d55e81acccd56c0516255\/1713198575855\/Kunst2024_21x21+digital.pdf\" data-type=\"link\" data-id=\"https:\/\/static1.squarespace.com\/static\/6274ef1a02d9a77f64596fc8\/t\/661d55e81acccd56c0516255\/1713198575855\/Kunst2024_21x21+digital.pdf\">Gulleva\u0161\/Golgala\u0161 (See page 28 for information about this exhibition)<\/a><br><strong>10:00 &#8211; 17:00 (11:00 &#8211; 15:00)<\/strong> Art exhibition at Siggeruds Galleri &#8211; <a href=\"https:\/\/site.nord.no\/naisa2024\/arctic-storyworlds-frozen-matter\/\" data-type=\"page\" data-id=\"660\">Arctic StoryWorlds: Frozen Matters<\/a><\/p>\n\n\n\n<div class=\"wp-block-columns is-layout-flex wp-container-core-columns-is-layout-658170e2 wp-block-columns-is-layout-flex\" style=\"border-style:none;border-width:0px;border-radius:0px\">\n<div class=\"wp-block-column is-layout-flow wp-block-column-is-layout-flow\">\n<div class=\"wp-block-group has-pale-cyan-blue-background-color has-background has-global-padding is-layout-constrained wp-block-group-is-layout-constrained\">\n<p class=\"has-text-align-center has-medium-font-size\" style=\"margin-top:0;margin-bottom:0;padding-top:0;padding-right:var(--wp--preset--spacing--30);padding-bottom:0;padding-left:var(--wp--preset--spacing--30)\"><span style=\"text-decoration: underline\"><strong>Opening times for the Exhibitor Booth Spaces in the <a href=\"https:\/\/stormen.no\/bibliotek\/\" data-type=\"link\" data-id=\"https:\/\/stormen.no\/bibliotek\/\">Stormen Library<\/a><\/strong>:<\/span><\/p>\n\n\n\n<ul style=\"margin-right:0;margin-left:0\" class=\"has-pale-cyan-blue-background-color has-background wp-block-list\">\n<li style=\"margin-top:0;margin-right:0;margin-bottom:0;margin-left:0\" class=\"has-small-font-size\"><strong><span style=\"text-decoration: underline\">June 5th:<\/span><\/strong>&nbsp;15:00-19:30<\/li>\n\n\n\n<li style=\"margin-top:0;margin-right:0;margin-bottom:0;margin-left:0\" class=\"has-small-font-size\"><strong><span style=\"text-decoration: underline\">June 6th:<\/span><\/strong>&nbsp;10:00-19:30<\/li>\n\n\n\n<li style=\"margin-top:0;margin-right:0;margin-bottom:0;margin-left:0\" class=\"has-small-font-size\"><strong><span style=\"text-decoration: underline\">June 7th:<\/span><\/strong>&nbsp;10:00-15:30<\/li>\n\n\n\n<li style=\"margin-top:0;margin-right:0;margin-bottom:0;margin-left:0\" class=\"has-small-font-size\"><strong><span style=\"text-decoration: underline\">June 8th:<\/span><\/strong>&nbsp;10:00-14:00<\/li>\n<\/ul>\n\n\n\n<p class=\"has-text-align-center has-base-color has-text-color has-link-color wp-elements-c4679cd2712ce3f112a0075a93ab13df\"><a href=\"https:\/\/maps.app.goo.gl\/DUELGgyCzTQMN6v28\" data-type=\"link\" data-id=\"https:\/\/maps.app.goo.gl\/DUELGgyCzTQMN6v28\" target=\"_blank\" rel=\"noreferrer noopener\"><strong>See the location here<\/strong><\/a><\/p>\n<\/div>\n<\/div>\n\n\n\n<div class=\"wp-block-column is-layout-flow wp-block-column-is-layout-flow\">\n<div class=\"wp-block-group has-pale-pink-background-color has-background has-global-padding is-layout-constrained wp-block-group-is-layout-constrained\">\n<p class=\"has-text-align-center has-medium-font-size\" style=\"padding-top:0;padding-right:var(--wp--preset--spacing--30);padding-bottom:0;padding-left:var(--wp--preset--spacing--30)\"><strong><span style=\"text-decoration: underline\">Important information regarding registration<\/span><\/strong><\/p>\n\n\n\n<p class=\"has-text-align-left has-small-font-size\" style=\"padding-right:0;padding-left:var(--wp--preset--spacing--30)\"><strong>June 4th:<\/strong> Everyone with children and\/or accessibility requirements can register at the Radisson Blu Hotel between <strong>17:00 and 19:30<\/strong>. All Exhibitors are also welcome on the 4th.<\/p>\n\n\n\n<p class=\"has-small-font-size\" style=\"padding-right:0;padding-left:var(--wp--preset--spacing--30)\"><strong>June 5th:<\/strong> Registration will run from <strong>08:15 until 19:00<\/strong> at the Radisson Blu.<\/p>\n\n\n\n<p class=\"has-small-font-size\" style=\"padding-right:0;padding-left:var(--wp--preset--spacing--30)\"><strong>June 6th, 7th and 8th:<\/strong> Registration will run from <strong>08:00 until 17:00.<\/strong><br><\/p>\n<\/div>\n<\/div>\n<\/div>\n\n\n\n<div class=\"wp-block-columns is-layout-flex wp-container-core-columns-is-layout-658170e2 wp-block-columns-is-layout-flex\" style=\"border-style:none;border-width:0px;border-radius:0px\">\n<div class=\"wp-block-column is-layout-flow wp-block-column-is-layout-flow\">\n<div class=\"wp-block-group has-pale-cyan-blue-background-color has-background has-global-padding is-layout-constrained wp-block-group-is-layout-constrained\">\n<div class=\"wp-block-group has-pale-pink-background-color has-background has-global-padding is-layout-constrained wp-block-group-is-layout-constrained\">\n<p class=\"has-text-align-center has-medium-font-size\" style=\"margin-top:0;margin-bottom:0;padding-top:0;padding-right:var(--wp--preset--spacing--30);padding-bottom:0;padding-left:var(--wp--preset--spacing--30)\"><strong><span style=\"text-decoration: underline\">Carehubs<\/span><\/strong><\/p>\n\n\n\n<p class=\"has-small-font-size\"><strong><span style=\"text-decoration: underline\">Radisson Blu Hotel (June 6<sup>th<\/sup>-8<sup>th<\/sup>):<\/span><\/strong><br><strong>Radisson 6:<\/strong> For parents, including drop off\/pick up point for children registered with the programming activities<br><strong>Radisson 7:<\/strong> For all other participants<\/p>\n\n\n\n<p class=\"has-small-font-size\"><strong><u>Quality Hotel Ramsalt (June 6<sup>th<\/sup>-8<sup>th<\/sup>):<\/u><\/strong><br><strong>Bodin:<\/strong> For parents<br><strong>Fyret:<\/strong> For all other participants<\/p>\n<\/div>\n<\/div>\n<\/div>\n\n\n\n<div class=\"wp-block-column is-layout-flow wp-block-column-is-layout-flow\">\n<p><\/p>\n<\/div>\n<\/div>\n\n\n\n<div class=\"wp-block-group has-pale-cyan-blue-background-color has-background has-global-padding is-layout-constrained wp-block-group-is-layout-constrained\">\n<h2 class=\"wp-block-heading has-text-align-center has-pale-cyan-blue-background-color has-background has-medium-font-size\"><strong><span style=\"text-decoration: underline\"><em>Opening Ceremony<\/em> Stormen Concert Hall<\/span><\/strong><br><em>Thursday, June 6th 08:00 &#8211; 09:15<\/em><\/h2>\n\n\n\n<p class=\"has-text-align-center has-pale-cyan-blue-background-color has-background has-medium-font-size\" style=\"padding-top:0;padding-right:0;padding-bottom:0;padding-left:0\"><strong>Guest speakers and contributors<\/strong><\/p>\n\n\n\n<p class=\"has-text-align-center has-pale-cyan-blue-background-color has-background has-small-font-size\" style=\"padding-top:0;padding-right:0;padding-bottom:0;padding-left:0\"><strong>Kalle Urheim<\/strong> &#8211; Joik &#8216;\u00d8rnes\u00f8ster&#8217;\/ &#8216;Eaglessister&#8217;<br><strong>Sandra Maria Nyst\u00f8 Rahka<\/strong>, PhD candidate, Nord University<br><strong>Tove Mentsen Ness<\/strong>, Leader of the Centre for Saami and Indigenous Studies, Nord University &amp; Head of the Local Host Committee<br><strong>Vicente Diaz<\/strong>, President of NAISA<br><strong>Hanne Solheim Hansen<\/strong>, Rector of Nord University<br><strong>Iselin Marstrander<\/strong>, Direkt\u00f8r of the Nordland Research Institute<br><strong>\u00c1slat Holmberg<\/strong>, President of the S\u00e1mi Council<br><strong>Frode Fjellheim\/Snorre Bjerck<\/strong> &#8211; Musical interlude<br><strong>Mikkel Eskil Mikkelsen<\/strong>, The S\u00e1mi Parliament Council<br><strong>Odd Emil Ingebrigtsen<\/strong>, Mayor of Bod\u00f8<br><strong>Eivind Lang\u00e5s<\/strong>, Stormen S\u00e1mi Centre<br><strong>Frode Fjellheim\/Snorre Bjerck<\/strong> &#8211; Musical interlude<br><\/p>\n<\/div>\n\n\n\n<h3 class=\"wp-block-heading has-text-color has-link-color has-medium-font-size wp-elements-555106f3d7cb2c01c5e9dad02430fc03\" style=\"color:#f37063\"><strong>Wednesday, June 5th<\/strong><\/h3>\n\n\n\n<p class=\"has-contrast-color has-text-color has-link-color has-small-font-size wp-elements-7d1a09241f188015f512b646ffb3c6e8\"><strong>08:15<strong> &#8211; <\/strong>19:00<\/strong> Registration, Radisson Blu Hotel, Bod\u00f8, Storgata 2<br><strong>16:00<strong> &#8211; <\/strong>17:30<\/strong> Pre-conference Tour &#8211; <a href=\"https:\/\/exploresalten.bilberry.app\/web\/events\/naisa?lang=en\">Historical Kjerring\u00f8y trading post<\/a><br><strong>16:00<strong> &#8211; <\/strong>18:00<\/strong> Pre-conference Tour &#8211; <a href=\"https:\/\/exploresalten.bilberry.app\/web\/events\/naisa?lang=en\">Visit Saltstraumen by RIB<\/a><\/p>\n\n\n\n<h3 class=\"wp-block-heading has-text-color has-link-color has-medium-font-size wp-elements-d9aea5b8541371203d40fb48da6c37d0\" style=\"color:#f37063\"><strong>Thursday, June 6th<\/strong><\/h3>\n\n\n\n<p class=\"has-contrast-color has-text-color has-link-color has-small-font-size wp-elements-daa03ab53e35fe213724e84f65b96ffb\"><strong>08:00 &#8211; 09:15<\/strong> <em>Opening Ceremony<\/em>. Stormen Concert Hall<br><strong>09:15 &#8211; 09:45<\/strong> <em>Morning<\/em> Break<br><strong>09:45 &#8211; 11:30<\/strong> <em>Morning Group Sessions<\/em>. Radisson and Quality<br><strong>11:30 &#8211; 13:00<\/strong> Lunch (Pre-purchased box lunches available at Radisson and Quality). <br><strong>13:00 &#8211; 14:45<\/strong> <em>Afternoon Group Sessions<\/em>. Radisson and Quality<br><strong>14:45 &#8211; 15:15<\/strong> <em>Afternoon<\/em> Break<br><strong>15:15 &#8211; 17:00<\/strong> <em>Afternoon<\/em> Group Session. Radisson and Quality<br><strong>17:00<\/strong> Dinner (participants are free to do as they so wish)<\/p>\n\n\n\n<h3 class=\"wp-block-heading has-text-color has-link-color has-medium-font-size wp-elements-6908e09d21b98ede818def5a5c61f119\" style=\"color:#f37063\"><strong>Friday, June 7th<\/strong><\/h3>\n\n\n\n<p class=\"has-contrast-color has-text-color has-link-color has-small-font-size wp-elements-ae8742b3a76ceb3b5cc56cb2dd74915f\"><strong>08:00 &#8211; 09:45<\/strong> <em>Morning Group Sessions<\/em>. Radisson and Quality<br><strong>09:45 &#8211; 10:15 <\/strong><em>Morning<\/em> Break<br><strong>10:15 &#8211; 12:00<\/strong> <em>Morning Group Sessions<\/em>. Radisson and Quality<br><strong>12:00 &#8211; 13:15<\/strong> Lunch (Pre-purchased box lunches available at Radisson and Quality). <br><strong>13:15 &#8211; 14:45<\/strong> NAISA Business Meeting at Quality<br><strong>14:45 &#8211; 15:15<\/strong> <em>Afternoon<\/em> Break<br><strong>15:15 &#8211; 17:00<\/strong> <em>Afternoon Group Sessions<\/em>. Radisson and Quality (Presidential Session) <strong>18:00<\/strong> <strong>&#8211; 18:00<\/strong> Concert: European Premiere of Raven Chacon&#8217;s Voiceless Mass, Bod\u00f8 Cathedral<br><strong>20:00 &#8211; 22:00<\/strong> Conference Dinner &#8211; <em>Walking group departs from Radisson Blu at 19:15; bus at 19:30<\/em><\/p>\n\n\n\n<h3 class=\"wp-block-heading has-text-color has-link-color has-medium-font-size wp-elements-95996eb13e890b1c4e0ee3462d09bdd8\" style=\"color:#f37063\"><strong>Saturday, June 8th<\/strong><\/h3>\n\n\n\n<p class=\"has-contrast-color has-text-color has-link-color has-small-font-size wp-elements-b5252a157f184823d5f3e6990a46b2a4\"><strong>08:00 &#8211; 09:45<\/strong> <em>Morning Group Sessions<\/em>. Radisson and Quality<br><strong>09:45 &#8211; 10:15<\/strong> <em>Morning<\/em> Break<br><strong>10:15 &#8211; 12:00<\/strong> <em>Morning Group Sessions<\/em>. Radisson and Quality&nbsp;<br><strong>12:00 &#8211; 13:45<\/strong> Lunch (Pre-purchased box lunches available at Radisson and Quality). <br><strong>13:45 &#8211; 15:30<\/strong> <em>Afternoon Session<\/em>. Radisson and Quality<br><strong>15:30 &#8211; 16:00<\/strong> <em>Afternoon <\/em>Break<br><strong>16:00 &#8211; 17:45<\/strong> <em>Afternoon<\/em> Session. Radisson and Quality<br><strong>19:00 &#8211; 22:00<\/strong> Concert: Transjoik with Radik and Juliana at the Stormen Concert Hall<\/p>\n\n\n\n<h3 class=\"wp-block-heading has-text-color has-link-color has-medium-font-size wp-elements-7521daa21d26cc4556c17d9aa544ffff\" style=\"color:#f37063\"><strong>Sunday, June 9th<\/strong><\/h3>\n\n\n\n<p class=\"has-contrast-color has-text-color has-link-color has-small-font-size wp-elements-7c8683861ef2b00b6ef18f569c4429e6\"><strong>10:00 &#8211; 11:30<\/strong> Post-conference Tour &#8211; <a href=\"https:\/\/exploresalten.bilberry.app\/web\/events\/naisa?lang=en\">Historical Kjerring\u00f8y trading post<\/a><br><strong>13:00 &#8211; 15:00<\/strong> Post-conference Tour &#8211; <a href=\"https:\/\/exploresalten.bilberry.app\/web\/events\/naisa?lang=en\">Visit Saltstraumen by RIB<\/a><\/p>\n\n\n\n<p class=\"has-contrast-color has-text-color has-link-color has-small-font-size wp-elements-80aa98287d954eeee11995d93ba098c5\"><\/p>\n","protected":false},"excerpt":{"rendered":"<p>Programme overview &#8211; NAISA B\u00e5d\u00e5ddjo 2024 The most up-to-date version of the programme is available on Ex Ordo: Programme | NAISA 2024 B\u00e5d\u00e5ddjo\/Buvvda\/Bod\u00f8 &#8211; Native American and Indigenous Studies Association&#8217;s Thirteenth Annual Conference | Ex Ordo Daily: June 5th, 6th and 7th 17:00 &#8211; 21:30 Soptsestimmie (Storytelling): Baajh vaeride \u00e5rrodh = Land back! &#8211; Nordland [&hellip;]<\/p>\n","protected":false},"author":156,"featured_media":0,"parent":0,"menu_order":0,"comment_status":"closed","ping_status":"closed","template":"","meta":{"footnotes":""},"coauthors":[17],"class_list":["post-298","page","type-page","status-publish","hentry"],"jetpack_sharing_enabled":true,"_links":{"self":[{"href":"https:\/\/site.nord.no\/naisa2024\/wp-json\/wp\/v2\/pages\/298","targetHints":{"allow":["GET"]}}],"collection":[{"href":"https:\/\/site.nord.no\/naisa2024\/wp-json\/wp\/v2\/pages"}],"about":[{"href":"https:\/\/site.nord.no\/naisa2024\/wp-json\/wp\/v2\/types\/page"}],"author":[{"embeddable":true,"href":"https:\/\/site.nord.no\/naisa2024\/wp-json\/wp\/v2\/users\/156"}],"replies":[{"embeddable":true,"href":"https:\/\/site.nord.no\/naisa2024\/wp-json\/wp\/v2\/comments?post=298"}],"version-history":[{"count":78,"href":"https:\/\/site.nord.no\/naisa2024\/wp-json\/wp\/v2\/pages\/298\/revisions"}],"predecessor-version":[{"id":721,"href":"https:\/\/site.nord.no\/naisa2024\/wp-json\/wp\/v2\/pages\/298\/revisions\/721"}],"wp:attachment":[{"href":"https:\/\/site.nord.no\/naisa2024\/wp-json\/wp\/v2\/media?parent=298"}],"wp:term":[{"taxonomy":"author","embeddable":true,"href":"https:\/\/site.nord.no\/naisa2024\/wp-json\/wp\/v2\/coauthors?post=298"}],"curies":[{"name":"wp","href":"https:\/\/api.w.org\/{rel}","templated":true}]}}