{"id":677,"date":"2024-05-30T10:34:48","date_gmt":"2024-05-30T08:34:48","guid":{"rendered":"https:\/\/site.nord.no\/naisa2024\/?page_id=677"},"modified":"2024-05-30T13:58:00","modified_gmt":"2024-05-30T11:58:00","slug":"art-exhibition-gullevas-golgalas","status":"publish","type":"page","link":"https:\/\/site.nord.no\/naisa2024\/art-exhibition-gullevas-golgalas\/","title":{"rendered":"Art exhibition &#8211;  Gulleva\u0161\/Golgala\u0161"},"content":{"rendered":"\n<p><strong>10th May &#8211; 23rd June<\/strong> Buvvda Musea  <\/p>\n\n\n\n<p class=\"has-contrast-color has-text-color has-link-color wp-elements-ad037e7e79b32e44d65b9657ae86da77\"><a href=\"https:\/\/static1.squarespace.com\/static\/6274ef1a02d9a77f64596fc8\/t\/661d55e81acccd56c0516255\/1713198575855\/Kunst2024_21x21+digital.pdf\" data-type=\"link\" data-id=\"https:\/\/static1.squarespace.com\/static\/6274ef1a02d9a77f64596fc8\/t\/661d55e81acccd56c0516255\/1713198575855\/Kunst2024_21x21+digital.pdf\">Gulleva\u0161\/Golgala\u0161 (See page 28 for information about this exhibition)<\/a><\/p>\n\n\n\n<p>Gulleva\u0161\/Golgola\u0161 (Belonging\/Displacement) is an exhibition featuring eight artists from S\u00e1pmi exploring the concepts of home, belonging, identity, and exclusion. The exhibition brings together traditional duodji, painting, textile, installation, film, and sound art, collectively developed through an extensive process with a unique approach to materiality, architecture, reuse, and improvisation. The exhibition is part of a larger S\u00e1mi collaborative project with B\u00e5d\u00e5ddjo\/Buvvda Musea (Bod\u00f8 City Museum\/Nordland<br>Museum), putting S\u00e1mi art on the map in Bod\u00f8 in 2024. In addition to the exhibition at Bod\u00f8 Art Association, a new version of artist and architect Joar Nango\u2019s Girjegumpi willbe presented at B\u00e5d\u00e5ddjo\/Buvvda Musea.<\/p>\n\n\n\n<p><strong>Artists:<\/strong><br>Katarina Spik Skum<br>Elina Waage Mikalsen<br>Anders Sunna<br>Olof Marsja<br>Matti Aikio<br>Joar Nango\/Ken Are Bongo<br>Sigbj\u00f8rn Sk\u00e5den<\/p>\n\n\n\n<p><br><strong>Curator:<\/strong><br>Helga-Marie Nordby<\/p>\n","protected":false},"excerpt":{"rendered":"<p>10th May &#8211; 23rd June Buvvda Musea Gulleva\u0161\/Golgala\u0161 (See page 28 for information about this exhibition) Gulleva\u0161\/Golgola\u0161 (Belonging\/Displacement) is an exhibition featuring eight artists from S\u00e1pmi exploring the concepts of home, belonging, identity, and exclusion. The exhibition brings together traditional duodji, painting, textile, installation, film, and sound art, collectively developed through an extensive process with [&hellip;]<\/p>\n","protected":false},"author":156,"featured_media":0,"parent":0,"menu_order":0,"comment_status":"closed","ping_status":"closed","template":"","meta":{"footnotes":""},"coauthors":[17],"class_list":["post-677","page","type-page","status-publish","hentry"],"jetpack_sharing_enabled":true,"_links":{"self":[{"href":"https:\/\/site.nord.no\/naisa2024\/wp-json\/wp\/v2\/pages\/677","targetHints":{"allow":["GET"]}}],"collection":[{"href":"https:\/\/site.nord.no\/naisa2024\/wp-json\/wp\/v2\/pages"}],"about":[{"href":"https:\/\/site.nord.no\/naisa2024\/wp-json\/wp\/v2\/types\/page"}],"author":[{"embeddable":true,"href":"https:\/\/site.nord.no\/naisa2024\/wp-json\/wp\/v2\/users\/156"}],"replies":[{"embeddable":true,"href":"https:\/\/site.nord.no\/naisa2024\/wp-json\/wp\/v2\/comments?post=677"}],"version-history":[{"count":4,"href":"https:\/\/site.nord.no\/naisa2024\/wp-json\/wp\/v2\/pages\/677\/revisions"}],"predecessor-version":[{"id":692,"href":"https:\/\/site.nord.no\/naisa2024\/wp-json\/wp\/v2\/pages\/677\/revisions\/692"}],"wp:attachment":[{"href":"https:\/\/site.nord.no\/naisa2024\/wp-json\/wp\/v2\/media?parent=677"}],"wp:term":[{"taxonomy":"author","embeddable":true,"href":"https:\/\/site.nord.no\/naisa2024\/wp-json\/wp\/v2\/coauthors?post=677"}],"curies":[{"name":"wp","href":"https:\/\/api.w.org\/{rel}","templated":true}]}}