{"id":695,"date":"2024-05-31T09:39:24","date_gmt":"2024-05-31T07:39:24","guid":{"rendered":"https:\/\/site.nord.no\/naisa2024\/?page_id=695"},"modified":"2024-05-31T09:39:24","modified_gmt":"2024-05-31T07:39:24","slug":"conifa-womens-world-cup","status":"publish","type":"page","link":"https:\/\/site.nord.no\/naisa2024\/conifa-womens-world-cup\/","title":{"rendered":"CONIFA Women&#8217;s World Cup"},"content":{"rendered":"\n<p><strong>3rd &#8211; 8th June <\/strong>Bod\u00f8<\/p>\n\n\n\n<p class=\"has-contrast-color has-text-color has-link-color wp-elements-b5944529760ba5cd3329248db8b4aa12\"><a href=\"https:\/\/www.bodo2024.no\/prosjekter\/conifa\">Link to site and programme<\/a><\/p>\n\n\n\n<p>Experience a football party out of the ordinary! From June 3-9, 2024, the CONIFA Women&#8217;s World Cup will be held in Bod\u00f8. This unique championship, organized by the Confederation of Independent Football Associations (CONIFA), brings together women&#8217;s teams from regions, minorities, stateless nations and other groups not represented in FIFA. The tournament celebrates diversity, inclusion and the passion for football.<\/p>\n\n\n\n<p>CONIFA was founded on June 7, 2013 and hosted its first World Cup in June 2014 in \u00d6stersund, Sweden.<\/p>\n\n\n\n<p>With high ethical standards and dedicated members, CONIFA is the world&#8217;s leading organization for individuals, nations and athletically isolated regions who share the joy of playing international football. CONIFA helps to strengthen global relations and international understanding.<\/p>\n\n\n\n<p>CONIFA aims to build bridges between people, nations, minorities and isolated regions around the world through friendship, culture and the joy of playing football.<\/p>\n\n\n\n<p><strong>This year&#8217;s teams are FA S\u00e1pmi, Tibet NSA, Tamil Eelam FA and Sz\u00e9kely Land. Come and cheer them on in Bod\u00f8!<\/strong><\/p>\n\n\n\n<hr class=\"wp-block-separator has-text-color has-vivid-red-color has-alpha-channel-opacity has-vivid-red-background-color has-background is-style-wide\" \/>\n\n\n\n<h4 class=\"wp-block-heading has-vivid-red-color has-text-color has-link-color wp-elements-dc12a138b93394603f80b47bbdc9260d\" style=\"margin-top:var(--wp--preset--spacing--30);margin-bottom:var(--wp--preset--spacing--30)\">CAMPAIGN SET<\/h4>\n\n\n\n<p class=\"has-vivid-red-color has-text-color has-link-color wp-elements-063e91834ed266cbfd1ff4002045e02b\" style=\"margin-top:0;margin-bottom:0\"><strong>03.06<\/strong><\/p>\n\n\n\n<p style=\"margin-top:0;margin-bottom:0\">18:30 Opening ceremony, Glasshuset<\/p>\n\n\n\n<p class=\"has-vivid-red-color has-text-color has-link-color wp-elements-d3ff23dde4ebef338e2bd32dbe3fcb3f\"><strong>04.06<\/strong><\/p>\n\n\n\n<p style=\"margin-top:0;margin-bottom:0\">11:00 FA Sapmi vs. Tibet NSA, M\u00f8rkvedlia Kunstgress, Bod\u00f8<br>14:00 Tamil Eelam FA vs. Sz\u00e9kely Land LE, M\u00f8rkvedlia Kunstgress, Bod\u00f8<\/p>\n\n\n\n<p class=\"has-vivid-red-color has-text-color has-link-color wp-elements-975840c6e63fabef56a787bb19a388fa\"><strong>05.06<\/strong><\/p>\n\n\n\n<p style=\"margin-top:0;margin-bottom:0\">11:00 Tibet NSA vs. Tamil Eelam FA, M\u00f8rkvedlia Kunstgress, Bod\u00f8<br>14:00 FA Sapmi vs. Sz\u00e9kely Land LE, M\u00f8rkvedlia Kunstgress, Bod\u00f8<\/p>\n\n\n\n<p class=\"has-vivid-red-color has-text-color has-link-color wp-elements-29f9f658995d2b246b4792fdb2b1d980\"><strong>06.06<\/strong><\/p>\n\n\n\n<p style=\"margin-top:0;margin-bottom:0\">11:00 Tibet NSA vs. Sz\u00e9kely Land LE, M\u00f8rkvedlia Kunstgress, Bod\u00f8<\/p>\n\n\n\n<p class=\"has-vivid-red-color has-text-color has-link-color wp-elements-98725ba5ccb95858aa85019b7335a360\"><strong>07.06<\/strong><\/p>\n\n\n\n<p style=\"margin-top:0;margin-bottom:0\">11:00 FA Sapmi vs. Tamil Eelam FA, M\u00f8rkvedlia Kunstgress, Bod\u00f8<\/p>\n\n\n\n<p class=\"has-vivid-red-color has-text-color has-link-color wp-elements-83d743c1f24243ca46e27e174b2382f8\"><strong>08.06<\/strong><\/p>\n\n\n\n<p style=\"margin-top:0;margin-bottom:0\">11:00 Bronze match, Aspmyra stadium, Bod\u00f8<br>14:00 Final, Aspmyra stadium, Bod\u00f8<br>16:00 Award ceremony, Aspmyra stadium, Bod\u00f8<\/p>\n","protected":false},"excerpt":{"rendered":"<p>3rd &#8211; 8th June Bod\u00f8 Link to site and programme Experience a football party out of the ordinary! From June 3-9, 2024, the CONIFA Women&#8217;s World Cup will be held in Bod\u00f8. This unique championship, organized by the Confederation of Independent Football Associations (CONIFA), brings together women&#8217;s teams from regions, minorities, stateless nations and other [&hellip;]<\/p>\n","protected":false},"author":156,"featured_media":0,"parent":0,"menu_order":0,"comment_status":"closed","ping_status":"closed","template":"","meta":{"footnotes":""},"coauthors":[17],"class_list":["post-695","page","type-page","status-publish","hentry"],"jetpack_sharing_enabled":true,"_links":{"self":[{"href":"https:\/\/site.nord.no\/naisa2024\/wp-json\/wp\/v2\/pages\/695","targetHints":{"allow":["GET"]}}],"collection":[{"href":"https:\/\/site.nord.no\/naisa2024\/wp-json\/wp\/v2\/pages"}],"about":[{"href":"https:\/\/site.nord.no\/naisa2024\/wp-json\/wp\/v2\/types\/page"}],"author":[{"embeddable":true,"href":"https:\/\/site.nord.no\/naisa2024\/wp-json\/wp\/v2\/users\/156"}],"replies":[{"embeddable":true,"href":"https:\/\/site.nord.no\/naisa2024\/wp-json\/wp\/v2\/comments?post=695"}],"version-history":[{"count":2,"href":"https:\/\/site.nord.no\/naisa2024\/wp-json\/wp\/v2\/pages\/695\/revisions"}],"predecessor-version":[{"id":697,"href":"https:\/\/site.nord.no\/naisa2024\/wp-json\/wp\/v2\/pages\/695\/revisions\/697"}],"wp:attachment":[{"href":"https:\/\/site.nord.no\/naisa2024\/wp-json\/wp\/v2\/media?parent=695"}],"wp:term":[{"taxonomy":"author","embeddable":true,"href":"https:\/\/site.nord.no\/naisa2024\/wp-json\/wp\/v2\/coauthors?post=695"}],"curies":[{"name":"wp","href":"https:\/\/api.w.org\/{rel}","templated":true}]}}