{"id":68,"date":"2024-01-16T15:30:25","date_gmt":"2024-01-16T15:30:25","guid":{"rendered":"https:\/\/nec.unplanned.win\/?page_id=8"},"modified":"2024-02-07T14:13:07","modified_gmt":"2024-02-07T13:13:07","slug":"home","status":"publish","type":"page","link":"https:\/\/site.nord.no\/nec\/home\/","title":{"rendered":"Conference Information"},"content":{"rendered":"\n<p style=\"font-size:14px\">On 6 and 7 February, the Nord Entertainment Conference (NEC) will be held where researchers and industry professionals discuss game development and media entertainment from different angles.<\/p>\n\n\n\n<p style=\"font-size:14px\">The conference will take place in English and the topic of the conference will be &#8220;diversity and inclusion&#8221;. The focus will be on game development, but in addition to having students in Games and experience technology as the target audience, much of the conference&#8217;s content will also be suitable for students in both film and TV production, as well as CG art. Other target groups are:<\/p>\n\n\n\n<ul class=\"wp-block-list\">\n<li style=\"font-size:14px\">Other university students at Levanger<\/li>\n\n\n\n<li style=\"font-size:14px\">Students at IDI at NTNU, Trondheim<\/li>\n\n\n\n<li style=\"font-size:14px\">Students at upper secondary schools in the area (e.g. Levanger, Verdal, Inder\u00f8y, Steinkjer, etc.)<\/li>\n\n\n\n<li style=\"font-size:14px\">Students at community colleges in the area<\/li>\n\n\n\n<li style=\"font-size:14px\">The professional community in the area, as well as anyone else who may be interested<\/li>\n<\/ul>\n\n\n\n<h2 class=\"wp-block-heading\">Speakers<\/h2>\n\n\n\n<h3 class=\"wp-block-heading\">Day 1 &#8211; Tuesday, February 6<\/h3>\n\n\n\n<div class=\"wp-block-columns is-layout-flex wp-container-core-columns-is-layout-9d6595d7 wp-block-columns-is-layout-flex\">\n<div class=\"wp-block-column is-layout-flow wp-block-column-is-layout-flow\" style=\"flex-basis:100%\">\n\n<figure class=\"wp-block-table is-style-regular has-small-font-size\">\n  <table class=\"has-black-color has-link-color customTables\">\n\t<thead>\n\t\t<tr>\n\t\t  <th style=\"width:6em\" class=\"timeCell\"><strong>Time<\/strong><\/th>\n\t\t  <th><strong>Big Auditorium (<a href=\"https:\/\/link.mazemap.com\/6NjnzeUN\">MazeMap<\/a>)<\/strong><\/th>\n\t\t  <th><strong>Orange Auditorium (<a href=\"https:\/\/link.mazemap.com\/TxpMRV2B\">MazeMap<\/a>)<\/strong><\/th>\n\t\t<\/tr>\n\t<\/thead>\n\t<tbody>\n      <tr>\n        <td class=\"timeCell\">9.00<br>&dArr;<br>10.30<\/td>\n        <td>\n          Keynote: <strong>Idun Isdrake<\/strong><br><br>\n          Inclusive innovation and design for transmedia experiences\n        <\/td>\n        <td>(no activity in Orange Auditorium. &#8211; but the gallery will be open)<\/td>\n      <\/tr>\n      <tr class=\"breakRow\">\n        <td class=\"timeCell\">Break<\/td>\n        <td>Gallery time, Daniel Mortenson<\/td>\n        <td>Gallery time, Daniel Mortenson<\/td>\n      <\/tr>\n\n\t<tr class=\"noBorder\">\n\t\t<td rowspan=\"2\" class=\"timeCell\">10.45<br>&dArr;<br>11.45<\/td>\n\t\t<td>\n\t\t\t<strong>Dr Line Kol\u00e5s,<\/strong>\n\t\t\t<br \/>\n\t\t\tA game analysis of programming games\n\t\t<\/td>\n\t\t<td>\n\t\t\t<strong>Dr Torill Mortensen<\/strong>\n\t\t\t, (streaming)\n\t\t\t<br \/>\n\t\t\tGame studies beyond games\n\t\t<\/td>\n\t\t<\/tr>\n        <tr class=\"noBorder\">\n          <td>\n            Managing Director\n            <strong>Sylvia Duerr<\/strong>\n            ,  Working on Inclusion in the Norwegian Games Industry\n          <\/td>\n          <td>\n\t\t\t  <strong>Fredrik Johnsen,<\/strong>\n\t\t\t  <br \/>From Education To Work\n\t\t  <\/td>\n\t    <\/tr>\n      <tr class=\"breakRow\">\n        <td class=\"timeCell\">11.45<br>&dArr;<br>12.30<\/td>\n        <td>Lunch break<\/td>\n        <td>Lunch break<\/td>\n      <\/tr>\n      <tr class=\"noBorder\">\n        <td rowspan=\"2\" class=\"timeCell\">12.30<br>&dArr;<br>13.30<\/td>\n        <td>\n          <strong>Dr V\u00edctor Manuel P\u00e9rez Colado,<\/strong>\n          <br \/>\n          Where are the games in my learning? A research perspective\n        <\/td>\n        <td>\n          <strong>Aamna Rais Ahmed<\/strong>\n          <br \/>\n          Exploring the Blended Learning Landscape: Insights into Project-Based Computing Education\n        <\/td>\n      <\/tr>\n      <tr class=\"noBorder\">\n        <td>\n          <strong>Dr Iv\u00e1n Jos\u00e9 P\u00e9rez Colado<\/strong>\n          <br \/>\n          Generative AI for Serious Games\n        <\/td>\n        <td>\n\t\t\t<strong>S\u00e6var Th\u00f3r P\u00e1lsson<\/strong><br \/>\n\t\t\tThe Power of Game Jams\n\t\t<\/td>\n      <\/tr>\n      <tr class=\"breakRow\">\n        <td class=\"timeCell\">Break<\/td>\n        <td>Gallery time, Daniel Mortenson<\/td>\n        <td>Gallery time, Daniel Mortenson<\/td>\n      <\/tr>\n      <tr class=\"noBorder\">\n        <td rowspan=\"2\" class=\"timeCell\">13.45<br>&dArr;<br>14.45<\/td>\n        <td>\n          <strong>Dr Robin Isfold Munkvold<\/strong>\n          <br \/>\n          A Conflict Management Game in Project-Based Learning\n        <\/td>\n        <td>\n          <strong>Izabella Jedel<\/strong>\n          <br \/>\n          A psychological perspective of motivational design in games and education\n        <\/td>\n      <\/tr>\n      <tr class=\"noBorder\">\n        <td>\n          <strong>Chris Hart<\/strong>\n          <br \/>\n          AR workshop Pencils B4 Pixels (\n          <a href=\"https:\/\/www.pencilsb4pixels.com\/\" target=\"_blank\" rel=\"noreferrer noopener\">\n            Project Website\n          <\/a>\n          )\n          <br \/>\n        <\/td>\n        <td>\n          <strong>Rita Spica<\/strong>\n          <br \/>\n          Harmonizing Structure and Creativity towards Well-being and HR in the Gaming and\n          Technology Sectors\n        <\/td>\n      <\/tr>\n      <tr class=\"breakRow\">\n        <td class=\"timeCell\">Break<\/td>\n        <td>Gallery time, Daniel Mortenson<\/td>\n        <td>Gallery time, Daniel Mortenson<\/td>\n      <\/tr>\n      <tr class=\"noBorder\">\n        <td class=\"timeCell\" rowspan=\"2\">15.15&rArr;16.15<\/td>\n        <td rowspan=\"2\">\n          <strong>Chris Hart<\/strong>\n          : AR workshop continues\n          <br \/>\n          Pencils B4 Pixels (\n          <a href=\"https:\/\/www.pencilsb4pixels.com\/\" target=\"_blank\" rel=\"noreferrer noopener\">\n            Project Website\n          <\/a>\n          )\n        <\/td>\n        <td>\n          <strong>Dr Helga D. Isfold Sigurdardottir<\/strong>\n          <br \/>\n          Developing games for 3 to 30 year olds\n        <\/td>\n      <\/tr>\n      <tr class=\"noBorder\">\n\n        <td>\n          <strong>Connie J. Eckholdt<\/strong>\n          <br \/>\n          Building virtual worlds: A 3D artist&#8217;s approach to XR\n        <\/td>\n      <\/tr>\n    <\/tbody>\n  <\/table>\n<\/figure>\n\n<\/div>\n<\/div>\n\n\n\n<figure class=\"wp-block-table has-small-font-size\">\n  <table class=\"has-black-color has-link-color customTables\">\n\t<thead>\n\t\t<tr>\n\t\t\t<th class=\"timeCell\">Time<\/th><th colspan=\"2\"><strong>Daniel Mortenson-salen (<a href=\"https:\/\/link.mazemap.com\/2FQzyDqg\">MazeMap<\/a>)<\/strong><\/th>\n\t\t<\/tr>\n\t<\/thead>\n\t<tbody>\n      <tr>\n\t\t  <td style=\"width:6em\" class=\"timeCell\">15.15<br>&dArr;<br>16.15<\/td>\n\t\t  <td>Hack&#8217;n&#8217;Jam<\/td>\n\t\t  <td>Project presentations<\/td>\n\t  <\/tr>\n    <\/tbody>\n  <\/table>\n<\/figure>\n\n\n\n\n<h3 class=\"wp-block-heading\">Day 2 &#8211; <strong>Wednesday, February 7<\/strong><\/h3>\n\n\n\n<figure class=\"wp-block-table has-small-font-size\">\n\t<table class=\"has-black-color has-link-color customTables\">\n\t  <thead>\n  \t      <tr>\n  \t        <th style=\"width:6em\" class=\"timeCell\"><strong>Time<\/strong><\/th>\n  \t        <th><strong>Storsalen, Nyl\u00e5na<\/strong><\/th>\n  \t        <th><strong>Orange Hall, Nyl\u00e5na<\/strong><\/th>\n  \t      <\/tr>\n\t  <\/thead>\n    <tbody>\n      <tr>\n        <td class=\"timeCell\">09:00<br>&dArr;<br>10:30<\/td>\n        <td>\n          <strong>Tim Laning<\/strong>\n          , CEO Grendel Games\n          <br \/>\n          <em>Games for sustainability: Affecting environments through game design<\/em>\n          <br \/>\n          <br \/>\n          Hack&#8217;n&#8217;Jam Awards ceremony\n        <\/td>\n        <td>\n\t\t\t<em>FTV films on replay<\/em>\n\t\t<\/td>\n      <\/tr>\n      <tr class=\"breakRow\">\n        <td class=\"timeCell\">Break<\/td>\n        <td><strong>Gallery time, Daniel Mortenson<\/strong><\/td>\n        <td><strong>Gallery time, Daniel Mortenson<\/strong><\/td>\n      <\/tr>\n      <tr>\n        <td class=\"timeCell\" rowspan=\"2\">10:45<br>&dArr;<br>11:45<\/td>\n        <td>Info about <b>Norwegian Game Awards<\/b>, <b>Spillprisen<\/b> and <b>Kosmorama<\/b><hr><b>Fredrik Weisethaunet<\/b><br>Altered play: on the role of modding in the video game industry<\/td>\n        <td>\n          <strong>&lArr;Talk moved to Storsalen<\/strong>\n          <br \/>\n          <em><\/em>\n        <\/td>\n      <\/tr>\n      <tr>\n        <td>Sofa talk with <b>Greg Curda<\/b>, Q&amp;A<\/td>\n        <td>\n        <\/td>\n      <\/tr>\n      <tr class=\"breakRow\"><td class=\"timeCell\">11:45<br>&dArr;<br>12:30<\/td><td>Lunch break<\/td><td>Lunch break<\/td><\/tr>\n      <tr>\n        <td class=\"timeCell\" rowspan=\"2\">12:30<br>&dArr;<br>13:30<\/td>\n        <td><strong>Lars Kyed<\/strong><br>Expanding the creative leeway in CG animation using an iterative production method<\/td>\n        <td><strong>Simone Elverum Hunt<\/strong><br \/><em>AI in art<\/em><\/td>\n      <\/tr>\n      <tr>\n        <td>\n          <strong>Maria Gudmundsdottir<\/strong>\n          <br \/>\n          <em>The windy ways of working on the video game industry<\/em>\n        <\/td>\n        <td>\n          <strong>Sunna S\u00f3l Sigurdardottir<\/strong>\n          <br \/>\n          <em>From Pixels to Paychecks: How I got my start in the industry<\/em>\n        <\/td>\n      <\/tr>\n      <tr class=\"breakRow\"><td class=\"timeCell\">Break<\/td><td>Break<\/td><td>Break<\/td><\/tr>\n      <tr>\n        <td class=\"timeCell\">13:45<br>&dArr;<br>14:45<\/td>\n        <td>\n          A Conversation with\n          <strong>Dave Freeman<\/strong>\n          <br \/>\n          <em>chat session on concept art<\/em>\n          and more\n        <\/td>\n        <td>(no activity)<\/td>\n      <\/tr>\n    <\/tbody>\n  <\/table>\n<\/figure>\n\n\n\n<p><\/p>\n\n\n\n<h2 class=\"wp-block-heading\">Exhibitors and Gallery<\/h2>\n\n\n\n<p style=\"font-size:14px\">During the conference there will be a exhibitors section showcasing different projects and artistic pieces. In this exhibition you will see awesome projects and art, including the projects from the Creative Weekend.<\/p>\n\n\n\n<p style=\"font-size:14px\">If you want to showcase your projects please register using the button below:<\/p>\n\n\n\n<p><\/p>\n\n\n\n<p>The conference is financed via a joint venture from various sources.&nbsp;<\/p>\n","protected":false},"excerpt":{"rendered":"<p>On 6 and 7 February, the Nord Entertainment Conference (NEC) will be held where researchers and industry professionals discuss game development and media entertainment from different angles. The conference will take place in English and the topic of the conference will be &#8220;diversity and inclusion&#8221;. The focus will be on game development, but in addition &hellip; <\/p>\n","protected":false},"author":149,"featured_media":0,"parent":0,"menu_order":0,"comment_status":"closed","ping_status":"closed","template":"","meta":{"footnotes":""},"coauthors":[7],"class_list":["post-68","page","type-page","status-publish","hentry"],"_links":{"self":[{"href":"https:\/\/site.nord.no\/nec\/wp-json\/wp\/v2\/pages\/68","targetHints":{"allow":["GET"]}}],"collection":[{"href":"https:\/\/site.nord.no\/nec\/wp-json\/wp\/v2\/pages"}],"about":[{"href":"https:\/\/site.nord.no\/nec\/wp-json\/wp\/v2\/types\/page"}],"author":[{"embeddable":true,"href":"https:\/\/site.nord.no\/nec\/wp-json\/wp\/v2\/users\/149"}],"replies":[{"embeddable":true,"href":"https:\/\/site.nord.no\/nec\/wp-json\/wp\/v2\/comments?post=68"}],"version-history":[{"count":85,"href":"https:\/\/site.nord.no\/nec\/wp-json\/wp\/v2\/pages\/68\/revisions"}],"predecessor-version":[{"id":459,"href":"https:\/\/site.nord.no\/nec\/wp-json\/wp\/v2\/pages\/68\/revisions\/459"}],"wp:attachment":[{"href":"https:\/\/site.nord.no\/nec\/wp-json\/wp\/v2\/media?parent=68"}],"wp:term":[{"taxonomy":"author","embeddable":true,"href":"https:\/\/site.nord.no\/nec\/wp-json\/wp\/v2\/coauthors?post=68"}],"curies":[{"name":"wp","href":"https:\/\/api.w.org\/{rel}","templated":true}]}}