{"id":189,"date":"2023-06-20T10:35:22","date_gmt":"2023-06-20T08:35:22","guid":{"rendered":"https:\/\/site.nord.no\/newton\/?page_id=189"},"modified":"2023-06-29T10:32:53","modified_gmt":"2023-06-29T08:32:53","slug":"hjem","status":"publish","type":"page","link":"https:\/\/site.nord.no\/newton\/","title":{"rendered":"Hjem"},"content":{"rendered":"\n<p>STEM-utdanning i Newton-rom. Elevenes l\u00e6ring gjennom gruppearbeid \u2013 prosess, innhold og sosial organisering<\/p>\n\n\n\n<p>Hovedm\u00e5let med Newton-rom prosjektet er \u00e5 utvikle kunnskap om hvordan gruppearbeid i et l\u00e6ringsmilj\u00f8 med utforskende aktiviteter, fokus p\u00e5 probleml\u00f8sningsoppgaver og state-of-the-art l\u00e6remidler, kan utformes for \u00e5 tilrettelegge for dybdel\u00e6ring i STEM-fag. Videre \u00f8nsker man \u00e5 forst\u00e5 hvordan roller og kunnskap konstrueres og forhandles i den sosiale interaksjonen i gruppearbeid, og hvordan denne prosessen p\u00e5virker elev-elev samarbeid og l\u00e6rer-elev samarbeid. Vi studerer ogs\u00e5 l\u00e6reres begrunnelser og refleksjoner over eget arbeid, og hvordan de endrer og justerer modulene avhengig av hva de ser skjer i gruppene. Prosjektet har en Lesson Study inspirert tiln\u00e6rming, der utvikling eller revisjon av tre Newton-moduler f\u00f8lges gjennom tre faser, fram til ferdigstilt modul. Videoobservasjon av aktiviteten i rommet, video-stimulerte intervju med Newton-l\u00e6rere, intervju med elever, og dokumenter i form av elevarbeid og beskrivelse av modulene, utgj\u00f8r datagrunnlaget i prosjektet.<\/p>\n\n\n\n<h2 class=\"wp-block-heading\">Kort om Newton-rom<\/h2>\n\n\n\n<p>Newton-rom er en l\u00e6ringsarena eid av kommuner\/fylkeskommuner som deles av skoler og barnehager i et visst geografisk omr\u00e5de. Rommet er utstyrt med state-of-the-art l\u00e6remidler for undervisning i realfag og teknologi, og undervisningen foreg\u00e5r i form av moduler som er utviklet for ulike deler av l\u00e6replanene i STEM-fagene. Newton-rom konseptet er eid av stiftelsen First Scandinavia, som ogs\u00e5 har ansvar for kvalitetssikring av modulene som utvikles. Det finnes i dag mer enn 30 Newton-rom spredt rundt om i Norge, og det er ogs\u00e5 etablert Newton-rom i en rekke andre land gjennom en omfattende internasjonal aktivitet.<\/p>\n\n\n\n<p><a href=\"https:\/\/site.nord.no\/newton\/wp-content\/uploads\/sites\/57\/2023\/06\/FINNUT_Proposal_Final1378.pdf\" data-type=\"URL\" data-id=\"https:\/\/site.nord.no\/newton\/wp-content\/uploads\/sites\/57\/2023\/06\/FINNUT_Proposal_Final1378.pdf\" target=\"_blank\" rel=\"noreferrer noopener\">Prosjektbeskrivelsen levert til FINNUT- programmet i Norges forskningsr\u00e5d <\/a><\/p>\n","protected":false},"excerpt":{"rendered":"<p>STEM-utdanning i Newton-rom. Elevenes l\u00e6ring gjennom gruppearbeid \u2013 prosess, innhold og sosial organisering Hovedm\u00e5let med Newton-rom prosjektet er \u00e5 utvikle kunnskap om hvordan gruppearbeid i et l\u00e6ringsmilj\u00f8 med utforskende aktiviteter, fokus p\u00e5 probleml\u00f8sningsoppgaver og state-of-the-art l\u00e6remidler, kan utformes for \u00e5 tilrettelegge for dybdel\u00e6ring i STEM-fag. Videre \u00f8nsker man \u00e5 forst\u00e5 hvordan roller og kunnskap konstrueres [&hellip;]<\/p>\n","protected":false},"author":75,"featured_media":226,"parent":0,"menu_order":0,"comment_status":"closed","ping_status":"closed","template":"","meta":{"footnotes":""},"coauthors":[3],"class_list":["post-189","page","type-page","status-publish","has-post-thumbnail","hentry"],"_links":{"self":[{"href":"https:\/\/site.nord.no\/newton\/wp-json\/wp\/v2\/pages\/189","targetHints":{"allow":["GET"]}}],"collection":[{"href":"https:\/\/site.nord.no\/newton\/wp-json\/wp\/v2\/pages"}],"about":[{"href":"https:\/\/site.nord.no\/newton\/wp-json\/wp\/v2\/types\/page"}],"author":[{"embeddable":true,"href":"https:\/\/site.nord.no\/newton\/wp-json\/wp\/v2\/users\/75"}],"replies":[{"embeddable":true,"href":"https:\/\/site.nord.no\/newton\/wp-json\/wp\/v2\/comments?post=189"}],"version-history":[{"count":3,"href":"https:\/\/site.nord.no\/newton\/wp-json\/wp\/v2\/pages\/189\/revisions"}],"predecessor-version":[{"id":248,"href":"https:\/\/site.nord.no\/newton\/wp-json\/wp\/v2\/pages\/189\/revisions\/248"}],"wp:featuredmedia":[{"embeddable":true,"href":"https:\/\/site.nord.no\/newton\/wp-json\/wp\/v2\/media\/226"}],"wp:attachment":[{"href":"https:\/\/site.nord.no\/newton\/wp-json\/wp\/v2\/media?parent=189"}],"wp:term":[{"taxonomy":"author","embeddable":true,"href":"https:\/\/site.nord.no\/newton\/wp-json\/wp\/v2\/coauthors?post=189"}],"curies":[{"name":"wp","href":"https:\/\/api.w.org\/{rel}","templated":true}]}}