{"id":15,"date":"2021-06-10T11:15:04","date_gmt":"2021-06-10T09:15:04","guid":{"rendered":"https:\/\/blogg.nord.no\/nonfor\/?page_id=15"},"modified":"2022-10-20T13:52:03","modified_gmt":"2022-10-20T11:52:03","slug":"our-team","status":"publish","type":"page","link":"https:\/\/site.nord.no\/nonfor\/our-team\/","title":{"rendered":"Our Team"},"content":{"rendered":"\t\t<div data-elementor-type=\"wp-page\" data-elementor-id=\"15\" class=\"elementor elementor-15\" data-elementor-post-type=\"page\">\n\t\t\t\t\t\t<section class=\"elementor-section elementor-top-section elementor-element elementor-element-60e9a49 elementor-section-boxed elementor-section-height-default elementor-section-height-default\" data-id=\"60e9a49\" data-element_type=\"section\" data-e-type=\"section\">\n\t\t\t\t\t\t<div class=\"elementor-container elementor-column-gap-default\">\n\t\t\t\t\t<div class=\"elementor-column elementor-col-100 elementor-top-column elementor-element elementor-element-3459ba0\" data-id=\"3459ba0\" data-element_type=\"column\" data-e-type=\"column\">\n\t\t\t<div class=\"elementor-widget-wrap elementor-element-populated\">\n\t\t\t\t\t\t<div class=\"elementor-element elementor-element-e2229e5 elementor-widget elementor-widget-text-editor\" data-id=\"e2229e5\" data-element_type=\"widget\" data-e-type=\"widget\" data-widget_type=\"text-editor.default\">\n\t\t\t\t<div class=\"elementor-widget-container\">\n\t\t\t\t\t\t\t\t\t<p style=\"text-align: justify\">Competitiveness of the Nordic aquaculture industry in the global marketplace can be improved by considering key cost drivers such as fish welfare and feed ingredients. The project consortium is ideally placed to help farmers enhance fish welfare at key brake-points in the production process, through the delivery of novel nutrient sources. The consortium has been carefully crafted to include a balanced mix of leading Nordic academic, institute and commercial partners, including industrial-scale novel ingredient producers as well as feed and farming companies. This team will have the competence and resources required to deliver the objectives as well as adopt a targeted approach to Responsible Research and Innovation. Sustainability will form a core component of the program, with the development of key criteria that can be quantified and made available for a range of stakeholders in the aquaculture value chain.<\/p><p><strong>Nord University (NORD)<\/strong><\/p><p style=\"text-align: justify\">Faculty of Biosciences and Aquaculture (FBA) is the lead partner in the project NON-F\u00f4r. \u00a0FBA has a long history of research on fish nutrition, welfare, aquatic animal health, biotechnology, seafood quality and reproduction of different aquaculture species. FBA has a strong track record in research on modern diets and in particular on the potential of microalgae as unique and sustainable biotechnological production systems for food and feed.<\/p><p style=\"text-align: justify\">Professor Mette S\u00f8rensen (<a href=\"mailto:Mette.sorensen@nord.no\">Mette.sorensen@nord.no<\/a>),the dean of FBA is the leader of the project NON-F\u00f4r. <img decoding=\"async\" class=\" wp-image-318 alignleft\" src=\"https:\/\/blogg.nord.no\/nonfor\/wp-content\/uploads\/sites\/32\/2021\/06\/Mette-Sorensen-5.jpg\" alt=\"\" width=\"221\" height=\"221\" \/>Mette has worked for many years on different aspects of fish nutrition and feed manufacturing technology. Her research interests include alternative feed ingredients, extrusion technology and feed pellet quality. Professor Kiron Viswanath (<a href=\"mailto:Kiron.viswanath@nord.no\">Kiron.viswanath@nord.no<\/a>)<img fetchpriority=\"high\" decoding=\"async\" class=\"wp-image-319 alignright\" src=\"https:\/\/blogg.nord.no\/nonfor\/wp-content\/uploads\/sites\/32\/2021\/06\/Prof.-Kiron.jpg\" alt=\"\" width=\"292\" height=\"178\" \/> is an expert in nutrition and health of fish. His current research covers preventive health care, functional additives, gut health, microbiome of fish and microalgae biotechnology. Kiron Viswanath will serve as a deputy to Professor Mette S\u00f8rensen and support various activities of the project. Associate Professor Prabhat Khanal (<a href=\"mailto:prabhat.khanal@nord.no\">prabhat.khanal@nord.no<\/a>)<img decoding=\"async\" class=\"wp-image-320 alignleft\" src=\"https:\/\/blogg.nord.no\/nonfor\/wp-content\/uploads\/sites\/32\/2021\/06\/Prabht-Khanal.jpg\" alt=\"\" width=\"187\" height=\"199\" \/> is an animal nutritionist with a background in nutritional programming, metabolic phenotyping and fetal programming. He is currently performing research to understand the potential of next generation feed ingredients (insect meal and macroalgae) for animal nutrition. Insect meal produced in one of his current projects will be tested in the NON-F\u00f4r experiments.<\/p><p style=\"text-align: justify\"><strong>FBA <\/strong>will be carrying out its administrative responsibilities by coordinating the different activities and reporting to Nordforsk (<strong>WP5<\/strong>). In addition, NORD will conduct a laboratory experiment proposed in <strong>WP3<\/strong>.<\/p><p><strong><br \/><strong>Aarhus University (AU)<\/strong><\/strong><\/p><p style=\"text-align: justify\">The Department of Food and Science of Aarhus University (AU-FOOD), Aarhus, Denmark is a partner in NON-F\u00f4r. The department has excellent capabilities and resources as well as active national and international networks. The scientists there are therefore able to make<img loading=\"lazy\" decoding=\"async\" class=\" wp-image-321 alignright\" src=\"https:\/\/blogg.nord.no\/nonfor\/wp-content\/uploads\/sites\/32\/2021\/06\/Trine_Dalsgaard.jpg\" alt=\"\" width=\"171\" height=\"220\" \/> significant contributions to tackle current food-related global challenges: food supply, food wastage, sustainable food production under altered climatic conditions, and increased occurrence of lifestyle-related diseases.<\/p><p style=\"text-align: justify\">Within the NON-F\u00f4r-project, <strong>AU-FOOD<\/strong> will be responsible for tasks under <strong>WP1<\/strong> <img loading=\"lazy\" decoding=\"async\" class=\" wp-image-322 alignleft\" src=\"https:\/\/blogg.nord.no\/nonfor\/wp-content\/uploads\/sites\/32\/2021\/06\/Marianne-Danielsen_LK_80_PURE_-002-rediger.jpg\" alt=\"\" width=\"184\" height=\"221\" \/>wherein protein quality will be the main focus. Processing-caused alteration in free and protein-bound amino acids, racemization, biogenic amines will be studied in <strong>WP1<\/strong>. Associate professor Trine Kastrup Dalsgaard (<a href=\"mailto:Trine.dalsgaard@food.au.dk\">Trine.dalsgaard@food.au.dk<\/a>)\u00a0is in charge of <strong>WP1<\/strong> activities in NON-F\u00f4r project along with Marianne Danielsen (<a href=\"mailto:Marianne.danielsen@food.au.dk\">Marianne.danielsen@food.au.dk<\/a>) who is the staff scientist responsible for analyses part of the project.<\/p><p><strong>Technical University of Denmark (DTU)<\/strong><\/p><p style=\"text-align: justify\">National Food Institute is a research institute and consists of six divisions: Food Chemistry, Industrial Food Research, Nutrition, Food Microbiology, Epidemiology and Microbial Genomics, and Toxicology and Risk Assessment. The Institute focuses on public health, and conducts research connected to nutrition, food safety, environment and health. The institute monitors national food consumption patterns and food safety and provides diagnostic services.<\/p><p style=\"text-align: justify\">Associate Professor Aberham Hailu Feyissa (<a href=\"mailto:abhfe@food.dtu.dk\">abhfe@food.dtu.dk<\/a>),\u00a0with expertise\u00a0 in food process engineering, focuses on modelling of heat and mass transfer in food processing. <img loading=\"lazy\" decoding=\"async\" class=\" wp-image-329 alignleft\" src=\"https:\/\/blogg.nord.no\/nonfor\/wp-content\/uploads\/sites\/32\/2021\/06\/Abreham-Aahus-Uni.jpg\" alt=\"\" width=\"196\" height=\"261\" \/>He has considerable experience in modelling, food process design for better quality, and optimization of existing and new technology for processing of food products. In this project, he will be in charge of processing and modelling.<br \/>Associate Professor Mohammad Amin Mohammadifar (<a href=\"mailto:moamo@food.dtu.dk\">moamo@food.dtu.dk<\/a>) <img loading=\"lazy\" decoding=\"async\" class=\" wp-image-383 alignright\" src=\"https:\/\/blogg.nord.no\/nonfor\/wp-content\/uploads\/sites\/32\/2021\/06\/Mohommad-Amin.jpg\" alt=\"\" width=\"182\" height=\"233\" \/>is the group leader of the research group, Food Production Engineering at DTU. He has considerable experience in food rheology and food ingredient interactions. His research priorities are to develop desired textures by understanding supramolecular properties of the food ingredients and their interactions<img loading=\"lazy\" decoding=\"async\" class=\"wp-image-330 alignleft\" src=\"https:\/\/blogg.nord.no\/nonfor\/wp-content\/uploads\/sites\/32\/2021\/06\/Hongyuan_Cheng.jpg\" alt=\"\" width=\"217\" height=\"218\" \/> with other food components. In this project, he will be studying rheology of the formulated fish feeds and the interactions between the ingredients. Hongyuan Cheng (<a href=\"mailto:hyc@thermoextrusion.com\">hyc@thermoextrusion.com<\/a>) is an expert in fish feed extrusion process modelling and production line analysis. He has established models to predict or compute fish feed pellet properties. He will investigate extrusion-caused changes in ingredient rheology and protein property. Thus, he will provide a more understanding of the effects of new ingredients and extrusion conditions on feed pellet quality parameters.<\/p><p style=\"text-align: justify\">The team DTU, with their expertise in process engineering and modelling and support linked to investigation of the effects of ingredients and extrusion process conditions on the fish feed quality will be responsible for the tasks under <strong>WP2<\/strong>.<\/p><p><strong>LetSea AS<\/strong><\/p><p style=\"text-align: justify\">LetSea AS was established in 2001 and has been over the years recognized as a major contributor to applied research on salmon, trout and cod for the aquaculture industry.<img loading=\"lazy\" decoding=\"async\" class=\" wp-image-334 alignleft\" src=\"https:\/\/blogg.nord.no\/nonfor\/wp-content\/uploads\/sites\/32\/2021\/06\/Henriette-LetSea.jpg\" alt=\"\" width=\"229\" height=\"219\" \/> The company has a broad range of experience and competence within activities including advance sampling, nutritional studies, fish health and environmental inspections for aquaculture production. <img loading=\"lazy\" decoding=\"async\" class=\" wp-image-335 alignright\" src=\"https:\/\/blogg.nord.no\/nonfor\/wp-content\/uploads\/sites\/32\/2021\/06\/Kristian-LetSea.jpg\" alt=\"\" width=\"255\" height=\"171\" \/>The main area of experimental activity is related to feeds, testing of raw materials, digestibility, feeding strategies and benchmarking in addition to sampling strategies and methods. LetSea also conducts experiments related to fish health during vaccine trials, sensitivity tests of delousing agents, testing of new technology\/equipment and evaluation of new species for biological control of lice.<\/p><p style=\"text-align: justify\">The team will be strongly committed to the project, mainly to <strong>WP3<\/strong>, that is led by Henriette Hanssen (<a href=\"mailto:henriette@letsea.no\">henriette@letsea.no<\/a>), but also to workshops and network activities. Kristian Johnsen (<a href=\"mailto:kristian@letsea.no\">kristian@letsea.no<\/a>) has a key role to connect this project to other ongoing and future projects.<\/p><p><strong>Biomar AS<\/strong><\/p><p align=\"justify\">BioMar AS, the global leader in aquafeed production, was founded in 1962 by Danish fish farmers. Now it supplies high-performance diets to fish and shrimp farmers in around 80 countries. The company is committed to following the 1.5\u00b0C pathway by reducing GHG emissions. BioMar continues the innovation journey and is set to revolutionize the sector with the next generation of sustainable aqua feeds.<\/p><p><img loading=\"lazy\" decoding=\"async\" class=\"wp-image-1002 alignleft\" src=\"https:\/\/site.nord.no\/nonfor\/wp-content\/uploads\/sites\/32\/2022\/10\/Headshot-Kyla.jpg\" alt=\"\" width=\"168\" height=\"208\" \/><\/p><p align=\"justify\">Dr. Kyla Zatti is the Sustainable Nutrition and Raw Material Lead and an R&amp;D Scientist in BioMar AS. Kyla holds a Ph.D. in Animal Science from the University of Saskatchewan, Canada, where she specialised in aquaculture. She has spent 15 years working in aquaculture research, with six of those being within the industry. She has been involved with transforming salmon feeds by adopting breakthrough innovations, including creating the first feeds with microalgae as a substitute for marine resources. Dr. Kyla is proactively engaged in the NON-F\u00f4r project.<\/p><p><strong>Riga Technical University (RTU)<\/strong><\/p><p style=\"text-align: justify\">Institute of Energy Systems and Environment (IESE), RTU is one of the leading research institutes in Latvia and an internationally recognized institute. The scientists at RTU focus on research related to energy and environmental science. The main research areas of the institute are environment protection, demand side management, renewable energy (production and use) and its environmental and climate aspects, combustion technologies, climate technologies, eco-design, LCA, etc.<\/p><p style=\"text-align: justify\">Dr.sc.ing. Je\u013cena Pubule (<a href=\"mailto:jelena.pubule@rtu.lv\">jelena.pubule@rtu.lv<\/a>)\u00a0has extensive experience in life cycle assessment,<img loading=\"lazy\" decoding=\"async\" class=\" wp-image-339 alignleft\" src=\"https:\/\/blogg.nord.no\/nonfor\/wp-content\/uploads\/sites\/32\/2021\/06\/Jelena_Pubule.jpg\" alt=\"\" width=\"186\" height=\"279\" \/> cost-benefit analysis, bioeconomy and environmental impact assessment. Her expertise is important for the implementation of this project. Dr.habil.sc.ing. Dagnija Blumberga (<a href=\"mailto:dagnija.blumberga@rtu.lv\">dagnija.blumberga@rtu.lv<\/a>) has participated in 10 international projects, and in 6 of them<img loading=\"lazy\" decoding=\"async\" class=\" wp-image-340 alignright\" src=\"https:\/\/blogg.nord.no\/nonfor\/wp-content\/uploads\/sites\/32\/2021\/06\/Dagnija_Blumberga.jpg\" alt=\"\" width=\"182\" height=\"273\" \/> she was the project leader. She has participated in more than 30 local projects and contract works. In 2017, she was the scientist of the year at RTU. Dr.sc.ing. Francesco Romagnoli (<a href=\"mailto:francesco.romagnoli@rtu.lv\">francesco.romagnoli@rtu.lv<\/a>), has immense knowledge on LCA, cost-benefit analysis, dynamic modelling, biogas, biorefinery, biofuels. His main contribution will be consultation and quality control on LCA. M.sc.biol. Kri\u0161s Spalvi\u0146\u0161 (<a href=\"mailto:kriss.spalvins@rtu.lv\">kriss.spalvins@rtu.lv<\/a>), an expert in biology and microbiology, is currently running the biosystems laboratory at IESE. He integrates knowledge in microbiology and environmental engineering that are generated in University of Latvia, RTU and the University of Regensburg (Germany). M.sc. Antra Kalnba\u013c\u0137\u012bte (<a href=\"mailto:antra.kalnbalkite@rtu.lv\">antra.kalnbalkite@rtu.lv<\/a>) is an expert in sustainability assessment and environmental evaluation.<\/p><p style=\"text-align: justify\">RTU will be leading <strong>WP4<\/strong>. RTU\u2019s task is to conduct the sustainability assessment of fish feed products, analyse and evaluate alternative salmon non-food feed ingredients and products. RTU will develop a composite index for sustainability assessment of fish feed products and will be responsible for the life cycle analysis.<\/p><p><strong>NCE Aquaculture<\/strong><\/p><p style=\"text-align: justify\">The NCE Aquaculture cluster represents world leading companies with strong expertise in farming of Atlantic salmon. The business cluster includes companies within production of fry and edible fish, processing, feed production, technology, health and environment, finance, research and training. The NCE aquaculture has 12 committed partners, including some of the world\u2019s largest salmon farming companies. The priority of NCE aquaculture is to improve practice and technologies in the salmon industry and this project taps into the prioritized areas of start-feeding, smolts and on-growth phases as well as sustainability.<\/p><p style=\"text-align: justify\">Malin Johansen (<a href=\"mailto:mj@kpb.no\">mj@kpb.no<\/a>) has experience in aquaculture with a special emphasis on innovation and management. Today she is the general manager of NCE Aquaculture, and she manages several projects involving in R&amp;D in aquaculture, linked to both biosciences and technology. <img loading=\"lazy\" decoding=\"async\" class=\" wp-image-379 alignright\" src=\"https:\/\/blogg.nord.no\/nonfor\/wp-content\/uploads\/sites\/32\/2021\/06\/Malin-J-NCE-aquaculture.jpg\" alt=\"\" width=\"216\" height=\"216\" \/>She is also involved in innovation project to produce new feed ingredients for aquaculture. She is excellent in project management and has a large network in the aquaculture industry in Norway. Ann Cecilie Hilling (<a href=\"mailto:acuh@kpb.no\">acuh@kpb.no<\/a>) has experience in Aquaculture with special emphasis on technology and seafood quality. She has years of experience in both supply industry and education in aquaculture. She is currently the project manager of several R&amp;D projects that tap into both smolt production, broodstock and technology for the aquaculture industry, digitalization and robotics.<\/p><p style=\"text-align: justify\">The NCE aquaculture will lead <strong>WP5<\/strong> and will also facilitate efficient communication among the partners in the project, and ensure strong involvement of the aquaculture industry, with partners covering the entire value chain.<\/p><p><strong>Ecoprot AS<\/strong><\/p><p style=\"text-align: justify\">EcoProt AS is a start-up company, established on 25<sup>th<\/sup> January 2019. The main aim of the company is \u201cOrganic production of insect larvae and processing of larvae and <img loading=\"lazy\" decoding=\"async\" class=\" wp-image-344 alignright\" src=\"https:\/\/blogg.nord.no\/nonfor\/wp-content\/uploads\/sites\/32\/2021\/06\/OT-Ecoprot.jpg\" alt=\"\" width=\"174\" height=\"231\" \/>by-products as well as other related activities\u201d. Participation in the project is important for documentation of the product quality, and results from the project is important for the scale up plans of the company. Ole Torrissen (<a href=\"mailto:olet@maricult.com\">olet@maricult.com<\/a>), with his vast expertise in fish nutrition and marine sciences will take part in <strong>WP3 <\/strong>and <strong>WP4<\/strong>. He will also contribute to workshop meetings and communication to industry as well as dissemination of findings (<strong>WP5<\/strong>).<\/p><p><strong>FjordAlg AS<\/strong><\/p><p style=\"text-align: justify\">FjordAlg AS is a startup company with a goal to produce microalgae for a more sustainable aquaculture industry in Norway. <img loading=\"lazy\" decoding=\"async\" class=\" wp-image-349 alignleft\" src=\"https:\/\/blogg.nord.no\/nonfor\/wp-content\/uploads\/sites\/32\/2021\/06\/GabrielO.jpg\" alt=\"\" width=\"184\" height=\"211\" \/>At present the company is producing microalgae that can be used to replace synthetic astaxanthin in fish feed. The founder Gabriel Ossenkamp (<a href=\"mailto:post@fjordalg.com\">post@fjordalg.com<\/a>) has a background in chemical processing and holds a PhD in chemistry. FjordAlg will provide astaxanthin for experiments proposed in <strong>WP2<\/strong> and <strong>WP3<\/strong>. Ossenkamp will also take part in sustainability assessment in <strong>WP4<\/strong> and dissemination activities in <strong>WP5<\/strong>.<\/p><p><strong>Veramaris<\/strong><\/p><p style=\"text-align: justify\">After two years of extensive research and development, DSM and Evonik launched Veramaris in 2018, as an equal joint venture. <img loading=\"lazy\" decoding=\"async\" class=\" wp-image-353 alignleft\" src=\"https:\/\/blogg.nord.no\/nonfor\/wp-content\/uploads\/sites\/32\/2021\/06\/Ian-carr.jpg\" alt=\"\" width=\"202\" height=\"180\" \/>Veramaris offers a solution for the reliable supply of omega-3, and the company produces algal oil on and industrial scale. Veramaris will provide microalgal oil for the feeding experiments in <strong>WP3<\/strong>. Ian Carr ( <a href=\"mailto:ian.carr@veramaris.com\">ian.carr@veramaris.com)<\/a> from Veramaris will be closely working with the project <a href=\"mailto:ian.carr@veramaris.com\">.<\/a><\/p><p><strong>Agro-engineering ApS<\/strong><\/p><p style=\"text-align: justify\">Agro-engineering<img loading=\"lazy\" decoding=\"async\" class=\" wp-image-357 alignright\" src=\"https:\/\/blogg.nord.no\/nonfor\/wp-content\/uploads\/sites\/32\/2021\/06\/Agroeng-Thomas-Munk.jpg\" alt=\"\" width=\"180\" height=\"180\" \/> cooperates with a lot of the leading European and Chinese manufactures and dealers. Focus areas are mainly design and upgrades of feed factories, aqua feed plants and pet food factories. Thomas Munk (<a href=\"mailto:tmu@agroengineering.dk\">tmu@agroengineering.dk<\/a>) will support the tasks in WP2, with his vast knowledge of handling different raw materials and feed processing, e.g. dosing, extrusion process and primary coating.<\/p>\t\t\t\t\t\t\t\t<\/div>\n\t\t\t\t<\/div>\n\t\t\t\t\t<\/div>\n\t\t<\/div>\n\t\t\t\t\t<\/div>\n\t\t<\/section>\n\t\t\t\t<\/div>\n\t\t","protected":false},"excerpt":{"rendered":"<p>Competitiveness of the Nordic aquaculture industry in the global marketplace can be improved by considering key cost drivers such as fish welfare and feed ingredients. The project consortium is ideally placed to help farmers enhance fish welfare at key brake-points in the production process, through the delivery of novel nutrient sources. The consortium has been [&hellip;]<\/p>\n","protected":false},"author":75,"featured_media":0,"parent":0,"menu_order":0,"comment_status":"closed","ping_status":"closed","template":"","meta":{"site-sidebar-layout":"no-sidebar","site-content-layout":"page-builder","ast-site-content-layout":"default","site-content-style":"default","site-sidebar-style":"default","ast-global-header-display":"","ast-banner-title-visibility":"","ast-main-header-display":"","ast-hfb-above-header-display":"","ast-hfb-below-header-display":"","ast-hfb-mobile-header-display":"","site-post-title":"disabled","ast-breadcrumbs-content":"","ast-featured-img":"disabled","footer-sml-layout":"","ast-disable-related-posts":"","theme-transparent-header-meta":"default","adv-header-id-meta":"","stick-header-meta":"","header-above-stick-meta":"","header-main-stick-meta":"","header-below-stick-meta":"","astra-migrate-meta-layouts":"default","ast-page-background-enabled":"default","ast-page-background-meta":{"desktop":{"background-color":"","background-image":"","background-repeat":"repeat","background-position":"center center","background-size":"auto","background-attachment":"scroll","background-type":"","background-media":"","overlay-type":"","overlay-color":"","overlay-opacity":"","overlay-gradient":""},"tablet":{"background-color":"","background-image":"","background-repeat":"repeat","background-position":"center center","background-size":"auto","background-attachment":"scroll","background-type":"","background-media":"","overlay-type":"","overlay-color":"","overlay-opacity":"","overlay-gradient":""},"mobile":{"background-color":"","background-image":"","background-repeat":"repeat","background-position":"center center","background-size":"auto","background-attachment":"scroll","background-type":"","background-media":"","overlay-type":"","overlay-color":"","overlay-opacity":"","overlay-gradient":""}},"ast-content-background-meta":{"desktop":{"background-color":"var(--ast-global-color-5)","background-image":"","background-repeat":"repeat","background-position":"center center","background-size":"auto","background-attachment":"scroll","background-type":"","background-media":"","overlay-type":"","overlay-color":"","overlay-opacity":"","overlay-gradient":""},"tablet":{"background-color":"var(--ast-global-color-5)","background-image":"","background-repeat":"repeat","background-position":"center center","background-size":"auto","background-attachment":"scroll","background-type":"","background-media":"","overlay-type":"","overlay-color":"","overlay-opacity":"","overlay-gradient":""},"mobile":{"background-color":"var(--ast-global-color-5)","background-image":"","background-repeat":"repeat","background-position":"center center","background-size":"auto","background-attachment":"scroll","background-type":"","background-media":"","overlay-type":"","overlay-color":"","overlay-opacity":"","overlay-gradient":""}},"footnotes":""},"coauthors":[2],"class_list":["post-15","page","type-page","status-publish","hentry"],"jetpack_sharing_enabled":true,"_links":{"self":[{"href":"https:\/\/site.nord.no\/nonfor\/wp-json\/wp\/v2\/pages\/15","targetHints":{"allow":["GET"]}}],"collection":[{"href":"https:\/\/site.nord.no\/nonfor\/wp-json\/wp\/v2\/pages"}],"about":[{"href":"https:\/\/site.nord.no\/nonfor\/wp-json\/wp\/v2\/types\/page"}],"author":[{"embeddable":true,"href":"https:\/\/site.nord.no\/nonfor\/wp-json\/wp\/v2\/users\/75"}],"replies":[{"embeddable":true,"href":"https:\/\/site.nord.no\/nonfor\/wp-json\/wp\/v2\/comments?post=15"}],"version-history":[{"count":75,"href":"https:\/\/site.nord.no\/nonfor\/wp-json\/wp\/v2\/pages\/15\/revisions"}],"predecessor-version":[{"id":1014,"href":"https:\/\/site.nord.no\/nonfor\/wp-json\/wp\/v2\/pages\/15\/revisions\/1014"}],"wp:attachment":[{"href":"https:\/\/site.nord.no\/nonfor\/wp-json\/wp\/v2\/media?parent=15"}],"wp:term":[{"taxonomy":"author","embeddable":true,"href":"https:\/\/site.nord.no\/nonfor\/wp-json\/wp\/v2\/coauthors?post=15"}],"curies":[{"name":"wp","href":"https:\/\/api.w.org\/{rel}","templated":true}]}}