{"id":21,"date":"2025-11-19T13:33:57","date_gmt":"2025-11-19T12:33:57","guid":{"rendered":"https:\/\/site.nord.no\/now\/?page_id=21"},"modified":"2026-02-10T11:35:37","modified_gmt":"2026-02-10T10:35:37","slug":"creative-weekend","status":"publish","type":"page","link":"https:\/\/site.nord.no\/now\/?page_id=21","title":{"rendered":"Creative Weekend"},"content":{"rendered":"\n<div style=\"position:relative;height:0px;overflow:visible;width:100%;text-align:center\">\n    <figure class=\"wp-block-image size-full\" style=\"margin:0;width:100%\">\n        <img decoding=\"async\" src=\"https:\/\/site.nord.no\/new\/wp-content\/uploads\/sites\/88\/2025\/01\/creative-weekend-textured-1.png\" style=\"position:relative;top:-300px;margin-left:auto;margin-right:auto;padding-left:100px;padding-right:100px;z-index:2;min-width:250px;max-width:600px;height:auto;background-image: linear-gradient(to top, #210758, #7c0856);border-radius:30px\" alt=\"\" class=\"wp-image-1257\" \/>\n    <\/figure>\n<\/div>\n\n\n\n<p><strong>The Creative Weekend is a one-of-a-kind creative marathon seeking for innovative proposals to novel challenges and topics in the field of entertainment<\/strong>. The event is similar to creative jams, game jams and hackathons, where the people collaborate during <strong>48h<\/strong> to develop innovative projects. However, what makes the Creative Weekend special is our unique very broad <strong>\u201cEntertainment\u201d<\/strong> topics<strong> <\/strong>and the combination of participant profiles including diverse art and media disciplines, technology, education and health sectors, in an experience to coexist.<strong> <\/strong><\/p>\n\n\n\n<p><strong>We invite all to create in the event, to form teams with other students, professionals or enthusiasts,<\/strong> <strong>enjoy free meals, and to run for a chance to win magnificent prizes<\/strong><\/p>\n\n\n\n<p>Such an event and collaboration aims to construct three strong pilars: &#8220;<strong>Innovate<\/strong>&#8220;, scouting the future, <strong>\u201cAll-for-One\u201d<\/strong>, combining as many disciplines as possible, and <strong>\u201cFun and Serious\u201d<\/strong> so it&#8217;s not only entertainment but has social impact.<\/p>\n\n\n\n<h2 class=\"wp-block-heading\">Participants<\/h2>\n\n\n\n<div class=\"wp-block-columns is-layout-flex wp-container-core-columns-is-layout-9d6595d7 wp-block-columns-is-layout-flex\">\n<div class=\"wp-block-column is-layout-flow wp-block-column-is-layout-flow\" style=\"flex-basis:66.6%\">\n<p><strong>Everyone is welcomed to participate!<\/strong> Professionals, students and enthusiasts from the Tr\u00f8ndelag area are invited to participate, including all students from Levanger Campus, including FSV, FSH and FLU. <\/p>\n\n\n\n<p>Registration (single and team) is done through or main registration form. Team sizes are not restricted but \u201csolo runs\u201d are discouraged as the event seeks for collaboration. Online pre-inscriptions open from Jan 5th to Feb 5th and will be used to plan and prioritize space and supplies.<\/p>\n\n\n\n<div class=\"wp-block-buttons is-content-justification-center is-layout-flex wp-container-core-buttons-is-layout-16018d1d wp-block-buttons-is-layout-flex\">\n<div class=\"wp-block-button\"><a class=\"wp-block-button__link has-white-color has-text-color has-link-color wp-element-button\" href=\"https:\/\/docs.google.com\/forms\/d\/e\/1FAIpQLSeKeisRcPRWn2o1Cy8IhHUlRZ0mFF5CLgnPPuvwNw9u9TIZJw\/viewform\" target=\"_blank\" rel=\"noreferrer noopener\">Register here!<\/a><\/div>\n\n\n\n<div class=\"wp-block-button\"><a class=\"wp-block-button__link has-white-color has-text-color has-link-color wp-element-button\" href=\"https:\/\/discord.gg\/pWatjaE9eu\">Join our Discord!<\/a><\/div>\n<\/div>\n<\/div>\n\n\n\n<div class=\"wp-block-column is-layout-flow wp-block-column-is-layout-flow\" style=\"flex-basis:33.3%\">\n<figure class=\"wp-block-image size-full is-resized\"><img decoding=\"async\" src=\"https:\/\/site.nord.no\/new\/wp-content\/uploads\/sites\/88\/2025\/01\/image7-1.jpg\" alt=\"\" class=\"wp-image-1460\" style=\"width:229px;height:auto\" \/><\/figure>\n<\/div>\n<\/div>\n\n\n\n<h2 class=\"wp-block-heading\">Awards &amp; Tracks: One Project, Multiple Ways to Win<\/h2>\n\n\n\n<p>At Creative Weekend 2026, we want to maximize your opportunities.&nbsp;<strong>Every single team<\/strong>&nbsp;participating in the event is automatically part of the&nbsp;<strong>Main Creative Weekend Competition<\/strong>.<\/p>\n\n\n\n<p>The main topic of the event this year is Artificial Intelligence, having an oportunity to envision new frontiers!<\/p>\n\n\n\n<p><strong>All ideas and projects are allowed as long as they align with the challenge and pillars of the event<\/strong>. Best ideas will be awarded and creativity as well. Some suggestions for the project\u2019s format can be artistic pieces, interactive experiences, short films and animations, educational content, games and board games, simulation, VR\/AR\/XR Experiences, or computer and mobile applications.<\/p>\n\n\n\n<p>However, you can double your chances of winning by tailoring your project to one of our&nbsp;<strong>Partner Challenges<\/strong>&nbsp;(Nordic Bridge or NEON).<\/p>\n\n\n\n<h3 class=\"wp-block-heading\"><strong>How it works:<\/strong><\/h3>\n\n\n\n<ul class=\"wp-block-list\">\n<li><strong>The General Participant:<\/strong>&nbsp;Creates a project for the Main Track. Eligible for&nbsp;<strong>Main Awards<\/strong>.<\/li>\n\n\n\n<li><strong>The Research Participant:<\/strong>&nbsp;Creates a project for a Partner Challenge. Eligible for&nbsp;<strong>Partner Awards<\/strong>&nbsp;AND&nbsp;<strong>Main Awards<\/strong>.<\/li>\n<\/ul>\n\n\n\n<blockquote class=\"wp-block-quote is-layout-flow wp-block-quote-is-layout-flow\">\n<p><strong>\ud83c\udf81 Expect Nice Surpirses! <\/strong>The exact pool of prizes will be revealed during the Opening Ceremony. No cash prizes will be awarded, only gifts and gift cards, but the value of the rewards (and the career opportunities) will be substantial!<\/p>\n<\/blockquote>\n\n\n\n<hr class=\"wp-block-separator has-alpha-channel-opacity\" \/>\n\n\n\n<h2 class=\"wp-block-heading\"><strong>\ud83c\udfc6 The Main Creative Weekend Awards<\/strong><\/h2>\n\n\n\n<p><em>Open to EVERYONE (General entries + Partner Challenge entries)<\/em><\/p>\n\n\n\n<p>All teams, regardless of their topic, are competing for our core prizes. The jury will be looking for the best use of&nbsp;<strong>Artificial Intelligence<\/strong>&nbsp;and&nbsp;<strong>Entertainment<\/strong>.<\/p>\n\n\n\n<div class=\"wp-block-columns is-layout-flex wp-container-core-columns-is-layout-9d6595d7 wp-block-columns-is-layout-flex\">\n<div class=\"wp-block-column is-vertically-aligned-center has-background is-layout-flow wp-block-column-is-layout-flow\" style=\"background:linear-gradient(135deg,rgb(255,222,130) 0%,rgb(255,148,0) 100%)\">\n<h2 class=\"wp-block-heading has-text-align-center\">\ud83e\udd47<\/h2>\n\n\n\n<p class=\"has-text-align-center\"><strong>1st Place:<\/strong><\/p>\n\n\n\n<p class=\"has-text-align-center\">Grand Prize Package<\/p>\n<\/div>\n\n\n\n<div class=\"wp-block-column is-vertically-aligned-center has-very-light-gray-to-cyan-bluish-gray-gradient-background has-background is-layout-flow wp-block-column-is-layout-flow\">\n<h2 class=\"wp-block-heading has-text-align-center\">\ud83e\udd48<\/h2>\n\n\n\n<p class=\"has-text-align-center\"><strong><strong>2nd Place<\/strong>:<\/strong><\/p>\n\n\n\n<p class=\"has-text-align-center\">Runner Up Prize<\/p>\n<\/div>\n\n\n\n<div class=\"wp-block-column is-vertically-aligned-center has-background is-layout-flow wp-block-column-is-layout-flow\" style=\"background:linear-gradient(135deg,rgb(255,196,115) 0%,rgb(181,117,65) 100%)\">\n<h2 class=\"wp-block-heading has-text-align-center\">\ud83e\udd49<\/h2>\n\n\n\n<p class=\"has-text-align-center\"><strong><strong>3rd Place<\/strong>:<\/strong><\/p>\n\n\n\n<p class=\"has-text-align-center\">Third Place Prize<\/p>\n<\/div>\n<\/div>\n\n\n\n<h3 class=\"wp-block-heading\"><strong>\u2b50 Special Category Awards<\/strong><\/h3>\n\n\n\n<p>In addition to the podium spots, we are awarding three special titles.&nbsp;<strong>All specialized track participants are highly encouraged to aim for these!<\/strong><\/p>\n\n\n\n<div class=\"wp-block-columns has-electric-grass-gradient-background has-background is-layout-flex wp-container-core-columns-is-layout-9d6595d7 wp-block-columns-is-layout-flex\">\n<div class=\"wp-block-column is-layout-flow wp-block-column-is-layout-flow\">\n<h4 class=\"wp-block-heading has-text-align-center\">\ud83c\udfa8<strong>&#8220;Best Artistic Design&#8221;<\/strong>\ud83c\udfa8<\/h4>\n\n\n\n<p class=\"has-text-align-center\"><em>Visuals &amp; Ethical AI<\/em><\/p>\n\n\n\n<p class=\"has-text-align-center\">Awarded to the most stunning visual experience.<\/p>\n\n\n\n<p class=\"has-text-align-center\">We are looking for the&nbsp;<strong>Ethical Use of AI<\/strong>&nbsp;in art\u2014using AI as a tool to enhance human creativity, rather than just generating random assets. <\/p>\n<\/div>\n\n\n\n<div class=\"wp-block-column is-layout-flow wp-block-column-is-layout-flow\">\n<h4 class=\"wp-block-heading has-text-align-center\">\ud83c\udf93<strong>&#8220;Fun-and-Serious&#8221;\ud83c\udf93 <\/strong><\/h4>\n\n\n\n<p class=\"has-text-align-center\"><em><em>Impact<\/em><\/em><\/p>\n\n\n\n<p class=\"has-text-align-center\">Awarded to the Best &#8220;Serious&#8221; Project. <\/p>\n\n\n\n<p class=\"has-text-align-center\">This prize goes to the team that best demonstrates how <strong>entertainment can drive social impact<\/strong> (education, health, society).<\/p>\n<\/div>\n\n\n\n<div class=\"wp-block-column is-layout-flow wp-block-column-is-layout-flow\">\n<h4 class=\"wp-block-heading has-text-align-center\">\ud83e\udd1d<strong><strong>&#8220;All-for-One&#8221;<\/strong><\/strong>\ud83e\udd1d<\/h4>\n\n\n\n<p class=\"has-text-align-center\"><em>Collaboration<\/em><\/p>\n\n\n\n<p class=\"has-text-align-center\">Awarded to the most successful diverse team.<\/p>\n\n\n\n<p class=\"has-text-align-center\">This prize is for the most diverse team that successfully combines different disciplines\u2014<strong>mixing coders with artists, teachers with health professionals, or musicians with data scientists<\/strong>.<\/p>\n<\/div>\n<\/div>\n\n\n\n<h3 class=\"wp-block-heading\"><strong>\ud83c\udfc6 Research Track Awards<\/strong><\/h3>\n\n\n\n<p><em>For&nbsp;<strong>EACH<\/strong>&nbsp;partner track (Nordic Bridge &amp; NEON), the jury will award a dedicated podium of prizes. These are&nbsp;<strong>in addition<\/strong>&nbsp;to any Main Track awards you might win.<\/em> <\/p>\n\n\n\n<p><strong>The first place on both tracks will be an &#8220;Incubation&#8221; Package including Mentorship, Funding Guidance and\/or Career Opportunities (more details to be announced). <\/strong><\/p>\n\n\n\n<div class=\"wp-block-columns is-layout-flex wp-container-core-columns-is-layout-9d6595d7 wp-block-columns-is-layout-flex\">\n<div class=\"wp-block-column has-very-light-gray-to-cyan-bluish-gray-gradient-background has-background is-layout-flow wp-block-column-is-layout-flow\">\n<h3 class=\"wp-block-heading has-text-align-center\"><strong>The Nordic Bridge Challenge<\/strong><\/h3>\n\n\n<div class=\"wp-block-image\">\n<figure class=\"aligncenter size-full is-resized\"><img fetchpriority=\"high\" decoding=\"async\" width=\"800\" height=\"305\" src=\"https:\/\/site.nord.no\/now\/wp-content\/uploads\/sites\/107\/2026\/01\/image.png\" alt=\"\" class=\"wp-image-399\" style=\"width:305px;height:auto\" srcset=\"https:\/\/site.nord.no\/now\/wp-content\/uploads\/sites\/107\/2026\/01\/image.png 800w, https:\/\/site.nord.no\/now\/wp-content\/uploads\/sites\/107\/2026\/01\/image-300x114.png 300w, https:\/\/site.nord.no\/now\/wp-content\/uploads\/sites\/107\/2026\/01\/image-768x293.png 768w\" sizes=\"(max-width: 800px) 100vw, 800px\" \/><\/figure>\n<\/div>\n\n\n<p><strong>What is Nordic Bridge:<\/strong> Nordic Bridge is a EU project about creating platforms to increase collaboration between universities and society and industry across borders and disciplines, makint it more easily be able to share their problems and challenges with the universities. Especially collaboration where students in bachelor and master programs collaborate with companies, municipalities and NGOs for their thesis or other forms of collaboration. In Nordic bridge we are working with an idea where society and industry.<\/p>\n\n\n\n<details class=\"wp-block-details is-layout-flow wp-block-details-is-layout-flow\"><summary>The hackathon challenge<strong> (Click to see more):<\/strong><\/summary>\n<p><\/p>\n\n\n\n<p>We are asking for creative ideas on how to make more collaboration in education and research! <\/p>\n\n\n\n<ul class=\"wp-block-list\">\n<li>How can society and industry see valuable potential in student collaborations? <\/li>\n\n\n\n<li>How can a digital concept create more collaboration in research and education?<\/li>\n<\/ul>\n\n\n\n<p><\/p>\n\n\n\n<p><strong>Deliverable<\/strong>: a demo\/prototype\/mvp \u2013 either a clickable, wireframe or video. Formats: can be code, user stories, or even just video and images. Some areas of interest to us:<\/p>\n\n\n\n<p><\/p>\n\n\n\n<ul class=\"wp-block-list\">\n<li>\n<ul class=\"wp-block-list\">\n<li>How can <strong>AI<\/strong> be used to make universities and society collaborate more?<\/li>\n\n\n\n<li>How can you make the concept <strong>user centric\/user friendly<\/strong>?<\/li>\n\n\n\n<li>How can you make something students, society and industry users <strong>will love to use<\/strong>?<\/li>\n\n\n\n<li>We highly value&nbsp;<strong>Gamification<\/strong>. Projects that use game mechanics (quests, progression, rewards) to make the portal engaging will be favored.<\/li>\n<\/ul>\n<\/li>\n<\/ul>\n\n\n\n<p>This challenge is suitable for everyone that is creative and digitally competent. It is good if you are familiar with prototyping, Figma, webdesign, UI\/UX and coding. <strong>But it is not a must. <\/strong>The most important thing is the concept and that you are able to present it in a clear and engaging way!<\/p>\n<\/details>\n\n\n\n<p><\/p>\n\n\n\n<p class=\"has-text-align-center\">\ud83e\udd47&nbsp;<strong>1st Place:<\/strong>&nbsp;<strong>&#8220;Incubation&#8221; Package<\/strong>&nbsp; + Gifts<br>\ud83e\udd48&nbsp;<strong>2nd Place:<\/strong>&nbsp;High-Value Gifts.<br>\ud83e\udd49&nbsp;<strong>3rd Place:<\/strong>&nbsp;Gifts.<\/p>\n<\/div>\n\n\n\n<div class=\"wp-block-column has-pale-ocean-gradient-background has-background is-layout-flow wp-block-column-is-layout-flow\">\n<h3 class=\"wp-block-heading has-text-align-center\"><strong>The NEON Mental Health Challenge<\/strong><\/h3>\n\n\n<div class=\"wp-block-image\">\n<figure class=\"aligncenter size-full is-resized\"><img decoding=\"async\" width=\"297\" height=\"170\" src=\"https:\/\/site.nord.no\/now\/wp-content\/uploads\/sites\/107\/2026\/01\/image-2.png\" alt=\"\" class=\"wp-image-401\" style=\"width:231px;height:auto\" \/><\/figure>\n<\/div>\n\n\n<p class=\"has-text-align-center\">Create&nbsp;<strong>Serious Games, Short Films, or Interactive Narratives<\/strong>&nbsp;regarding youth mental health.<\/p>\n\n\n\n<ul class=\"wp-block-list\">\n<li>\n<ul class=\"wp-block-list\">\n<li>We want you to explore the value and impact of AI on our minds.\n<ul class=\"wp-block-list\">\n<li><strong>Positive:<\/strong>&nbsp;AI helping us communicate, fostering empathy or visualizing internal emotions.<\/li>\n\n\n\n<li><strong>Negative:<\/strong>&nbsp;Narratives exploring how AI <strong>cause<\/strong>&nbsp;anxiety and isolation. Ex: job issues, dead internet, deepfakes&#8230;<\/li>\n<\/ul>\n<\/li>\n\n\n\n<li><strong>Ideal for:<\/strong>&nbsp;Game Designers, Filmmakers, Scriptwriters, Psychology Students.<\/li>\n<\/ul>\n<\/li>\n<\/ul>\n\n\n\n<p><\/p>\n\n\n\n<p class=\"has-text-align-center\">\ud83e\udd47&nbsp;<strong>1st Place:<\/strong>&nbsp;<strong>&#8220;Incubation&#8221; Package<\/strong>&nbsp; + Gifts<br>\ud83e\udd48&nbsp;<strong>2nd Place:<\/strong>&nbsp;High-Value Gifts.<br>\ud83e\udd49&nbsp;<strong>3rd Place:<\/strong>&nbsp;Gifts.<\/p>\n<\/div>\n<\/div>\n\n\n\n<p><strong>\ud83d\udcdd Important Notice for Bonus Tracks Participants<\/strong><\/p>\n\n\n\n<blockquote class=\"wp-block-quote is-layout-flow wp-block-quote-is-layout-flow\">\n<ul class=\"wp-block-list\">\n<li>Because these tracks involve real-world innovation, participants must sign a specific IP &amp; Collaboration agreement to be eligible for the Incubation\/Research prizes.<\/li>\n\n\n\n<li>Full terms and the scope of the mentorships will be explained at the&nbsp;<strong>Opening Ceremony<\/strong>.<\/li>\n<\/ul>\n\n\n\n<hr class=\"wp-block-separator has-alpha-channel-opacity\" \/>\n<\/blockquote>\n\n\n\n<h2 class=\"wp-block-heading\">Schedule<\/h2>\n\n\n\n<p>The event will greet all participants at the opening ceremony on <strong>February 6th at 17:30 <\/strong>providing a space for the participants to meet, share ideas and form teams during our announcements and games.<\/p>\n\n\n\n<p>The <strong>Creative Weekend\u2019s marathon starts on Feb 6th at 20:00<\/strong> and finishes on Feb 8th at 20:00 . The <strong>inscriptions will be open until Feb 7th at 18:00<\/strong>.<\/p>\n\n\n\n<p>The event will culminate announcing our winners at the peak of the Nord Open Week, featuring multiple prizes and categories that will soon be announced.&nbsp;<\/p>\n\n\n\n<figure class=\"wp-block-table\"><table class=\"has-fixed-layout\" style=\"background:linear-gradient(90deg,rgb(255,213,238) 0%,rgb(207,206,255) 100%)\"><tbody><tr><td colspan=\"2\"><strong>\u25b6\ufe0fOpening Ceremony<\/strong><\/td><td><strong>Friday Feb 6th at 17:30<\/strong><\/td><td>Big Auditorium (Storsalen)<\/td><\/tr><tr><td>\ud83c\udfa8 <strong>Creative Marathon<\/strong><\/td><td>\ud83c\udfc3 Start<br><br><a href=\"https:\/\/emojipedia.org\/incoming-envelope\">\ud83d\ude80<\/a> Submissions<\/td><td><strong>Friday Feb 6th at 20:00 <\/strong><br><br><strong>Sunday Feb 8th at 20:00<\/strong><\/td><td>Nordl\u00e5na Main Hall<p style=\"font-size:small\">&#8211; Nord Students can stay 24\/7!<br>&#8211; Meals Included <i>(According to availability)<i \/><\/p><\/td><\/tr><tr><td colspan=\"2\">\ud83d\udde3\ufe0f<strong>Project pitching<\/strong><\/td><td><strong>Wednesday Feb 11th at 15:15<\/strong><br><\/td><td>Blue Auditorium (Bl\u00e5salen)<\/td><\/tr><tr><td colspan=\"2\">\ud83c\udfc6<strong>Awards Ceremony<\/strong><\/td><td><strong>Wednesday Feb 11th at 20:00<\/strong><\/td><td>Stage at Rostadcenter<\/td><\/tr><\/tbody><\/table><\/figure>\n\n\n\n<h2 class=\"wp-block-heading\">Jury<\/h2>\n\n\n\n<p>We are pleasured to introduce you to this year&#8217;s honorable jury:<\/p>\n\n\n\n<ul class=\"wp-block-list\">\n<li><strong>Iv\u00e1n Jos\u00e9 P\u00e9rez Colado<\/strong><\/li>\n\n\n\n<li><strong>Charlotte Simone Elverum Hunt<\/strong><\/li>\n\n\n\n<li><strong>Adam Palmquist<\/strong><\/li>\n<\/ul>\n\n\n\n<p>The Nordic bridge will have a separate jury:<\/p>\n\n\n\n<ul class=\"wp-block-list\">\n<li><strong>Umair Najeeb Mughal<\/strong><\/li>\n\n\n\n<li><strong>Lars Andreas Myrvoll<\/strong><\/li>\n\n\n\n<li><strong>Noel Mulkeen<\/strong><\/li>\n\n\n\n<li><strong>Matias Hiltunen<\/strong><\/li>\n<\/ul>\n\n\n\n<p>The Neon project will have also a separate jury:<\/p>\n\n\n\n<ul class=\"wp-block-list\">\n<li><strong>Helga Dis Isfold Sigurdardottir<\/strong><\/li>\n\n\n\n<li><strong>Malle Vogelsang<\/strong><\/li>\n\n\n\n<li><strong>Jone Trov\u00e5g<\/strong><\/li>\n<\/ul>\n\n\n\n<h2 class=\"wp-block-heading\">Accomodation<\/h2>\n\n\n\n<p>For accomodation, StudentiNord offers prices from 500 NOK per night for students and 600 NOK for non-students. More information at [<a href=\"https:\/\/www.studentinord.no\/short-term-rent-nt\">Link<\/a>], and at the direct booking [<a href=\"https:\/\/studentinord.unialltid.no\/houses\/house\/1:317\" data-type=\"link\" data-id=\"https:\/\/studentinord.unialltid.no\/houses\/house\/1:317\">Link<\/a>]<\/p>\n\n\n\n<h2 class=\"wp-block-heading\">Sponsors<\/h2>\n\n\n\n<figure class=\"wp-block-image size-full is-resized\"><img decoding=\"async\" src=\"https:\/\/site.nord.no\/new\/wp-content\/uploads\/sites\/88\/2025\/01\/image-1.png\" alt=\"\" class=\"wp-image-1270\" style=\"width:292px;height:auto\" \/><\/figure>\n\n\n\n<figure class=\"wp-block-image size-full is-resized\"><img fetchpriority=\"high\" decoding=\"async\" width=\"800\" height=\"305\" src=\"https:\/\/site.nord.no\/now\/wp-content\/uploads\/sites\/107\/2026\/01\/image.png\" alt=\"\" class=\"wp-image-399\" style=\"width:305px;height:auto\" srcset=\"https:\/\/site.nord.no\/now\/wp-content\/uploads\/sites\/107\/2026\/01\/image.png 800w, https:\/\/site.nord.no\/now\/wp-content\/uploads\/sites\/107\/2026\/01\/image-300x114.png 300w, https:\/\/site.nord.no\/now\/wp-content\/uploads\/sites\/107\/2026\/01\/image-768x293.png 768w\" sizes=\"(max-width: 800px) 100vw, 800px\" \/><\/figure>\n\n\n\n<figure class=\"wp-block-image size-full\"><img decoding=\"async\" width=\"297\" height=\"170\" src=\"https:\/\/site.nord.no\/now\/wp-content\/uploads\/sites\/107\/2026\/01\/image-1.png\" alt=\"\" class=\"wp-image-400\" \/><\/figure>\n\n\n\n<h2 class=\"wp-block-heading\">Creative Weekend 2025<\/h2>\n\n\n\n<p>Check out our last year\u2019s page and winners [<a href=\"https:\/\/site.nord.no\/new\/?page_id=894\">Link<\/a>].<\/p>\n\n\n\n<p><\/p>\n\n\n\n<h2 class=\"wp-block-heading\">Creative Weekend \/ Hack&#8217;n&#8217;Jam 2024<\/h2>\n\n\n\n<p>Check out our last year\u2019s presentation and winners [<a href=\"https:\/\/docs.google.com\/presentation\/d\/1-u5cQuZnfdwZxySA9DBhpHQno5Wgf5Xv\/edit#slide=id.p1\">Link<\/a>].<\/p>\n\n\n\n<p><\/p>\n","protected":false},"excerpt":{"rendered":"<p>The Creative Weekend is a one-of-a-kind creative marathon seeking for innovative proposals to novel challenges and topics in the field of entertainment. The event is similar to creative jams, game jams and hackathons, where the people collaborate during 48h to develop innovative projects. However, what makes the Creative Weekend special is our unique very broad &hellip; <\/p>\n","protected":false},"author":151,"featured_media":0,"parent":0,"menu_order":0,"comment_status":"closed","ping_status":"closed","template":"","meta":{"footnotes":""},"coauthors":[3],"class_list":["post-21","page","type-page","status-publish","hentry"],"_links":{"self":[{"href":"https:\/\/site.nord.no\/now\/index.php?rest_route=\/wp\/v2\/pages\/21","targetHints":{"allow":["GET"]}}],"collection":[{"href":"https:\/\/site.nord.no\/now\/index.php?rest_route=\/wp\/v2\/pages"}],"about":[{"href":"https:\/\/site.nord.no\/now\/index.php?rest_route=\/wp\/v2\/types\/page"}],"author":[{"embeddable":true,"href":"https:\/\/site.nord.no\/now\/index.php?rest_route=\/wp\/v2\/users\/151"}],"replies":[{"embeddable":true,"href":"https:\/\/site.nord.no\/now\/index.php?rest_route=%2Fwp%2Fv2%2Fcomments&post=21"}],"version-history":[{"count":45,"href":"https:\/\/site.nord.no\/now\/index.php?rest_route=\/wp\/v2\/pages\/21\/revisions"}],"predecessor-version":[{"id":1218,"href":"https:\/\/site.nord.no\/now\/index.php?rest_route=\/wp\/v2\/pages\/21\/revisions\/1218"}],"wp:attachment":[{"href":"https:\/\/site.nord.no\/now\/index.php?rest_route=%2Fwp%2Fv2%2Fmedia&parent=21"}],"wp:term":[{"taxonomy":"author","embeddable":true,"href":"https:\/\/site.nord.no\/now\/index.php?rest_route=%2Fwp%2Fv2%2Fcoauthors&post=21"}],"curies":[{"name":"wp","href":"https:\/\/api.w.org\/{rel}","templated":true}]}}