{"id":19,"date":"2025-08-28T10:48:02","date_gmt":"2025-08-28T08:48:02","guid":{"rendered":"https:\/\/site.nord.no\/omsorgsforskning\/hjem\/"},"modified":"2026-04-08T14:41:00","modified_gmt":"2026-04-08T12:41:00","slug":"hjem","status":"publish","type":"page","link":"https:\/\/site.nord.no\/omsorgsforskning\/","title":{"rendered":""},"content":{"rendered":"\n<figure class=\"wp-block-image size-full\"><img loading=\"lazy\" decoding=\"async\" width=\"1500\" height=\"375\" src=\"https:\/\/site.nord.no\/omsorgsforskning\/wp-content\/uploads\/sites\/101\/2025\/09\/SOF_midt_banner_1500-x-375-piksler.png\" alt=\"\" class=\"wp-image-400\"\/><\/figure>\n\n\n\n<div style=\"height:25px\" aria-hidden=\"true\" class=\"wp-block-spacer\"><\/div>\n\n\n\n<div class=\"wp-block-columns is-layout-flex wp-container-core-columns-is-layout-9d6595d7 wp-block-columns-is-layout-flex\">\n<div class=\"wp-block-column is-layout-flow wp-block-column-is-layout-flow\" style=\"flex-basis:7.5%\"><\/div>\n\n\n\n<div class=\"wp-block-column is-layout-flow wp-block-column-is-layout-flow\" style=\"flex-basis:85%\">\n<p class=\"has-text-align-center\">Ett av fem regionale sentre utnevnt av Helse- og omsorgsdepartementet i 2008. Mandatet er \u00e5 samle, produsere og formidle kunnskap om omsorg og omsorgsarbeid i kommunene.<\/p>\n\n\n\n<p class=\"has-text-align-center\"><a href=\"https:\/\/site.nord.no\/omsorgsforskning\/om-senteret\/\" data-type=\"page\" data-id=\"26\"><strong>Les mer om senteret<\/strong><\/a><\/p>\n<\/div>\n\n\n\n<div class=\"wp-block-column is-layout-flow wp-block-column-is-layout-flow\" style=\"flex-basis:7.5%\"><\/div>\n<\/div>\n\n\n\n<div style=\"height:25px\" aria-hidden=\"true\" class=\"wp-block-spacer\"><\/div>\n\n\n<ul class=\"wp-block-latest-posts__list is-grid columns-3 wp-block-latest-posts has-medium-font-size\"><li><div class=\"wp-block-latest-posts__featured-image aligncenter\"><a href=\"https:\/\/site.nord.no\/omsorgsforskning\/mellom-tillit-og-kontroll-sykepleiens-etiske-balansekunst-i-rettspsykiatrien\/\" aria-label=\"Mellom tillit og kontroll: Sykepleiens etiske balansekunst i rettspsykiatrien\"><div class=\"d-flex justify-content-center featured-image-wrapper\"><img decoding=\"async\" src=\"https:\/\/site.nord.no\/omsorgsforskning\/wp-content\/uploads\/sites\/101\/2025\/09\/Copilot_20250930_211317_mindre-fargemetning.png\" class=\"attachment-medium size-medium wp-post-image\" alt=\"\" style=\"\" \/><\/div><\/a><\/div><a class=\"wp-block-latest-posts__post-title\" href=\"https:\/\/site.nord.no\/omsorgsforskning\/mellom-tillit-og-kontroll-sykepleiens-etiske-balansekunst-i-rettspsykiatrien\/\">Mellom tillit og kontroll: Sykepleiens etiske balansekunst i rettspsykiatrien<\/a><div class=\"wp-block-latest-posts__post-excerpt\">Hvordan bygger man tillit til en pasient som samtidig er underlagt tvang? Og\u2026 <a class=\"wp-block-latest-posts__read-more\" href=\"https:\/\/site.nord.no\/omsorgsforskning\/mellom-tillit-og-kontroll-sykepleiens-etiske-balansekunst-i-rettspsykiatrien\/\" rel=\"noopener noreferrer\">Les mer<span class=\"screen-reader-text\">: Mellom tillit og kontroll: Sykepleiens etiske balansekunst i rettspsykiatrien<\/span><\/a><\/div><\/li>\n<li><div class=\"wp-block-latest-posts__featured-image aligncenter\"><a href=\"https:\/\/site.nord.no\/omsorgsforskning\/faste-team-i-hjemmetjenesten\/\" aria-label=\"Faste team i hjemmetjenesten\"><div class=\"d-flex justify-content-center featured-image-wrapper\"><img decoding=\"async\" src=\"https:\/\/site.nord.no\/omsorgsforskning\/wp-content\/uploads\/sites\/101\/2025\/09\/Copilot_20250930_220551_endra-av-ChatGpt_tegning.png\" class=\"attachment-medium size-medium wp-post-image\" alt=\"\" style=\"\" \/><\/div><\/a><\/div><a class=\"wp-block-latest-posts__post-title\" href=\"https:\/\/site.nord.no\/omsorgsforskning\/faste-team-i-hjemmetjenesten\/\">Faste team i hjemmetjenesten<\/a><div class=\"wp-block-latest-posts__post-excerpt\">P\u00e5 oppdrag fra Helsedirektoratet har forskere ved SOF \u00f8st og SOF midt gjennomf\u00f8rt\u2026 <a class=\"wp-block-latest-posts__read-more\" href=\"https:\/\/site.nord.no\/omsorgsforskning\/faste-team-i-hjemmetjenesten\/\" rel=\"noopener noreferrer\">Les mer<span class=\"screen-reader-text\">: Faste team i hjemmetjenesten<\/span><\/a><\/div><\/li>\n<li><div class=\"wp-block-latest-posts__featured-image aligncenter\"><a href=\"https:\/\/site.nord.no\/omsorgsforskning\/webinar-bo-trygt-hjemme\/\" aria-label=\"Webinar: Bo trygt hjemme\"><div class=\"d-flex justify-content-center featured-image-wrapper\"><img decoding=\"async\" src=\"https:\/\/site.nord.no\/omsorgsforskning\/wp-content\/uploads\/sites\/101\/2025\/08\/kitchen-7820313_1280_mindre.jpg\" class=\"attachment-medium size-medium wp-post-image\" alt=\"Foto av eldre dame som sitter p\u00e5 kj\u00f8kkenet, med hjelpearbeider i bakgrunnen.\" style=\"\" \/><\/div><\/a><\/div><a class=\"wp-block-latest-posts__post-title\" href=\"https:\/\/site.nord.no\/omsorgsforskning\/webinar-bo-trygt-hjemme\/\">Webinar: Bo trygt hjemme<\/a><div class=\"wp-block-latest-posts__post-excerpt\">I anledning Forskningsdagene 2025, inviterer Senter for omsorgsforskning (SOF) midt, Nord universitet, Utviklingssenter\u2026 <a class=\"wp-block-latest-posts__read-more\" href=\"https:\/\/site.nord.no\/omsorgsforskning\/webinar-bo-trygt-hjemme\/\" rel=\"noopener noreferrer\">Les mer<span class=\"screen-reader-text\">: Webinar: Bo trygt hjemme<\/span><\/a><\/div><\/li>\n<\/ul>","protected":false},"excerpt":{"rendered":"<p>Ett av fem regionale sentre utnevnt av Helse- og omsorgsdepartementet i 2008. Mandatet er \u00e5 samle, produsere og formidle kunnskap om omsorg og omsorgsarbeid i kommunene. Les mer om senteret<\/p>\n","protected":false},"author":75,"featured_media":0,"parent":0,"menu_order":0,"comment_status":"closed","ping_status":"closed","template":"","meta":{"footnotes":""},"coauthors":[2],"class_list":["post-19","page","type-page","status-publish","hentry"],"yoast_head":"<!-- This site is optimized with the Yoast SEO plugin v27.4 - https:\/\/yoast.com\/product\/yoast-seo-wordpress\/ -->\n<title>Senter for omsorgsforskning, midt<\/title>\n<meta name=\"robots\" content=\"index, follow, max-snippet:-1, max-image-preview:large, max-video-preview:-1\" \/>\n<link rel=\"canonical\" href=\"https:\/\/site.nord.no\/omsorgsforskning\/\" \/>\n<meta property=\"og:locale\" content=\"nb_NO\" \/>\n<meta property=\"og:type\" content=\"article\" \/>\n<meta property=\"og:title\" content=\"Senter for omsorgsforskning, midt\" \/>\n<meta property=\"og:description\" content=\"Ett av fem regionale sentre utnevnt av Helse- og omsorgsdepartementet i 2008. Mandatet er \u00e5 samle, produsere og formidle kunnskap om omsorg og omsorgsarbeid i kommunene. Les mer om senteret\" \/>\n<meta property=\"og:url\" content=\"https:\/\/site.nord.no\/omsorgsforskning\/\" \/>\n<meta property=\"og:site_name\" content=\"Senter for omsorgsforskning, midt\" \/>\n<meta property=\"article:modified_time\" content=\"2026-04-08T12:41:00+00:00\" \/>\n<meta property=\"og:image\" content=\"https:\/\/site.nord.no\/omsorgsforskning\/wp-content\/uploads\/sites\/101\/2025\/09\/SOF_midt_banner_1500-x-375-piksler.png\" \/>\n\t<meta property=\"og:image:width\" content=\"1500\" \/>\n\t<meta property=\"og:image:height\" content=\"375\" \/>\n\t<meta property=\"og:image:type\" content=\"image\/png\" \/>\n<meta name=\"twitter:card\" content=\"summary_large_image\" \/>\n<meta name=\"twitter:label1\" content=\"Ansl. lesetid\" \/>\n\t<meta name=\"twitter:data1\" content=\"1 minutt\" \/>\n\t<meta name=\"twitter:label2\" content=\"Written by\" \/>\n\t<meta name=\"twitter:data2\" content=\"Admin\" \/>\n<script type=\"application\/ld+json\" class=\"yoast-schema-graph\">{\"@context\":\"https:\\\/\\\/schema.org\",\"@graph\":[{\"@type\":\"WebPage\",\"@id\":\"https:\\\/\\\/site.nord.no\\\/omsorgsforskning\\\/\",\"url\":\"https:\\\/\\\/site.nord.no\\\/omsorgsforskning\\\/\",\"name\":\"Senter for omsorgsforskning, midt\",\"isPartOf\":{\"@id\":\"https:\\\/\\\/site.nord.no\\\/omsorgsforskning\\\/#website\"},\"primaryImageOfPage\":{\"@id\":\"https:\\\/\\\/site.nord.no\\\/omsorgsforskning\\\/#primaryimage\"},\"image\":{\"@id\":\"https:\\\/\\\/site.nord.no\\\/omsorgsforskning\\\/#primaryimage\"},\"thumbnailUrl\":\"https:\\\/\\\/site.nord.no\\\/omsorgsforskning\\\/wp-content\\\/uploads\\\/sites\\\/101\\\/2025\\\/09\\\/SOF_midt_banner_1500-x-375-piksler.png\",\"datePublished\":\"2025-08-28T08:48:02+00:00\",\"dateModified\":\"2026-04-08T12:41:00+00:00\",\"inLanguage\":\"nb-NO\",\"potentialAction\":[{\"@type\":\"ReadAction\",\"target\":[\"https:\\\/\\\/site.nord.no\\\/omsorgsforskning\\\/\"]}]},{\"@type\":\"ImageObject\",\"inLanguage\":\"nb-NO\",\"@id\":\"https:\\\/\\\/site.nord.no\\\/omsorgsforskning\\\/#primaryimage\",\"url\":\"https:\\\/\\\/site.nord.no\\\/omsorgsforskning\\\/wp-content\\\/uploads\\\/sites\\\/101\\\/2025\\\/09\\\/SOF_midt_banner_1500-x-375-piksler.png\",\"contentUrl\":\"https:\\\/\\\/site.nord.no\\\/omsorgsforskning\\\/wp-content\\\/uploads\\\/sites\\\/101\\\/2025\\\/09\\\/SOF_midt_banner_1500-x-375-piksler.png\",\"width\":1500,\"height\":375},{\"@type\":\"WebSite\",\"@id\":\"https:\\\/\\\/site.nord.no\\\/omsorgsforskning\\\/#website\",\"url\":\"https:\\\/\\\/site.nord.no\\\/omsorgsforskning\\\/\",\"name\":\"Senter for omsorgsforskning, midt\",\"description\":\"\",\"potentialAction\":[{\"@type\":\"SearchAction\",\"target\":{\"@type\":\"EntryPoint\",\"urlTemplate\":\"https:\\\/\\\/site.nord.no\\\/omsorgsforskning\\\/?s={search_term_string}\"},\"query-input\":{\"@type\":\"PropertyValueSpecification\",\"valueRequired\":true,\"valueName\":\"search_term_string\"}}],\"inLanguage\":\"nb-NO\"}]}<\/script>\n<!-- \/ Yoast SEO plugin. -->","yoast_head_json":{"title":"Senter for omsorgsforskning, midt","robots":{"index":"index","follow":"follow","max-snippet":"max-snippet:-1","max-image-preview":"max-image-preview:large","max-video-preview":"max-video-preview:-1"},"canonical":"https:\/\/site.nord.no\/omsorgsforskning\/","og_locale":"nb_NO","og_type":"article","og_title":"Senter for omsorgsforskning, midt","og_description":"Ett av fem regionale sentre utnevnt av Helse- og omsorgsdepartementet i 2008. Mandatet er \u00e5 samle, produsere og formidle kunnskap om omsorg og omsorgsarbeid i kommunene. Les mer om senteret","og_url":"https:\/\/site.nord.no\/omsorgsforskning\/","og_site_name":"Senter for omsorgsforskning, midt","article_modified_time":"2026-04-08T12:41:00+00:00","og_image":[{"width":1500,"height":375,"url":"https:\/\/site.nord.no\/omsorgsforskning\/wp-content\/uploads\/sites\/101\/2025\/09\/SOF_midt_banner_1500-x-375-piksler.png","type":"image\/png"}],"twitter_card":"summary_large_image","twitter_misc":{"Ansl. lesetid":"1 minutt","Written by":"Admin"},"schema":{"@context":"https:\/\/schema.org","@graph":[{"@type":"WebPage","@id":"https:\/\/site.nord.no\/omsorgsforskning\/","url":"https:\/\/site.nord.no\/omsorgsforskning\/","name":"Senter for omsorgsforskning, midt","isPartOf":{"@id":"https:\/\/site.nord.no\/omsorgsforskning\/#website"},"primaryImageOfPage":{"@id":"https:\/\/site.nord.no\/omsorgsforskning\/#primaryimage"},"image":{"@id":"https:\/\/site.nord.no\/omsorgsforskning\/#primaryimage"},"thumbnailUrl":"https:\/\/site.nord.no\/omsorgsforskning\/wp-content\/uploads\/sites\/101\/2025\/09\/SOF_midt_banner_1500-x-375-piksler.png","datePublished":"2025-08-28T08:48:02+00:00","dateModified":"2026-04-08T12:41:00+00:00","inLanguage":"nb-NO","potentialAction":[{"@type":"ReadAction","target":["https:\/\/site.nord.no\/omsorgsforskning\/"]}]},{"@type":"ImageObject","inLanguage":"nb-NO","@id":"https:\/\/site.nord.no\/omsorgsforskning\/#primaryimage","url":"https:\/\/site.nord.no\/omsorgsforskning\/wp-content\/uploads\/sites\/101\/2025\/09\/SOF_midt_banner_1500-x-375-piksler.png","contentUrl":"https:\/\/site.nord.no\/omsorgsforskning\/wp-content\/uploads\/sites\/101\/2025\/09\/SOF_midt_banner_1500-x-375-piksler.png","width":1500,"height":375},{"@type":"WebSite","@id":"https:\/\/site.nord.no\/omsorgsforskning\/#website","url":"https:\/\/site.nord.no\/omsorgsforskning\/","name":"Senter for omsorgsforskning, midt","description":"","potentialAction":[{"@type":"SearchAction","target":{"@type":"EntryPoint","urlTemplate":"https:\/\/site.nord.no\/omsorgsforskning\/?s={search_term_string}"},"query-input":{"@type":"PropertyValueSpecification","valueRequired":true,"valueName":"search_term_string"}}],"inLanguage":"nb-NO"}]}},"_links":{"self":[{"href":"https:\/\/site.nord.no\/omsorgsforskning\/wp-json\/wp\/v2\/pages\/19","targetHints":{"allow":["GET"]}}],"collection":[{"href":"https:\/\/site.nord.no\/omsorgsforskning\/wp-json\/wp\/v2\/pages"}],"about":[{"href":"https:\/\/site.nord.no\/omsorgsforskning\/wp-json\/wp\/v2\/types\/page"}],"author":[{"embeddable":true,"href":"https:\/\/site.nord.no\/omsorgsforskning\/wp-json\/wp\/v2\/users\/75"}],"replies":[{"embeddable":true,"href":"https:\/\/site.nord.no\/omsorgsforskning\/wp-json\/wp\/v2\/comments?post=19"}],"version-history":[{"count":140,"href":"https:\/\/site.nord.no\/omsorgsforskning\/wp-json\/wp\/v2\/pages\/19\/revisions"}],"predecessor-version":[{"id":655,"href":"https:\/\/site.nord.no\/omsorgsforskning\/wp-json\/wp\/v2\/pages\/19\/revisions\/655"}],"wp:attachment":[{"href":"https:\/\/site.nord.no\/omsorgsforskning\/wp-json\/wp\/v2\/media?parent=19"}],"wp:term":[{"taxonomy":"author","embeddable":true,"href":"https:\/\/site.nord.no\/omsorgsforskning\/wp-json\/wp\/v2\/coauthors?post=19"}],"curies":[{"name":"wp","href":"https:\/\/api.w.org\/{rel}","templated":true}]}}