{"id":233,"date":"2025-09-08T10:12:49","date_gmt":"2025-09-08T08:12:49","guid":{"rendered":"https:\/\/site.nord.no\/omsorgsforskning\/?page_id=233"},"modified":"2025-09-10T14:32:51","modified_gmt":"2025-09-10T12:32:51","slug":"unn-siri-olsen","status":"publish","type":"page","link":"https:\/\/site.nord.no\/omsorgsforskning\/ansatte\/unn-siri-olsen\/","title":{"rendered":"Unn Siri Olsen"},"content":{"rendered":"\n<h3 class=\"wp-block-heading\">Stipendiat<\/h3>\n\n\n\n<p>Unn Siri Olsen er utdannet Audiograf og har en master i medisinsk vitenskap fra Lunds universitet. Unn Siri jobbet som faggruppeleder for farmasiutdanningen ved Nord universitet fra 2013\u20132023. Hun startet som stipendiat tilknyttet MedSafe-Old i september 2023. Hun er tilknyttet arbeidspakke 3 i MedSafe-old og skal forske p\u00e5 eldre som bor hjemme og mottar hjelp med sine legemidler fra hjemmetjenesten. Hun skal spesielt se p\u00e5 hvilke erfaringer eldre og deres p\u00e5r\u00f8rende har med \u00e5 motta hjelp med legemidler og se p\u00e5 mulige tiltak sammen med praksisfeltet. Hun er medlem av forskningsgruppen&nbsp;<a href=\"https:\/\/eur01.safelinks.protection.outlook.com\/?url=https%3A%2F%2Fwo.cristin.no%2Fas%2FWebObjects%2Fcristin.woa%2Fwa%2FpresentasjonVis%3Fpres%3D519724%26type%3DGRUPPE&amp;data=05%7C01%7Crose.m.olsen%40nord.no%7Cf2e7e42177e0461e581c08dbd3bd55b5%7Cfed13d9f21df485d909a231f3c6d16f0%7C1%7C0%7C638336582356823329%7CUnknown%7CTWFpbGZsb3d8eyJWIjoiMC4wLjAwMDAiLCJQIjoiV2luMzIiLCJBTiI6Ik1haWwiLCJXVCI6Mn0%3D%7C3000%7C%7C%7C&amp;sdata=S1%2BJ3CWv2MmUdc9WEBIe4foQ3TyHu%2FjbAauDYXXn7Ic%3D&amp;reserved=0\" target=\"_blank\" rel=\"noreferrer noopener\">Legemidler og legemiddelh\u00e5ndtering<\/a>&nbsp;ved fakultet for sykepleie og helsevitenskap ved Nord universitet.<\/p>\n\n\n\n<p>Nedenfor finner du lenke til mer informasjon om henne.<\/p>\n\n\n\n<ul class=\"wp-block-list\">\n<li><a href=\"https:\/\/www.nord.no\/om\/ansatte\/unn-siri-olsen\" target=\"_blank\" rel=\"noreferrer noopener\">Ansattprofil p\u00e5 nord.no<\/a><\/li>\n<\/ul>\n","protected":false},"excerpt":{"rendered":"<p>Stipendiat Unn Siri Olsen er utdannet Audiograf og har en master i medisinsk vitenskap fra Lunds universitet. Unn Siri jobbet som faggruppeleder for farmasiutdanningen ved Nord universitet fra 2013\u20132023. Hun startet som stipendiat tilknyttet MedSafe-Old i september 2023. Hun er tilknyttet arbeidspakke 3 i MedSafe-old og skal forske p\u00e5 eldre som bor hjemme og mottar [&hellip;]<\/p>\n","protected":false},"author":75,"featured_media":0,"parent":28,"menu_order":0,"comment_status":"closed","ping_status":"closed","template":"","meta":{"footnotes":""},"coauthors":[2],"class_list":["post-233","page","type-page","status-publish","hentry"],"yoast_head":"<!-- This site is optimized with the Yoast SEO plugin v27.4 - https:\/\/yoast.com\/product\/yoast-seo-wordpress\/ -->\n<title>Unn Siri Olsen - Senter for omsorgsforskning, midt<\/title>\n<meta name=\"robots\" content=\"index, follow, max-snippet:-1, max-image-preview:large, max-video-preview:-1\" \/>\n<link rel=\"canonical\" href=\"https:\/\/site.nord.no\/omsorgsforskning\/ansatte\/unn-siri-olsen\/\" \/>\n<meta property=\"og:locale\" content=\"nb_NO\" \/>\n<meta property=\"og:type\" content=\"article\" \/>\n<meta property=\"og:title\" content=\"Unn Siri Olsen - Senter for omsorgsforskning, midt\" \/>\n<meta property=\"og:description\" content=\"Stipendiat Unn Siri Olsen er utdannet Audiograf og har en master i medisinsk vitenskap fra Lunds universitet. Unn Siri jobbet som faggruppeleder for farmasiutdanningen ved Nord universitet fra 2013\u20132023. Hun startet som stipendiat tilknyttet MedSafe-Old i september 2023. Hun er tilknyttet arbeidspakke 3 i MedSafe-old og skal forske p\u00e5 eldre som bor hjemme og mottar [&hellip;]\" \/>\n<meta property=\"og:url\" content=\"https:\/\/site.nord.no\/omsorgsforskning\/ansatte\/unn-siri-olsen\/\" \/>\n<meta property=\"og:site_name\" content=\"Senter for omsorgsforskning, midt\" \/>\n<meta property=\"article:modified_time\" content=\"2025-09-10T12:32:51+00:00\" \/>\n<meta name=\"twitter:card\" content=\"summary_large_image\" \/>\n<meta name=\"twitter:label1\" content=\"Ansl. lesetid\" \/>\n\t<meta name=\"twitter:data1\" content=\"1 minutt\" \/>\n\t<meta name=\"twitter:label2\" content=\"Written by\" \/>\n\t<meta name=\"twitter:data2\" content=\"Admin\" \/>\n<script type=\"application\/ld+json\" class=\"yoast-schema-graph\">{\"@context\":\"https:\\\/\\\/schema.org\",\"@graph\":[{\"@type\":\"WebPage\",\"@id\":\"https:\\\/\\\/site.nord.no\\\/omsorgsforskning\\\/ansatte\\\/unn-siri-olsen\\\/\",\"url\":\"https:\\\/\\\/site.nord.no\\\/omsorgsforskning\\\/ansatte\\\/unn-siri-olsen\\\/\",\"name\":\"Unn Siri Olsen - Senter for omsorgsforskning, midt\",\"isPartOf\":{\"@id\":\"https:\\\/\\\/site.nord.no\\\/omsorgsforskning\\\/#website\"},\"datePublished\":\"2025-09-08T08:12:49+00:00\",\"dateModified\":\"2025-09-10T12:32:51+00:00\",\"breadcrumb\":{\"@id\":\"https:\\\/\\\/site.nord.no\\\/omsorgsforskning\\\/ansatte\\\/unn-siri-olsen\\\/#breadcrumb\"},\"inLanguage\":\"nb-NO\",\"potentialAction\":[{\"@type\":\"ReadAction\",\"target\":[\"https:\\\/\\\/site.nord.no\\\/omsorgsforskning\\\/ansatte\\\/unn-siri-olsen\\\/\"]}]},{\"@type\":\"BreadcrumbList\",\"@id\":\"https:\\\/\\\/site.nord.no\\\/omsorgsforskning\\\/ansatte\\\/unn-siri-olsen\\\/#breadcrumb\",\"itemListElement\":[{\"@type\":\"ListItem\",\"position\":1,\"name\":\"Hjem\",\"item\":\"https:\\\/\\\/site.nord.no\\\/omsorgsforskning\\\/\"},{\"@type\":\"ListItem\",\"position\":2,\"name\":\"Ansatte\",\"item\":\"https:\\\/\\\/site.nord.no\\\/omsorgsforskning\\\/ansatte\\\/\"},{\"@type\":\"ListItem\",\"position\":3,\"name\":\"Unn Siri Olsen\"}]},{\"@type\":\"WebSite\",\"@id\":\"https:\\\/\\\/site.nord.no\\\/omsorgsforskning\\\/#website\",\"url\":\"https:\\\/\\\/site.nord.no\\\/omsorgsforskning\\\/\",\"name\":\"Senter for omsorgsforskning, midt\",\"description\":\"\",\"potentialAction\":[{\"@type\":\"SearchAction\",\"target\":{\"@type\":\"EntryPoint\",\"urlTemplate\":\"https:\\\/\\\/site.nord.no\\\/omsorgsforskning\\\/?s={search_term_string}\"},\"query-input\":{\"@type\":\"PropertyValueSpecification\",\"valueRequired\":true,\"valueName\":\"search_term_string\"}}],\"inLanguage\":\"nb-NO\"}]}<\/script>\n<!-- \/ Yoast SEO plugin. -->","yoast_head_json":{"title":"Unn Siri Olsen - Senter for omsorgsforskning, midt","robots":{"index":"index","follow":"follow","max-snippet":"max-snippet:-1","max-image-preview":"max-image-preview:large","max-video-preview":"max-video-preview:-1"},"canonical":"https:\/\/site.nord.no\/omsorgsforskning\/ansatte\/unn-siri-olsen\/","og_locale":"nb_NO","og_type":"article","og_title":"Unn Siri Olsen - Senter for omsorgsforskning, midt","og_description":"Stipendiat Unn Siri Olsen er utdannet Audiograf og har en master i medisinsk vitenskap fra Lunds universitet. Unn Siri jobbet som faggruppeleder for farmasiutdanningen ved Nord universitet fra 2013\u20132023. Hun startet som stipendiat tilknyttet MedSafe-Old i september 2023. Hun er tilknyttet arbeidspakke 3 i MedSafe-old og skal forske p\u00e5 eldre som bor hjemme og mottar [&hellip;]","og_url":"https:\/\/site.nord.no\/omsorgsforskning\/ansatte\/unn-siri-olsen\/","og_site_name":"Senter for omsorgsforskning, midt","article_modified_time":"2025-09-10T12:32:51+00:00","twitter_card":"summary_large_image","twitter_misc":{"Ansl. lesetid":"1 minutt","Written by":"Admin"},"schema":{"@context":"https:\/\/schema.org","@graph":[{"@type":"WebPage","@id":"https:\/\/site.nord.no\/omsorgsforskning\/ansatte\/unn-siri-olsen\/","url":"https:\/\/site.nord.no\/omsorgsforskning\/ansatte\/unn-siri-olsen\/","name":"Unn Siri Olsen - Senter for omsorgsforskning, midt","isPartOf":{"@id":"https:\/\/site.nord.no\/omsorgsforskning\/#website"},"datePublished":"2025-09-08T08:12:49+00:00","dateModified":"2025-09-10T12:32:51+00:00","breadcrumb":{"@id":"https:\/\/site.nord.no\/omsorgsforskning\/ansatte\/unn-siri-olsen\/#breadcrumb"},"inLanguage":"nb-NO","potentialAction":[{"@type":"ReadAction","target":["https:\/\/site.nord.no\/omsorgsforskning\/ansatte\/unn-siri-olsen\/"]}]},{"@type":"BreadcrumbList","@id":"https:\/\/site.nord.no\/omsorgsforskning\/ansatte\/unn-siri-olsen\/#breadcrumb","itemListElement":[{"@type":"ListItem","position":1,"name":"Hjem","item":"https:\/\/site.nord.no\/omsorgsforskning\/"},{"@type":"ListItem","position":2,"name":"Ansatte","item":"https:\/\/site.nord.no\/omsorgsforskning\/ansatte\/"},{"@type":"ListItem","position":3,"name":"Unn Siri Olsen"}]},{"@type":"WebSite","@id":"https:\/\/site.nord.no\/omsorgsforskning\/#website","url":"https:\/\/site.nord.no\/omsorgsforskning\/","name":"Senter for omsorgsforskning, midt","description":"","potentialAction":[{"@type":"SearchAction","target":{"@type":"EntryPoint","urlTemplate":"https:\/\/site.nord.no\/omsorgsforskning\/?s={search_term_string}"},"query-input":{"@type":"PropertyValueSpecification","valueRequired":true,"valueName":"search_term_string"}}],"inLanguage":"nb-NO"}]}},"_links":{"self":[{"href":"https:\/\/site.nord.no\/omsorgsforskning\/wp-json\/wp\/v2\/pages\/233","targetHints":{"allow":["GET"]}}],"collection":[{"href":"https:\/\/site.nord.no\/omsorgsforskning\/wp-json\/wp\/v2\/pages"}],"about":[{"href":"https:\/\/site.nord.no\/omsorgsforskning\/wp-json\/wp\/v2\/types\/page"}],"author":[{"embeddable":true,"href":"https:\/\/site.nord.no\/omsorgsforskning\/wp-json\/wp\/v2\/users\/75"}],"replies":[{"embeddable":true,"href":"https:\/\/site.nord.no\/omsorgsforskning\/wp-json\/wp\/v2\/comments?post=233"}],"version-history":[{"count":1,"href":"https:\/\/site.nord.no\/omsorgsforskning\/wp-json\/wp\/v2\/pages\/233\/revisions"}],"predecessor-version":[{"id":234,"href":"https:\/\/site.nord.no\/omsorgsforskning\/wp-json\/wp\/v2\/pages\/233\/revisions\/234"}],"up":[{"embeddable":true,"href":"https:\/\/site.nord.no\/omsorgsforskning\/wp-json\/wp\/v2\/pages\/28"}],"wp:attachment":[{"href":"https:\/\/site.nord.no\/omsorgsforskning\/wp-json\/wp\/v2\/media?parent=233"}],"wp:term":[{"taxonomy":"author","embeddable":true,"href":"https:\/\/site.nord.no\/omsorgsforskning\/wp-json\/wp\/v2\/coauthors?post=233"}],"curies":[{"name":"wp","href":"https:\/\/api.w.org\/{rel}","templated":true}]}}