{"id":239,"date":"2025-09-08T10:13:48","date_gmt":"2025-09-08T08:13:48","guid":{"rendered":"https:\/\/site.nord.no\/omsorgsforskning\/?page_id=239"},"modified":"2025-09-29T18:53:30","modified_gmt":"2025-09-29T16:53:30","slug":"gunn-eva-solum-myren","status":"publish","type":"page","link":"https:\/\/site.nord.no\/omsorgsforskning\/ansatte\/gunn-eva-solum-myren\/","title":{"rendered":"Gunn Eva Solum Myren"},"content":{"rendered":"\n<h3 class=\"wp-block-heading\">F\u00f8rsteamanuensis<\/h3>\n\n\n\n<ul class=\"wp-block-list\">\n<li>Mobil: 907 85 720<\/li>\n\n\n\n<li>Telefon: 74 21 23 52<\/li>\n\n\n\n<li>E-post:&nbsp;<a href=\"mailto:gunn.e.myren@nord.no\">gunn.e.myren@nord.no<\/a><\/li>\n<\/ul>\n\n\n\n<p>Gunn Eva Solum Myren er vernepleier med mastergrad i sosialt arbeid fra UiN, og har en PhD i helsevitenskap fra Mittuniversitetet med fokus p\u00e5 dagaktivitetstilbud for personer med demens som bor hjemme.<\/p>\n\n\n\n<p>Hennes forskningsinteresser er hovedsakelig helsetjenesteforskning innenfor kommunale helse- og omsorgstjenester: demensomsorg, tjenester til personer med utviklingshemming, og velferdsteknologi. Hun er opptatt av at forskningsarbeidet ved universitetet skal bidra til fagutvikling i de kommunale tjenestene, og har hatt s\u00e6rlig fokus p\u00e5 \u00e5 inkludere personer med utviklingshemming som medforskere.<\/p>\n\n\n\n<p>Hun er leder av arbeidsutvalget i\u00a0<a href=\"https:\/\/nb-no.facebook.com\/groups\/Inkluderendeforskning\/\" target=\"_blank\" rel=\"noreferrer noopener\">Nettverk for inkluderende forskning sammen med personer med utviklingshemming<\/a>, og er med i forskningsgruppa\u00a0<a href=\"https:\/\/wo.cristin.no\/as\/WebObjects\/cristin.woa\/wa\/presentasjonVis?pres=498346&amp;type=GRUPPE\" target=\"_blank\" rel=\"noreferrer noopener\">Likeverdig samfunnsdeltakelse og marginaliserte grupper<\/a>\u00a0ved Fakultet for sykepleie og helsevitenskap ved Nord universitet.\u00a0Hun er ogs\u00e5 forskningsfaglig veileder for <a href=\"https:\/\/www.utviklingssenter.no\/utviklingssentre\/trondelag-sor\">Utviklingssenter for sykehjem og hjemmetjenester i Tr\u00f8ndelag, avdeling s\u00f8r<\/a>.\u00a0Nedenfor finner du lenker til mer informasjon om hennes forskning og publisering.<\/p>\n\n\n\n<ul class=\"wp-block-list\">\n<li><a href=\"https:\/\/www.nord.no\/no\/ansatte\/gunn-eva-solum-myren\" target=\"_blank\" rel=\"noreferrer noopener\">Ansattprofil p\u00e5 nord.no<\/a><\/li>\n\n\n\n<li><a href=\"https:\/\/www.researchgate.net\/profile\/Gunn-Myren\" target=\"_blank\" rel=\"noreferrer noopener\">Profil p\u00e5 researchgate.net<\/a><\/li>\n<\/ul>\n","protected":false},"excerpt":{"rendered":"<p>F\u00f8rsteamanuensis Gunn Eva Solum Myren er vernepleier med mastergrad i sosialt arbeid fra UiN, og har en PhD i helsevitenskap fra Mittuniversitetet med fokus p\u00e5 dagaktivitetstilbud for personer med demens som bor hjemme. Hennes forskningsinteresser er hovedsakelig helsetjenesteforskning innenfor kommunale helse- og omsorgstjenester: demensomsorg, tjenester til personer med utviklingshemming, og velferdsteknologi. Hun er opptatt av [&hellip;]<\/p>\n","protected":false},"author":75,"featured_media":0,"parent":28,"menu_order":0,"comment_status":"closed","ping_status":"closed","template":"","meta":{"footnotes":""},"coauthors":[2],"class_list":["post-239","page","type-page","status-publish","hentry"],"yoast_head":"<!-- This site is optimized with the Yoast SEO plugin v27.4 - https:\/\/yoast.com\/product\/yoast-seo-wordpress\/ -->\n<title>Gunn Eva Solum Myren - Senter for omsorgsforskning, midt<\/title>\n<meta name=\"robots\" content=\"index, follow, max-snippet:-1, max-image-preview:large, max-video-preview:-1\" \/>\n<link rel=\"canonical\" href=\"https:\/\/site.nord.no\/omsorgsforskning\/ansatte\/gunn-eva-solum-myren\/\" \/>\n<meta property=\"og:locale\" content=\"nb_NO\" \/>\n<meta property=\"og:type\" content=\"article\" \/>\n<meta property=\"og:title\" content=\"Gunn Eva Solum Myren - Senter for omsorgsforskning, midt\" \/>\n<meta property=\"og:description\" content=\"F\u00f8rsteamanuensis Gunn Eva Solum Myren er vernepleier med mastergrad i sosialt arbeid fra UiN, og har en PhD i helsevitenskap fra Mittuniversitetet med fokus p\u00e5 dagaktivitetstilbud for personer med demens som bor hjemme. Hennes forskningsinteresser er hovedsakelig helsetjenesteforskning innenfor kommunale helse- og omsorgstjenester: demensomsorg, tjenester til personer med utviklingshemming, og velferdsteknologi. Hun er opptatt av [&hellip;]\" \/>\n<meta property=\"og:url\" content=\"https:\/\/site.nord.no\/omsorgsforskning\/ansatte\/gunn-eva-solum-myren\/\" \/>\n<meta property=\"og:site_name\" content=\"Senter for omsorgsforskning, midt\" \/>\n<meta property=\"article:modified_time\" content=\"2025-09-29T16:53:30+00:00\" \/>\n<meta name=\"twitter:card\" content=\"summary_large_image\" \/>\n<meta name=\"twitter:label1\" content=\"Ansl. lesetid\" \/>\n\t<meta name=\"twitter:data1\" content=\"1 minutt\" \/>\n\t<meta name=\"twitter:label2\" content=\"Written by\" \/>\n\t<meta name=\"twitter:data2\" content=\"Admin\" \/>\n<script type=\"application\/ld+json\" class=\"yoast-schema-graph\">{\"@context\":\"https:\\\/\\\/schema.org\",\"@graph\":[{\"@type\":\"WebPage\",\"@id\":\"https:\\\/\\\/site.nord.no\\\/omsorgsforskning\\\/ansatte\\\/gunn-eva-solum-myren\\\/\",\"url\":\"https:\\\/\\\/site.nord.no\\\/omsorgsforskning\\\/ansatte\\\/gunn-eva-solum-myren\\\/\",\"name\":\"Gunn Eva Solum Myren - Senter for omsorgsforskning, midt\",\"isPartOf\":{\"@id\":\"https:\\\/\\\/site.nord.no\\\/omsorgsforskning\\\/#website\"},\"datePublished\":\"2025-09-08T08:13:48+00:00\",\"dateModified\":\"2025-09-29T16:53:30+00:00\",\"breadcrumb\":{\"@id\":\"https:\\\/\\\/site.nord.no\\\/omsorgsforskning\\\/ansatte\\\/gunn-eva-solum-myren\\\/#breadcrumb\"},\"inLanguage\":\"nb-NO\",\"potentialAction\":[{\"@type\":\"ReadAction\",\"target\":[\"https:\\\/\\\/site.nord.no\\\/omsorgsforskning\\\/ansatte\\\/gunn-eva-solum-myren\\\/\"]}]},{\"@type\":\"BreadcrumbList\",\"@id\":\"https:\\\/\\\/site.nord.no\\\/omsorgsforskning\\\/ansatte\\\/gunn-eva-solum-myren\\\/#breadcrumb\",\"itemListElement\":[{\"@type\":\"ListItem\",\"position\":1,\"name\":\"Hjem\",\"item\":\"https:\\\/\\\/site.nord.no\\\/omsorgsforskning\\\/\"},{\"@type\":\"ListItem\",\"position\":2,\"name\":\"Ansatte\",\"item\":\"https:\\\/\\\/site.nord.no\\\/omsorgsforskning\\\/ansatte\\\/\"},{\"@type\":\"ListItem\",\"position\":3,\"name\":\"Gunn Eva Solum Myren\"}]},{\"@type\":\"WebSite\",\"@id\":\"https:\\\/\\\/site.nord.no\\\/omsorgsforskning\\\/#website\",\"url\":\"https:\\\/\\\/site.nord.no\\\/omsorgsforskning\\\/\",\"name\":\"Senter for omsorgsforskning, midt\",\"description\":\"\",\"potentialAction\":[{\"@type\":\"SearchAction\",\"target\":{\"@type\":\"EntryPoint\",\"urlTemplate\":\"https:\\\/\\\/site.nord.no\\\/omsorgsforskning\\\/?s={search_term_string}\"},\"query-input\":{\"@type\":\"PropertyValueSpecification\",\"valueRequired\":true,\"valueName\":\"search_term_string\"}}],\"inLanguage\":\"nb-NO\"}]}<\/script>\n<!-- \/ Yoast SEO plugin. -->","yoast_head_json":{"title":"Gunn Eva Solum Myren - Senter for omsorgsforskning, midt","robots":{"index":"index","follow":"follow","max-snippet":"max-snippet:-1","max-image-preview":"max-image-preview:large","max-video-preview":"max-video-preview:-1"},"canonical":"https:\/\/site.nord.no\/omsorgsforskning\/ansatte\/gunn-eva-solum-myren\/","og_locale":"nb_NO","og_type":"article","og_title":"Gunn Eva Solum Myren - Senter for omsorgsforskning, midt","og_description":"F\u00f8rsteamanuensis Gunn Eva Solum Myren er vernepleier med mastergrad i sosialt arbeid fra UiN, og har en PhD i helsevitenskap fra Mittuniversitetet med fokus p\u00e5 dagaktivitetstilbud for personer med demens som bor hjemme. Hennes forskningsinteresser er hovedsakelig helsetjenesteforskning innenfor kommunale helse- og omsorgstjenester: demensomsorg, tjenester til personer med utviklingshemming, og velferdsteknologi. Hun er opptatt av [&hellip;]","og_url":"https:\/\/site.nord.no\/omsorgsforskning\/ansatte\/gunn-eva-solum-myren\/","og_site_name":"Senter for omsorgsforskning, midt","article_modified_time":"2025-09-29T16:53:30+00:00","twitter_card":"summary_large_image","twitter_misc":{"Ansl. lesetid":"1 minutt","Written by":"Admin"},"schema":{"@context":"https:\/\/schema.org","@graph":[{"@type":"WebPage","@id":"https:\/\/site.nord.no\/omsorgsforskning\/ansatte\/gunn-eva-solum-myren\/","url":"https:\/\/site.nord.no\/omsorgsforskning\/ansatte\/gunn-eva-solum-myren\/","name":"Gunn Eva Solum Myren - Senter for omsorgsforskning, midt","isPartOf":{"@id":"https:\/\/site.nord.no\/omsorgsforskning\/#website"},"datePublished":"2025-09-08T08:13:48+00:00","dateModified":"2025-09-29T16:53:30+00:00","breadcrumb":{"@id":"https:\/\/site.nord.no\/omsorgsforskning\/ansatte\/gunn-eva-solum-myren\/#breadcrumb"},"inLanguage":"nb-NO","potentialAction":[{"@type":"ReadAction","target":["https:\/\/site.nord.no\/omsorgsforskning\/ansatte\/gunn-eva-solum-myren\/"]}]},{"@type":"BreadcrumbList","@id":"https:\/\/site.nord.no\/omsorgsforskning\/ansatte\/gunn-eva-solum-myren\/#breadcrumb","itemListElement":[{"@type":"ListItem","position":1,"name":"Hjem","item":"https:\/\/site.nord.no\/omsorgsforskning\/"},{"@type":"ListItem","position":2,"name":"Ansatte","item":"https:\/\/site.nord.no\/omsorgsforskning\/ansatte\/"},{"@type":"ListItem","position":3,"name":"Gunn Eva Solum Myren"}]},{"@type":"WebSite","@id":"https:\/\/site.nord.no\/omsorgsforskning\/#website","url":"https:\/\/site.nord.no\/omsorgsforskning\/","name":"Senter for omsorgsforskning, midt","description":"","potentialAction":[{"@type":"SearchAction","target":{"@type":"EntryPoint","urlTemplate":"https:\/\/site.nord.no\/omsorgsforskning\/?s={search_term_string}"},"query-input":{"@type":"PropertyValueSpecification","valueRequired":true,"valueName":"search_term_string"}}],"inLanguage":"nb-NO"}]}},"_links":{"self":[{"href":"https:\/\/site.nord.no\/omsorgsforskning\/wp-json\/wp\/v2\/pages\/239","targetHints":{"allow":["GET"]}}],"collection":[{"href":"https:\/\/site.nord.no\/omsorgsforskning\/wp-json\/wp\/v2\/pages"}],"about":[{"href":"https:\/\/site.nord.no\/omsorgsforskning\/wp-json\/wp\/v2\/types\/page"}],"author":[{"embeddable":true,"href":"https:\/\/site.nord.no\/omsorgsforskning\/wp-json\/wp\/v2\/users\/75"}],"replies":[{"embeddable":true,"href":"https:\/\/site.nord.no\/omsorgsforskning\/wp-json\/wp\/v2\/comments?post=239"}],"version-history":[{"count":3,"href":"https:\/\/site.nord.no\/omsorgsforskning\/wp-json\/wp\/v2\/pages\/239\/revisions"}],"predecessor-version":[{"id":448,"href":"https:\/\/site.nord.no\/omsorgsforskning\/wp-json\/wp\/v2\/pages\/239\/revisions\/448"}],"up":[{"embeddable":true,"href":"https:\/\/site.nord.no\/omsorgsforskning\/wp-json\/wp\/v2\/pages\/28"}],"wp:attachment":[{"href":"https:\/\/site.nord.no\/omsorgsforskning\/wp-json\/wp\/v2\/media?parent=239"}],"wp:term":[{"taxonomy":"author","embeddable":true,"href":"https:\/\/site.nord.no\/omsorgsforskning\/wp-json\/wp\/v2\/coauthors?post=239"}],"curies":[{"name":"wp","href":"https:\/\/api.w.org\/{rel}","templated":true}]}}