{"id":26,"date":"2025-08-28T12:20:59","date_gmt":"2025-08-28T10:20:59","guid":{"rendered":"https:\/\/site.nord.no\/omsorgsforskning\/?page_id=26"},"modified":"2025-09-30T18:27:22","modified_gmt":"2025-09-30T16:27:22","slug":"om-senteret","status":"publish","type":"page","link":"https:\/\/site.nord.no\/omsorgsforskning\/om-senteret\/","title":{"rendered":"Om senteret"},"content":{"rendered":"\n<div class=\"wp-block-columns is-layout-flex wp-container-core-columns-is-layout-9d6595d7 wp-block-columns-is-layout-flex\">\n<div class=\"wp-block-column is-layout-flow wp-block-column-is-layout-flow\">\n<div class=\"wp-block-columns is-layout-flex wp-container-core-columns-is-layout-9d6595d7 wp-block-columns-is-layout-flex\">\n<div class=\"wp-block-column is-vertically-aligned-center is-layout-flow wp-block-column-is-layout-flow\">\n<div style=\"height:50px\" aria-hidden=\"true\" class=\"wp-block-spacer\"><\/div>\n\n\n\n<p style=\"font-size:25px\"><em>Senter for omsorgsforskning er et nasjonalt ledende milj\u00f8 p\u00e5 forskning for kommunale helse- og omsorgstjenester<\/em><\/p>\n\n\n\n<div style=\"height:13px\" aria-hidden=\"true\" class=\"wp-block-spacer\"><\/div>\n<\/div>\n\n\n\n<div class=\"wp-block-column is-vertically-aligned-top is-layout-flow wp-block-column-is-layout-flow\"><div class=\"wp-block-image\">\n<figure class=\"aligncenter size-full is-resized\"><img loading=\"lazy\" decoding=\"async\" width=\"282\" height=\"150\" src=\"https:\/\/site.nord.no\/omsorgsforskning\/wp-content\/uploads\/sites\/101\/2025\/08\/SOFmidt_standard.png\" alt=\"\" class=\"wp-image-43\" style=\"width:235px;height:auto\" \/><\/figure>\n<\/div><\/div>\n<\/div>\n<\/div>\n<\/div>\n\n\n\n<hr class=\"wp-block-separator has-text-color has-pale-cyan-blue-color has-alpha-channel-opacity has-pale-cyan-blue-background-color has-background\" \/>\n\n\n\n<p>Senter for omsorgsforskning (SOF) ble opprettet av Helse- og omsorgsdepartementet i 2008 med bakgrunn i St. meld nr. 25 (2005\u20132006). Vi skal styrke praksisn\u00e6r forskning og utvikling, formidle forskningsresultater til kommuner og utdanningssektoren, samt bidra til kompetanseheving i den kommunale helse- og omsorgstjenesten.<\/p>\n\n\n\n<div style=\"height:10px\" aria-hidden=\"true\" class=\"wp-block-spacer\"><\/div>\n\n\n\n<div class=\"wp-block-columns has-background is-layout-flex wp-container-core-columns-is-layout-9d6595d7 wp-block-columns-is-layout-flex\" style=\"background-color:#e6f0f25c\">\n<div class=\"wp-block-column is-layout-flow wp-block-column-is-layout-flow\" style=\"flex-basis:33.3%\">\n<h2 class=\"wp-block-heading\" style=\"font-size:25px\">Nasjonalt nettverk<\/h2>\n\n\n\n<p>SOF er et nasjonalt nettverk best\u00e5ende av fem regionale sentre etablert i de gamle helseregionene: <a href=\"https:\/\/uit.no\/enhet\/sofnordsenter\">SOF nord<\/a> (Universitetet i Troms\u00f8), SOF midt (Nord universitet), <a href=\"https:\/\/www.hvl.no\/om\/senter-for-omsorgsforskning\/\">SOF vest<\/a> (H\u00f8gskulen p\u00e5 Vestlandet), <a href=\"https:\/\/www.ntnu.no\/ihg\/senter-for-omsorgsforskning-regional\">SOF \u00f8st<\/a> (NTNU Gj\u00f8vik) og <a href=\"https:\/\/www.uia.no\/om-uia\/senter-og-nettverk\/sof\/\">SOF s\u00f8r<\/a> (Universitetet i Agder\/ Universitetet i S\u00f8r\u00f8st-Norge). De fem sentrene koordineres fra SOF \u00f8st, men har en felles ledergruppe p\u00e5 tvers av sentrene.<\/p>\n\n\n\n<p><a href=\"https:\/\/www.ntnu.no\/omsorgsforskning\">Omsorgsforskning.no<\/a> er ei felles nettside for de regionale sentrene.<\/p>\n<\/div>\n\n\n\n<div class=\"wp-block-column is-vertically-aligned-center is-layout-flow wp-block-column-is-layout-flow\" style=\"flex-basis:66.7%\"><div class=\"wp-block-image\">\n<figure class=\"aligncenter size-full is-resized\"><a href=\"https:\/\/site.nord.no\/omsorgsforskning\/wp-content\/uploads\/sites\/101\/2025\/09\/SOF-5-sentre_smal.png\"><img loading=\"lazy\" decoding=\"async\" width=\"755\" height=\"928\" src=\"https:\/\/site.nord.no\/omsorgsforskning\/wp-content\/uploads\/sites\/101\/2025\/09\/SOF-5-sentre_smal.png\" alt=\"\" class=\"wp-image-572\" style=\"width:345px;height:auto\" \/><\/a><\/figure>\n<\/div><\/div>\n<\/div>\n\n\n\n<h2 class=\"wp-block-heading\" style=\"font-size:25px\">V\u00e5rt mandat<\/h2>\n\n\n\n<p>SOF har som mandat \u00e5 <em>samle, produsere<\/em> og <em>formidle<\/em> kunnskap som kan styrke de kommunale helse- og omsorgstjenestene.<\/p>\n\n\n\n<p><em>Samle<\/em>: SOF samler, oppsummerer og gj\u00f8r eksisterende kunnskap om omsorg og omsorgsarbeid tilgjengelig. Dette gj\u00f8r vi s\u00e6rlig i <a href=\"https:\/\/www.helsebiblioteket.no\/oppslagsverk-og-databaser\/omsorgsbiblioteket\">Omsorgsbiblioteket<\/a>, som er et nasjonalt elektronisk bibliotek med flere tusen s\u00f8kbare dokumenter om forskning, utviklingsarbeid og andre kunnskapsbidrag om helse- og omsorgstjenestene i kommunene.<\/p>\n\n\n\n<p><em>Produsere: <\/em>SOF produserer kunnskap gjennom \u00e5 drive forsknings- og utviklingsarbeid. Ved SOF midt har vi en tverrfaglig sammensatt forskergruppe som har bred erfaring med praksisn\u00e6r forskning i og med kommuner. Det nasjonale nettverket av SOF-sentre har utarbeidet en  <a href=\"https:\/\/hdl.handle.net\/11250\/3050256\">Veiviser for forskning i helse- og omsorgstjenestene i kommunen<\/a>, som gir r\u00e5d om hvordan kommunene kan medvirke til og tilrettelegge for forskning.<\/p>\n\n\n\n<p><em>Formidle<\/em>: SOF jobber for \u00e5 spre og gj\u00f8re kjent relevant kunnskap gjennom ulike medier. Vi etablerte i 2015 <a href=\"https:\/\/www.scup.com\/journal\/tfo\">Tidsskrift for omsorgsforskning<\/a>,&nbsp;hvor det publiseres praksisn\u00e6r forskning i form av b\u00e5de vitenskapelige artikler, fagartikler, kommentarartikler, bokmeldinger og annet forskningsrelatert innhold beregnet for helse- og omsorgstjenestene i kommunene. Tidsskriftet har l\u00f8pende publisering, og er gratis og \u00e5pent tilgjengelig. Annet hvert \u00e5r arrangerer SOF en nasjonal konferanse, <a href=\"https:\/\/www.ntnu.no\/omsorgsforskning\/konferanse\">Omsorgsforskningskonferansen<\/a>, som l\u00f8fter fram kunnskap og utfordringer i kommunale helse- og omsorgstjenester.<\/p>\n\n\n\n<div style=\"height:10px\" aria-hidden=\"true\" class=\"wp-block-spacer\"><\/div>\n\n\n\n<h2 class=\"wp-block-heading\" style=\"font-size:25px\">Samarbeidspartnere<\/h2>\n\n\n\n<p>SOF samarbeider tett med Utviklingssenter for sykehjem og hjemmetjenester (USHT). USHT har som sitt samfunnsoppdrag \u00e5 bidra til \u00e5 styrke kvaliteten i helse- og omsorgstjenestene gjennom fag- og kompetanseutvikling og spredning av ny kunnskap, nye l\u00f8sninger og nasjonale f\u00f8ringer.&nbsp;SOF skal bidra til at USHT oppfyller sitt samfunnsoppdrag, og SOF midt tilbyr veiledning til og samarbeid med de tre USHTene i region midt:<\/p>\n\n\n\n<ul class=\"wp-block-list\">\n<li><a href=\"https:\/\/www.utviklingssenter.no\/utviklingssentrene\/trondelag-nord\">USHT Tr\u00f8ndelag, nord<\/a><\/li>\n\n\n\n<li><a href=\"https:\/\/www.utviklingssenter.no\/utviklingssentre\/trondelag-sor\">USHT Tr\u00f8ndelag, s\u00f8r<\/a><\/li>\n\n\n\n<li><a href=\"https:\/\/www.utviklingssenter.no\/utviklingssentrene\/more-og-romsdal\">USHT M\u00f8re og Romsdal<\/a><\/li>\n<\/ul>\n","protected":false},"excerpt":{"rendered":"<p>Senter for omsorgsforskning er et nasjonalt ledende milj\u00f8 p\u00e5 forskning for kommunale helse- og omsorgstjenester Senter for omsorgsforskning (SOF) ble opprettet av Helse- og omsorgsdepartementet i 2008 med bakgrunn i St. meld nr. 25 (2005\u20132006). Vi skal styrke praksisn\u00e6r forskning og utvikling, formidle forskningsresultater til kommuner og utdanningssektoren, samt bidra til kompetanseheving i den kommunale [&hellip;]<\/p>\n","protected":false},"author":75,"featured_media":0,"parent":0,"menu_order":0,"comment_status":"closed","ping_status":"closed","template":"","meta":{"footnotes":""},"coauthors":[2],"class_list":["post-26","page","type-page","status-publish","hentry"],"yoast_head":"<!-- This site is optimized with the Yoast SEO plugin v27.4 - https:\/\/yoast.com\/product\/yoast-seo-wordpress\/ -->\n<title>Om senteret - Senter for omsorgsforskning, midt<\/title>\n<meta name=\"robots\" content=\"index, follow, max-snippet:-1, max-image-preview:large, max-video-preview:-1\" \/>\n<link rel=\"canonical\" href=\"https:\/\/site.nord.no\/omsorgsforskning\/om-senteret\/\" \/>\n<meta property=\"og:locale\" content=\"nb_NO\" \/>\n<meta property=\"og:type\" content=\"article\" \/>\n<meta property=\"og:title\" content=\"Om senteret - Senter for omsorgsforskning, midt\" \/>\n<meta property=\"og:description\" content=\"Senter for omsorgsforskning er et nasjonalt ledende milj\u00f8 p\u00e5 forskning for kommunale helse- og omsorgstjenester Senter for omsorgsforskning (SOF) ble opprettet av Helse- og omsorgsdepartementet i 2008 med bakgrunn i St. meld nr. 25 (2005\u20132006). Vi skal styrke praksisn\u00e6r forskning og utvikling, formidle forskningsresultater til kommuner og utdanningssektoren, samt bidra til kompetanseheving i den kommunale [&hellip;]\" \/>\n<meta property=\"og:url\" content=\"https:\/\/site.nord.no\/omsorgsforskning\/om-senteret\/\" \/>\n<meta property=\"og:site_name\" content=\"Senter for omsorgsforskning, midt\" \/>\n<meta property=\"article:modified_time\" content=\"2025-09-30T16:27:22+00:00\" \/>\n<meta property=\"og:image\" content=\"https:\/\/site.nord.no\/omsorgsforskning\/wp-content\/uploads\/sites\/101\/2025\/08\/SOFmidt_standard.png\" \/>\n<meta name=\"twitter:card\" content=\"summary_large_image\" \/>\n<meta name=\"twitter:label1\" content=\"Ansl. lesetid\" \/>\n\t<meta name=\"twitter:data1\" content=\"2 minutter\" \/>\n\t<meta name=\"twitter:label2\" content=\"Written by\" \/>\n\t<meta name=\"twitter:data2\" content=\"Admin\" \/>\n<script type=\"application\/ld+json\" class=\"yoast-schema-graph\">{\"@context\":\"https:\\\/\\\/schema.org\",\"@graph\":[{\"@type\":\"WebPage\",\"@id\":\"https:\\\/\\\/site.nord.no\\\/omsorgsforskning\\\/om-senteret\\\/\",\"url\":\"https:\\\/\\\/site.nord.no\\\/omsorgsforskning\\\/om-senteret\\\/\",\"name\":\"Om senteret - Senter for omsorgsforskning, midt\",\"isPartOf\":{\"@id\":\"https:\\\/\\\/site.nord.no\\\/omsorgsforskning\\\/#website\"},\"primaryImageOfPage\":{\"@id\":\"https:\\\/\\\/site.nord.no\\\/omsorgsforskning\\\/om-senteret\\\/#primaryimage\"},\"image\":{\"@id\":\"https:\\\/\\\/site.nord.no\\\/omsorgsforskning\\\/om-senteret\\\/#primaryimage\"},\"thumbnailUrl\":\"https:\\\/\\\/site.nord.no\\\/omsorgsforskning\\\/wp-content\\\/uploads\\\/sites\\\/101\\\/2025\\\/08\\\/SOFmidt_standard.png\",\"datePublished\":\"2025-08-28T10:20:59+00:00\",\"dateModified\":\"2025-09-30T16:27:22+00:00\",\"breadcrumb\":{\"@id\":\"https:\\\/\\\/site.nord.no\\\/omsorgsforskning\\\/om-senteret\\\/#breadcrumb\"},\"inLanguage\":\"nb-NO\",\"potentialAction\":[{\"@type\":\"ReadAction\",\"target\":[\"https:\\\/\\\/site.nord.no\\\/omsorgsforskning\\\/om-senteret\\\/\"]}]},{\"@type\":\"ImageObject\",\"inLanguage\":\"nb-NO\",\"@id\":\"https:\\\/\\\/site.nord.no\\\/omsorgsforskning\\\/om-senteret\\\/#primaryimage\",\"url\":\"https:\\\/\\\/site.nord.no\\\/omsorgsforskning\\\/wp-content\\\/uploads\\\/sites\\\/101\\\/2025\\\/08\\\/SOFmidt_standard.png\",\"contentUrl\":\"https:\\\/\\\/site.nord.no\\\/omsorgsforskning\\\/wp-content\\\/uploads\\\/sites\\\/101\\\/2025\\\/08\\\/SOFmidt_standard.png\",\"width\":282,\"height\":150},{\"@type\":\"BreadcrumbList\",\"@id\":\"https:\\\/\\\/site.nord.no\\\/omsorgsforskning\\\/om-senteret\\\/#breadcrumb\",\"itemListElement\":[{\"@type\":\"ListItem\",\"position\":1,\"name\":\"Hjem\",\"item\":\"https:\\\/\\\/site.nord.no\\\/omsorgsforskning\\\/\"},{\"@type\":\"ListItem\",\"position\":2,\"name\":\"Om senteret\"}]},{\"@type\":\"WebSite\",\"@id\":\"https:\\\/\\\/site.nord.no\\\/omsorgsforskning\\\/#website\",\"url\":\"https:\\\/\\\/site.nord.no\\\/omsorgsforskning\\\/\",\"name\":\"Senter for omsorgsforskning, midt\",\"description\":\"\",\"potentialAction\":[{\"@type\":\"SearchAction\",\"target\":{\"@type\":\"EntryPoint\",\"urlTemplate\":\"https:\\\/\\\/site.nord.no\\\/omsorgsforskning\\\/?s={search_term_string}\"},\"query-input\":{\"@type\":\"PropertyValueSpecification\",\"valueRequired\":true,\"valueName\":\"search_term_string\"}}],\"inLanguage\":\"nb-NO\"}]}<\/script>\n<!-- \/ Yoast SEO plugin. -->","yoast_head_json":{"title":"Om senteret - Senter for omsorgsforskning, midt","robots":{"index":"index","follow":"follow","max-snippet":"max-snippet:-1","max-image-preview":"max-image-preview:large","max-video-preview":"max-video-preview:-1"},"canonical":"https:\/\/site.nord.no\/omsorgsforskning\/om-senteret\/","og_locale":"nb_NO","og_type":"article","og_title":"Om senteret - Senter for omsorgsforskning, midt","og_description":"Senter for omsorgsforskning er et nasjonalt ledende milj\u00f8 p\u00e5 forskning for kommunale helse- og omsorgstjenester Senter for omsorgsforskning (SOF) ble opprettet av Helse- og omsorgsdepartementet i 2008 med bakgrunn i St. meld nr. 25 (2005\u20132006). Vi skal styrke praksisn\u00e6r forskning og utvikling, formidle forskningsresultater til kommuner og utdanningssektoren, samt bidra til kompetanseheving i den kommunale [&hellip;]","og_url":"https:\/\/site.nord.no\/omsorgsforskning\/om-senteret\/","og_site_name":"Senter for omsorgsforskning, midt","article_modified_time":"2025-09-30T16:27:22+00:00","og_image":[{"url":"https:\/\/site.nord.no\/omsorgsforskning\/wp-content\/uploads\/sites\/101\/2025\/08\/SOFmidt_standard.png","type":"","width":"","height":""}],"twitter_card":"summary_large_image","twitter_misc":{"Ansl. lesetid":"2 minutter","Written by":"Admin"},"schema":{"@context":"https:\/\/schema.org","@graph":[{"@type":"WebPage","@id":"https:\/\/site.nord.no\/omsorgsforskning\/om-senteret\/","url":"https:\/\/site.nord.no\/omsorgsforskning\/om-senteret\/","name":"Om senteret - Senter for omsorgsforskning, midt","isPartOf":{"@id":"https:\/\/site.nord.no\/omsorgsforskning\/#website"},"primaryImageOfPage":{"@id":"https:\/\/site.nord.no\/omsorgsforskning\/om-senteret\/#primaryimage"},"image":{"@id":"https:\/\/site.nord.no\/omsorgsforskning\/om-senteret\/#primaryimage"},"thumbnailUrl":"https:\/\/site.nord.no\/omsorgsforskning\/wp-content\/uploads\/sites\/101\/2025\/08\/SOFmidt_standard.png","datePublished":"2025-08-28T10:20:59+00:00","dateModified":"2025-09-30T16:27:22+00:00","breadcrumb":{"@id":"https:\/\/site.nord.no\/omsorgsforskning\/om-senteret\/#breadcrumb"},"inLanguage":"nb-NO","potentialAction":[{"@type":"ReadAction","target":["https:\/\/site.nord.no\/omsorgsforskning\/om-senteret\/"]}]},{"@type":"ImageObject","inLanguage":"nb-NO","@id":"https:\/\/site.nord.no\/omsorgsforskning\/om-senteret\/#primaryimage","url":"https:\/\/site.nord.no\/omsorgsforskning\/wp-content\/uploads\/sites\/101\/2025\/08\/SOFmidt_standard.png","contentUrl":"https:\/\/site.nord.no\/omsorgsforskning\/wp-content\/uploads\/sites\/101\/2025\/08\/SOFmidt_standard.png","width":282,"height":150},{"@type":"BreadcrumbList","@id":"https:\/\/site.nord.no\/omsorgsforskning\/om-senteret\/#breadcrumb","itemListElement":[{"@type":"ListItem","position":1,"name":"Hjem","item":"https:\/\/site.nord.no\/omsorgsforskning\/"},{"@type":"ListItem","position":2,"name":"Om senteret"}]},{"@type":"WebSite","@id":"https:\/\/site.nord.no\/omsorgsforskning\/#website","url":"https:\/\/site.nord.no\/omsorgsforskning\/","name":"Senter for omsorgsforskning, midt","description":"","potentialAction":[{"@type":"SearchAction","target":{"@type":"EntryPoint","urlTemplate":"https:\/\/site.nord.no\/omsorgsforskning\/?s={search_term_string}"},"query-input":{"@type":"PropertyValueSpecification","valueRequired":true,"valueName":"search_term_string"}}],"inLanguage":"nb-NO"}]}},"_links":{"self":[{"href":"https:\/\/site.nord.no\/omsorgsforskning\/wp-json\/wp\/v2\/pages\/26","targetHints":{"allow":["GET"]}}],"collection":[{"href":"https:\/\/site.nord.no\/omsorgsforskning\/wp-json\/wp\/v2\/pages"}],"about":[{"href":"https:\/\/site.nord.no\/omsorgsforskning\/wp-json\/wp\/v2\/types\/page"}],"author":[{"embeddable":true,"href":"https:\/\/site.nord.no\/omsorgsforskning\/wp-json\/wp\/v2\/users\/75"}],"replies":[{"embeddable":true,"href":"https:\/\/site.nord.no\/omsorgsforskning\/wp-json\/wp\/v2\/comments?post=26"}],"version-history":[{"count":61,"href":"https:\/\/site.nord.no\/omsorgsforskning\/wp-json\/wp\/v2\/pages\/26\/revisions"}],"predecessor-version":[{"id":606,"href":"https:\/\/site.nord.no\/omsorgsforskning\/wp-json\/wp\/v2\/pages\/26\/revisions\/606"}],"wp:attachment":[{"href":"https:\/\/site.nord.no\/omsorgsforskning\/wp-json\/wp\/v2\/media?parent=26"}],"wp:term":[{"taxonomy":"author","embeddable":true,"href":"https:\/\/site.nord.no\/omsorgsforskning\/wp-json\/wp\/v2\/coauthors?post=26"}],"curies":[{"name":"wp","href":"https:\/\/api.w.org\/{rel}","templated":true}]}}