{"id":336,"date":"2025-09-10T13:23:14","date_gmt":"2025-09-10T11:23:14","guid":{"rendered":"https:\/\/site.nord.no\/omsorgsforskning\/?page_id=336"},"modified":"2025-09-28T22:29:53","modified_gmt":"2025-09-28T20:29:53","slug":"medsafe-old","status":"publish","type":"page","link":"https:\/\/site.nord.no\/omsorgsforskning\/prosjekter\/pagaende\/medsafe-old\/","title":{"rendered":"MedSafe-Old: Ensuring medication safety for older recipients of municipal home care services"},"content":{"rendered":"\n<h2 class=\"wp-block-heading\">Prosjektperiode: <\/h2>\n\n\n\n<p>2023\u20132027<\/p>\n\n\n\n<h2 class=\"wp-block-heading\">Prosjekteier:<\/h2>\n\n\n\n<p>Nord universitet, v\/Senter for omsorgsforskning, midt<\/p>\n\n\n\n<h2 class=\"wp-block-heading\">Samarbeidspartnere:<\/h2>\n\n\n\n<p>Nord universitet, NTNU, USN, Mittuniversitetet (Sverige), Swansea University (Wales), Sykehuset Innlandet, \u00c5fjord kommune, \u00c5l kommune, Ris\u00f8r kommune, Hamar kommune, Utviklingssenter for sykehjem og hjemmetjenester (USHT) Tr\u00f8ndelag, USHT Innlandet (Hamar). <\/p>\n\n\n\n<p>Prosjektgruppen best\u00e5r av Rose Mari Olsen, Siri Andreassen Devik, Marianne Koller\u00f8s Nilsen, Unn Siri Olsen, Astrid Skogseth, Hege Sletvold, Kristin Berre \u00d8rjas\u00e6ter, Gunn Eva Solum Myren, Nina Beate Andfossen, Thomas Habtu, Aud Uhlen Obstfelder, Davina Allen, Janne Myhre, Per Gunnar Disch, Bj\u00f8rn Rasmussen, Lars Hammarstr\u00f6m, Sue Jordan, Victor Valderaune, Irene R\u00f8en.<\/p>\n\n\n\n<h2 class=\"wp-block-heading\">Prosjektleder:<\/h2>\n\n\n\n<p>Rose Mari Olsen<\/p>\n\n\n\n<h2 class=\"wp-block-heading\">Prosjekttype:<\/h2>\n\n\n\n<p>Anvendt forskning<\/p>\n\n\n\n<h2 class=\"wp-block-heading\">Finansiering:<\/h2>\n\n\n\n<p>Norges Forskningsr\u00e5d<\/p>\n\n\n\n<h2 class=\"wp-block-heading\">Prosjektsammendrag:<\/h2>\n\n\n\n<p>Det overordna m\u00e5let med MedSafe-Old er \u00e5 tilrettelegge for b\u00e6rekraftig, persontilpasset og trygg legemiddelbruk for hjemmeboende eldre. Forskningsprosjektet er finansiert av Norges Forskningsr\u00e5d (HELSEVEL), og prosjekteier er Nord universitet v\/Senter for omsorgsforskning, midt.<\/p>\n\n\n\n<p>Uhensiktsmessig forskrivning av legemidler, manglende kompetanse, utilstrekkelig kommunikasjon og informasjonsutveksling, samt lav grad av personorientering, utgj\u00f8r store utfordringer for legemiddelsikkerheten i hjemmetjenestene. Samtidig har mange av tiltakene rettet mot disse utfordringene en gjennomg\u00e5ende svakhet, ved at brukerne av tjenesten blir passive mottakere av legemidler og ikke settes i stand til \u00e5 delta aktivt i \u00e5 gj\u00f8re legemiddelbruken tryggere. Dette prosjektet m\u00f8ter behovet for \u00f8kt kunnskap om effektive tiltak.<\/p>\n\n\n\n<p>For \u00e5 oppn\u00e5 en helhetlig forst\u00e5else av prosessen n\u00e5r hjemmeboende eldre mottar hjelp med legemiddelh\u00e5ndtering, har prosjektet en bred tiln\u00e6rming som omfatter b\u00e5de bruker-, helsepersonell- og organisasjonsperspektiv. Prosjektet har fire arbeidspakker, og involverer et tverrfaglig forskerteam som anvender ulike design og metoder.<\/p>\n\n\n\n<p>Prosjektet har som ambisjon \u00e5 redusere legemiddelskader og bidra til \u00f8kt livskvalitet for eldre mottakere av hjemmetjenester. Dersom studien oppdager feil og svakheter ved tjenesten, kan dette muliggj\u00f8re nye rutiner og prosedyrer for hjelp med legemiddelh\u00e5ndtering i kommunene og derigjennom redusere kostnader. Prosjektet tar i bruk b\u00e5de en samskapingsmodell med medforskere og kunstbaserte metoder, og dette representerer bruk av nye forskningsmetoder p\u00e5 dette feltet.<\/p>\n\n\n\n<p>Du kan lese mer om prosjektet <a href=\"https:\/\/site.nord.no\/medsafe-old\/\" data-type=\"link\" data-id=\"https:\/\/site.nord.no\/medsafe-old\/\">her<\/a><\/p>\n\n\n\n<p><\/p>\n","protected":false},"excerpt":{"rendered":"<p>Prosjektperiode: 2023\u20132027 Prosjekteier: Nord universitet, v\/Senter for omsorgsforskning, midt Samarbeidspartnere: Nord universitet, NTNU, USN, Mittuniversitetet (Sverige), Swansea University (Wales), Sykehuset Innlandet, \u00c5fjord kommune, \u00c5l kommune, Ris\u00f8r kommune, Hamar kommune, Utviklingssenter for sykehjem og hjemmetjenester (USHT) Tr\u00f8ndelag, USHT Innlandet (Hamar). Prosjektgruppen best\u00e5r av Rose Mari Olsen, Siri Andreassen Devik, Marianne Koller\u00f8s Nilsen, Unn Siri Olsen, Astrid [&hellip;]<\/p>\n","protected":false},"author":75,"featured_media":0,"parent":213,"menu_order":0,"comment_status":"closed","ping_status":"closed","template":"","meta":{"footnotes":""},"coauthors":[2],"class_list":["post-336","page","type-page","status-publish","hentry"],"yoast_head":"<!-- This site is optimized with the Yoast SEO plugin v27.4 - https:\/\/yoast.com\/product\/yoast-seo-wordpress\/ -->\n<title>MedSafe-Old: Ensuring medication safety for older recipients of municipal home care services - Senter for omsorgsforskning, midt<\/title>\n<meta name=\"robots\" content=\"index, follow, max-snippet:-1, max-image-preview:large, max-video-preview:-1\" \/>\n<link rel=\"canonical\" href=\"https:\/\/site.nord.no\/omsorgsforskning\/prosjekter\/pagaende\/medsafe-old\/\" \/>\n<meta property=\"og:locale\" content=\"nb_NO\" \/>\n<meta property=\"og:type\" content=\"article\" \/>\n<meta property=\"og:title\" content=\"MedSafe-Old: Ensuring medication safety for older recipients of municipal home care services - Senter for omsorgsforskning, midt\" \/>\n<meta property=\"og:description\" content=\"Prosjektperiode: 2023\u20132027 Prosjekteier: Nord universitet, v\/Senter for omsorgsforskning, midt Samarbeidspartnere: Nord universitet, NTNU, USN, Mittuniversitetet (Sverige), Swansea University (Wales), Sykehuset Innlandet, \u00c5fjord kommune, \u00c5l kommune, Ris\u00f8r kommune, Hamar kommune, Utviklingssenter for sykehjem og hjemmetjenester (USHT) Tr\u00f8ndelag, USHT Innlandet (Hamar). Prosjektgruppen best\u00e5r av Rose Mari Olsen, Siri Andreassen Devik, Marianne Koller\u00f8s Nilsen, Unn Siri Olsen, Astrid [&hellip;]\" \/>\n<meta property=\"og:url\" content=\"https:\/\/site.nord.no\/omsorgsforskning\/prosjekter\/pagaende\/medsafe-old\/\" \/>\n<meta property=\"og:site_name\" content=\"Senter for omsorgsforskning, midt\" \/>\n<meta property=\"article:modified_time\" content=\"2025-09-28T20:29:53+00:00\" \/>\n<meta name=\"twitter:card\" content=\"summary_large_image\" \/>\n<meta name=\"twitter:label1\" content=\"Ansl. lesetid\" \/>\n\t<meta name=\"twitter:data1\" content=\"2 minutter\" \/>\n\t<meta name=\"twitter:label2\" content=\"Written by\" \/>\n\t<meta name=\"twitter:data2\" content=\"Admin\" \/>\n<script type=\"application\/ld+json\" class=\"yoast-schema-graph\">{\"@context\":\"https:\\\/\\\/schema.org\",\"@graph\":[{\"@type\":\"WebPage\",\"@id\":\"https:\\\/\\\/site.nord.no\\\/omsorgsforskning\\\/prosjekter\\\/pagaende\\\/medsafe-old\\\/\",\"url\":\"https:\\\/\\\/site.nord.no\\\/omsorgsforskning\\\/prosjekter\\\/pagaende\\\/medsafe-old\\\/\",\"name\":\"MedSafe-Old: Ensuring medication safety for older recipients of municipal home care services - Senter for omsorgsforskning, midt\",\"isPartOf\":{\"@id\":\"https:\\\/\\\/site.nord.no\\\/omsorgsforskning\\\/#website\"},\"datePublished\":\"2025-09-10T11:23:14+00:00\",\"dateModified\":\"2025-09-28T20:29:53+00:00\",\"breadcrumb\":{\"@id\":\"https:\\\/\\\/site.nord.no\\\/omsorgsforskning\\\/prosjekter\\\/pagaende\\\/medsafe-old\\\/#breadcrumb\"},\"inLanguage\":\"nb-NO\",\"potentialAction\":[{\"@type\":\"ReadAction\",\"target\":[\"https:\\\/\\\/site.nord.no\\\/omsorgsforskning\\\/prosjekter\\\/pagaende\\\/medsafe-old\\\/\"]}]},{\"@type\":\"BreadcrumbList\",\"@id\":\"https:\\\/\\\/site.nord.no\\\/omsorgsforskning\\\/prosjekter\\\/pagaende\\\/medsafe-old\\\/#breadcrumb\",\"itemListElement\":[{\"@type\":\"ListItem\",\"position\":1,\"name\":\"Hjem\",\"item\":\"https:\\\/\\\/site.nord.no\\\/omsorgsforskning\\\/\"},{\"@type\":\"ListItem\",\"position\":2,\"name\":\"Prosjekter\",\"item\":\"https:\\\/\\\/site.nord.no\\\/omsorgsforskning\\\/prosjekter\\\/\"},{\"@type\":\"ListItem\",\"position\":3,\"name\":\"P\u00e5g\u00e5ende\",\"item\":\"https:\\\/\\\/site.nord.no\\\/omsorgsforskning\\\/prosjekter\\\/pagaende\\\/\"},{\"@type\":\"ListItem\",\"position\":4,\"name\":\"MedSafe-Old: Ensuring medication safety for older recipients of municipal home care services\"}]},{\"@type\":\"WebSite\",\"@id\":\"https:\\\/\\\/site.nord.no\\\/omsorgsforskning\\\/#website\",\"url\":\"https:\\\/\\\/site.nord.no\\\/omsorgsforskning\\\/\",\"name\":\"Senter for omsorgsforskning, midt\",\"description\":\"\",\"potentialAction\":[{\"@type\":\"SearchAction\",\"target\":{\"@type\":\"EntryPoint\",\"urlTemplate\":\"https:\\\/\\\/site.nord.no\\\/omsorgsforskning\\\/?s={search_term_string}\"},\"query-input\":{\"@type\":\"PropertyValueSpecification\",\"valueRequired\":true,\"valueName\":\"search_term_string\"}}],\"inLanguage\":\"nb-NO\"}]}<\/script>\n<!-- \/ Yoast SEO plugin. -->","yoast_head_json":{"title":"MedSafe-Old: Ensuring medication safety for older recipients of municipal home care services - Senter for omsorgsforskning, midt","robots":{"index":"index","follow":"follow","max-snippet":"max-snippet:-1","max-image-preview":"max-image-preview:large","max-video-preview":"max-video-preview:-1"},"canonical":"https:\/\/site.nord.no\/omsorgsforskning\/prosjekter\/pagaende\/medsafe-old\/","og_locale":"nb_NO","og_type":"article","og_title":"MedSafe-Old: Ensuring medication safety for older recipients of municipal home care services - Senter for omsorgsforskning, midt","og_description":"Prosjektperiode: 2023\u20132027 Prosjekteier: Nord universitet, v\/Senter for omsorgsforskning, midt Samarbeidspartnere: Nord universitet, NTNU, USN, Mittuniversitetet (Sverige), Swansea University (Wales), Sykehuset Innlandet, \u00c5fjord kommune, \u00c5l kommune, Ris\u00f8r kommune, Hamar kommune, Utviklingssenter for sykehjem og hjemmetjenester (USHT) Tr\u00f8ndelag, USHT Innlandet (Hamar). Prosjektgruppen best\u00e5r av Rose Mari Olsen, Siri Andreassen Devik, Marianne Koller\u00f8s Nilsen, Unn Siri Olsen, Astrid [&hellip;]","og_url":"https:\/\/site.nord.no\/omsorgsforskning\/prosjekter\/pagaende\/medsafe-old\/","og_site_name":"Senter for omsorgsforskning, midt","article_modified_time":"2025-09-28T20:29:53+00:00","twitter_card":"summary_large_image","twitter_misc":{"Ansl. lesetid":"2 minutter","Written by":"Admin"},"schema":{"@context":"https:\/\/schema.org","@graph":[{"@type":"WebPage","@id":"https:\/\/site.nord.no\/omsorgsforskning\/prosjekter\/pagaende\/medsafe-old\/","url":"https:\/\/site.nord.no\/omsorgsforskning\/prosjekter\/pagaende\/medsafe-old\/","name":"MedSafe-Old: Ensuring medication safety for older recipients of municipal home care services - Senter for omsorgsforskning, midt","isPartOf":{"@id":"https:\/\/site.nord.no\/omsorgsforskning\/#website"},"datePublished":"2025-09-10T11:23:14+00:00","dateModified":"2025-09-28T20:29:53+00:00","breadcrumb":{"@id":"https:\/\/site.nord.no\/omsorgsforskning\/prosjekter\/pagaende\/medsafe-old\/#breadcrumb"},"inLanguage":"nb-NO","potentialAction":[{"@type":"ReadAction","target":["https:\/\/site.nord.no\/omsorgsforskning\/prosjekter\/pagaende\/medsafe-old\/"]}]},{"@type":"BreadcrumbList","@id":"https:\/\/site.nord.no\/omsorgsforskning\/prosjekter\/pagaende\/medsafe-old\/#breadcrumb","itemListElement":[{"@type":"ListItem","position":1,"name":"Hjem","item":"https:\/\/site.nord.no\/omsorgsforskning\/"},{"@type":"ListItem","position":2,"name":"Prosjekter","item":"https:\/\/site.nord.no\/omsorgsforskning\/prosjekter\/"},{"@type":"ListItem","position":3,"name":"P\u00e5g\u00e5ende","item":"https:\/\/site.nord.no\/omsorgsforskning\/prosjekter\/pagaende\/"},{"@type":"ListItem","position":4,"name":"MedSafe-Old: Ensuring medication safety for older recipients of municipal home care services"}]},{"@type":"WebSite","@id":"https:\/\/site.nord.no\/omsorgsforskning\/#website","url":"https:\/\/site.nord.no\/omsorgsforskning\/","name":"Senter for omsorgsforskning, midt","description":"","potentialAction":[{"@type":"SearchAction","target":{"@type":"EntryPoint","urlTemplate":"https:\/\/site.nord.no\/omsorgsforskning\/?s={search_term_string}"},"query-input":{"@type":"PropertyValueSpecification","valueRequired":true,"valueName":"search_term_string"}}],"inLanguage":"nb-NO"}]}},"_links":{"self":[{"href":"https:\/\/site.nord.no\/omsorgsforskning\/wp-json\/wp\/v2\/pages\/336","targetHints":{"allow":["GET"]}}],"collection":[{"href":"https:\/\/site.nord.no\/omsorgsforskning\/wp-json\/wp\/v2\/pages"}],"about":[{"href":"https:\/\/site.nord.no\/omsorgsforskning\/wp-json\/wp\/v2\/types\/page"}],"author":[{"embeddable":true,"href":"https:\/\/site.nord.no\/omsorgsforskning\/wp-json\/wp\/v2\/users\/75"}],"replies":[{"embeddable":true,"href":"https:\/\/site.nord.no\/omsorgsforskning\/wp-json\/wp\/v2\/comments?post=336"}],"version-history":[{"count":14,"href":"https:\/\/site.nord.no\/omsorgsforskning\/wp-json\/wp\/v2\/pages\/336\/revisions"}],"predecessor-version":[{"id":396,"href":"https:\/\/site.nord.no\/omsorgsforskning\/wp-json\/wp\/v2\/pages\/336\/revisions\/396"}],"up":[{"embeddable":true,"href":"https:\/\/site.nord.no\/omsorgsforskning\/wp-json\/wp\/v2\/pages\/213"}],"wp:attachment":[{"href":"https:\/\/site.nord.no\/omsorgsforskning\/wp-json\/wp\/v2\/media?parent=336"}],"wp:term":[{"taxonomy":"author","embeddable":true,"href":"https:\/\/site.nord.no\/omsorgsforskning\/wp-json\/wp\/v2\/coauthors?post=336"}],"curies":[{"name":"wp","href":"https:\/\/api.w.org\/{rel}","templated":true}]}}