{"id":353,"date":"2025-09-10T14:27:43","date_gmt":"2025-09-10T12:27:43","guid":{"rendered":"https:\/\/site.nord.no\/omsorgsforskning\/?page_id=353"},"modified":"2025-09-29T22:28:17","modified_gmt":"2025-09-29T20:28:17","slug":"anett-skorpen-tarberg","status":"publish","type":"page","link":"https:\/\/site.nord.no\/omsorgsforskning\/ansatte\/anett-skorpen-tarberg\/","title":{"rendered":"Anett Skorpen Tarberg"},"content":{"rendered":"\n<p>F\u00f8rsteamanuensis II<\/p>\n\n\n\n<p>Mobil: +47&nbsp;907 98 596<\/p>\n\n\n\n<p>Telefon: +47 73 59 22 08<\/p>\n\n\n\n<p>E-post: <a href=\"mailto:anett.s.tarberg@ntnu.no\">anett.s.tarberg@ntnu.no<\/a> \/ <a href=\"mailto:anett.s.tarberg@nord.no\">anett.s.tarberg@nord.no<\/a><\/p>\n\n\n\n<p>Anett Skorpen Tarberg er utdannet kreftsykepleier, har en mastergrad i Avansert klinisk sykepleie og en Ph.d. i Palliative care. Hennes forskningsinteresser er hovedsakelig kreftomsorg, palliasjon, p\u00e5r\u00f8rende i palliative forl\u00f8p og prim\u00e6rhelsetjenesten. Hun er med i ulike forskningsgrupper og nettverk med fokus i nevnte forskningsinteresser. Er redakt\u00f8r for tidsskriftet Kreftsykepleierne og sitter i hovedstyret for Kreftsykepleiere NSF.<\/p>\n\n\n\n<p>Anett er med i flere forskningsgrupper:&nbsp;<a href=\"https:\/\/www.ntnu.no\/web\/iha\/praksisnaer-forskning#\/view\/about\">Praksisn\u00e6r forskning-og kompetanseutvikling for helsepersonell<\/a> ved NTNU i \u00c5lesund. En lokal forskningsgruppe i regi av Helse M\u00f8re og Romsdal, MyPath MATRIX, som ligger under&nbsp;MATRIX Forskningssenter for klinisk kreftbehandling. Samt forskningsgruppen CaRE5U som er et forskningsgruppesamarbeid mellom fem universitet\/h\u00f8yskoler i Norge. Anett er med-drifter av nettverket <a href=\"https:\/\/www.ntnu.no\/ism\/palliasjon_primaerhelse\">Palliasjon i prim\u00e6rhelsetjenesten<\/a>, samt medlem av <a href=\"https:\/\/www.helse-mr.no\/fag-og-forsking\/samhandling\/palliativ-plan\/kontakt-ressursgruppa-for-palliativ-plan-i-more-og-romsdal\">Ressursgruppa for Palliativ plan i M\u00f8re og Romsdal<\/a> og sitter i nettverksgruppen FoUI (Forskning, utvikling og innovasjon) for palliasjon i M\u00f8re og Romsdal. Nedenfor finner du lenker til mer informasjon om hennes forskning og publisering.<\/p>\n\n\n\n<p><a href=\"https:\/\/www.ntnu.no\/ansatte\/anett.s.tarberg\">Ansattprofil ntnu.no<\/a><\/p>\n\n\n\n<p><a href=\"https:\/\/www.nord.no\/om\/ansatte\/anett-skorpen-tarberg\">Ansattprofil nord.no<\/a><\/p>\n","protected":false},"excerpt":{"rendered":"<p>F\u00f8rsteamanuensis II Mobil: +47&nbsp;907 98 596 Telefon: +47 73 59 22 08 E-post: anett.s.tarberg@ntnu.no \/ anett.s.tarberg@nord.no Anett Skorpen Tarberg er utdannet kreftsykepleier, har en mastergrad i Avansert klinisk sykepleie og en Ph.d. i Palliative care. Hennes forskningsinteresser er hovedsakelig kreftomsorg, palliasjon, p\u00e5r\u00f8rende i palliative forl\u00f8p og prim\u00e6rhelsetjenesten. Hun er med i ulike forskningsgrupper og nettverk [&hellip;]<\/p>\n","protected":false},"author":75,"featured_media":0,"parent":28,"menu_order":0,"comment_status":"closed","ping_status":"closed","template":"","meta":{"footnotes":""},"coauthors":[2],"class_list":["post-353","page","type-page","status-publish","hentry"],"yoast_head":"<!-- This site is optimized with the Yoast SEO plugin v27.4 - https:\/\/yoast.com\/product\/yoast-seo-wordpress\/ -->\n<title>Anett Skorpen Tarberg - Senter for omsorgsforskning, midt<\/title>\n<meta name=\"robots\" content=\"index, follow, max-snippet:-1, max-image-preview:large, max-video-preview:-1\" \/>\n<link rel=\"canonical\" href=\"https:\/\/site.nord.no\/omsorgsforskning\/ansatte\/anett-skorpen-tarberg\/\" \/>\n<meta property=\"og:locale\" content=\"nb_NO\" \/>\n<meta property=\"og:type\" content=\"article\" \/>\n<meta property=\"og:title\" content=\"Anett Skorpen Tarberg - Senter for omsorgsforskning, midt\" \/>\n<meta property=\"og:description\" content=\"F\u00f8rsteamanuensis II Mobil: +47&nbsp;907 98 596 Telefon: +47 73 59 22 08 E-post: anett.s.tarberg@ntnu.no \/ anett.s.tarberg@nord.no Anett Skorpen Tarberg er utdannet kreftsykepleier, har en mastergrad i Avansert klinisk sykepleie og en Ph.d. i Palliative care. Hennes forskningsinteresser er hovedsakelig kreftomsorg, palliasjon, p\u00e5r\u00f8rende i palliative forl\u00f8p og prim\u00e6rhelsetjenesten. Hun er med i ulike forskningsgrupper og nettverk [&hellip;]\" \/>\n<meta property=\"og:url\" content=\"https:\/\/site.nord.no\/omsorgsforskning\/ansatte\/anett-skorpen-tarberg\/\" \/>\n<meta property=\"og:site_name\" content=\"Senter for omsorgsforskning, midt\" \/>\n<meta property=\"article:modified_time\" content=\"2025-09-29T20:28:17+00:00\" \/>\n<meta name=\"twitter:card\" content=\"summary_large_image\" \/>\n<meta name=\"twitter:label1\" content=\"Ansl. lesetid\" \/>\n\t<meta name=\"twitter:data1\" content=\"1 minutt\" \/>\n\t<meta name=\"twitter:label2\" content=\"Written by\" \/>\n\t<meta name=\"twitter:data2\" content=\"Admin\" \/>\n<script type=\"application\/ld+json\" class=\"yoast-schema-graph\">{\"@context\":\"https:\\\/\\\/schema.org\",\"@graph\":[{\"@type\":\"WebPage\",\"@id\":\"https:\\\/\\\/site.nord.no\\\/omsorgsforskning\\\/ansatte\\\/anett-skorpen-tarberg\\\/\",\"url\":\"https:\\\/\\\/site.nord.no\\\/omsorgsforskning\\\/ansatte\\\/anett-skorpen-tarberg\\\/\",\"name\":\"Anett Skorpen Tarberg - Senter for omsorgsforskning, midt\",\"isPartOf\":{\"@id\":\"https:\\\/\\\/site.nord.no\\\/omsorgsforskning\\\/#website\"},\"datePublished\":\"2025-09-10T12:27:43+00:00\",\"dateModified\":\"2025-09-29T20:28:17+00:00\",\"breadcrumb\":{\"@id\":\"https:\\\/\\\/site.nord.no\\\/omsorgsforskning\\\/ansatte\\\/anett-skorpen-tarberg\\\/#breadcrumb\"},\"inLanguage\":\"nb-NO\",\"potentialAction\":[{\"@type\":\"ReadAction\",\"target\":[\"https:\\\/\\\/site.nord.no\\\/omsorgsforskning\\\/ansatte\\\/anett-skorpen-tarberg\\\/\"]}]},{\"@type\":\"BreadcrumbList\",\"@id\":\"https:\\\/\\\/site.nord.no\\\/omsorgsforskning\\\/ansatte\\\/anett-skorpen-tarberg\\\/#breadcrumb\",\"itemListElement\":[{\"@type\":\"ListItem\",\"position\":1,\"name\":\"Hjem\",\"item\":\"https:\\\/\\\/site.nord.no\\\/omsorgsforskning\\\/\"},{\"@type\":\"ListItem\",\"position\":2,\"name\":\"Ansatte\",\"item\":\"https:\\\/\\\/site.nord.no\\\/omsorgsforskning\\\/ansatte\\\/\"},{\"@type\":\"ListItem\",\"position\":3,\"name\":\"Anett Skorpen Tarberg\"}]},{\"@type\":\"WebSite\",\"@id\":\"https:\\\/\\\/site.nord.no\\\/omsorgsforskning\\\/#website\",\"url\":\"https:\\\/\\\/site.nord.no\\\/omsorgsforskning\\\/\",\"name\":\"Senter for omsorgsforskning, midt\",\"description\":\"\",\"potentialAction\":[{\"@type\":\"SearchAction\",\"target\":{\"@type\":\"EntryPoint\",\"urlTemplate\":\"https:\\\/\\\/site.nord.no\\\/omsorgsforskning\\\/?s={search_term_string}\"},\"query-input\":{\"@type\":\"PropertyValueSpecification\",\"valueRequired\":true,\"valueName\":\"search_term_string\"}}],\"inLanguage\":\"nb-NO\"}]}<\/script>\n<!-- \/ Yoast SEO plugin. -->","yoast_head_json":{"title":"Anett Skorpen Tarberg - Senter for omsorgsforskning, midt","robots":{"index":"index","follow":"follow","max-snippet":"max-snippet:-1","max-image-preview":"max-image-preview:large","max-video-preview":"max-video-preview:-1"},"canonical":"https:\/\/site.nord.no\/omsorgsforskning\/ansatte\/anett-skorpen-tarberg\/","og_locale":"nb_NO","og_type":"article","og_title":"Anett Skorpen Tarberg - Senter for omsorgsforskning, midt","og_description":"F\u00f8rsteamanuensis II Mobil: +47&nbsp;907 98 596 Telefon: +47 73 59 22 08 E-post: anett.s.tarberg@ntnu.no \/ anett.s.tarberg@nord.no Anett Skorpen Tarberg er utdannet kreftsykepleier, har en mastergrad i Avansert klinisk sykepleie og en Ph.d. i Palliative care. Hennes forskningsinteresser er hovedsakelig kreftomsorg, palliasjon, p\u00e5r\u00f8rende i palliative forl\u00f8p og prim\u00e6rhelsetjenesten. Hun er med i ulike forskningsgrupper og nettverk [&hellip;]","og_url":"https:\/\/site.nord.no\/omsorgsforskning\/ansatte\/anett-skorpen-tarberg\/","og_site_name":"Senter for omsorgsforskning, midt","article_modified_time":"2025-09-29T20:28:17+00:00","twitter_card":"summary_large_image","twitter_misc":{"Ansl. lesetid":"1 minutt","Written by":"Admin"},"schema":{"@context":"https:\/\/schema.org","@graph":[{"@type":"WebPage","@id":"https:\/\/site.nord.no\/omsorgsforskning\/ansatte\/anett-skorpen-tarberg\/","url":"https:\/\/site.nord.no\/omsorgsforskning\/ansatte\/anett-skorpen-tarberg\/","name":"Anett Skorpen Tarberg - Senter for omsorgsforskning, midt","isPartOf":{"@id":"https:\/\/site.nord.no\/omsorgsforskning\/#website"},"datePublished":"2025-09-10T12:27:43+00:00","dateModified":"2025-09-29T20:28:17+00:00","breadcrumb":{"@id":"https:\/\/site.nord.no\/omsorgsforskning\/ansatte\/anett-skorpen-tarberg\/#breadcrumb"},"inLanguage":"nb-NO","potentialAction":[{"@type":"ReadAction","target":["https:\/\/site.nord.no\/omsorgsforskning\/ansatte\/anett-skorpen-tarberg\/"]}]},{"@type":"BreadcrumbList","@id":"https:\/\/site.nord.no\/omsorgsforskning\/ansatte\/anett-skorpen-tarberg\/#breadcrumb","itemListElement":[{"@type":"ListItem","position":1,"name":"Hjem","item":"https:\/\/site.nord.no\/omsorgsforskning\/"},{"@type":"ListItem","position":2,"name":"Ansatte","item":"https:\/\/site.nord.no\/omsorgsforskning\/ansatte\/"},{"@type":"ListItem","position":3,"name":"Anett Skorpen Tarberg"}]},{"@type":"WebSite","@id":"https:\/\/site.nord.no\/omsorgsforskning\/#website","url":"https:\/\/site.nord.no\/omsorgsforskning\/","name":"Senter for omsorgsforskning, midt","description":"","potentialAction":[{"@type":"SearchAction","target":{"@type":"EntryPoint","urlTemplate":"https:\/\/site.nord.no\/omsorgsforskning\/?s={search_term_string}"},"query-input":{"@type":"PropertyValueSpecification","valueRequired":true,"valueName":"search_term_string"}}],"inLanguage":"nb-NO"}]}},"_links":{"self":[{"href":"https:\/\/site.nord.no\/omsorgsforskning\/wp-json\/wp\/v2\/pages\/353","targetHints":{"allow":["GET"]}}],"collection":[{"href":"https:\/\/site.nord.no\/omsorgsforskning\/wp-json\/wp\/v2\/pages"}],"about":[{"href":"https:\/\/site.nord.no\/omsorgsforskning\/wp-json\/wp\/v2\/types\/page"}],"author":[{"embeddable":true,"href":"https:\/\/site.nord.no\/omsorgsforskning\/wp-json\/wp\/v2\/users\/75"}],"replies":[{"embeddable":true,"href":"https:\/\/site.nord.no\/omsorgsforskning\/wp-json\/wp\/v2\/comments?post=353"}],"version-history":[{"count":2,"href":"https:\/\/site.nord.no\/omsorgsforskning\/wp-json\/wp\/v2\/pages\/353\/revisions"}],"predecessor-version":[{"id":496,"href":"https:\/\/site.nord.no\/omsorgsforskning\/wp-json\/wp\/v2\/pages\/353\/revisions\/496"}],"up":[{"embeddable":true,"href":"https:\/\/site.nord.no\/omsorgsforskning\/wp-json\/wp\/v2\/pages\/28"}],"wp:attachment":[{"href":"https:\/\/site.nord.no\/omsorgsforskning\/wp-json\/wp\/v2\/media?parent=353"}],"wp:term":[{"taxonomy":"author","embeddable":true,"href":"https:\/\/site.nord.no\/omsorgsforskning\/wp-json\/wp\/v2\/coauthors?post=353"}],"curies":[{"name":"wp","href":"https:\/\/api.w.org\/{rel}","templated":true}]}}