{"id":389,"date":"2025-09-28T22:30:32","date_gmt":"2025-09-28T20:30:32","guid":{"rendered":"https:\/\/site.nord.no\/omsorgsforskning\/?page_id=389"},"modified":"2025-09-28T22:30:32","modified_gmt":"2025-09-28T20:30:32","slug":"fra-konkurranse-til-samarbeid-om-sykepleiermangelens-dilemma-i-norden-gronne-belte","status":"publish","type":"page","link":"https:\/\/site.nord.no\/omsorgsforskning\/prosjekter\/pagaende\/fra-konkurranse-til-samarbeid-om-sykepleiermangelens-dilemma-i-norden-gronne-belte\/","title":{"rendered":"Fra konkurranse til samarbeid: Om sykepleiermangelens dilemma i Norden Gr\u00f8nne Belte"},"content":{"rendered":"\n<h2 class=\"wp-block-heading\">Prosjektperiode: <\/h2>\n\n\n\n<p>2025\u20132028<\/p>\n\n\n\n<h2 class=\"wp-block-heading\">Prosjekteier:<\/h2>\n\n\n\n<p>Mittuniversitetet (MiUN), Sverige<\/p>\n\n\n\n<h2 class=\"wp-block-heading\">Samarbeidspartnere:<\/h2>\n\n\n\n<p>MiUN, Nord universitet, Utviklingssenter for sykehjem og hjemmetjenester Tr\u00f8ndelag nord. <\/p>\n\n\n\n<p>Prosjektgruppen best\u00e5r av Malin Holmstr\u00f6m Rising, Lars Hammarstr\u00f6m, Ylva R\u00f6nngren, David Haage, Lena Bostr\u00f6m, G\u00f6ran Bostedt, Ann Ekdahl, Fathi Abou Zaid, Siri Andreassen Devik, Rose Mari Olsen, Wenche Wannebo, Hege Rasmussen Eid, Hilde Munkeby og Vibeke Berg.<\/p>\n\n\n\n<h2 class=\"wp-block-heading\">Prosjektleder:<\/h2>\n\n\n\n<p>Malin Holmstr\u00f6m Rising (MiUN). Siri Andreassen Devik (Nord universitet) er prosjektleder p\u00e5 norsk side.<\/p>\n\n\n\n<h2 class=\"wp-block-heading\">Prosjekttype:<\/h2>\n\n\n\n<p>Anvendt forskning<\/p>\n\n\n\n<h2 class=\"wp-block-heading\">Finansiering:<\/h2>\n\n\n\n<p>Interreg Sverige-Norge, MiUN, Nord universitet<\/p>\n\n\n\n<h2 class=\"wp-block-heading\">Prosjektsammendrag:<\/h2>\n\n\n\n<p>Prosjektet har som m\u00e5l \u00e5 fremme grenseoverskridende samarbeid mellom helseakt\u00f8rer, utdanningsinstitusjoner og studenter for \u00e5 utvikle b\u00e6rekraftige l\u00f8sninger. Gjennom forskning og nettverk skal prosjektet bygge kunnskapsgrunnlag og i fellesskap skape forutsetninger for \u00e5 styrke profesjonen, forbedre arbeidsvilk\u00e5r og kompetanse, samt utarbeide en handlingsplan som fremmer sosial og interregional b\u00e6rekraft.<\/p>\n\n\n\n<p>I V\u00e4sternorrland, J\u00e4mtland, H\u00e4rjedalen och Tr\u00f8ndelag \u00e4r det sv\u00e5rt att rekrytera och beh\u00e5lla sjuksk\u00f6terskor. \u00c4ven tillg\u00e5ng till sjuksk\u00f6terskor fr\u00e5n l\u00e4ros\u00e4tena utmanas inom Nordens Gr\u00f6na B\u00e4lte (NGB). NGB pr\u00e4glas av glesbygd med stora avst\u00e5nd till v\u00e5rd vilket skapar s\u00e4rskilda utmaningar f\u00f6r h\u00e4lso- och sjukv\u00e5rden. Kommuner och regioner har dessutom ett specifikt ansvar som samiskt f\u00f6rvaltningsomr\u00e5de. F\u00f6r att enskild sjuksk\u00f6terska och utbildare av sjuksk\u00f6terskor ska kunna leva upp till detta ansvar beh\u00f6vs \u00f6kad kompetens och f\u00f6rst\u00e5else f\u00f6r samisk kultur och tradition och ett respektfullt bem\u00f6tande. Gjennom forskning vil prosjektet styrke kunnskapen om sykepleiermangelen fra ulike perspektiver og utarbeide handlings-anbefalinger, modeller for profesjonsstyrkende nettverk, samt relevante kompetansehevende tilbud for \u00e5 styrke till exempel m\u00e5ngkulturell kompetens (samiskt perspektiv), digital kompetens i helsetjenester og \u00f6kad akademisk litteracitet. Videre vil prosjektet utvikle anbefalinger for hvordan sykepleiernes arbeidsforhold kan forbedres og tilrettelegges for \u00e5 fremme trivsel, mestring og langsiktig rekruttering. Datainsamling och analys planeras av interregionala data fr\u00e5n v\u00e5rdens akt\u00f6rer (kommuner och regioner), l\u00e4ros\u00e4tenas sjuksk\u00f6terske-utbildningar och sjuksk\u00f6terskor i kommunale helse- og omsorgstjenester. Det f\u00f6rv\u00e4ntade resultatet syftar till att ge en \u00f6kad kunskap om vilka faktorer som p\u00e5verkar sjuksk\u00f6terskor och studenters vilja att stanna kvar i NGB.<\/p>\n\n\n\n<p>Projektet syftar \u00e4ven till att identifiera behov av relevant kompetensutveckling samt st\u00f6d f\u00f6r professionsutveckling. F\u00f6r att detta ska bli verklighet beh\u00f6ver; regioner och kommuner skapa f\u00f6ruts\u00e4ttningar f\u00f6r att rekrytera och beh\u00e5lla sjuksk\u00f6terskor, l\u00e4ros\u00e4ten beh\u00f6ver arbeta med breddad rekrytering samt erbjuda relevant utbildning. V\u00e5rdgivare och l\u00e4ros\u00e4ten m\u00e5ste \u00e4ven i h\u00f6g grad arbeta tillsammans f\u00f6r att gemensamt st\u00e4rka sjuksk\u00f6terskeprofessionens utveckling i NGB. Detta kan sammantaget p\u00e5 sikt bidra till \u00f6kad tillg\u00e5ng till god och n\u00e4ra v\u00e5rd f\u00f6r inv\u00e5narna i NGB samt en starkare gr\u00e4nsregion.<\/p>\n\n\n\n<p>Du kan lese mer om prosjektet <a href=\"https:\/\/www.miun.se\/Forskning\/forskningsprojekt\/pagaende-forskningsprojekt\/fran-konkurrens-till-samarbete--om-sjukskoterskebristens-dilemma-i-nordens-grona-balte\/\" data-type=\"link\" data-id=\"https:\/\/www.miun.se\/Forskning\/forskningsprojekt\/pagaende-forskningsprojekt\/fran-konkurrens-till-samarbete--om-sjukskoterskebristens-dilemma-i-nordens-grona-balte\/\">her<\/a><\/p>\n\n\n\n<p><\/p>\n\n\n\n<p><\/p>\n","protected":false},"excerpt":{"rendered":"<p>Prosjektperiode: 2025\u20132028 Prosjekteier: Mittuniversitetet (MiUN), Sverige Samarbeidspartnere: MiUN, Nord universitet, Utviklingssenter for sykehjem og hjemmetjenester Tr\u00f8ndelag nord. Prosjektgruppen best\u00e5r av Malin Holmstr\u00f6m Rising, Lars Hammarstr\u00f6m, Ylva R\u00f6nngren, David Haage, Lena Bostr\u00f6m, G\u00f6ran Bostedt, Ann Ekdahl, Fathi Abou Zaid, Siri Andreassen Devik, Rose Mari Olsen, Wenche Wannebo, Hege Rasmussen Eid, Hilde Munkeby og Vibeke Berg. Prosjektleder: [&hellip;]<\/p>\n","protected":false},"author":148,"featured_media":0,"parent":213,"menu_order":0,"comment_status":"closed","ping_status":"closed","template":"","meta":{"footnotes":""},"coauthors":[4],"class_list":["post-389","page","type-page","status-publish","hentry"],"yoast_head":"<!-- This site is optimized with the Yoast SEO plugin v27.4 - https:\/\/yoast.com\/product\/yoast-seo-wordpress\/ -->\n<title>Fra konkurranse til samarbeid: Om sykepleiermangelens dilemma i Norden Gr\u00f8nne Belte - Senter for omsorgsforskning, midt<\/title>\n<meta name=\"robots\" content=\"index, follow, max-snippet:-1, max-image-preview:large, max-video-preview:-1\" \/>\n<link rel=\"canonical\" href=\"https:\/\/site.nord.no\/omsorgsforskning\/prosjekter\/pagaende\/fra-konkurranse-til-samarbeid-om-sykepleiermangelens-dilemma-i-norden-gronne-belte\/\" \/>\n<meta property=\"og:locale\" content=\"nb_NO\" \/>\n<meta property=\"og:type\" content=\"article\" \/>\n<meta property=\"og:title\" content=\"Fra konkurranse til samarbeid: Om sykepleiermangelens dilemma i Norden Gr\u00f8nne Belte - Senter for omsorgsforskning, midt\" \/>\n<meta property=\"og:description\" content=\"Prosjektperiode: 2025\u20132028 Prosjekteier: Mittuniversitetet (MiUN), Sverige Samarbeidspartnere: MiUN, Nord universitet, Utviklingssenter for sykehjem og hjemmetjenester Tr\u00f8ndelag nord. Prosjektgruppen best\u00e5r av Malin Holmstr\u00f6m Rising, Lars Hammarstr\u00f6m, Ylva R\u00f6nngren, David Haage, Lena Bostr\u00f6m, G\u00f6ran Bostedt, Ann Ekdahl, Fathi Abou Zaid, Siri Andreassen Devik, Rose Mari Olsen, Wenche Wannebo, Hege Rasmussen Eid, Hilde Munkeby og Vibeke Berg. Prosjektleder: [&hellip;]\" \/>\n<meta property=\"og:url\" content=\"https:\/\/site.nord.no\/omsorgsforskning\/prosjekter\/pagaende\/fra-konkurranse-til-samarbeid-om-sykepleiermangelens-dilemma-i-norden-gronne-belte\/\" \/>\n<meta property=\"og:site_name\" content=\"Senter for omsorgsforskning, midt\" \/>\n<meta name=\"twitter:card\" content=\"summary_large_image\" \/>\n<meta name=\"twitter:label1\" content=\"Ansl. lesetid\" \/>\n\t<meta name=\"twitter:data1\" content=\"2 minutter\" \/>\n\t<meta name=\"twitter:label2\" content=\"Written by\" \/>\n\t<meta name=\"twitter:data2\" content=\"rosemariolsen\" \/>\n<script type=\"application\/ld+json\" class=\"yoast-schema-graph\">{\"@context\":\"https:\\\/\\\/schema.org\",\"@graph\":[{\"@type\":\"WebPage\",\"@id\":\"https:\\\/\\\/site.nord.no\\\/omsorgsforskning\\\/prosjekter\\\/pagaende\\\/fra-konkurranse-til-samarbeid-om-sykepleiermangelens-dilemma-i-norden-gronne-belte\\\/\",\"url\":\"https:\\\/\\\/site.nord.no\\\/omsorgsforskning\\\/prosjekter\\\/pagaende\\\/fra-konkurranse-til-samarbeid-om-sykepleiermangelens-dilemma-i-norden-gronne-belte\\\/\",\"name\":\"Fra konkurranse til samarbeid: Om sykepleiermangelens dilemma i Norden Gr\u00f8nne Belte - Senter for omsorgsforskning, midt\",\"isPartOf\":{\"@id\":\"https:\\\/\\\/site.nord.no\\\/omsorgsforskning\\\/#website\"},\"datePublished\":\"2025-09-28T20:30:32+00:00\",\"breadcrumb\":{\"@id\":\"https:\\\/\\\/site.nord.no\\\/omsorgsforskning\\\/prosjekter\\\/pagaende\\\/fra-konkurranse-til-samarbeid-om-sykepleiermangelens-dilemma-i-norden-gronne-belte\\\/#breadcrumb\"},\"inLanguage\":\"nb-NO\",\"potentialAction\":[{\"@type\":\"ReadAction\",\"target\":[\"https:\\\/\\\/site.nord.no\\\/omsorgsforskning\\\/prosjekter\\\/pagaende\\\/fra-konkurranse-til-samarbeid-om-sykepleiermangelens-dilemma-i-norden-gronne-belte\\\/\"]}]},{\"@type\":\"BreadcrumbList\",\"@id\":\"https:\\\/\\\/site.nord.no\\\/omsorgsforskning\\\/prosjekter\\\/pagaende\\\/fra-konkurranse-til-samarbeid-om-sykepleiermangelens-dilemma-i-norden-gronne-belte\\\/#breadcrumb\",\"itemListElement\":[{\"@type\":\"ListItem\",\"position\":1,\"name\":\"Hjem\",\"item\":\"https:\\\/\\\/site.nord.no\\\/omsorgsforskning\\\/\"},{\"@type\":\"ListItem\",\"position\":2,\"name\":\"Prosjekter\",\"item\":\"https:\\\/\\\/site.nord.no\\\/omsorgsforskning\\\/prosjekter\\\/\"},{\"@type\":\"ListItem\",\"position\":3,\"name\":\"P\u00e5g\u00e5ende\",\"item\":\"https:\\\/\\\/site.nord.no\\\/omsorgsforskning\\\/prosjekter\\\/pagaende\\\/\"},{\"@type\":\"ListItem\",\"position\":4,\"name\":\"Fra konkurranse til samarbeid: Om sykepleiermangelens dilemma i Norden Gr\u00f8nne Belte\"}]},{\"@type\":\"WebSite\",\"@id\":\"https:\\\/\\\/site.nord.no\\\/omsorgsforskning\\\/#website\",\"url\":\"https:\\\/\\\/site.nord.no\\\/omsorgsforskning\\\/\",\"name\":\"Senter for omsorgsforskning, midt\",\"description\":\"\",\"potentialAction\":[{\"@type\":\"SearchAction\",\"target\":{\"@type\":\"EntryPoint\",\"urlTemplate\":\"https:\\\/\\\/site.nord.no\\\/omsorgsforskning\\\/?s={search_term_string}\"},\"query-input\":{\"@type\":\"PropertyValueSpecification\",\"valueRequired\":true,\"valueName\":\"search_term_string\"}}],\"inLanguage\":\"nb-NO\"}]}<\/script>\n<!-- \/ Yoast SEO plugin. -->","yoast_head_json":{"title":"Fra konkurranse til samarbeid: Om sykepleiermangelens dilemma i Norden Gr\u00f8nne Belte - Senter for omsorgsforskning, midt","robots":{"index":"index","follow":"follow","max-snippet":"max-snippet:-1","max-image-preview":"max-image-preview:large","max-video-preview":"max-video-preview:-1"},"canonical":"https:\/\/site.nord.no\/omsorgsforskning\/prosjekter\/pagaende\/fra-konkurranse-til-samarbeid-om-sykepleiermangelens-dilemma-i-norden-gronne-belte\/","og_locale":"nb_NO","og_type":"article","og_title":"Fra konkurranse til samarbeid: Om sykepleiermangelens dilemma i Norden Gr\u00f8nne Belte - Senter for omsorgsforskning, midt","og_description":"Prosjektperiode: 2025\u20132028 Prosjekteier: Mittuniversitetet (MiUN), Sverige Samarbeidspartnere: MiUN, Nord universitet, Utviklingssenter for sykehjem og hjemmetjenester Tr\u00f8ndelag nord. Prosjektgruppen best\u00e5r av Malin Holmstr\u00f6m Rising, Lars Hammarstr\u00f6m, Ylva R\u00f6nngren, David Haage, Lena Bostr\u00f6m, G\u00f6ran Bostedt, Ann Ekdahl, Fathi Abou Zaid, Siri Andreassen Devik, Rose Mari Olsen, Wenche Wannebo, Hege Rasmussen Eid, Hilde Munkeby og Vibeke Berg. Prosjektleder: [&hellip;]","og_url":"https:\/\/site.nord.no\/omsorgsforskning\/prosjekter\/pagaende\/fra-konkurranse-til-samarbeid-om-sykepleiermangelens-dilemma-i-norden-gronne-belte\/","og_site_name":"Senter for omsorgsforskning, midt","twitter_card":"summary_large_image","twitter_misc":{"Ansl. lesetid":"2 minutter","Written by":"rosemariolsen"},"schema":{"@context":"https:\/\/schema.org","@graph":[{"@type":"WebPage","@id":"https:\/\/site.nord.no\/omsorgsforskning\/prosjekter\/pagaende\/fra-konkurranse-til-samarbeid-om-sykepleiermangelens-dilemma-i-norden-gronne-belte\/","url":"https:\/\/site.nord.no\/omsorgsforskning\/prosjekter\/pagaende\/fra-konkurranse-til-samarbeid-om-sykepleiermangelens-dilemma-i-norden-gronne-belte\/","name":"Fra konkurranse til samarbeid: Om sykepleiermangelens dilemma i Norden Gr\u00f8nne Belte - Senter for omsorgsforskning, midt","isPartOf":{"@id":"https:\/\/site.nord.no\/omsorgsforskning\/#website"},"datePublished":"2025-09-28T20:30:32+00:00","breadcrumb":{"@id":"https:\/\/site.nord.no\/omsorgsforskning\/prosjekter\/pagaende\/fra-konkurranse-til-samarbeid-om-sykepleiermangelens-dilemma-i-norden-gronne-belte\/#breadcrumb"},"inLanguage":"nb-NO","potentialAction":[{"@type":"ReadAction","target":["https:\/\/site.nord.no\/omsorgsforskning\/prosjekter\/pagaende\/fra-konkurranse-til-samarbeid-om-sykepleiermangelens-dilemma-i-norden-gronne-belte\/"]}]},{"@type":"BreadcrumbList","@id":"https:\/\/site.nord.no\/omsorgsforskning\/prosjekter\/pagaende\/fra-konkurranse-til-samarbeid-om-sykepleiermangelens-dilemma-i-norden-gronne-belte\/#breadcrumb","itemListElement":[{"@type":"ListItem","position":1,"name":"Hjem","item":"https:\/\/site.nord.no\/omsorgsforskning\/"},{"@type":"ListItem","position":2,"name":"Prosjekter","item":"https:\/\/site.nord.no\/omsorgsforskning\/prosjekter\/"},{"@type":"ListItem","position":3,"name":"P\u00e5g\u00e5ende","item":"https:\/\/site.nord.no\/omsorgsforskning\/prosjekter\/pagaende\/"},{"@type":"ListItem","position":4,"name":"Fra konkurranse til samarbeid: Om sykepleiermangelens dilemma i Norden Gr\u00f8nne Belte"}]},{"@type":"WebSite","@id":"https:\/\/site.nord.no\/omsorgsforskning\/#website","url":"https:\/\/site.nord.no\/omsorgsforskning\/","name":"Senter for omsorgsforskning, midt","description":"","potentialAction":[{"@type":"SearchAction","target":{"@type":"EntryPoint","urlTemplate":"https:\/\/site.nord.no\/omsorgsforskning\/?s={search_term_string}"},"query-input":{"@type":"PropertyValueSpecification","valueRequired":true,"valueName":"search_term_string"}}],"inLanguage":"nb-NO"}]}},"_links":{"self":[{"href":"https:\/\/site.nord.no\/omsorgsforskning\/wp-json\/wp\/v2\/pages\/389","targetHints":{"allow":["GET"]}}],"collection":[{"href":"https:\/\/site.nord.no\/omsorgsforskning\/wp-json\/wp\/v2\/pages"}],"about":[{"href":"https:\/\/site.nord.no\/omsorgsforskning\/wp-json\/wp\/v2\/types\/page"}],"author":[{"embeddable":true,"href":"https:\/\/site.nord.no\/omsorgsforskning\/wp-json\/wp\/v2\/users\/148"}],"replies":[{"embeddable":true,"href":"https:\/\/site.nord.no\/omsorgsforskning\/wp-json\/wp\/v2\/comments?post=389"}],"version-history":[{"count":5,"href":"https:\/\/site.nord.no\/omsorgsforskning\/wp-json\/wp\/v2\/pages\/389\/revisions"}],"predecessor-version":[{"id":397,"href":"https:\/\/site.nord.no\/omsorgsforskning\/wp-json\/wp\/v2\/pages\/389\/revisions\/397"}],"up":[{"embeddable":true,"href":"https:\/\/site.nord.no\/omsorgsforskning\/wp-json\/wp\/v2\/pages\/213"}],"wp:attachment":[{"href":"https:\/\/site.nord.no\/omsorgsforskning\/wp-json\/wp\/v2\/media?parent=389"}],"wp:term":[{"taxonomy":"author","embeddable":true,"href":"https:\/\/site.nord.no\/omsorgsforskning\/wp-json\/wp\/v2\/coauthors?post=389"}],"curies":[{"name":"wp","href":"https:\/\/api.w.org\/{rel}","templated":true}]}}