{"id":477,"date":"2025-09-29T21:49:03","date_gmt":"2025-09-29T19:49:03","guid":{"rendered":"https:\/\/site.nord.no\/omsorgsforskning\/?page_id=477"},"modified":"2025-09-29T21:49:03","modified_gmt":"2025-09-29T19:49:03","slug":"utelatte-oppgaver-avvik-og-pasientsikkerhet-i-kommunale-helse-og-omsorgstjenester","status":"publish","type":"page","link":"https:\/\/site.nord.no\/omsorgsforskning\/prosjekter\/pagaende\/utelatte-oppgaver-avvik-og-pasientsikkerhet-i-kommunale-helse-og-omsorgstjenester\/","title":{"rendered":"Utelatte oppgaver, avvik og pasientsikkerhet i kommunale helse- og omsorgstjenester"},"content":{"rendered":"\n<h2 class=\"wp-block-heading\">Prosjektperiode: <\/h2>\n\n\n\n<p>2024\u20132025<\/p>\n\n\n\n<h2 class=\"wp-block-heading\">Prosjekteier:<\/h2>\n\n\n\n<p>Nord universitet v\/SOF midt<\/p>\n\n\n\n<h2 class=\"wp-block-heading\">Samarbeidspartnere:<\/h2>\n\n\n\n<p>SOF nord (UiT). SOF vest (HVL), SOF \u00f8st (NTNU Gj\u00f8vik), SOF s\u00f8r (UiA, USN)<\/p>\n\n\n\n<p>Prosjektgruppen best\u00e5r av Rose Mari Olsen, Nina Beate Andfossen, Siri Andreassen Devik, Terje Emil Fredwall, Oddvar F\u00f8rland, Trude Anita Hartviksen og Jill-Marit Moholt.<\/p>\n\n\n\n<h2 class=\"wp-block-heading\">Prosjektleder:<\/h2>\n\n\n\n<p>Rose Mari Olsen<\/p>\n\n\n\n<h2 class=\"wp-block-heading\">Prosjekttype:<\/h2>\n\n\n\n<p>Oppdragsforskning<\/p>\n\n\n\n<h2 class=\"wp-block-heading\">Finansiering:<\/h2>\n\n\n\n<p>Helsedirektoratet<\/p>\n\n\n\n<h2 class=\"wp-block-heading\">Prosjektsammendrag:<\/h2>\n\n\n\n<p>Til tross for \u00f8kende oppmerksomhet rettet mot utelatt helse- og omsorgshjelp samt pasientsikkerhetskultur i kommunene, foreligger det fortsatt begrenset forskningsbasert kunnskap om disse fenomenene i hjemmetjenesten. Det er ogs\u00e5 gjort f\u00e5 studier av hvordan avvik rapporteres og h\u00e5ndteres, samt hvordan slike avvik relaterer seg til utelatt helse- og omsorgshjelp \u2013 b\u00e5de i hjemmetjenesten og sykehjem. Hensikten med studien er \u00e5 kartlegge utelatt helse- og omsorgshjelp og pasientsikkerhetskultur blant ansatte i hjemmetjenesten og \u00e5 utforske forst\u00e5elser av rapportering og h\u00e5ndtering av avvik blant f\u00f8rstelinjeledere og ansatte i sykehjem og hjemmetjenesten.<\/p>\n\n\n\n<p><\/p>\n\n\n\n<p><\/p>\n\n\n\n<p><\/p>\n","protected":false},"excerpt":{"rendered":"<p>Prosjektperiode: 2024\u20132025 Prosjekteier: Nord universitet v\/SOF midt Samarbeidspartnere: SOF nord (UiT). SOF vest (HVL), SOF \u00f8st (NTNU Gj\u00f8vik), SOF s\u00f8r (UiA, USN) Prosjektgruppen best\u00e5r av Rose Mari Olsen, Nina Beate Andfossen, Siri Andreassen Devik, Terje Emil Fredwall, Oddvar F\u00f8rland, Trude Anita Hartviksen og Jill-Marit Moholt. Prosjektleder: Rose Mari Olsen Prosjekttype: Oppdragsforskning Finansiering: Helsedirektoratet Prosjektsammendrag: Til [&hellip;]<\/p>\n","protected":false},"author":148,"featured_media":0,"parent":213,"menu_order":0,"comment_status":"closed","ping_status":"closed","template":"","meta":{"footnotes":""},"coauthors":[4],"class_list":["post-477","page","type-page","status-publish","hentry"],"yoast_head":"<!-- This site is optimized with the Yoast SEO plugin v27.4 - https:\/\/yoast.com\/product\/yoast-seo-wordpress\/ -->\n<title>Utelatte oppgaver, avvik og pasientsikkerhet i kommunale helse- og omsorgstjenester - Senter for omsorgsforskning, midt<\/title>\n<meta name=\"robots\" content=\"index, follow, max-snippet:-1, max-image-preview:large, max-video-preview:-1\" \/>\n<link rel=\"canonical\" href=\"https:\/\/site.nord.no\/omsorgsforskning\/prosjekter\/pagaende\/utelatte-oppgaver-avvik-og-pasientsikkerhet-i-kommunale-helse-og-omsorgstjenester\/\" \/>\n<meta property=\"og:locale\" content=\"nb_NO\" \/>\n<meta property=\"og:type\" content=\"article\" \/>\n<meta property=\"og:title\" content=\"Utelatte oppgaver, avvik og pasientsikkerhet i kommunale helse- og omsorgstjenester - Senter for omsorgsforskning, midt\" \/>\n<meta property=\"og:description\" content=\"Prosjektperiode: 2024\u20132025 Prosjekteier: Nord universitet v\/SOF midt Samarbeidspartnere: SOF nord (UiT). SOF vest (HVL), SOF \u00f8st (NTNU Gj\u00f8vik), SOF s\u00f8r (UiA, USN) Prosjektgruppen best\u00e5r av Rose Mari Olsen, Nina Beate Andfossen, Siri Andreassen Devik, Terje Emil Fredwall, Oddvar F\u00f8rland, Trude Anita Hartviksen og Jill-Marit Moholt. Prosjektleder: Rose Mari Olsen Prosjekttype: Oppdragsforskning Finansiering: Helsedirektoratet Prosjektsammendrag: Til [&hellip;]\" \/>\n<meta property=\"og:url\" content=\"https:\/\/site.nord.no\/omsorgsforskning\/prosjekter\/pagaende\/utelatte-oppgaver-avvik-og-pasientsikkerhet-i-kommunale-helse-og-omsorgstjenester\/\" \/>\n<meta property=\"og:site_name\" content=\"Senter for omsorgsforskning, midt\" \/>\n<meta name=\"twitter:card\" content=\"summary_large_image\" \/>\n<meta name=\"twitter:label1\" content=\"Ansl. lesetid\" \/>\n\t<meta name=\"twitter:data1\" content=\"1 minutt\" \/>\n\t<meta name=\"twitter:label2\" content=\"Written by\" \/>\n\t<meta name=\"twitter:data2\" content=\"rosemariolsen\" \/>\n<script type=\"application\/ld+json\" class=\"yoast-schema-graph\">{\"@context\":\"https:\\\/\\\/schema.org\",\"@graph\":[{\"@type\":\"WebPage\",\"@id\":\"https:\\\/\\\/site.nord.no\\\/omsorgsforskning\\\/prosjekter\\\/pagaende\\\/utelatte-oppgaver-avvik-og-pasientsikkerhet-i-kommunale-helse-og-omsorgstjenester\\\/\",\"url\":\"https:\\\/\\\/site.nord.no\\\/omsorgsforskning\\\/prosjekter\\\/pagaende\\\/utelatte-oppgaver-avvik-og-pasientsikkerhet-i-kommunale-helse-og-omsorgstjenester\\\/\",\"name\":\"Utelatte oppgaver, avvik og pasientsikkerhet i kommunale helse- og omsorgstjenester - Senter for omsorgsforskning, midt\",\"isPartOf\":{\"@id\":\"https:\\\/\\\/site.nord.no\\\/omsorgsforskning\\\/#website\"},\"datePublished\":\"2025-09-29T19:49:03+00:00\",\"breadcrumb\":{\"@id\":\"https:\\\/\\\/site.nord.no\\\/omsorgsforskning\\\/prosjekter\\\/pagaende\\\/utelatte-oppgaver-avvik-og-pasientsikkerhet-i-kommunale-helse-og-omsorgstjenester\\\/#breadcrumb\"},\"inLanguage\":\"nb-NO\",\"potentialAction\":[{\"@type\":\"ReadAction\",\"target\":[\"https:\\\/\\\/site.nord.no\\\/omsorgsforskning\\\/prosjekter\\\/pagaende\\\/utelatte-oppgaver-avvik-og-pasientsikkerhet-i-kommunale-helse-og-omsorgstjenester\\\/\"]}]},{\"@type\":\"BreadcrumbList\",\"@id\":\"https:\\\/\\\/site.nord.no\\\/omsorgsforskning\\\/prosjekter\\\/pagaende\\\/utelatte-oppgaver-avvik-og-pasientsikkerhet-i-kommunale-helse-og-omsorgstjenester\\\/#breadcrumb\",\"itemListElement\":[{\"@type\":\"ListItem\",\"position\":1,\"name\":\"Hjem\",\"item\":\"https:\\\/\\\/site.nord.no\\\/omsorgsforskning\\\/\"},{\"@type\":\"ListItem\",\"position\":2,\"name\":\"Prosjekter\",\"item\":\"https:\\\/\\\/site.nord.no\\\/omsorgsforskning\\\/prosjekter\\\/\"},{\"@type\":\"ListItem\",\"position\":3,\"name\":\"P\u00e5g\u00e5ende\",\"item\":\"https:\\\/\\\/site.nord.no\\\/omsorgsforskning\\\/prosjekter\\\/pagaende\\\/\"},{\"@type\":\"ListItem\",\"position\":4,\"name\":\"Utelatte oppgaver, avvik og pasientsikkerhet i kommunale helse- og omsorgstjenester\"}]},{\"@type\":\"WebSite\",\"@id\":\"https:\\\/\\\/site.nord.no\\\/omsorgsforskning\\\/#website\",\"url\":\"https:\\\/\\\/site.nord.no\\\/omsorgsforskning\\\/\",\"name\":\"Senter for omsorgsforskning, midt\",\"description\":\"\",\"potentialAction\":[{\"@type\":\"SearchAction\",\"target\":{\"@type\":\"EntryPoint\",\"urlTemplate\":\"https:\\\/\\\/site.nord.no\\\/omsorgsforskning\\\/?s={search_term_string}\"},\"query-input\":{\"@type\":\"PropertyValueSpecification\",\"valueRequired\":true,\"valueName\":\"search_term_string\"}}],\"inLanguage\":\"nb-NO\"}]}<\/script>\n<!-- \/ Yoast SEO plugin. -->","yoast_head_json":{"title":"Utelatte oppgaver, avvik og pasientsikkerhet i kommunale helse- og omsorgstjenester - Senter for omsorgsforskning, midt","robots":{"index":"index","follow":"follow","max-snippet":"max-snippet:-1","max-image-preview":"max-image-preview:large","max-video-preview":"max-video-preview:-1"},"canonical":"https:\/\/site.nord.no\/omsorgsforskning\/prosjekter\/pagaende\/utelatte-oppgaver-avvik-og-pasientsikkerhet-i-kommunale-helse-og-omsorgstjenester\/","og_locale":"nb_NO","og_type":"article","og_title":"Utelatte oppgaver, avvik og pasientsikkerhet i kommunale helse- og omsorgstjenester - Senter for omsorgsforskning, midt","og_description":"Prosjektperiode: 2024\u20132025 Prosjekteier: Nord universitet v\/SOF midt Samarbeidspartnere: SOF nord (UiT). SOF vest (HVL), SOF \u00f8st (NTNU Gj\u00f8vik), SOF s\u00f8r (UiA, USN) Prosjektgruppen best\u00e5r av Rose Mari Olsen, Nina Beate Andfossen, Siri Andreassen Devik, Terje Emil Fredwall, Oddvar F\u00f8rland, Trude Anita Hartviksen og Jill-Marit Moholt. Prosjektleder: Rose Mari Olsen Prosjekttype: Oppdragsforskning Finansiering: Helsedirektoratet Prosjektsammendrag: Til [&hellip;]","og_url":"https:\/\/site.nord.no\/omsorgsforskning\/prosjekter\/pagaende\/utelatte-oppgaver-avvik-og-pasientsikkerhet-i-kommunale-helse-og-omsorgstjenester\/","og_site_name":"Senter for omsorgsforskning, midt","twitter_card":"summary_large_image","twitter_misc":{"Ansl. lesetid":"1 minutt","Written by":"rosemariolsen"},"schema":{"@context":"https:\/\/schema.org","@graph":[{"@type":"WebPage","@id":"https:\/\/site.nord.no\/omsorgsforskning\/prosjekter\/pagaende\/utelatte-oppgaver-avvik-og-pasientsikkerhet-i-kommunale-helse-og-omsorgstjenester\/","url":"https:\/\/site.nord.no\/omsorgsforskning\/prosjekter\/pagaende\/utelatte-oppgaver-avvik-og-pasientsikkerhet-i-kommunale-helse-og-omsorgstjenester\/","name":"Utelatte oppgaver, avvik og pasientsikkerhet i kommunale helse- og omsorgstjenester - Senter for omsorgsforskning, midt","isPartOf":{"@id":"https:\/\/site.nord.no\/omsorgsforskning\/#website"},"datePublished":"2025-09-29T19:49:03+00:00","breadcrumb":{"@id":"https:\/\/site.nord.no\/omsorgsforskning\/prosjekter\/pagaende\/utelatte-oppgaver-avvik-og-pasientsikkerhet-i-kommunale-helse-og-omsorgstjenester\/#breadcrumb"},"inLanguage":"nb-NO","potentialAction":[{"@type":"ReadAction","target":["https:\/\/site.nord.no\/omsorgsforskning\/prosjekter\/pagaende\/utelatte-oppgaver-avvik-og-pasientsikkerhet-i-kommunale-helse-og-omsorgstjenester\/"]}]},{"@type":"BreadcrumbList","@id":"https:\/\/site.nord.no\/omsorgsforskning\/prosjekter\/pagaende\/utelatte-oppgaver-avvik-og-pasientsikkerhet-i-kommunale-helse-og-omsorgstjenester\/#breadcrumb","itemListElement":[{"@type":"ListItem","position":1,"name":"Hjem","item":"https:\/\/site.nord.no\/omsorgsforskning\/"},{"@type":"ListItem","position":2,"name":"Prosjekter","item":"https:\/\/site.nord.no\/omsorgsforskning\/prosjekter\/"},{"@type":"ListItem","position":3,"name":"P\u00e5g\u00e5ende","item":"https:\/\/site.nord.no\/omsorgsforskning\/prosjekter\/pagaende\/"},{"@type":"ListItem","position":4,"name":"Utelatte oppgaver, avvik og pasientsikkerhet i kommunale helse- og omsorgstjenester"}]},{"@type":"WebSite","@id":"https:\/\/site.nord.no\/omsorgsforskning\/#website","url":"https:\/\/site.nord.no\/omsorgsforskning\/","name":"Senter for omsorgsforskning, midt","description":"","potentialAction":[{"@type":"SearchAction","target":{"@type":"EntryPoint","urlTemplate":"https:\/\/site.nord.no\/omsorgsforskning\/?s={search_term_string}"},"query-input":{"@type":"PropertyValueSpecification","valueRequired":true,"valueName":"search_term_string"}}],"inLanguage":"nb-NO"}]}},"_links":{"self":[{"href":"https:\/\/site.nord.no\/omsorgsforskning\/wp-json\/wp\/v2\/pages\/477","targetHints":{"allow":["GET"]}}],"collection":[{"href":"https:\/\/site.nord.no\/omsorgsforskning\/wp-json\/wp\/v2\/pages"}],"about":[{"href":"https:\/\/site.nord.no\/omsorgsforskning\/wp-json\/wp\/v2\/types\/page"}],"author":[{"embeddable":true,"href":"https:\/\/site.nord.no\/omsorgsforskning\/wp-json\/wp\/v2\/users\/148"}],"replies":[{"embeddable":true,"href":"https:\/\/site.nord.no\/omsorgsforskning\/wp-json\/wp\/v2\/comments?post=477"}],"version-history":[{"count":2,"href":"https:\/\/site.nord.no\/omsorgsforskning\/wp-json\/wp\/v2\/pages\/477\/revisions"}],"predecessor-version":[{"id":479,"href":"https:\/\/site.nord.no\/omsorgsforskning\/wp-json\/wp\/v2\/pages\/477\/revisions\/479"}],"up":[{"embeddable":true,"href":"https:\/\/site.nord.no\/omsorgsforskning\/wp-json\/wp\/v2\/pages\/213"}],"wp:attachment":[{"href":"https:\/\/site.nord.no\/omsorgsforskning\/wp-json\/wp\/v2\/media?parent=477"}],"wp:term":[{"taxonomy":"author","embeddable":true,"href":"https:\/\/site.nord.no\/omsorgsforskning\/wp-json\/wp\/v2\/coauthors?post=477"}],"curies":[{"name":"wp","href":"https:\/\/api.w.org\/{rel}","templated":true}]}}