{"id":483,"date":"2025-09-29T22:16:15","date_gmt":"2025-09-29T20:16:15","guid":{"rendered":"https:\/\/site.nord.no\/omsorgsforskning\/?page_id=483"},"modified":"2025-09-29T22:18:52","modified_gmt":"2025-09-29T20:18:52","slug":"digital-veileder-for-parorendearbeid-i-kommunal-helse-og-omsorgstjeneste","status":"publish","type":"page","link":"https:\/\/site.nord.no\/omsorgsforskning\/prosjekter\/pagaende\/digital-veileder-for-parorendearbeid-i-kommunal-helse-og-omsorgstjeneste\/","title":{"rendered":"Digital veileder for p\u00e5r\u00f8rendearbeid i kommunal helse- og omsorgstjeneste"},"content":{"rendered":"\n<h2 class=\"wp-block-heading\">Prosjektperiode: <\/h2>\n\n\n\n<p>2024\u20132026<\/p>\n\n\n\n<h2 class=\"wp-block-heading\">Prosjekteier:<\/h2>\n\n\n\n<p>Nord universitet v\/SOF midt<\/p>\n\n\n\n<h2 class=\"wp-block-heading\">Samarbeidspartnere:<\/h2>\n\n\n\n<p>Nord universitet v\/SOF midt, Utviklingssenter for sykehjem og hjemmetjenester Tr\u00f8ndelag.<\/p>\n\n\n\n<p>Prosjektgruppen best\u00e5r av Hege Rasmussen Eid, Siri Andreassen Devik, Gunn Eva Solum Myren, Rose Mari Olsen.<\/p>\n\n\n\n<h2 class=\"wp-block-heading\">Prosjektleder:<\/h2>\n\n\n\n<p>Hege Rasmussen Eid<\/p>\n\n\n\n<h2 class=\"wp-block-heading\">Prosjekttype:<\/h2>\n\n\n\n<p>Anvendt forskning<\/p>\n\n\n\n<h2 class=\"wp-block-heading\">Finansiering:<\/h2>\n\n\n\n<p>Stiftelsen Dam, Nord universitet v\/SOF midt<\/p>\n\n\n\n<h2 class=\"wp-block-heading\">Prosjektsammendrag:<\/h2>\n\n\n\n<p>USHT Tr\u00f8ndelag gjennomf\u00f8rte i 2023 en sp\u00f8rreunders\u00f8kelse blant helsepersonell, som viste behov for mer kompetanse i kommunikasjon med p\u00e5r\u00f8rende, spesielt ved livets sluttfase, samt kunnskap om lover og rettigheter. De etterlyste ogs\u00e5 mer kunnskap om vurdering av p\u00e5r\u00f8rendes belastning og mange \u00f8nsket seg et lett tilgjengelig verkt\u00f8y. USHT har med \u00f8konomisk st\u00f8tte fra Helsedirektoratet utviklet en digital veileder for p\u00e5r\u00f8rendearbeid med m\u00e5l om \u00e5 gi helsepersonell en veiviser i p\u00e5r\u00f8rendearbeid. Den prim\u00e6re m\u00e5lgruppen er helsepersonell, men form\u00e5let er \u00e5 gj\u00f8re personalet bedre i stand til \u00e5 st\u00f8tte og f\u00f8lge opp p\u00e5r\u00f8rende til brukere som bor p\u00e5 sykeheim eller i omsorgsboliger. For \u00e5 kunne videreutvikle og tilpasse den digitale veilederen og bruken til personalets behov, gjennomf\u00f8rer SOF midt f\u00f8lgeforskning for \u00e5 innhente erfaringer med p\u00e5r\u00f8rendearbeid generelt og forventninger til verkt\u00f8yet f\u00f8r pilotering, samt erfaringer under og etter pilotering. M\u00e5let er at verkt\u00f8yet skal v\u00e6re overf\u00f8rbart til alle helse- og omsorgstjenester.<\/p>\n\n\n\n<p><\/p>\n\n\n\n<p><\/p>\n\n\n\n<p><\/p>\n\n\n\n<p><\/p>\n","protected":false},"excerpt":{"rendered":"<p>Prosjektperiode: 2024\u20132026 Prosjekteier: Nord universitet v\/SOF midt Samarbeidspartnere: Nord universitet v\/SOF midt, Utviklingssenter for sykehjem og hjemmetjenester Tr\u00f8ndelag. Prosjektgruppen best\u00e5r av Hege Rasmussen Eid, Siri Andreassen Devik, Gunn Eva Solum Myren, Rose Mari Olsen. Prosjektleder: Hege Rasmussen Eid Prosjekttype: Anvendt forskning Finansiering: Stiftelsen Dam, Nord universitet v\/SOF midt Prosjektsammendrag: USHT Tr\u00f8ndelag gjennomf\u00f8rte i 2023 en [&hellip;]<\/p>\n","protected":false},"author":148,"featured_media":0,"parent":213,"menu_order":0,"comment_status":"closed","ping_status":"closed","template":"","meta":{"footnotes":""},"coauthors":[4],"class_list":["post-483","page","type-page","status-publish","hentry"],"yoast_head":"<!-- This site is optimized with the Yoast SEO plugin v27.4 - https:\/\/yoast.com\/product\/yoast-seo-wordpress\/ -->\n<title>Digital veileder for p\u00e5r\u00f8rendearbeid i kommunal helse- og omsorgstjeneste - Senter for omsorgsforskning, midt<\/title>\n<meta name=\"robots\" content=\"index, follow, max-snippet:-1, max-image-preview:large, max-video-preview:-1\" \/>\n<link rel=\"canonical\" href=\"https:\/\/site.nord.no\/omsorgsforskning\/prosjekter\/pagaende\/digital-veileder-for-parorendearbeid-i-kommunal-helse-og-omsorgstjeneste\/\" \/>\n<meta property=\"og:locale\" content=\"nb_NO\" \/>\n<meta property=\"og:type\" content=\"article\" \/>\n<meta property=\"og:title\" content=\"Digital veileder for p\u00e5r\u00f8rendearbeid i kommunal helse- og omsorgstjeneste - Senter for omsorgsforskning, midt\" \/>\n<meta property=\"og:description\" content=\"Prosjektperiode: 2024\u20132026 Prosjekteier: Nord universitet v\/SOF midt Samarbeidspartnere: Nord universitet v\/SOF midt, Utviklingssenter for sykehjem og hjemmetjenester Tr\u00f8ndelag. Prosjektgruppen best\u00e5r av Hege Rasmussen Eid, Siri Andreassen Devik, Gunn Eva Solum Myren, Rose Mari Olsen. Prosjektleder: Hege Rasmussen Eid Prosjekttype: Anvendt forskning Finansiering: Stiftelsen Dam, Nord universitet v\/SOF midt Prosjektsammendrag: USHT Tr\u00f8ndelag gjennomf\u00f8rte i 2023 en [&hellip;]\" \/>\n<meta property=\"og:url\" content=\"https:\/\/site.nord.no\/omsorgsforskning\/prosjekter\/pagaende\/digital-veileder-for-parorendearbeid-i-kommunal-helse-og-omsorgstjeneste\/\" \/>\n<meta property=\"og:site_name\" content=\"Senter for omsorgsforskning, midt\" \/>\n<meta property=\"article:modified_time\" content=\"2025-09-29T20:18:52+00:00\" \/>\n<meta name=\"twitter:card\" content=\"summary_large_image\" \/>\n<meta name=\"twitter:label1\" content=\"Ansl. lesetid\" \/>\n\t<meta name=\"twitter:data1\" content=\"1 minutt\" \/>\n\t<meta name=\"twitter:label2\" content=\"Written by\" \/>\n\t<meta name=\"twitter:data2\" content=\"rosemariolsen\" \/>\n<script type=\"application\/ld+json\" class=\"yoast-schema-graph\">{\"@context\":\"https:\\\/\\\/schema.org\",\"@graph\":[{\"@type\":\"WebPage\",\"@id\":\"https:\\\/\\\/site.nord.no\\\/omsorgsforskning\\\/prosjekter\\\/pagaende\\\/digital-veileder-for-parorendearbeid-i-kommunal-helse-og-omsorgstjeneste\\\/\",\"url\":\"https:\\\/\\\/site.nord.no\\\/omsorgsforskning\\\/prosjekter\\\/pagaende\\\/digital-veileder-for-parorendearbeid-i-kommunal-helse-og-omsorgstjeneste\\\/\",\"name\":\"Digital veileder for p\u00e5r\u00f8rendearbeid i kommunal helse- og omsorgstjeneste - Senter for omsorgsforskning, midt\",\"isPartOf\":{\"@id\":\"https:\\\/\\\/site.nord.no\\\/omsorgsforskning\\\/#website\"},\"datePublished\":\"2025-09-29T20:16:15+00:00\",\"dateModified\":\"2025-09-29T20:18:52+00:00\",\"breadcrumb\":{\"@id\":\"https:\\\/\\\/site.nord.no\\\/omsorgsforskning\\\/prosjekter\\\/pagaende\\\/digital-veileder-for-parorendearbeid-i-kommunal-helse-og-omsorgstjeneste\\\/#breadcrumb\"},\"inLanguage\":\"nb-NO\",\"potentialAction\":[{\"@type\":\"ReadAction\",\"target\":[\"https:\\\/\\\/site.nord.no\\\/omsorgsforskning\\\/prosjekter\\\/pagaende\\\/digital-veileder-for-parorendearbeid-i-kommunal-helse-og-omsorgstjeneste\\\/\"]}]},{\"@type\":\"BreadcrumbList\",\"@id\":\"https:\\\/\\\/site.nord.no\\\/omsorgsforskning\\\/prosjekter\\\/pagaende\\\/digital-veileder-for-parorendearbeid-i-kommunal-helse-og-omsorgstjeneste\\\/#breadcrumb\",\"itemListElement\":[{\"@type\":\"ListItem\",\"position\":1,\"name\":\"Hjem\",\"item\":\"https:\\\/\\\/site.nord.no\\\/omsorgsforskning\\\/\"},{\"@type\":\"ListItem\",\"position\":2,\"name\":\"Prosjekter\",\"item\":\"https:\\\/\\\/site.nord.no\\\/omsorgsforskning\\\/prosjekter\\\/\"},{\"@type\":\"ListItem\",\"position\":3,\"name\":\"P\u00e5g\u00e5ende\",\"item\":\"https:\\\/\\\/site.nord.no\\\/omsorgsforskning\\\/prosjekter\\\/pagaende\\\/\"},{\"@type\":\"ListItem\",\"position\":4,\"name\":\"Digital veileder for p\u00e5r\u00f8rendearbeid i kommunal helse- og omsorgstjeneste\"}]},{\"@type\":\"WebSite\",\"@id\":\"https:\\\/\\\/site.nord.no\\\/omsorgsforskning\\\/#website\",\"url\":\"https:\\\/\\\/site.nord.no\\\/omsorgsforskning\\\/\",\"name\":\"Senter for omsorgsforskning, midt\",\"description\":\"\",\"potentialAction\":[{\"@type\":\"SearchAction\",\"target\":{\"@type\":\"EntryPoint\",\"urlTemplate\":\"https:\\\/\\\/site.nord.no\\\/omsorgsforskning\\\/?s={search_term_string}\"},\"query-input\":{\"@type\":\"PropertyValueSpecification\",\"valueRequired\":true,\"valueName\":\"search_term_string\"}}],\"inLanguage\":\"nb-NO\"}]}<\/script>\n<!-- \/ Yoast SEO plugin. -->","yoast_head_json":{"title":"Digital veileder for p\u00e5r\u00f8rendearbeid i kommunal helse- og omsorgstjeneste - Senter for omsorgsforskning, midt","robots":{"index":"index","follow":"follow","max-snippet":"max-snippet:-1","max-image-preview":"max-image-preview:large","max-video-preview":"max-video-preview:-1"},"canonical":"https:\/\/site.nord.no\/omsorgsforskning\/prosjekter\/pagaende\/digital-veileder-for-parorendearbeid-i-kommunal-helse-og-omsorgstjeneste\/","og_locale":"nb_NO","og_type":"article","og_title":"Digital veileder for p\u00e5r\u00f8rendearbeid i kommunal helse- og omsorgstjeneste - Senter for omsorgsforskning, midt","og_description":"Prosjektperiode: 2024\u20132026 Prosjekteier: Nord universitet v\/SOF midt Samarbeidspartnere: Nord universitet v\/SOF midt, Utviklingssenter for sykehjem og hjemmetjenester Tr\u00f8ndelag. Prosjektgruppen best\u00e5r av Hege Rasmussen Eid, Siri Andreassen Devik, Gunn Eva Solum Myren, Rose Mari Olsen. Prosjektleder: Hege Rasmussen Eid Prosjekttype: Anvendt forskning Finansiering: Stiftelsen Dam, Nord universitet v\/SOF midt Prosjektsammendrag: USHT Tr\u00f8ndelag gjennomf\u00f8rte i 2023 en [&hellip;]","og_url":"https:\/\/site.nord.no\/omsorgsforskning\/prosjekter\/pagaende\/digital-veileder-for-parorendearbeid-i-kommunal-helse-og-omsorgstjeneste\/","og_site_name":"Senter for omsorgsforskning, midt","article_modified_time":"2025-09-29T20:18:52+00:00","twitter_card":"summary_large_image","twitter_misc":{"Ansl. lesetid":"1 minutt","Written by":"rosemariolsen"},"schema":{"@context":"https:\/\/schema.org","@graph":[{"@type":"WebPage","@id":"https:\/\/site.nord.no\/omsorgsforskning\/prosjekter\/pagaende\/digital-veileder-for-parorendearbeid-i-kommunal-helse-og-omsorgstjeneste\/","url":"https:\/\/site.nord.no\/omsorgsforskning\/prosjekter\/pagaende\/digital-veileder-for-parorendearbeid-i-kommunal-helse-og-omsorgstjeneste\/","name":"Digital veileder for p\u00e5r\u00f8rendearbeid i kommunal helse- og omsorgstjeneste - Senter for omsorgsforskning, midt","isPartOf":{"@id":"https:\/\/site.nord.no\/omsorgsforskning\/#website"},"datePublished":"2025-09-29T20:16:15+00:00","dateModified":"2025-09-29T20:18:52+00:00","breadcrumb":{"@id":"https:\/\/site.nord.no\/omsorgsforskning\/prosjekter\/pagaende\/digital-veileder-for-parorendearbeid-i-kommunal-helse-og-omsorgstjeneste\/#breadcrumb"},"inLanguage":"nb-NO","potentialAction":[{"@type":"ReadAction","target":["https:\/\/site.nord.no\/omsorgsforskning\/prosjekter\/pagaende\/digital-veileder-for-parorendearbeid-i-kommunal-helse-og-omsorgstjeneste\/"]}]},{"@type":"BreadcrumbList","@id":"https:\/\/site.nord.no\/omsorgsforskning\/prosjekter\/pagaende\/digital-veileder-for-parorendearbeid-i-kommunal-helse-og-omsorgstjeneste\/#breadcrumb","itemListElement":[{"@type":"ListItem","position":1,"name":"Hjem","item":"https:\/\/site.nord.no\/omsorgsforskning\/"},{"@type":"ListItem","position":2,"name":"Prosjekter","item":"https:\/\/site.nord.no\/omsorgsforskning\/prosjekter\/"},{"@type":"ListItem","position":3,"name":"P\u00e5g\u00e5ende","item":"https:\/\/site.nord.no\/omsorgsforskning\/prosjekter\/pagaende\/"},{"@type":"ListItem","position":4,"name":"Digital veileder for p\u00e5r\u00f8rendearbeid i kommunal helse- og omsorgstjeneste"}]},{"@type":"WebSite","@id":"https:\/\/site.nord.no\/omsorgsforskning\/#website","url":"https:\/\/site.nord.no\/omsorgsforskning\/","name":"Senter for omsorgsforskning, midt","description":"","potentialAction":[{"@type":"SearchAction","target":{"@type":"EntryPoint","urlTemplate":"https:\/\/site.nord.no\/omsorgsforskning\/?s={search_term_string}"},"query-input":{"@type":"PropertyValueSpecification","valueRequired":true,"valueName":"search_term_string"}}],"inLanguage":"nb-NO"}]}},"_links":{"self":[{"href":"https:\/\/site.nord.no\/omsorgsforskning\/wp-json\/wp\/v2\/pages\/483","targetHints":{"allow":["GET"]}}],"collection":[{"href":"https:\/\/site.nord.no\/omsorgsforskning\/wp-json\/wp\/v2\/pages"}],"about":[{"href":"https:\/\/site.nord.no\/omsorgsforskning\/wp-json\/wp\/v2\/types\/page"}],"author":[{"embeddable":true,"href":"https:\/\/site.nord.no\/omsorgsforskning\/wp-json\/wp\/v2\/users\/148"}],"replies":[{"embeddable":true,"href":"https:\/\/site.nord.no\/omsorgsforskning\/wp-json\/wp\/v2\/comments?post=483"}],"version-history":[{"count":6,"href":"https:\/\/site.nord.no\/omsorgsforskning\/wp-json\/wp\/v2\/pages\/483\/revisions"}],"predecessor-version":[{"id":489,"href":"https:\/\/site.nord.no\/omsorgsforskning\/wp-json\/wp\/v2\/pages\/483\/revisions\/489"}],"up":[{"embeddable":true,"href":"https:\/\/site.nord.no\/omsorgsforskning\/wp-json\/wp\/v2\/pages\/213"}],"wp:attachment":[{"href":"https:\/\/site.nord.no\/omsorgsforskning\/wp-json\/wp\/v2\/media?parent=483"}],"wp:term":[{"taxonomy":"author","embeddable":true,"href":"https:\/\/site.nord.no\/omsorgsforskning\/wp-json\/wp\/v2\/coauthors?post=483"}],"curies":[{"name":"wp","href":"https:\/\/api.w.org\/{rel}","templated":true}]}}