{"id":500,"date":"2025-09-29T23:46:28","date_gmt":"2025-09-29T21:46:28","guid":{"rendered":"https:\/\/site.nord.no\/omsorgsforskning\/?page_id=500"},"modified":"2025-09-29T23:46:28","modified_gmt":"2025-09-29T21:46:28","slug":"ufullstendig-helse-og-omsorgshjelp-og-kompetansebehov-i-sykehjem","status":"publish","type":"page","link":"https:\/\/site.nord.no\/omsorgsforskning\/prosjekter\/avsluttede\/ufullstendig-helse-og-omsorgshjelp-og-kompetansebehov-i-sykehjem\/","title":{"rendered":"Ufullstendig helse- og omsorgshjelp og kompetansebehov i sykehjem"},"content":{"rendered":"\n<h2 class=\"wp-block-heading\">Prosjektperiode: <\/h2>\n\n\n\n<p>2021-2022<\/p>\n\n\n\n<h2 class=\"wp-block-heading\">Prosjekteier:<\/h2>\n\n\n\n<p>Nord universitet v\/SOF midt<\/p>\n\n\n\n<h2 class=\"wp-block-heading\">Samarbeidspartnere:<\/h2>\n\n\n\n<p>SOF nord (UiT), SOF vest (HVL), SOF \u00f8st (NTNU Gj\u00f8vik), SOF s\u00f8r (UiA\/USN). Prosjektgruppen best\u00e5r av Rose Mari Olsen, Nina Beate Andfossen, Siri Andreassen Devik, Terje Emil Fredwall, Oddvar F\u00f8rland og Jill-Marit Moholt..<\/p>\n\n\n\n<h2 class=\"wp-block-heading\">Prosjektleder:<\/h2>\n\n\n\n<p>Rose Mari Olsen<\/p>\n\n\n\n<h2 class=\"wp-block-heading\">Prosjekttype:<\/h2>\n\n\n\n<p>Oppdragsforskning<\/p>\n\n\n\n<h2 class=\"wp-block-heading\">Finansiering:<\/h2>\n\n\n\n<p>Helsedirektoratet<\/p>\n\n\n\n<h2 class=\"wp-block-heading\">Prosjektsammendrag:<\/h2>\n\n\n\n<p>Tidligere forskning viser at ufullstendig helse- og omsorgshjelp er vanlig i helse- og omsorgstjenestene i kommuner. Misforhold mellom bemanning og hjelpebehov\/pleietyngde, samt kompetanseutfordringer i tjenestene, kan v\u00e6re medvirkende \u00e5rsaker til at helse- og omsorgshjelpen blir ufullstendig. Det har v\u00e6rt p\u00e5pekt behov for flere studier om ufullstendig helse- og omsorgshjelp i sykehjem, og ledelsens perspektiv er trukket frem som et av hullene i forskningen p\u00e5 omr\u00e5det. F\u00f8lgende problemstillinger var f\u00f8rende for arbeidet med denne studien: 1) Hvordan h\u00e5ndterer ledere i sykehjem balansen mellom pasientbehov, kompetanse og kapasitet? 2) Hvilken forekomst og typer av ufullstendig helse- og omsorgshjelp finnes i norske sykehjem? 3) Hvilke sammenhenger kan identifiseres mellom ufullstendig helse- og omsorgshjelp i sykehjem og karakteristika ved ansatte? 4) Hvilke sammenhenger kan identifiseres mellom ufullstendig helse- og omsorgshjelp i sykehjem og personalressurser, karakteristika og organisasjonsmessige forhold ved kommunene, sykehjemmene og dets beboere? For \u00e5 svare p\u00e5 disse sp\u00f8rsm\u00e5lene har vi brukt b\u00e5de kvantitativ (problemstilling 1-3) og kvalitativ metode (problemstilling 4).<\/p>\n\n\n\n<p><\/p>\n\n\n\n<p>Sluttrapporten er tilgjengelig i fulltekst p\u00e5 <a href=\"https:\/\/hdl.handle.net\/11250\/3049970\">Omsorgsbiblioteket<\/a><\/p>\n\n\n\n<p>.<\/p>\n\n\n\n<p><\/p>\n\n\n\n<p><\/p>\n\n\n\n<p><\/p>\n","protected":false},"excerpt":{"rendered":"<p>Prosjektperiode: 2021-2022 Prosjekteier: Nord universitet v\/SOF midt Samarbeidspartnere: SOF nord (UiT), SOF vest (HVL), SOF \u00f8st (NTNU Gj\u00f8vik), SOF s\u00f8r (UiA\/USN). Prosjektgruppen best\u00e5r av Rose Mari Olsen, Nina Beate Andfossen, Siri Andreassen Devik, Terje Emil Fredwall, Oddvar F\u00f8rland og Jill-Marit Moholt.. Prosjektleder: Rose Mari Olsen Prosjekttype: Oppdragsforskning Finansiering: Helsedirektoratet Prosjektsammendrag: Tidligere forskning viser at ufullstendig [&hellip;]<\/p>\n","protected":false},"author":148,"featured_media":0,"parent":215,"menu_order":0,"comment_status":"closed","ping_status":"closed","template":"","meta":{"footnotes":""},"coauthors":[4],"class_list":["post-500","page","type-page","status-publish","hentry"],"yoast_head":"<!-- This site is optimized with the Yoast SEO plugin v27.4 - https:\/\/yoast.com\/product\/yoast-seo-wordpress\/ -->\n<title>Ufullstendig helse- og omsorgshjelp og kompetansebehov i sykehjem - Senter for omsorgsforskning, midt<\/title>\n<meta name=\"robots\" content=\"index, follow, max-snippet:-1, max-image-preview:large, max-video-preview:-1\" \/>\n<link rel=\"canonical\" href=\"https:\/\/site.nord.no\/omsorgsforskning\/prosjekter\/avsluttede\/ufullstendig-helse-og-omsorgshjelp-og-kompetansebehov-i-sykehjem\/\" \/>\n<meta property=\"og:locale\" content=\"nb_NO\" \/>\n<meta property=\"og:type\" content=\"article\" \/>\n<meta property=\"og:title\" content=\"Ufullstendig helse- og omsorgshjelp og kompetansebehov i sykehjem - Senter for omsorgsforskning, midt\" \/>\n<meta property=\"og:description\" content=\"Prosjektperiode: 2021-2022 Prosjekteier: Nord universitet v\/SOF midt Samarbeidspartnere: SOF nord (UiT), SOF vest (HVL), SOF \u00f8st (NTNU Gj\u00f8vik), SOF s\u00f8r (UiA\/USN). Prosjektgruppen best\u00e5r av Rose Mari Olsen, Nina Beate Andfossen, Siri Andreassen Devik, Terje Emil Fredwall, Oddvar F\u00f8rland og Jill-Marit Moholt.. Prosjektleder: Rose Mari Olsen Prosjekttype: Oppdragsforskning Finansiering: Helsedirektoratet Prosjektsammendrag: Tidligere forskning viser at ufullstendig [&hellip;]\" \/>\n<meta property=\"og:url\" content=\"https:\/\/site.nord.no\/omsorgsforskning\/prosjekter\/avsluttede\/ufullstendig-helse-og-omsorgshjelp-og-kompetansebehov-i-sykehjem\/\" \/>\n<meta property=\"og:site_name\" content=\"Senter for omsorgsforskning, midt\" \/>\n<meta name=\"twitter:card\" content=\"summary_large_image\" \/>\n<meta name=\"twitter:label1\" content=\"Ansl. lesetid\" \/>\n\t<meta name=\"twitter:data1\" content=\"1 minutt\" \/>\n\t<meta name=\"twitter:label2\" content=\"Written by\" \/>\n\t<meta name=\"twitter:data2\" content=\"rosemariolsen\" \/>\n<script type=\"application\/ld+json\" class=\"yoast-schema-graph\">{\"@context\":\"https:\\\/\\\/schema.org\",\"@graph\":[{\"@type\":\"WebPage\",\"@id\":\"https:\\\/\\\/site.nord.no\\\/omsorgsforskning\\\/prosjekter\\\/avsluttede\\\/ufullstendig-helse-og-omsorgshjelp-og-kompetansebehov-i-sykehjem\\\/\",\"url\":\"https:\\\/\\\/site.nord.no\\\/omsorgsforskning\\\/prosjekter\\\/avsluttede\\\/ufullstendig-helse-og-omsorgshjelp-og-kompetansebehov-i-sykehjem\\\/\",\"name\":\"Ufullstendig helse- og omsorgshjelp og kompetansebehov i sykehjem - Senter for omsorgsforskning, midt\",\"isPartOf\":{\"@id\":\"https:\\\/\\\/site.nord.no\\\/omsorgsforskning\\\/#website\"},\"datePublished\":\"2025-09-29T21:46:28+00:00\",\"breadcrumb\":{\"@id\":\"https:\\\/\\\/site.nord.no\\\/omsorgsforskning\\\/prosjekter\\\/avsluttede\\\/ufullstendig-helse-og-omsorgshjelp-og-kompetansebehov-i-sykehjem\\\/#breadcrumb\"},\"inLanguage\":\"nb-NO\",\"potentialAction\":[{\"@type\":\"ReadAction\",\"target\":[\"https:\\\/\\\/site.nord.no\\\/omsorgsforskning\\\/prosjekter\\\/avsluttede\\\/ufullstendig-helse-og-omsorgshjelp-og-kompetansebehov-i-sykehjem\\\/\"]}]},{\"@type\":\"BreadcrumbList\",\"@id\":\"https:\\\/\\\/site.nord.no\\\/omsorgsforskning\\\/prosjekter\\\/avsluttede\\\/ufullstendig-helse-og-omsorgshjelp-og-kompetansebehov-i-sykehjem\\\/#breadcrumb\",\"itemListElement\":[{\"@type\":\"ListItem\",\"position\":1,\"name\":\"Hjem\",\"item\":\"https:\\\/\\\/site.nord.no\\\/omsorgsforskning\\\/\"},{\"@type\":\"ListItem\",\"position\":2,\"name\":\"Prosjekter\",\"item\":\"https:\\\/\\\/site.nord.no\\\/omsorgsforskning\\\/prosjekter\\\/\"},{\"@type\":\"ListItem\",\"position\":3,\"name\":\"Avsluttede\",\"item\":\"https:\\\/\\\/site.nord.no\\\/omsorgsforskning\\\/prosjekter\\\/avsluttede\\\/\"},{\"@type\":\"ListItem\",\"position\":4,\"name\":\"Ufullstendig helse- og omsorgshjelp og kompetansebehov i sykehjem\"}]},{\"@type\":\"WebSite\",\"@id\":\"https:\\\/\\\/site.nord.no\\\/omsorgsforskning\\\/#website\",\"url\":\"https:\\\/\\\/site.nord.no\\\/omsorgsforskning\\\/\",\"name\":\"Senter for omsorgsforskning, midt\",\"description\":\"\",\"potentialAction\":[{\"@type\":\"SearchAction\",\"target\":{\"@type\":\"EntryPoint\",\"urlTemplate\":\"https:\\\/\\\/site.nord.no\\\/omsorgsforskning\\\/?s={search_term_string}\"},\"query-input\":{\"@type\":\"PropertyValueSpecification\",\"valueRequired\":true,\"valueName\":\"search_term_string\"}}],\"inLanguage\":\"nb-NO\"}]}<\/script>\n<!-- \/ Yoast SEO plugin. -->","yoast_head_json":{"title":"Ufullstendig helse- og omsorgshjelp og kompetansebehov i sykehjem - Senter for omsorgsforskning, midt","robots":{"index":"index","follow":"follow","max-snippet":"max-snippet:-1","max-image-preview":"max-image-preview:large","max-video-preview":"max-video-preview:-1"},"canonical":"https:\/\/site.nord.no\/omsorgsforskning\/prosjekter\/avsluttede\/ufullstendig-helse-og-omsorgshjelp-og-kompetansebehov-i-sykehjem\/","og_locale":"nb_NO","og_type":"article","og_title":"Ufullstendig helse- og omsorgshjelp og kompetansebehov i sykehjem - Senter for omsorgsforskning, midt","og_description":"Prosjektperiode: 2021-2022 Prosjekteier: Nord universitet v\/SOF midt Samarbeidspartnere: SOF nord (UiT), SOF vest (HVL), SOF \u00f8st (NTNU Gj\u00f8vik), SOF s\u00f8r (UiA\/USN). Prosjektgruppen best\u00e5r av Rose Mari Olsen, Nina Beate Andfossen, Siri Andreassen Devik, Terje Emil Fredwall, Oddvar F\u00f8rland og Jill-Marit Moholt.. Prosjektleder: Rose Mari Olsen Prosjekttype: Oppdragsforskning Finansiering: Helsedirektoratet Prosjektsammendrag: Tidligere forskning viser at ufullstendig [&hellip;]","og_url":"https:\/\/site.nord.no\/omsorgsforskning\/prosjekter\/avsluttede\/ufullstendig-helse-og-omsorgshjelp-og-kompetansebehov-i-sykehjem\/","og_site_name":"Senter for omsorgsforskning, midt","twitter_card":"summary_large_image","twitter_misc":{"Ansl. lesetid":"1 minutt","Written by":"rosemariolsen"},"schema":{"@context":"https:\/\/schema.org","@graph":[{"@type":"WebPage","@id":"https:\/\/site.nord.no\/omsorgsforskning\/prosjekter\/avsluttede\/ufullstendig-helse-og-omsorgshjelp-og-kompetansebehov-i-sykehjem\/","url":"https:\/\/site.nord.no\/omsorgsforskning\/prosjekter\/avsluttede\/ufullstendig-helse-og-omsorgshjelp-og-kompetansebehov-i-sykehjem\/","name":"Ufullstendig helse- og omsorgshjelp og kompetansebehov i sykehjem - Senter for omsorgsforskning, midt","isPartOf":{"@id":"https:\/\/site.nord.no\/omsorgsforskning\/#website"},"datePublished":"2025-09-29T21:46:28+00:00","breadcrumb":{"@id":"https:\/\/site.nord.no\/omsorgsforskning\/prosjekter\/avsluttede\/ufullstendig-helse-og-omsorgshjelp-og-kompetansebehov-i-sykehjem\/#breadcrumb"},"inLanguage":"nb-NO","potentialAction":[{"@type":"ReadAction","target":["https:\/\/site.nord.no\/omsorgsforskning\/prosjekter\/avsluttede\/ufullstendig-helse-og-omsorgshjelp-og-kompetansebehov-i-sykehjem\/"]}]},{"@type":"BreadcrumbList","@id":"https:\/\/site.nord.no\/omsorgsforskning\/prosjekter\/avsluttede\/ufullstendig-helse-og-omsorgshjelp-og-kompetansebehov-i-sykehjem\/#breadcrumb","itemListElement":[{"@type":"ListItem","position":1,"name":"Hjem","item":"https:\/\/site.nord.no\/omsorgsforskning\/"},{"@type":"ListItem","position":2,"name":"Prosjekter","item":"https:\/\/site.nord.no\/omsorgsforskning\/prosjekter\/"},{"@type":"ListItem","position":3,"name":"Avsluttede","item":"https:\/\/site.nord.no\/omsorgsforskning\/prosjekter\/avsluttede\/"},{"@type":"ListItem","position":4,"name":"Ufullstendig helse- og omsorgshjelp og kompetansebehov i sykehjem"}]},{"@type":"WebSite","@id":"https:\/\/site.nord.no\/omsorgsforskning\/#website","url":"https:\/\/site.nord.no\/omsorgsforskning\/","name":"Senter for omsorgsforskning, midt","description":"","potentialAction":[{"@type":"SearchAction","target":{"@type":"EntryPoint","urlTemplate":"https:\/\/site.nord.no\/omsorgsforskning\/?s={search_term_string}"},"query-input":{"@type":"PropertyValueSpecification","valueRequired":true,"valueName":"search_term_string"}}],"inLanguage":"nb-NO"}]}},"_links":{"self":[{"href":"https:\/\/site.nord.no\/omsorgsforskning\/wp-json\/wp\/v2\/pages\/500","targetHints":{"allow":["GET"]}}],"collection":[{"href":"https:\/\/site.nord.no\/omsorgsforskning\/wp-json\/wp\/v2\/pages"}],"about":[{"href":"https:\/\/site.nord.no\/omsorgsforskning\/wp-json\/wp\/v2\/types\/page"}],"author":[{"embeddable":true,"href":"https:\/\/site.nord.no\/omsorgsforskning\/wp-json\/wp\/v2\/users\/148"}],"replies":[{"embeddable":true,"href":"https:\/\/site.nord.no\/omsorgsforskning\/wp-json\/wp\/v2\/comments?post=500"}],"version-history":[{"count":3,"href":"https:\/\/site.nord.no\/omsorgsforskning\/wp-json\/wp\/v2\/pages\/500\/revisions"}],"predecessor-version":[{"id":530,"href":"https:\/\/site.nord.no\/omsorgsforskning\/wp-json\/wp\/v2\/pages\/500\/revisions\/530"}],"up":[{"embeddable":true,"href":"https:\/\/site.nord.no\/omsorgsforskning\/wp-json\/wp\/v2\/pages\/215"}],"wp:attachment":[{"href":"https:\/\/site.nord.no\/omsorgsforskning\/wp-json\/wp\/v2\/media?parent=500"}],"wp:term":[{"taxonomy":"author","embeddable":true,"href":"https:\/\/site.nord.no\/omsorgsforskning\/wp-json\/wp\/v2\/coauthors?post=500"}],"curies":[{"name":"wp","href":"https:\/\/api.w.org\/{rel}","templated":true}]}}