{"id":505,"date":"2025-09-29T22:55:25","date_gmt":"2025-09-29T20:55:25","guid":{"rendered":"https:\/\/site.nord.no\/omsorgsforskning\/?page_id=505"},"modified":"2025-09-29T22:56:36","modified_gmt":"2025-09-29T20:56:36","slug":"kapasitets-og-kvalitetsutfordringer-i-kommunale-helse-og-omsorgstjenester-oppgaver-som-blir-satt-pa-vent-oversett-glemt-eller-utelatt","status":"publish","type":"page","link":"https:\/\/site.nord.no\/omsorgsforskning\/prosjekter\/avsluttede\/kapasitets-og-kvalitetsutfordringer-i-kommunale-helse-og-omsorgstjenester-oppgaver-som-blir-satt-pa-vent-oversett-glemt-eller-utelatt\/","title":{"rendered":"Kapasitets- og kvalitetsutfordringer i kommunale helse- og omsorgstjenester: oppgaver som blir satt p\u00e5 vent, oversett, glemt eller utelatt"},"content":{"rendered":"\n<h2 class=\"wp-block-heading\">Prosjektperiode: <\/h2>\n\n\n\n<p>2020<\/p>\n\n\n\n<h2 class=\"wp-block-heading\">Prosjekteier:<\/h2>\n\n\n\n<p>NTNU Gj\u00f8vik v\/SOF \u00f8st<\/p>\n\n\n\n<h2 class=\"wp-block-heading\">Samarbeidspartnere:<\/h2>\n\n\n\n<p>SOF \u00f8st (NTNU Gj\u00f8vik), SOF midt (Nord universitet). Prosjektgruppen best\u00e5r av Nina Beate Andfossen, Siri Andreassen Devik, Aud Obstfelder og Rose Mari Olsen.<\/p>\n\n\n\n<h2 class=\"wp-block-heading\">Prosjektleder:<\/h2>\n\n\n\n<p>Nina Beate Andfossen<\/p>\n\n\n\n<h2 class=\"wp-block-heading\">Prosjekttype:<\/h2>\n\n\n\n<p>Oppdragsforskning<\/p>\n\n\n\n<h2 class=\"wp-block-heading\">Finansiering:<\/h2>\n\n\n\n<p>Helsedirektoratet<\/p>\n\n\n\n<h2 class=\"wp-block-heading\">Prosjektsammendrag:<\/h2>\n\n\n\n<p>Hensikten med kunnskapsoversikten er \u00e5 belyse forholdet mellom tjenestens kapasitet og kvalitet og brukernes hjelpebehov i de kommunale helse- og omsorgstjenestene. I arbeidet med oversikten tas det utgangspunkt i et problemomr\u00e5de som internasjonalt er beskrevet som \u00abmissed care\u00bb, her oversatt til \u00abutelatt helsehjelp\u00bb. F\u00f8lgende forskningssp\u00f8rsm\u00e5l ble formulert: Hva er konsekvensene for kvaliteten p\u00e5 tjenesten og sykepleiernes\/helsearbeidernes trivsel i arbeidet? Hvilke oppgaver utelater eller setter sykepleiere og andre helsearbeidere p\u00e5 vent? Hva medvirker til at oppgaver settes p\u00e5 vent eller utelates?<\/p>\n\n\n\n<p>Det systematiske litteraturs\u00f8ket resulterte i 41 inkluderte vitenskapelige publikasjoner. Funnene beskrives gjennom tre hovedkategorier med tilh\u00f8rende subkategorier: 1) <em>Utelatt helsehjelp<\/em>: forekomst av utelatt helsehjelp og typer helsehjelp som blir utelatt, 2) <em>Medvirkende forhold til at helsehjelp blir utelatt<\/em>: forhold relatert til organisasjonen, til helsepersonellet og til pasienten, og 3) <em>Mulige konsekvenser av utelatt helsehjelp:<\/em> konsekvenser for pasienten \/ de p\u00e5r\u00f8rende, for helsepersonellet og for organisasjonen og samfunnet. Hver for seg og sammen konkretiserer og visualiserer de omfanget og kompleksiteten rundt tematikken utelatt helsehjelp i kommunehelsetjenesten.<\/p>\n\n\n\n<p>Kunnskapsoppsummeringen er tilgjengelig i fulltekst p\u00e5 <a href=\"https:\/\/hdl.handle.net\/11250\/2827814\">Omsorgsbiblioteket<\/a><\/p>\n\n\n\n<p>.<\/p>\n\n\n\n<p><\/p>\n\n\n\n<p><\/p>\n\n\n\n<p><\/p>\n","protected":false},"excerpt":{"rendered":"<p>Prosjektperiode: 2020 Prosjekteier: NTNU Gj\u00f8vik v\/SOF \u00f8st Samarbeidspartnere: SOF \u00f8st (NTNU Gj\u00f8vik), SOF midt (Nord universitet). Prosjektgruppen best\u00e5r av Nina Beate Andfossen, Siri Andreassen Devik, Aud Obstfelder og Rose Mari Olsen. Prosjektleder: Nina Beate Andfossen Prosjekttype: Oppdragsforskning Finansiering: Helsedirektoratet Prosjektsammendrag: Hensikten med kunnskapsoversikten er \u00e5 belyse forholdet mellom tjenestens kapasitet og kvalitet og brukernes hjelpebehov [&hellip;]<\/p>\n","protected":false},"author":148,"featured_media":0,"parent":215,"menu_order":0,"comment_status":"closed","ping_status":"closed","template":"","meta":{"footnotes":""},"coauthors":[4],"class_list":["post-505","page","type-page","status-publish","hentry"],"yoast_head":"<!-- This site is optimized with the Yoast SEO plugin v27.4 - https:\/\/yoast.com\/product\/yoast-seo-wordpress\/ -->\n<title>Kapasitets- og kvalitetsutfordringer i kommunale helse- og omsorgstjenester: oppgaver som blir satt p\u00e5 vent, oversett, glemt eller utelatt - Senter for omsorgsforskning, midt<\/title>\n<meta name=\"robots\" content=\"index, follow, max-snippet:-1, max-image-preview:large, max-video-preview:-1\" \/>\n<link rel=\"canonical\" href=\"https:\/\/site.nord.no\/omsorgsforskning\/prosjekter\/avsluttede\/kapasitets-og-kvalitetsutfordringer-i-kommunale-helse-og-omsorgstjenester-oppgaver-som-blir-satt-pa-vent-oversett-glemt-eller-utelatt\/\" \/>\n<meta property=\"og:locale\" content=\"nb_NO\" \/>\n<meta property=\"og:type\" content=\"article\" \/>\n<meta property=\"og:title\" content=\"Kapasitets- og kvalitetsutfordringer i kommunale helse- og omsorgstjenester: oppgaver som blir satt p\u00e5 vent, oversett, glemt eller utelatt - Senter for omsorgsforskning, midt\" \/>\n<meta property=\"og:description\" content=\"Prosjektperiode: 2020 Prosjekteier: NTNU Gj\u00f8vik v\/SOF \u00f8st Samarbeidspartnere: SOF \u00f8st (NTNU Gj\u00f8vik), SOF midt (Nord universitet). Prosjektgruppen best\u00e5r av Nina Beate Andfossen, Siri Andreassen Devik, Aud Obstfelder og Rose Mari Olsen. Prosjektleder: Nina Beate Andfossen Prosjekttype: Oppdragsforskning Finansiering: Helsedirektoratet Prosjektsammendrag: Hensikten med kunnskapsoversikten er \u00e5 belyse forholdet mellom tjenestens kapasitet og kvalitet og brukernes hjelpebehov [&hellip;]\" \/>\n<meta property=\"og:url\" content=\"https:\/\/site.nord.no\/omsorgsforskning\/prosjekter\/avsluttede\/kapasitets-og-kvalitetsutfordringer-i-kommunale-helse-og-omsorgstjenester-oppgaver-som-blir-satt-pa-vent-oversett-glemt-eller-utelatt\/\" \/>\n<meta property=\"og:site_name\" content=\"Senter for omsorgsforskning, midt\" \/>\n<meta property=\"article:modified_time\" content=\"2025-09-29T20:56:36+00:00\" \/>\n<meta name=\"twitter:card\" content=\"summary_large_image\" \/>\n<meta name=\"twitter:label1\" content=\"Ansl. lesetid\" \/>\n\t<meta name=\"twitter:data1\" content=\"1 minutt\" \/>\n\t<meta name=\"twitter:label2\" content=\"Written by\" \/>\n\t<meta name=\"twitter:data2\" content=\"rosemariolsen\" \/>\n<script type=\"application\/ld+json\" class=\"yoast-schema-graph\">{\"@context\":\"https:\\\/\\\/schema.org\",\"@graph\":[{\"@type\":\"WebPage\",\"@id\":\"https:\\\/\\\/site.nord.no\\\/omsorgsforskning\\\/prosjekter\\\/avsluttede\\\/kapasitets-og-kvalitetsutfordringer-i-kommunale-helse-og-omsorgstjenester-oppgaver-som-blir-satt-pa-vent-oversett-glemt-eller-utelatt\\\/\",\"url\":\"https:\\\/\\\/site.nord.no\\\/omsorgsforskning\\\/prosjekter\\\/avsluttede\\\/kapasitets-og-kvalitetsutfordringer-i-kommunale-helse-og-omsorgstjenester-oppgaver-som-blir-satt-pa-vent-oversett-glemt-eller-utelatt\\\/\",\"name\":\"Kapasitets- og kvalitetsutfordringer i kommunale helse- og omsorgstjenester: oppgaver som blir satt p\u00e5 vent, oversett, glemt eller utelatt - Senter for omsorgsforskning, midt\",\"isPartOf\":{\"@id\":\"https:\\\/\\\/site.nord.no\\\/omsorgsforskning\\\/#website\"},\"datePublished\":\"2025-09-29T20:55:25+00:00\",\"dateModified\":\"2025-09-29T20:56:36+00:00\",\"breadcrumb\":{\"@id\":\"https:\\\/\\\/site.nord.no\\\/omsorgsforskning\\\/prosjekter\\\/avsluttede\\\/kapasitets-og-kvalitetsutfordringer-i-kommunale-helse-og-omsorgstjenester-oppgaver-som-blir-satt-pa-vent-oversett-glemt-eller-utelatt\\\/#breadcrumb\"},\"inLanguage\":\"nb-NO\",\"potentialAction\":[{\"@type\":\"ReadAction\",\"target\":[\"https:\\\/\\\/site.nord.no\\\/omsorgsforskning\\\/prosjekter\\\/avsluttede\\\/kapasitets-og-kvalitetsutfordringer-i-kommunale-helse-og-omsorgstjenester-oppgaver-som-blir-satt-pa-vent-oversett-glemt-eller-utelatt\\\/\"]}]},{\"@type\":\"BreadcrumbList\",\"@id\":\"https:\\\/\\\/site.nord.no\\\/omsorgsforskning\\\/prosjekter\\\/avsluttede\\\/kapasitets-og-kvalitetsutfordringer-i-kommunale-helse-og-omsorgstjenester-oppgaver-som-blir-satt-pa-vent-oversett-glemt-eller-utelatt\\\/#breadcrumb\",\"itemListElement\":[{\"@type\":\"ListItem\",\"position\":1,\"name\":\"Hjem\",\"item\":\"https:\\\/\\\/site.nord.no\\\/omsorgsforskning\\\/\"},{\"@type\":\"ListItem\",\"position\":2,\"name\":\"Prosjekter\",\"item\":\"https:\\\/\\\/site.nord.no\\\/omsorgsforskning\\\/prosjekter\\\/\"},{\"@type\":\"ListItem\",\"position\":3,\"name\":\"Avsluttede\",\"item\":\"https:\\\/\\\/site.nord.no\\\/omsorgsforskning\\\/prosjekter\\\/avsluttede\\\/\"},{\"@type\":\"ListItem\",\"position\":4,\"name\":\"Kapasitets- og kvalitetsutfordringer i kommunale helse- og omsorgstjenester: oppgaver som blir satt p\u00e5 vent, oversett, glemt eller utelatt\"}]},{\"@type\":\"WebSite\",\"@id\":\"https:\\\/\\\/site.nord.no\\\/omsorgsforskning\\\/#website\",\"url\":\"https:\\\/\\\/site.nord.no\\\/omsorgsforskning\\\/\",\"name\":\"Senter for omsorgsforskning, midt\",\"description\":\"\",\"potentialAction\":[{\"@type\":\"SearchAction\",\"target\":{\"@type\":\"EntryPoint\",\"urlTemplate\":\"https:\\\/\\\/site.nord.no\\\/omsorgsforskning\\\/?s={search_term_string}\"},\"query-input\":{\"@type\":\"PropertyValueSpecification\",\"valueRequired\":true,\"valueName\":\"search_term_string\"}}],\"inLanguage\":\"nb-NO\"}]}<\/script>\n<!-- \/ Yoast SEO plugin. -->","yoast_head_json":{"title":"Kapasitets- og kvalitetsutfordringer i kommunale helse- og omsorgstjenester: oppgaver som blir satt p\u00e5 vent, oversett, glemt eller utelatt - Senter for omsorgsforskning, midt","robots":{"index":"index","follow":"follow","max-snippet":"max-snippet:-1","max-image-preview":"max-image-preview:large","max-video-preview":"max-video-preview:-1"},"canonical":"https:\/\/site.nord.no\/omsorgsforskning\/prosjekter\/avsluttede\/kapasitets-og-kvalitetsutfordringer-i-kommunale-helse-og-omsorgstjenester-oppgaver-som-blir-satt-pa-vent-oversett-glemt-eller-utelatt\/","og_locale":"nb_NO","og_type":"article","og_title":"Kapasitets- og kvalitetsutfordringer i kommunale helse- og omsorgstjenester: oppgaver som blir satt p\u00e5 vent, oversett, glemt eller utelatt - Senter for omsorgsforskning, midt","og_description":"Prosjektperiode: 2020 Prosjekteier: NTNU Gj\u00f8vik v\/SOF \u00f8st Samarbeidspartnere: SOF \u00f8st (NTNU Gj\u00f8vik), SOF midt (Nord universitet). Prosjektgruppen best\u00e5r av Nina Beate Andfossen, Siri Andreassen Devik, Aud Obstfelder og Rose Mari Olsen. Prosjektleder: Nina Beate Andfossen Prosjekttype: Oppdragsforskning Finansiering: Helsedirektoratet Prosjektsammendrag: Hensikten med kunnskapsoversikten er \u00e5 belyse forholdet mellom tjenestens kapasitet og kvalitet og brukernes hjelpebehov [&hellip;]","og_url":"https:\/\/site.nord.no\/omsorgsforskning\/prosjekter\/avsluttede\/kapasitets-og-kvalitetsutfordringer-i-kommunale-helse-og-omsorgstjenester-oppgaver-som-blir-satt-pa-vent-oversett-glemt-eller-utelatt\/","og_site_name":"Senter for omsorgsforskning, midt","article_modified_time":"2025-09-29T20:56:36+00:00","twitter_card":"summary_large_image","twitter_misc":{"Ansl. lesetid":"1 minutt","Written by":"rosemariolsen"},"schema":{"@context":"https:\/\/schema.org","@graph":[{"@type":"WebPage","@id":"https:\/\/site.nord.no\/omsorgsforskning\/prosjekter\/avsluttede\/kapasitets-og-kvalitetsutfordringer-i-kommunale-helse-og-omsorgstjenester-oppgaver-som-blir-satt-pa-vent-oversett-glemt-eller-utelatt\/","url":"https:\/\/site.nord.no\/omsorgsforskning\/prosjekter\/avsluttede\/kapasitets-og-kvalitetsutfordringer-i-kommunale-helse-og-omsorgstjenester-oppgaver-som-blir-satt-pa-vent-oversett-glemt-eller-utelatt\/","name":"Kapasitets- og kvalitetsutfordringer i kommunale helse- og omsorgstjenester: oppgaver som blir satt p\u00e5 vent, oversett, glemt eller utelatt - Senter for omsorgsforskning, midt","isPartOf":{"@id":"https:\/\/site.nord.no\/omsorgsforskning\/#website"},"datePublished":"2025-09-29T20:55:25+00:00","dateModified":"2025-09-29T20:56:36+00:00","breadcrumb":{"@id":"https:\/\/site.nord.no\/omsorgsforskning\/prosjekter\/avsluttede\/kapasitets-og-kvalitetsutfordringer-i-kommunale-helse-og-omsorgstjenester-oppgaver-som-blir-satt-pa-vent-oversett-glemt-eller-utelatt\/#breadcrumb"},"inLanguage":"nb-NO","potentialAction":[{"@type":"ReadAction","target":["https:\/\/site.nord.no\/omsorgsforskning\/prosjekter\/avsluttede\/kapasitets-og-kvalitetsutfordringer-i-kommunale-helse-og-omsorgstjenester-oppgaver-som-blir-satt-pa-vent-oversett-glemt-eller-utelatt\/"]}]},{"@type":"BreadcrumbList","@id":"https:\/\/site.nord.no\/omsorgsforskning\/prosjekter\/avsluttede\/kapasitets-og-kvalitetsutfordringer-i-kommunale-helse-og-omsorgstjenester-oppgaver-som-blir-satt-pa-vent-oversett-glemt-eller-utelatt\/#breadcrumb","itemListElement":[{"@type":"ListItem","position":1,"name":"Hjem","item":"https:\/\/site.nord.no\/omsorgsforskning\/"},{"@type":"ListItem","position":2,"name":"Prosjekter","item":"https:\/\/site.nord.no\/omsorgsforskning\/prosjekter\/"},{"@type":"ListItem","position":3,"name":"Avsluttede","item":"https:\/\/site.nord.no\/omsorgsforskning\/prosjekter\/avsluttede\/"},{"@type":"ListItem","position":4,"name":"Kapasitets- og kvalitetsutfordringer i kommunale helse- og omsorgstjenester: oppgaver som blir satt p\u00e5 vent, oversett, glemt eller utelatt"}]},{"@type":"WebSite","@id":"https:\/\/site.nord.no\/omsorgsforskning\/#website","url":"https:\/\/site.nord.no\/omsorgsforskning\/","name":"Senter for omsorgsforskning, midt","description":"","potentialAction":[{"@type":"SearchAction","target":{"@type":"EntryPoint","urlTemplate":"https:\/\/site.nord.no\/omsorgsforskning\/?s={search_term_string}"},"query-input":{"@type":"PropertyValueSpecification","valueRequired":true,"valueName":"search_term_string"}}],"inLanguage":"nb-NO"}]}},"_links":{"self":[{"href":"https:\/\/site.nord.no\/omsorgsforskning\/wp-json\/wp\/v2\/pages\/505","targetHints":{"allow":["GET"]}}],"collection":[{"href":"https:\/\/site.nord.no\/omsorgsforskning\/wp-json\/wp\/v2\/pages"}],"about":[{"href":"https:\/\/site.nord.no\/omsorgsforskning\/wp-json\/wp\/v2\/types\/page"}],"author":[{"embeddable":true,"href":"https:\/\/site.nord.no\/omsorgsforskning\/wp-json\/wp\/v2\/users\/148"}],"replies":[{"embeddable":true,"href":"https:\/\/site.nord.no\/omsorgsforskning\/wp-json\/wp\/v2\/comments?post=505"}],"version-history":[{"count":3,"href":"https:\/\/site.nord.no\/omsorgsforskning\/wp-json\/wp\/v2\/pages\/505\/revisions"}],"predecessor-version":[{"id":517,"href":"https:\/\/site.nord.no\/omsorgsforskning\/wp-json\/wp\/v2\/pages\/505\/revisions\/517"}],"up":[{"embeddable":true,"href":"https:\/\/site.nord.no\/omsorgsforskning\/wp-json\/wp\/v2\/pages\/215"}],"wp:attachment":[{"href":"https:\/\/site.nord.no\/omsorgsforskning\/wp-json\/wp\/v2\/media?parent=505"}],"wp:term":[{"taxonomy":"author","embeddable":true,"href":"https:\/\/site.nord.no\/omsorgsforskning\/wp-json\/wp\/v2\/coauthors?post=505"}],"curies":[{"name":"wp","href":"https:\/\/api.w.org\/{rel}","templated":true}]}}