{"id":507,"date":"2025-09-29T23:28:58","date_gmt":"2025-09-29T21:28:58","guid":{"rendered":"https:\/\/site.nord.no\/omsorgsforskning\/?page_id=507"},"modified":"2025-09-29T23:28:58","modified_gmt":"2025-09-29T21:28:58","slug":"kunnskap-om-tiltak-som-kan-bidra-til-okt-tverrfaglighet-i-omsorgstjenesten-en-hurtigoversikt-over-forskningslitteratur","status":"publish","type":"page","link":"https:\/\/site.nord.no\/omsorgsforskning\/prosjekter\/avsluttede\/kunnskap-om-tiltak-som-kan-bidra-til-okt-tverrfaglighet-i-omsorgstjenesten-en-hurtigoversikt-over-forskningslitteratur\/","title":{"rendered":"Kunnskap om tiltak som kan bidra til \u00f8kt tverrfaglighet i omsorgstjenesten \u2013 en hurtigoversikt over forskningslitteratur"},"content":{"rendered":"\n<h2 class=\"wp-block-heading\">Prosjektperiode: <\/h2>\n\n\n\n<p>2024<\/p>\n\n\n\n<h2 class=\"wp-block-heading\">Prosjekteier:<\/h2>\n\n\n\n<p>Nord universitet v\/SOF midt<\/p>\n\n\n\n<h2 class=\"wp-block-heading\">Samarbeidspartnere:<\/h2>\n\n\n\n<p>SOF midt (Nord universitet). Prosjektgruppen best\u00e5r av Siri Andreassen Devik og Rose Mari Olsen<\/p>\n\n\n\n<h2 class=\"wp-block-heading\">Prosjektleder:<\/h2>\n\n\n\n<p>Siri Andreassen Devik<\/p>\n\n\n\n<h2 class=\"wp-block-heading\">Prosjekttype:<\/h2>\n\n\n\n<p>Oppdragsforskning<\/p>\n\n\n\n<h2 class=\"wp-block-heading\">Finansiering:<\/h2>\n\n\n\n<p>Helsedirektoratet<\/p>\n\n\n\n<h2 class=\"wp-block-heading\">Prosjektsammendrag:<\/h2>\n\n\n\n<p>Overordnet hensikt med arbeidet var \u00e5 oppsummere kunnskap om tiltak som kan bidra til \u00f8kt tverrfaglighet i omsorgstjenesten (hjemmetjenesten, sykehjem og omsorgsboliger med held\u00f8gns bemanning), operasjonalisert i f\u00f8lgende forskningssp\u00f8rsm\u00e5l: Hvilke typer tiltak, beskrevet i litteraturen, kan bidra til \u00f8kt tverrfaglighet? Hvilke effekter og erfaringer er rapportert om tiltak rettet mot \u00f8kt tverrfaglighet? Litteraturs\u00f8ket resulterte i inklusjon av 55 studier publisert i perioden 2012\u20132024. Analysen av innholdet i litteraturen identifiserte 16 underkategorier av tiltak, sortert i 3 hovedkategorier: <em>Organisering<\/em> (ledelse, koordinerende funksjoner, mandat, finansiering, sammensetning av team, samlokalisering); <em>Oppl\u00e6ring<\/em> (tverrfaglig oppl\u00e6ring p\u00e5 arbeidsplassen, tverrfaglige studentaktiviteter) og <em>Arbeidsprosess<\/em> (fysiske m\u00f8ter, jevnlige m\u00f8tepunkt, felles kommunikasjonsplattform, kartleggingsverkt\u00f8y, innovative arbeidsprosedyrer, bygge samarbeidskultur, brukerinvolvering, pasientforl\u00f8p). Resultatene viser et mangfold av tiltak som kan f\u00f8re til \u00f8kt tverrfaglighet, men ogs\u00e5 at tiltakene henger sammen og neppe er tilstrekkelig enkeltvis. Tolkningen av kunnskapsbidraget som helhet endte opp i tre sentrale tiltak som ses som essensielle for \u00e5 \u00f8ke tverrfagligheten i omsorgstjenesten. Disse tiltakene er <em>ledelse og koordinering <\/em>\u2013 b\u00e5de administrativt og faglig, muligheter for <em>kommunikasjon<\/em> \u2013 b\u00e5de i form av relasjoner og konkrete verkt\u00f8y, og en forpliktelse mot <em>felles m\u00e5l<\/em> \u2013 som styrkes gjennom brukerinvolvering. <\/p>\n\n\n\n<p>Kunnskapsoppsummeringen er tilgjengelig i fulltekst p\u00e5 <a href=\"https:\/\/hdl.handle.net\/11250\/3161778\">Omsorgsbiblioteket<\/a><\/p>\n\n\n\n<p>.<\/p>\n\n\n\n<p><\/p>\n\n\n\n<p><\/p>\n\n\n\n<p><\/p>\n","protected":false},"excerpt":{"rendered":"<p>Prosjektperiode: 2024 Prosjekteier: Nord universitet v\/SOF midt Samarbeidspartnere: SOF midt (Nord universitet). Prosjektgruppen best\u00e5r av Siri Andreassen Devik og Rose Mari Olsen Prosjektleder: Siri Andreassen Devik Prosjekttype: Oppdragsforskning Finansiering: Helsedirektoratet Prosjektsammendrag: Overordnet hensikt med arbeidet var \u00e5 oppsummere kunnskap om tiltak som kan bidra til \u00f8kt tverrfaglighet i omsorgstjenesten (hjemmetjenesten, sykehjem og omsorgsboliger med held\u00f8gns [&hellip;]<\/p>\n","protected":false},"author":148,"featured_media":0,"parent":215,"menu_order":0,"comment_status":"closed","ping_status":"closed","template":"","meta":{"footnotes":""},"coauthors":[4],"class_list":["post-507","page","type-page","status-publish","hentry"],"yoast_head":"<!-- This site is optimized with the Yoast SEO plugin v27.4 - https:\/\/yoast.com\/product\/yoast-seo-wordpress\/ -->\n<title>Kunnskap om tiltak som kan bidra til \u00f8kt tverrfaglighet i omsorgstjenesten \u2013 en hurtigoversikt over forskningslitteratur - Senter for omsorgsforskning, midt<\/title>\n<meta name=\"robots\" content=\"index, follow, max-snippet:-1, max-image-preview:large, max-video-preview:-1\" \/>\n<link rel=\"canonical\" href=\"https:\/\/site.nord.no\/omsorgsforskning\/prosjekter\/avsluttede\/kunnskap-om-tiltak-som-kan-bidra-til-okt-tverrfaglighet-i-omsorgstjenesten-en-hurtigoversikt-over-forskningslitteratur\/\" \/>\n<meta property=\"og:locale\" content=\"nb_NO\" \/>\n<meta property=\"og:type\" content=\"article\" \/>\n<meta property=\"og:title\" content=\"Kunnskap om tiltak som kan bidra til \u00f8kt tverrfaglighet i omsorgstjenesten \u2013 en hurtigoversikt over forskningslitteratur - Senter for omsorgsforskning, midt\" \/>\n<meta property=\"og:description\" content=\"Prosjektperiode: 2024 Prosjekteier: Nord universitet v\/SOF midt Samarbeidspartnere: SOF midt (Nord universitet). Prosjektgruppen best\u00e5r av Siri Andreassen Devik og Rose Mari Olsen Prosjektleder: Siri Andreassen Devik Prosjekttype: Oppdragsforskning Finansiering: Helsedirektoratet Prosjektsammendrag: Overordnet hensikt med arbeidet var \u00e5 oppsummere kunnskap om tiltak som kan bidra til \u00f8kt tverrfaglighet i omsorgstjenesten (hjemmetjenesten, sykehjem og omsorgsboliger med held\u00f8gns [&hellip;]\" \/>\n<meta property=\"og:url\" content=\"https:\/\/site.nord.no\/omsorgsforskning\/prosjekter\/avsluttede\/kunnskap-om-tiltak-som-kan-bidra-til-okt-tverrfaglighet-i-omsorgstjenesten-en-hurtigoversikt-over-forskningslitteratur\/\" \/>\n<meta property=\"og:site_name\" content=\"Senter for omsorgsforskning, midt\" \/>\n<meta name=\"twitter:card\" content=\"summary_large_image\" \/>\n<meta name=\"twitter:label1\" content=\"Ansl. lesetid\" \/>\n\t<meta name=\"twitter:data1\" content=\"1 minutt\" \/>\n\t<meta name=\"twitter:label2\" content=\"Written by\" \/>\n\t<meta name=\"twitter:data2\" content=\"rosemariolsen\" \/>\n<script type=\"application\/ld+json\" class=\"yoast-schema-graph\">{\"@context\":\"https:\\\/\\\/schema.org\",\"@graph\":[{\"@type\":\"WebPage\",\"@id\":\"https:\\\/\\\/site.nord.no\\\/omsorgsforskning\\\/prosjekter\\\/avsluttede\\\/kunnskap-om-tiltak-som-kan-bidra-til-okt-tverrfaglighet-i-omsorgstjenesten-en-hurtigoversikt-over-forskningslitteratur\\\/\",\"url\":\"https:\\\/\\\/site.nord.no\\\/omsorgsforskning\\\/prosjekter\\\/avsluttede\\\/kunnskap-om-tiltak-som-kan-bidra-til-okt-tverrfaglighet-i-omsorgstjenesten-en-hurtigoversikt-over-forskningslitteratur\\\/\",\"name\":\"Kunnskap om tiltak som kan bidra til \u00f8kt tverrfaglighet i omsorgstjenesten \u2013 en hurtigoversikt over forskningslitteratur - Senter for omsorgsforskning, midt\",\"isPartOf\":{\"@id\":\"https:\\\/\\\/site.nord.no\\\/omsorgsforskning\\\/#website\"},\"datePublished\":\"2025-09-29T21:28:58+00:00\",\"breadcrumb\":{\"@id\":\"https:\\\/\\\/site.nord.no\\\/omsorgsforskning\\\/prosjekter\\\/avsluttede\\\/kunnskap-om-tiltak-som-kan-bidra-til-okt-tverrfaglighet-i-omsorgstjenesten-en-hurtigoversikt-over-forskningslitteratur\\\/#breadcrumb\"},\"inLanguage\":\"nb-NO\",\"potentialAction\":[{\"@type\":\"ReadAction\",\"target\":[\"https:\\\/\\\/site.nord.no\\\/omsorgsforskning\\\/prosjekter\\\/avsluttede\\\/kunnskap-om-tiltak-som-kan-bidra-til-okt-tverrfaglighet-i-omsorgstjenesten-en-hurtigoversikt-over-forskningslitteratur\\\/\"]}]},{\"@type\":\"BreadcrumbList\",\"@id\":\"https:\\\/\\\/site.nord.no\\\/omsorgsforskning\\\/prosjekter\\\/avsluttede\\\/kunnskap-om-tiltak-som-kan-bidra-til-okt-tverrfaglighet-i-omsorgstjenesten-en-hurtigoversikt-over-forskningslitteratur\\\/#breadcrumb\",\"itemListElement\":[{\"@type\":\"ListItem\",\"position\":1,\"name\":\"Hjem\",\"item\":\"https:\\\/\\\/site.nord.no\\\/omsorgsforskning\\\/\"},{\"@type\":\"ListItem\",\"position\":2,\"name\":\"Prosjekter\",\"item\":\"https:\\\/\\\/site.nord.no\\\/omsorgsforskning\\\/prosjekter\\\/\"},{\"@type\":\"ListItem\",\"position\":3,\"name\":\"Avsluttede\",\"item\":\"https:\\\/\\\/site.nord.no\\\/omsorgsforskning\\\/prosjekter\\\/avsluttede\\\/\"},{\"@type\":\"ListItem\",\"position\":4,\"name\":\"Kunnskap om tiltak som kan bidra til \u00f8kt tverrfaglighet i omsorgstjenesten \u2013 en hurtigoversikt over forskningslitteratur\"}]},{\"@type\":\"WebSite\",\"@id\":\"https:\\\/\\\/site.nord.no\\\/omsorgsforskning\\\/#website\",\"url\":\"https:\\\/\\\/site.nord.no\\\/omsorgsforskning\\\/\",\"name\":\"Senter for omsorgsforskning, midt\",\"description\":\"\",\"potentialAction\":[{\"@type\":\"SearchAction\",\"target\":{\"@type\":\"EntryPoint\",\"urlTemplate\":\"https:\\\/\\\/site.nord.no\\\/omsorgsforskning\\\/?s={search_term_string}\"},\"query-input\":{\"@type\":\"PropertyValueSpecification\",\"valueRequired\":true,\"valueName\":\"search_term_string\"}}],\"inLanguage\":\"nb-NO\"}]}<\/script>\n<!-- \/ Yoast SEO plugin. -->","yoast_head_json":{"title":"Kunnskap om tiltak som kan bidra til \u00f8kt tverrfaglighet i omsorgstjenesten \u2013 en hurtigoversikt over forskningslitteratur - Senter for omsorgsforskning, midt","robots":{"index":"index","follow":"follow","max-snippet":"max-snippet:-1","max-image-preview":"max-image-preview:large","max-video-preview":"max-video-preview:-1"},"canonical":"https:\/\/site.nord.no\/omsorgsforskning\/prosjekter\/avsluttede\/kunnskap-om-tiltak-som-kan-bidra-til-okt-tverrfaglighet-i-omsorgstjenesten-en-hurtigoversikt-over-forskningslitteratur\/","og_locale":"nb_NO","og_type":"article","og_title":"Kunnskap om tiltak som kan bidra til \u00f8kt tverrfaglighet i omsorgstjenesten \u2013 en hurtigoversikt over forskningslitteratur - Senter for omsorgsforskning, midt","og_description":"Prosjektperiode: 2024 Prosjekteier: Nord universitet v\/SOF midt Samarbeidspartnere: SOF midt (Nord universitet). Prosjektgruppen best\u00e5r av Siri Andreassen Devik og Rose Mari Olsen Prosjektleder: Siri Andreassen Devik Prosjekttype: Oppdragsforskning Finansiering: Helsedirektoratet Prosjektsammendrag: Overordnet hensikt med arbeidet var \u00e5 oppsummere kunnskap om tiltak som kan bidra til \u00f8kt tverrfaglighet i omsorgstjenesten (hjemmetjenesten, sykehjem og omsorgsboliger med held\u00f8gns [&hellip;]","og_url":"https:\/\/site.nord.no\/omsorgsforskning\/prosjekter\/avsluttede\/kunnskap-om-tiltak-som-kan-bidra-til-okt-tverrfaglighet-i-omsorgstjenesten-en-hurtigoversikt-over-forskningslitteratur\/","og_site_name":"Senter for omsorgsforskning, midt","twitter_card":"summary_large_image","twitter_misc":{"Ansl. lesetid":"1 minutt","Written by":"rosemariolsen"},"schema":{"@context":"https:\/\/schema.org","@graph":[{"@type":"WebPage","@id":"https:\/\/site.nord.no\/omsorgsforskning\/prosjekter\/avsluttede\/kunnskap-om-tiltak-som-kan-bidra-til-okt-tverrfaglighet-i-omsorgstjenesten-en-hurtigoversikt-over-forskningslitteratur\/","url":"https:\/\/site.nord.no\/omsorgsforskning\/prosjekter\/avsluttede\/kunnskap-om-tiltak-som-kan-bidra-til-okt-tverrfaglighet-i-omsorgstjenesten-en-hurtigoversikt-over-forskningslitteratur\/","name":"Kunnskap om tiltak som kan bidra til \u00f8kt tverrfaglighet i omsorgstjenesten \u2013 en hurtigoversikt over forskningslitteratur - Senter for omsorgsforskning, midt","isPartOf":{"@id":"https:\/\/site.nord.no\/omsorgsforskning\/#website"},"datePublished":"2025-09-29T21:28:58+00:00","breadcrumb":{"@id":"https:\/\/site.nord.no\/omsorgsforskning\/prosjekter\/avsluttede\/kunnskap-om-tiltak-som-kan-bidra-til-okt-tverrfaglighet-i-omsorgstjenesten-en-hurtigoversikt-over-forskningslitteratur\/#breadcrumb"},"inLanguage":"nb-NO","potentialAction":[{"@type":"ReadAction","target":["https:\/\/site.nord.no\/omsorgsforskning\/prosjekter\/avsluttede\/kunnskap-om-tiltak-som-kan-bidra-til-okt-tverrfaglighet-i-omsorgstjenesten-en-hurtigoversikt-over-forskningslitteratur\/"]}]},{"@type":"BreadcrumbList","@id":"https:\/\/site.nord.no\/omsorgsforskning\/prosjekter\/avsluttede\/kunnskap-om-tiltak-som-kan-bidra-til-okt-tverrfaglighet-i-omsorgstjenesten-en-hurtigoversikt-over-forskningslitteratur\/#breadcrumb","itemListElement":[{"@type":"ListItem","position":1,"name":"Hjem","item":"https:\/\/site.nord.no\/omsorgsforskning\/"},{"@type":"ListItem","position":2,"name":"Prosjekter","item":"https:\/\/site.nord.no\/omsorgsforskning\/prosjekter\/"},{"@type":"ListItem","position":3,"name":"Avsluttede","item":"https:\/\/site.nord.no\/omsorgsforskning\/prosjekter\/avsluttede\/"},{"@type":"ListItem","position":4,"name":"Kunnskap om tiltak som kan bidra til \u00f8kt tverrfaglighet i omsorgstjenesten \u2013 en hurtigoversikt over forskningslitteratur"}]},{"@type":"WebSite","@id":"https:\/\/site.nord.no\/omsorgsforskning\/#website","url":"https:\/\/site.nord.no\/omsorgsforskning\/","name":"Senter for omsorgsforskning, midt","description":"","potentialAction":[{"@type":"SearchAction","target":{"@type":"EntryPoint","urlTemplate":"https:\/\/site.nord.no\/omsorgsforskning\/?s={search_term_string}"},"query-input":{"@type":"PropertyValueSpecification","valueRequired":true,"valueName":"search_term_string"}}],"inLanguage":"nb-NO"}]}},"_links":{"self":[{"href":"https:\/\/site.nord.no\/omsorgsforskning\/wp-json\/wp\/v2\/pages\/507","targetHints":{"allow":["GET"]}}],"collection":[{"href":"https:\/\/site.nord.no\/omsorgsforskning\/wp-json\/wp\/v2\/pages"}],"about":[{"href":"https:\/\/site.nord.no\/omsorgsforskning\/wp-json\/wp\/v2\/types\/page"}],"author":[{"embeddable":true,"href":"https:\/\/site.nord.no\/omsorgsforskning\/wp-json\/wp\/v2\/users\/148"}],"replies":[{"embeddable":true,"href":"https:\/\/site.nord.no\/omsorgsforskning\/wp-json\/wp\/v2\/comments?post=507"}],"version-history":[{"count":2,"href":"https:\/\/site.nord.no\/omsorgsforskning\/wp-json\/wp\/v2\/pages\/507\/revisions"}],"predecessor-version":[{"id":525,"href":"https:\/\/site.nord.no\/omsorgsforskning\/wp-json\/wp\/v2\/pages\/507\/revisions\/525"}],"up":[{"embeddable":true,"href":"https:\/\/site.nord.no\/omsorgsforskning\/wp-json\/wp\/v2\/pages\/215"}],"wp:attachment":[{"href":"https:\/\/site.nord.no\/omsorgsforskning\/wp-json\/wp\/v2\/media?parent=507"}],"wp:term":[{"taxonomy":"author","embeddable":true,"href":"https:\/\/site.nord.no\/omsorgsforskning\/wp-json\/wp\/v2\/coauthors?post=507"}],"curies":[{"name":"wp","href":"https:\/\/api.w.org\/{rel}","templated":true}]}}