{"id":511,"date":"2025-09-29T23:10:13","date_gmt":"2025-09-29T21:10:13","guid":{"rendered":"https:\/\/site.nord.no\/omsorgsforskning\/?page_id=511"},"modified":"2025-09-29T23:10:29","modified_gmt":"2025-09-29T21:10:29","slug":"faste-team-i-hjemmetjenesten","status":"publish","type":"page","link":"https:\/\/site.nord.no\/omsorgsforskning\/prosjekter\/avsluttede\/faste-team-i-hjemmetjenesten\/","title":{"rendered":"Faste team i hjemmetjenesten"},"content":{"rendered":"\n<h2 class=\"wp-block-heading\">Prosjektperiode: <\/h2>\n\n\n\n<p>2024<\/p>\n\n\n\n<h2 class=\"wp-block-heading\">Prosjekteier:<\/h2>\n\n\n\n<p>NTNU Gj\u00f8vik v\/SOF \u00f8st<\/p>\n\n\n\n<h2 class=\"wp-block-heading\">Samarbeidspartnere:<\/h2>\n\n\n\n<p>SOF \u00f8st (NTNU Gj\u00f8vik), SOF midt (Nord universitet). Prosjektgruppen best\u00e5r av Mina Balke, Siri Andreassen Devik, Lena Jakobsen, Else Marie Lysfjord, Marianne Koller\u00f8s Nilsen, Rose Mari Olsen og Maren Sogstad..<\/p>\n\n\n\n<h2 class=\"wp-block-heading\">Prosjektleder:<\/h2>\n\n\n\n<p>Maren Sogstad<\/p>\n\n\n\n<h2 class=\"wp-block-heading\">Prosjekttype:<\/h2>\n\n\n\n<p>Oppdragsforskning<\/p>\n\n\n\n<h2 class=\"wp-block-heading\">Finansiering:<\/h2>\n\n\n\n<p>Helsedirektoratet<\/p>\n\n\n\n<h2 class=\"wp-block-heading\">Prosjektsammendrag:<\/h2>\n\n\n\n<p>Faste team lanseres i reformen \u00abBu trygt heime\u00bb som en mulig organisering av fremtidens hjemmetjeneste, men vi mangler en oversikt over teamorganisering i hjemmetjenesten. Hensikten med denne studien var \u00e5 fremskaffe kunnskap om hvilke faste team som finnes og hvilke erfaringer som er gjort med de ulike teamene. F\u00f8lgende problemstillinger var styrende for arbeidet: Finnes det modeller for teamorganisering som kommuner har felles? Hvilke faste team finnes i hjemmetjenesten? Hvilke erfaringer har kommuner med ulike team? Kan etablering av faste team knyttes til kjennetegn ved kommuner? Vi gjennomf\u00f8rte en kartlegging i 47 kommuner for \u00e5 identifisere ulike team som forekommer i hjemmetjenesten og hvilke erfaringer kommunene hadde med teamorganisering. Intervju med ledere og ansatte i fem kommuner ble gjennomf\u00f8rt for \u00e5 utforske erfaringer med teamorganisering n\u00e6rmere.<\/p>\n\n\n\n<p>Sluttrapporten er tilgjengelig i fulltekst p\u00e5 <a href=\"https:\/\/www.ntnu.no\/documents\/1266921281\/1323774121\/rapport_01_2025-u5.pdf\/2dc0d640-1eef-fe0c-588e-147c2120d92e?t=1757924903740\">her<\/a><\/p>\n\n\n\n<p>.<\/p>\n\n\n\n<p><\/p>\n\n\n\n<p><\/p>\n\n\n\n<p><\/p>\n","protected":false},"excerpt":{"rendered":"<p>Prosjektperiode: 2024 Prosjekteier: NTNU Gj\u00f8vik v\/SOF \u00f8st Samarbeidspartnere: SOF \u00f8st (NTNU Gj\u00f8vik), SOF midt (Nord universitet). Prosjektgruppen best\u00e5r av Mina Balke, Siri Andreassen Devik, Lena Jakobsen, Else Marie Lysfjord, Marianne Koller\u00f8s Nilsen, Rose Mari Olsen og Maren Sogstad.. Prosjektleder: Maren Sogstad Prosjekttype: Oppdragsforskning Finansiering: Helsedirektoratet Prosjektsammendrag: Faste team lanseres i reformen \u00abBu trygt heime\u00bb som [&hellip;]<\/p>\n","protected":false},"author":148,"featured_media":0,"parent":215,"menu_order":0,"comment_status":"closed","ping_status":"closed","template":"","meta":{"footnotes":""},"coauthors":[4],"class_list":["post-511","page","type-page","status-publish","hentry"],"yoast_head":"<!-- This site is optimized with the Yoast SEO plugin v27.4 - https:\/\/yoast.com\/product\/yoast-seo-wordpress\/ -->\n<title>Faste team i hjemmetjenesten - Senter for omsorgsforskning, midt<\/title>\n<meta name=\"robots\" content=\"index, follow, max-snippet:-1, max-image-preview:large, max-video-preview:-1\" \/>\n<link rel=\"canonical\" href=\"https:\/\/site.nord.no\/omsorgsforskning\/prosjekter\/avsluttede\/faste-team-i-hjemmetjenesten\/\" \/>\n<meta property=\"og:locale\" content=\"nb_NO\" \/>\n<meta property=\"og:type\" content=\"article\" \/>\n<meta property=\"og:title\" content=\"Faste team i hjemmetjenesten - Senter for omsorgsforskning, midt\" \/>\n<meta property=\"og:description\" content=\"Prosjektperiode: 2024 Prosjekteier: NTNU Gj\u00f8vik v\/SOF \u00f8st Samarbeidspartnere: SOF \u00f8st (NTNU Gj\u00f8vik), SOF midt (Nord universitet). Prosjektgruppen best\u00e5r av Mina Balke, Siri Andreassen Devik, Lena Jakobsen, Else Marie Lysfjord, Marianne Koller\u00f8s Nilsen, Rose Mari Olsen og Maren Sogstad.. Prosjektleder: Maren Sogstad Prosjekttype: Oppdragsforskning Finansiering: Helsedirektoratet Prosjektsammendrag: Faste team lanseres i reformen \u00abBu trygt heime\u00bb som [&hellip;]\" \/>\n<meta property=\"og:url\" content=\"https:\/\/site.nord.no\/omsorgsforskning\/prosjekter\/avsluttede\/faste-team-i-hjemmetjenesten\/\" \/>\n<meta property=\"og:site_name\" content=\"Senter for omsorgsforskning, midt\" \/>\n<meta property=\"article:modified_time\" content=\"2025-09-29T21:10:29+00:00\" \/>\n<meta name=\"twitter:card\" content=\"summary_large_image\" \/>\n<meta name=\"twitter:label1\" content=\"Ansl. lesetid\" \/>\n\t<meta name=\"twitter:data1\" content=\"1 minutt\" \/>\n\t<meta name=\"twitter:label2\" content=\"Written by\" \/>\n\t<meta name=\"twitter:data2\" content=\"rosemariolsen\" \/>\n<script type=\"application\/ld+json\" class=\"yoast-schema-graph\">{\"@context\":\"https:\\\/\\\/schema.org\",\"@graph\":[{\"@type\":\"WebPage\",\"@id\":\"https:\\\/\\\/site.nord.no\\\/omsorgsforskning\\\/prosjekter\\\/avsluttede\\\/faste-team-i-hjemmetjenesten\\\/\",\"url\":\"https:\\\/\\\/site.nord.no\\\/omsorgsforskning\\\/prosjekter\\\/avsluttede\\\/faste-team-i-hjemmetjenesten\\\/\",\"name\":\"Faste team i hjemmetjenesten - Senter for omsorgsforskning, midt\",\"isPartOf\":{\"@id\":\"https:\\\/\\\/site.nord.no\\\/omsorgsforskning\\\/#website\"},\"datePublished\":\"2025-09-29T21:10:13+00:00\",\"dateModified\":\"2025-09-29T21:10:29+00:00\",\"breadcrumb\":{\"@id\":\"https:\\\/\\\/site.nord.no\\\/omsorgsforskning\\\/prosjekter\\\/avsluttede\\\/faste-team-i-hjemmetjenesten\\\/#breadcrumb\"},\"inLanguage\":\"nb-NO\",\"potentialAction\":[{\"@type\":\"ReadAction\",\"target\":[\"https:\\\/\\\/site.nord.no\\\/omsorgsforskning\\\/prosjekter\\\/avsluttede\\\/faste-team-i-hjemmetjenesten\\\/\"]}]},{\"@type\":\"BreadcrumbList\",\"@id\":\"https:\\\/\\\/site.nord.no\\\/omsorgsforskning\\\/prosjekter\\\/avsluttede\\\/faste-team-i-hjemmetjenesten\\\/#breadcrumb\",\"itemListElement\":[{\"@type\":\"ListItem\",\"position\":1,\"name\":\"Hjem\",\"item\":\"https:\\\/\\\/site.nord.no\\\/omsorgsforskning\\\/\"},{\"@type\":\"ListItem\",\"position\":2,\"name\":\"Prosjekter\",\"item\":\"https:\\\/\\\/site.nord.no\\\/omsorgsforskning\\\/prosjekter\\\/\"},{\"@type\":\"ListItem\",\"position\":3,\"name\":\"Avsluttede\",\"item\":\"https:\\\/\\\/site.nord.no\\\/omsorgsforskning\\\/prosjekter\\\/avsluttede\\\/\"},{\"@type\":\"ListItem\",\"position\":4,\"name\":\"Faste team i hjemmetjenesten\"}]},{\"@type\":\"WebSite\",\"@id\":\"https:\\\/\\\/site.nord.no\\\/omsorgsforskning\\\/#website\",\"url\":\"https:\\\/\\\/site.nord.no\\\/omsorgsforskning\\\/\",\"name\":\"Senter for omsorgsforskning, midt\",\"description\":\"\",\"potentialAction\":[{\"@type\":\"SearchAction\",\"target\":{\"@type\":\"EntryPoint\",\"urlTemplate\":\"https:\\\/\\\/site.nord.no\\\/omsorgsforskning\\\/?s={search_term_string}\"},\"query-input\":{\"@type\":\"PropertyValueSpecification\",\"valueRequired\":true,\"valueName\":\"search_term_string\"}}],\"inLanguage\":\"nb-NO\"}]}<\/script>\n<!-- \/ Yoast SEO plugin. -->","yoast_head_json":{"title":"Faste team i hjemmetjenesten - Senter for omsorgsforskning, midt","robots":{"index":"index","follow":"follow","max-snippet":"max-snippet:-1","max-image-preview":"max-image-preview:large","max-video-preview":"max-video-preview:-1"},"canonical":"https:\/\/site.nord.no\/omsorgsforskning\/prosjekter\/avsluttede\/faste-team-i-hjemmetjenesten\/","og_locale":"nb_NO","og_type":"article","og_title":"Faste team i hjemmetjenesten - Senter for omsorgsforskning, midt","og_description":"Prosjektperiode: 2024 Prosjekteier: NTNU Gj\u00f8vik v\/SOF \u00f8st Samarbeidspartnere: SOF \u00f8st (NTNU Gj\u00f8vik), SOF midt (Nord universitet). Prosjektgruppen best\u00e5r av Mina Balke, Siri Andreassen Devik, Lena Jakobsen, Else Marie Lysfjord, Marianne Koller\u00f8s Nilsen, Rose Mari Olsen og Maren Sogstad.. Prosjektleder: Maren Sogstad Prosjekttype: Oppdragsforskning Finansiering: Helsedirektoratet Prosjektsammendrag: Faste team lanseres i reformen \u00abBu trygt heime\u00bb som [&hellip;]","og_url":"https:\/\/site.nord.no\/omsorgsforskning\/prosjekter\/avsluttede\/faste-team-i-hjemmetjenesten\/","og_site_name":"Senter for omsorgsforskning, midt","article_modified_time":"2025-09-29T21:10:29+00:00","twitter_card":"summary_large_image","twitter_misc":{"Ansl. lesetid":"1 minutt","Written by":"rosemariolsen"},"schema":{"@context":"https:\/\/schema.org","@graph":[{"@type":"WebPage","@id":"https:\/\/site.nord.no\/omsorgsforskning\/prosjekter\/avsluttede\/faste-team-i-hjemmetjenesten\/","url":"https:\/\/site.nord.no\/omsorgsforskning\/prosjekter\/avsluttede\/faste-team-i-hjemmetjenesten\/","name":"Faste team i hjemmetjenesten - Senter for omsorgsforskning, midt","isPartOf":{"@id":"https:\/\/site.nord.no\/omsorgsforskning\/#website"},"datePublished":"2025-09-29T21:10:13+00:00","dateModified":"2025-09-29T21:10:29+00:00","breadcrumb":{"@id":"https:\/\/site.nord.no\/omsorgsforskning\/prosjekter\/avsluttede\/faste-team-i-hjemmetjenesten\/#breadcrumb"},"inLanguage":"nb-NO","potentialAction":[{"@type":"ReadAction","target":["https:\/\/site.nord.no\/omsorgsforskning\/prosjekter\/avsluttede\/faste-team-i-hjemmetjenesten\/"]}]},{"@type":"BreadcrumbList","@id":"https:\/\/site.nord.no\/omsorgsforskning\/prosjekter\/avsluttede\/faste-team-i-hjemmetjenesten\/#breadcrumb","itemListElement":[{"@type":"ListItem","position":1,"name":"Hjem","item":"https:\/\/site.nord.no\/omsorgsforskning\/"},{"@type":"ListItem","position":2,"name":"Prosjekter","item":"https:\/\/site.nord.no\/omsorgsforskning\/prosjekter\/"},{"@type":"ListItem","position":3,"name":"Avsluttede","item":"https:\/\/site.nord.no\/omsorgsforskning\/prosjekter\/avsluttede\/"},{"@type":"ListItem","position":4,"name":"Faste team i hjemmetjenesten"}]},{"@type":"WebSite","@id":"https:\/\/site.nord.no\/omsorgsforskning\/#website","url":"https:\/\/site.nord.no\/omsorgsforskning\/","name":"Senter for omsorgsforskning, midt","description":"","potentialAction":[{"@type":"SearchAction","target":{"@type":"EntryPoint","urlTemplate":"https:\/\/site.nord.no\/omsorgsforskning\/?s={search_term_string}"},"query-input":{"@type":"PropertyValueSpecification","valueRequired":true,"valueName":"search_term_string"}}],"inLanguage":"nb-NO"}]}},"_links":{"self":[{"href":"https:\/\/site.nord.no\/omsorgsforskning\/wp-json\/wp\/v2\/pages\/511","targetHints":{"allow":["GET"]}}],"collection":[{"href":"https:\/\/site.nord.no\/omsorgsforskning\/wp-json\/wp\/v2\/pages"}],"about":[{"href":"https:\/\/site.nord.no\/omsorgsforskning\/wp-json\/wp\/v2\/types\/page"}],"author":[{"embeddable":true,"href":"https:\/\/site.nord.no\/omsorgsforskning\/wp-json\/wp\/v2\/users\/148"}],"replies":[{"embeddable":true,"href":"https:\/\/site.nord.no\/omsorgsforskning\/wp-json\/wp\/v2\/comments?post=511"}],"version-history":[{"count":4,"href":"https:\/\/site.nord.no\/omsorgsforskning\/wp-json\/wp\/v2\/pages\/511\/revisions"}],"predecessor-version":[{"id":520,"href":"https:\/\/site.nord.no\/omsorgsforskning\/wp-json\/wp\/v2\/pages\/511\/revisions\/520"}],"up":[{"embeddable":true,"href":"https:\/\/site.nord.no\/omsorgsforskning\/wp-json\/wp\/v2\/pages\/215"}],"wp:attachment":[{"href":"https:\/\/site.nord.no\/omsorgsforskning\/wp-json\/wp\/v2\/media?parent=511"}],"wp:term":[{"taxonomy":"author","embeddable":true,"href":"https:\/\/site.nord.no\/omsorgsforskning\/wp-json\/wp\/v2\/coauthors?post=511"}],"curies":[{"name":"wp","href":"https:\/\/api.w.org\/{rel}","templated":true}]}}