{"id":39,"date":"2021-12-06T15:33:34","date_gmt":"2021-12-06T14:33:34","guid":{"rendered":"https:\/\/blogg.nord.no\/outmus\/?page_id=39"},"modified":"2024-11-16T12:31:54","modified_gmt":"2024-11-16T11:31:54","slug":"media-cover","status":"publish","type":"page","link":"https:\/\/site.nord.no\/outmus\/media-cover\/","title":{"rendered":"Media cover"},"content":{"rendered":"\n<div style=\"height:52px\" aria-hidden=\"true\" class=\"wp-block-spacer\"><\/div>\n\n\n\n<figure class=\"wp-block-image size-full\"><a href=\"https:\/\/eur01.safelinks.protection.outlook.com\/?url=https%3A%2F%2Fopen.spotify.com%2Fepisode%2F21NGvGMJXIktaUdoSWqxkf%3Fsi%3Db4a0387fb43c45da&amp;data=05%7C02%7Cjens.knigge%40nord.no%7C79ebb09a64ec4b9b56a408dd04e3ed5c%7Cfed13d9f21df485d909a231f3c6d16f0%7C1%7C0%7C638672099178707275%7CUnknown%7CTWFpbGZsb3d8eyJFbXB0eU1hcGkiOnRydWUsIlYiOiIwLjAuMDAwMCIsIlAiOiJXaW4zMiIsIkFOIjoiTWFpbCIsIldUIjoyfQ%3D%3D%7C0%7C%7C%7C&amp;sdata=dz%2BPdyeuz4t0X3aj%2FjzNRYXfWggfSmQEPtzeMJQiou8%3D&amp;reserved=0\"><img fetchpriority=\"high\" decoding=\"async\" width=\"936\" height=\"512\" src=\"https:\/\/site.nord.no\/outmus\/wp-content\/uploads\/sites\/41\/2024\/11\/Podcast.png\" alt=\"\" class=\"wp-image-371\" \/><\/a><\/figure>\n\n\n\n<div style=\"height:100px\" aria-hidden=\"true\" class=\"wp-block-spacer\"><\/div>\n\n\n\n<figure class=\"wp-block-image size-full\"><img decoding=\"async\" width=\"367\" height=\"44\" src=\"https:\/\/site.nord.no\/outmus\/wp-content\/uploads\/sites\/41\/2024\/02\/image.png\" alt=\"\" class=\"wp-image-356\" \/><\/figure>\n\n\n\n<h2 class=\"wp-block-heading\">Forskningsformidling: OutMus presenterer funn p\u00e5 seminar<\/h2>\n\n\n\n<p><strong>Det kulturskolerelevante forskningsprosjektet OutMus, som Nord universitetet gjennomf\u00f8rer \u2013 med Norsk kulturskoler\u00e5d som partner \u2013 n\u00e6rmer seg slutten. 29. februar vil alle prosjektets funn bli presentert og diskutert p\u00e5 et seminar p\u00e5 NTNU i Trondheim, som ogs\u00e5 str\u00f8mmes direkte.<\/strong><\/p>\n\n\n\n<p><strong>Hva l\u00e6rer elever i femte klasse n\u00e5r kulturskolen overtar undervisningen?<\/strong><\/p>\n\n\n\n<p>Forskningsprosjektet OutMus n\u00e6rmer seg slutten.&nbsp;Noen forel\u00f8pige resultater er allerede formidlet, men n\u00e5 g\u00e5r forskerne dypere, og vil fortelle b\u00e5de p\u00e5 hva elevene har l\u00e6rt av kulturskoleundervisningen samt hva l\u00e6rerne og institusjonene har l\u00e6rt.<\/p>\n\n\n\n<p>Kulturskoler og grunnskoler i Levanger, Trondheim og Kristiansand har v\u00e6rt deltakende i prosjektet. 374 elever har blitt fulgt tett for at man skal kunne finne forskjeller i hva som l\u00e6res gjennom musikkundervisning i femteklasse, ut fra hvilket standardiserte program som tilbys, henholdsvis musikkundervisning basert p\u00e5 fiolinoppl\u00e6ring, juniorsaksofonoppl\u00e6ring eller \u00abvanlig\u00bb forsterket musikkundervisning av lik varighet\/mengde som de andre.<\/p>\n\n\n\n<p>Seminaret blir en heldag med presentasjon av forskningsresultater og forh\u00e5pentligvis noen fruktbare diskusjoner omkring samarbeid mellom kulturskole og grunnskole. Seminaret er \u00e5pent for alle, men vil v\u00e6re spesielt interessant for skoleeiere og kommuner som ser kulturskole og grunnskolesamarbeid som viktig, og ikke minst ogs\u00e5 l\u00e6rere som arbeider i kombinerte stillinger, og alle andre som er interessert i kulturskole og musikkfaget i grunnskolen.<\/p>\n\n\n\n<p>Mer info: https:\/\/www.kulturskoleradet.no\/nyheter\/2023\/november\/outmus-presenterer-alle-funn <\/p>\n\n\n\n<figure class=\"wp-block-embed is-type-video is-provider-youtube wp-block-embed-youtube wp-embed-aspect-16-9 wp-has-aspect-ratio\"><div class=\"wp-block-embed__wrapper\">\n<iframe title=\"Outmus-funnene presenteres \u2013 forskningsformidlingsseminar\" width=\"800\" height=\"450\" src=\"https:\/\/www.youtube.com\/embed\/MQco5DYBAQA?feature=oembed\" frameborder=\"0\" allow=\"accelerometer; autoplay; clipboard-write; encrypted-media; gyroscope; picture-in-picture; web-share\" referrerpolicy=\"strict-origin-when-cross-origin\" allowfullscreen><\/iframe>\n<\/div><\/figure>\n\n\n\n<div style=\"height:100px\" aria-hidden=\"true\" class=\"wp-block-spacer\"><\/div>\n\n\n\n<hr class=\"wp-block-separator has-alpha-channel-opacity\" \/>\n\n\n\n<figure class=\"wp-block-image size-full is-resized\"><a href=\"https:\/\/www.kulturskoleradet.no\/nyheter\/2023\/oktober\/forskningsresultater-fra-outmus\" target=\"_blank\" rel=\"noreferrer noopener\"><img decoding=\"async\" width=\"1508\" height=\"1654\" src=\"https:\/\/site.nord.no\/outmus\/wp-content\/uploads\/sites\/41\/2023\/10\/Bildschirmfoto-2023-10-06-um-17.14.49.png\" alt=\"\" class=\"wp-image-334\" style=\"width:648px;height:711px\" \/><\/a><\/figure>\n\n\n\n<div style=\"height:100px\" aria-hidden=\"true\" class=\"wp-block-spacer\"><\/div>\n\n\n\n<hr class=\"wp-block-separator has-alpha-channel-opacity\" \/>\n\n\n<p><img loading=\"lazy\" decoding=\"async\" class=\"alignnone size-full wp-image-328\" src=\"https:\/\/site.nord.no\/outmus\/wp-content\/uploads\/sites\/41\/2022\/11\/fiolinkonsert.png\" alt=\"\" width=\"665\" height=\"163\" \/><\/p>\n<div style=\"width: 800px;\" class=\"wp-video\"><video class=\"wp-video-shortcode\" id=\"video-39-1\" width=\"800\" height=\"450\" preload=\"metadata\" controls=\"controls\"><source type=\"video\/mp4\" src=\"https:\/\/site.nord.no\/outmus\/wp-content\/uploads\/sites\/41\/2022\/11\/Facebook-Video.mp4?_=1\" \/><a href=\"https:\/\/site.nord.no\/outmus\/wp-content\/uploads\/sites\/41\/2022\/11\/Facebook-Video.mp4\">https:\/\/site.nord.no\/outmus\/wp-content\/uploads\/sites\/41\/2022\/11\/Facebook-Video.mp4<\/a><\/video><\/div>\n<hr \/>\n\n\n<p><\/p>\n","protected":false},"excerpt":{"rendered":"<p>Forskningsformidling: OutMus presenterer funn p\u00e5 seminar Det kulturskolerelevante forskningsprosjektet OutMus, som Nord universitetet gjennomf\u00f8rer \u2013 med Norsk kulturskoler\u00e5d som partner \u2013 n\u00e6rmer seg slutten. 29. februar vil alle prosjektets funn bli presentert og diskutert p\u00e5 et seminar p\u00e5 NTNU i Trondheim, som ogs\u00e5 str\u00f8mmes direkte. Hva l\u00e6rer elever i femte klasse n\u00e5r kulturskolen overtar undervisningen? [&hellip;]<\/p>\n","protected":false},"author":75,"featured_media":0,"parent":0,"menu_order":0,"comment_status":"closed","ping_status":"closed","template":"","meta":{"footnotes":""},"coauthors":[2],"class_list":["post-39","page","type-page","status-publish","hentry"],"_links":{"self":[{"href":"https:\/\/site.nord.no\/outmus\/wp-json\/wp\/v2\/pages\/39","targetHints":{"allow":["GET"]}}],"collection":[{"href":"https:\/\/site.nord.no\/outmus\/wp-json\/wp\/v2\/pages"}],"about":[{"href":"https:\/\/site.nord.no\/outmus\/wp-json\/wp\/v2\/types\/page"}],"author":[{"embeddable":true,"href":"https:\/\/site.nord.no\/outmus\/wp-json\/wp\/v2\/users\/75"}],"replies":[{"embeddable":true,"href":"https:\/\/site.nord.no\/outmus\/wp-json\/wp\/v2\/comments?post=39"}],"version-history":[{"count":13,"href":"https:\/\/site.nord.no\/outmus\/wp-json\/wp\/v2\/pages\/39\/revisions"}],"predecessor-version":[{"id":375,"href":"https:\/\/site.nord.no\/outmus\/wp-json\/wp\/v2\/pages\/39\/revisions\/375"}],"wp:attachment":[{"href":"https:\/\/site.nord.no\/outmus\/wp-json\/wp\/v2\/media?parent=39"}],"wp:term":[{"taxonomy":"author","embeddable":true,"href":"https:\/\/site.nord.no\/outmus\/wp-json\/wp\/v2\/coauthors?post=39"}],"curies":[{"name":"wp","href":"https:\/\/api.w.org\/{rel}","templated":true}]}}