{"id":11,"date":"2026-03-05T10:23:22","date_gmt":"2026-03-05T09:23:22","guid":{"rendered":"https:\/\/site.nord.no\/prepchild\/?page_id=11"},"modified":"2026-03-13T11:22:48","modified_gmt":"2026-03-13T10:22:48","slug":"ansatte-og-samarbeidspartnere","status":"publish","type":"page","link":"https:\/\/site.nord.no\/prepchild\/ansatte-og-samarbeidspartnere\/","title":{"rendered":"Ansatte og samarbeidspartnere"},"content":{"rendered":"\n<h2 class=\"wp-block-heading\">Ansatte<\/h2>\n\n\n\n<h3 class=\"wp-block-heading\">Fakultet for samfunnsvitenskap (FSV)<\/h3>\n\n\n\n<div class=\"wp-block-columns is-layout-flex wp-container-core-columns-is-layout-9d6595d7 wp-block-columns-is-layout-flex\">\n<div class=\"wp-block-column is-vertically-aligned-center is-layout-flow wp-block-column-is-layout-flow\"><div class=\"wp-block-image is-style-rounded\">\n<figure class=\"alignleft size-full is-resized\"><img loading=\"lazy\" decoding=\"async\" width=\"960\" height=\"398\" src=\"https:\/\/site.nord.no\/prepchild\/wp-content\/uploads\/sites\/111\/2026\/03\/PrepChild_logo-blank.png\" alt=\"\" class=\"wp-image-7\" style=\"width:140px;height:auto\" srcset=\"https:\/\/site.nord.no\/prepchild\/wp-content\/uploads\/sites\/111\/2026\/03\/PrepChild_logo-blank.png 960w, https:\/\/site.nord.no\/prepchild\/wp-content\/uploads\/sites\/111\/2026\/03\/PrepChild_logo-blank-300x124.png 300w, https:\/\/site.nord.no\/prepchild\/wp-content\/uploads\/sites\/111\/2026\/03\/PrepChild_logo-blank-768x318.png 768w\" sizes=\"auto, (max-width: 960px) 100vw, 960px\" \/><\/figure>\n<\/div>\n\n\n<p><br><strong><a href=\"https:\/\/site.nord.no\/omsorgsforskning\/rose-mari-olsen\/\" data-type=\"page\" data-id=\"133\">Catrine Torbj\u00f8rnsen Hal\u00e5s<\/a><\/strong><\/p>\n\n\n\n<p class=\"has-text-align-left\">Professor<\/p>\n<\/div>\n\n\n\n<div class=\"wp-block-column is-vertically-aligned-center is-layout-flow wp-block-column-is-layout-flow\"><div class=\"wp-block-image is-style-rounded\">\n<figure class=\"alignleft size-full is-resized\"><img loading=\"lazy\" decoding=\"async\" width=\"960\" height=\"398\" src=\"https:\/\/site.nord.no\/prepchild\/wp-content\/uploads\/sites\/111\/2026\/03\/PrepChild_logo-blank.png\" alt=\"\" class=\"wp-image-7\" style=\"width:140px;height:auto\" srcset=\"https:\/\/site.nord.no\/prepchild\/wp-content\/uploads\/sites\/111\/2026\/03\/PrepChild_logo-blank.png 960w, https:\/\/site.nord.no\/prepchild\/wp-content\/uploads\/sites\/111\/2026\/03\/PrepChild_logo-blank-300x124.png 300w, https:\/\/site.nord.no\/prepchild\/wp-content\/uploads\/sites\/111\/2026\/03\/PrepChild_logo-blank-768x318.png 768w\" sizes=\"auto, (max-width: 960px) 100vw, 960px\" \/><\/figure>\n<\/div>\n\n\n<p class=\"has-text-align-left\"><br><strong><a href=\"#\" data-type=\"page\" data-id=\"229\">Janne Paulsen Breimo<\/a><\/strong><\/p>\n\n\n\n<p class=\"has-text-align-left\">Professor<\/p>\n<\/div>\n<\/div>\n\n\n\n<ul class=\"wp-block-list\">\n<li>Professor Catrine Torbj\u00f8rnsen Hal\u00e5s (FSV)<\/li>\n\n\n\n<li>Professor Janne Paulsen Breimo<\/li>\n\n\n\n<li>F\u00f8rsteamanuensis Hilde Berit Moen<\/li>\n\n\n\n<li>Professor Cecilie H\u00f8j Anvik<\/li>\n\n\n\n<li>Professor Ingrid Fylling<\/li>\n\n\n\n<li>F\u00f8rsteamanuensis Ann-Torill T\u00f8rrisplass<\/li>\n\n\n\n<li>F\u00f8rsteamanuensis Guro Wisth \u00d8ydgard<\/li>\n\n\n\n<li>F\u00f8rsteamanuensis Esben S\u00f8ndergaard Bruun Olesen<\/li>\n\n\n\n<li>F\u00f8rsteamanuensis Emma Seyram Hamenoo<\/li>\n\n\n\n<li>Universitetslektor Sandra Jerv\u00e5s<\/li>\n<\/ul>\n\n\n\n<p>Fakultet for sykepleie- og helsevitenskap (FSH):<\/p>\n\n\n\n<ul class=\"wp-block-list\">\n<li>F\u00f8rsteamanuensis Kristin Berre \u00d8rjas\u00e6ter<\/li>\n<\/ul>\n\n\n\n<p>Fakultet for l\u00e6rerutdanning og kunst- og kulturfag (FLU):<\/p>\n\n\n\n<ul class=\"wp-block-list\">\n<li>Professor Natallia Bahdanovich Hanssen<\/li>\n\n\n\n<li>F\u00f8rsteamanuensis Kathrin Olsen<\/li>\n<\/ul>\n\n\n\n<p>Nasjonalt senter for kunst og kultur i oppl\u00e6ringen ved FLU:<\/p>\n\n\n\n<ul class=\"wp-block-list\">\n<li>Senterleder Ann Karin Orset<\/li>\n\n\n\n<li>Professor Wenche Torrissen<\/li>\n<\/ul>\n\n\n\n<p>Handelsh\u00f8gskolen (HHN):<\/p>\n\n\n\n<ul class=\"wp-block-list\">\n<li>Universitetslektor Emelie Johansen Wold<\/li>\n\n\n\n<li>R\u00e5dgiver Hanne Elise Austerheim<br><\/li>\n<\/ul>\n\n\n\n<h2 class=\"wp-block-heading\">Samarbeidspartnere<\/h2>\n\n\n\n<p>Vi samarbeider med:<\/p>\n\n\n\n<p>Bod\u00f8 kommune<br>Nordland fylkeskommune<br>RKK Salten<br>Vefsn kommune<br>Med ungdom i Fokus<br>Mental Helse Ungdom<br>Roskilde universitet (Danmark)<br>Politih\u00f8gskolen<br>UNICEF<br>KS<br>V\u00e5rt internasjonale forskerr\u00e5d best\u00e5r av:<\/p>\n\n\n\n<p>Lektor Trine Wulff Andersen, Roskilde Universitet (Danmark)<br>Prof, Ilse Julkunen, University of Helsinki (Finland)<br>Naomi Nichols, Trent University (Canada)<br>Prof. Victoria Cooper, Childrens Research Centre (England)<br>Prof. Sara Serbati, Padova Universitetet (Italia)<\/p>\n","protected":false},"excerpt":{"rendered":"<p>Ansatte Fakultet for samfunnsvitenskap (FSV) Catrine Torbj\u00f8rnsen Hal\u00e5s Professor Janne Paulsen Breimo Professor Fakultet for sykepleie- og helsevitenskap (FSH): Fakultet for l\u00e6rerutdanning og kunst- og kulturfag (FLU): Nasjonalt senter for kunst og kultur i oppl\u00e6ringen ved FLU: Handelsh\u00f8gskolen (HHN): Samarbeidspartnere Vi samarbeider med: Bod\u00f8 kommuneNordland fylkeskommuneRKK SaltenVefsn kommuneMed ungdom i FokusMental Helse UngdomRoskilde universitet (Danmark)Politih\u00f8gskolenUNICEFKSV\u00e5rt [&hellip;]<\/p>\n","protected":false},"author":75,"featured_media":0,"parent":0,"menu_order":0,"comment_status":"closed","ping_status":"closed","template":"","meta":{"footnotes":""},"coauthors":[2],"class_list":["post-11","page","type-page","status-publish","hentry"],"_links":{"self":[{"href":"https:\/\/site.nord.no\/prepchild\/wp-json\/wp\/v2\/pages\/11","targetHints":{"allow":["GET"]}}],"collection":[{"href":"https:\/\/site.nord.no\/prepchild\/wp-json\/wp\/v2\/pages"}],"about":[{"href":"https:\/\/site.nord.no\/prepchild\/wp-json\/wp\/v2\/types\/page"}],"author":[{"embeddable":true,"href":"https:\/\/site.nord.no\/prepchild\/wp-json\/wp\/v2\/users\/75"}],"replies":[{"embeddable":true,"href":"https:\/\/site.nord.no\/prepchild\/wp-json\/wp\/v2\/comments?post=11"}],"version-history":[{"count":5,"href":"https:\/\/site.nord.no\/prepchild\/wp-json\/wp\/v2\/pages\/11\/revisions"}],"predecessor-version":[{"id":37,"href":"https:\/\/site.nord.no\/prepchild\/wp-json\/wp\/v2\/pages\/11\/revisions\/37"}],"wp:attachment":[{"href":"https:\/\/site.nord.no\/prepchild\/wp-json\/wp\/v2\/media?parent=11"}],"wp:term":[{"taxonomy":"author","embeddable":true,"href":"https:\/\/site.nord.no\/prepchild\/wp-json\/wp\/v2\/coauthors?post=11"}],"curies":[{"name":"wp","href":"https:\/\/api.w.org\/{rel}","templated":true}]}}