{"id":8,"date":"2026-03-05T10:23:12","date_gmt":"2026-03-05T09:23:12","guid":{"rendered":"https:\/\/site.nord.no\/prepchild\/?page_id=8"},"modified":"2026-03-05T10:35:10","modified_gmt":"2026-03-05T09:35:10","slug":"om-senteret","status":"publish","type":"page","link":"https:\/\/site.nord.no\/prepchild\/om-senteret\/","title":{"rendered":"Om senteret"},"content":{"rendered":"\n<p>Mange barn og unge i Norge lever i s\u00e5rbare livssituasjoner, til tross for relativt h\u00f8y velstand og gode sosiale tjenester. Flere kan falle utenfor skole og sosiale fellesskap. Mye skyldes utfordringer med relasjoner og samspillet med andre og omgivelsene. Derfor er det et stort paradoks at det oftest er individuell hjelp samfunnet tilbyr. Viktige n\u00f8kler til en god oppvekst og et godt liv, er gode relasjoner, tilh\u00f8righet, fellesskap og samarbeid.<\/p>\n\n\n\n<p>Sosial beredskap handler b\u00e5de om \u00e5 forst\u00e5 det sosiale limet i samfunnet, om \u00e5 mobilisere ressurser i det offentlige og i det sivile samfunn, og lage ordninger som motvirker utenforskap. Dette kan v\u00e6re kritiske hendelser i hverdagen, som mobbing eller overgrep, eller st\u00f8rre samfunnskritiske hendelser, som koronaepidemien er et eksempel p\u00e5. Basisen i en sosial beredskap er det vi alle gj\u00f8r n\u00e5r vi skaper gode og inkluderende felleskap for barn og unge. Det handler om v\u00e5r evne til \u00e5 oppdage og respondere p\u00e5 det som kan v\u00e6re kritiske hendelser i et barns liv. For \u00e5 f\u00e5 til dette er det viktig at vi vet hva som kan oppleves vanskelig for barn og unge. Det er ogs\u00e5 viktig at vi har kunnskap om gode tiln\u00e6rminger, praktisk kompetanse og systemer som gj\u00f8r at vi kan b\u00e5de handle og samhandle godt.<\/p>\n\n\n\n<p>Vi vil bidra med kunnskap om\u202fhvordan b\u00e5de tilh\u00f8righet og utenforskap oppst\u00e5r i praksis og\u202fhvordan samarbeid og s\u00e5rbarhet har blitt definert, forst\u00e5tt og anvendt. Videre vil vi bidra med kunnskap om hvordan vi som samfunn, i et samarbeid mellom barn og unge, foreldre, lokalsamfunnet, samt sivile og offentlige akt\u00f8rer kan etablere en tidlig sosial beredskap for \u00e5 fange opp, gi st\u00f8tte, styrke relasjoner og samarbeid rundt dem som st\u00e5r i fare for \u00e5 kunne oppleve utenforskap tidlig.<\/p>\n\n\n\n<p>Sammen med barn og unge, studenter, praksisfeltet og v\u00e5rt internasjonale nettverk skal vi bruke kunnskapen til \u00e5 lage samarbeidsmodeller og undervisning for b\u00e5de studenter og praktikere fra ulike yrkesgrupper. Dette kan for eksempel v\u00e6re l\u00e6rer, sosialarbeider og politi. Blant annet skal vi ha sosiale beredskaps\u00f8velser, der vi, basert p\u00e5 ulike praktiske scenarier, kan \u00f8ve og l\u00e6re sammen.<\/p>\n","protected":false},"excerpt":{"rendered":"<p>Mange barn og unge i Norge lever i s\u00e5rbare livssituasjoner, til tross for relativt h\u00f8y velstand og gode sosiale tjenester. Flere kan falle utenfor skole og sosiale fellesskap. Mye skyldes utfordringer med relasjoner og samspillet med andre og omgivelsene. Derfor er det et stort paradoks at det oftest er individuell hjelp samfunnet tilbyr. Viktige n\u00f8kler [&hellip;]<\/p>\n","protected":false},"author":75,"featured_media":0,"parent":0,"menu_order":0,"comment_status":"closed","ping_status":"closed","template":"","meta":{"footnotes":""},"coauthors":[2],"class_list":["post-8","page","type-page","status-publish","hentry"],"_links":{"self":[{"href":"https:\/\/site.nord.no\/prepchild\/wp-json\/wp\/v2\/pages\/8","targetHints":{"allow":["GET"]}}],"collection":[{"href":"https:\/\/site.nord.no\/prepchild\/wp-json\/wp\/v2\/pages"}],"about":[{"href":"https:\/\/site.nord.no\/prepchild\/wp-json\/wp\/v2\/types\/page"}],"author":[{"embeddable":true,"href":"https:\/\/site.nord.no\/prepchild\/wp-json\/wp\/v2\/users\/75"}],"replies":[{"embeddable":true,"href":"https:\/\/site.nord.no\/prepchild\/wp-json\/wp\/v2\/comments?post=8"}],"version-history":[{"count":2,"href":"https:\/\/site.nord.no\/prepchild\/wp-json\/wp\/v2\/pages\/8\/revisions"}],"predecessor-version":[{"id":31,"href":"https:\/\/site.nord.no\/prepchild\/wp-json\/wp\/v2\/pages\/8\/revisions\/31"}],"wp:attachment":[{"href":"https:\/\/site.nord.no\/prepchild\/wp-json\/wp\/v2\/media?parent=8"}],"wp:term":[{"taxonomy":"author","embeddable":true,"href":"https:\/\/site.nord.no\/prepchild\/wp-json\/wp\/v2\/coauthors?post=8"}],"curies":[{"name":"wp","href":"https:\/\/api.w.org\/{rel}","templated":true}]}}