{"id":1035,"date":"2023-09-05T15:44:04","date_gmt":"2023-09-05T13:44:04","guid":{"rendered":"https:\/\/site.nord.no\/response\/?page_id=1035"},"modified":"2023-09-06T09:48:53","modified_gmt":"2023-09-06T07:48:53","slug":"sesong-1","status":"publish","type":"page","link":"https:\/\/site.nord.no\/response\/respnsecast\/sesong-1\/","title":{"rendered":"Sesong 1"},"content":{"rendered":"\n<p>Endelig lanserer forskningsgruppa podcast: RESPONSECAST! I l\u00f8pet av v\u00e5ren kommer det syv episoder hvor vi f\u00e5r m\u00f8te forskere som er tilknyttet Nord universitet. Sesong 1 er basert p\u00e5 boka \u00abB\u00e6rekraft i idrett og friluftsliv\u00bb, som er et resultat av forskningsprosjektet Ledelse, samskaping og b\u00e6rekraft i norske organisasjoner (LESAB) ved Faggruppe Ledelse og innovasjon (Nord universitet). Sesongens programledere er f\u00f8rsteamanuensis og redakt\u00f8r av boka, Anne Tj\u00f8nndal, og doktorgradsstipendiat Sigbj\u00f8rn Skirbekk. Podcasten er produsert av Von kommunikasjon. God lytting!<\/p>\n\n\n\n<p class=\"has-medium-font-size\"><strong>Sjekk ut RESPONSECAST\u00a0<a href=\"https:\/\/open.spotify.com\/show\/7DWLvMeLGq6Qh1xbwxpVVO\">her<\/a>!<\/strong><\/p>\n\n\n\n<figure class=\"wp-block-image size-full is-resized\"><img fetchpriority=\"high\" decoding=\"async\" src=\"https:\/\/site.nord.no\/response\/wp-content\/uploads\/sites\/56\/2023\/02\/image-14.png\" alt=\"\" class=\"wp-image-747\" style=\"width:309px;height:309px\" width=\"309\" height=\"309\" \/><\/figure>\n\n\n\n<h2 class=\"wp-block-heading\">Episode 1: Hva er b\u00e6rekraft i idrett og friluftsliv?<\/h2>\n\n\n\n<p>I sesongens f\u00f8rste episode gjester to av bokas redakt\u00f8rer, Anne Kamilla Lund og Maja Nilssen. De tar oss gjennom en introduksjon til temaet \u00abHva er b\u00e6rekraft i idrett og friluftsliv?\u00bb. Her f\u00e5r vi en oversikt av tidligere forskning innen \u00f8kologisk, sosial og \u00f8konomisk b\u00e6rekraft i idrett og friluftsliv.&nbsp;&nbsp;<\/p>\n\n\n\n<figure class=\"wp-block-image size-full is-resized\"><img decoding=\"async\" src=\"https:\/\/site.nord.no\/response\/wp-content\/uploads\/sites\/56\/2023\/02\/image-15.png\" alt=\"\" class=\"wp-image-748\" style=\"width:800px\" width=\"800\" \/><\/figure>\n\n\n\n<p>&nbsp;<\/p>\n\n\n\n<h2 class=\"wp-block-heading\">Episode 2: Problem eller l\u00f8sningen &#8211; Er friluftsliv egentlig b\u00e6rekraftig?&nbsp;<\/h2>\n\n\n\n<p>I andre episode av RESPONSECAST gjester tidligere masterstudent Marlene Andrea Daleng og vitenskapelig assistent Stian R\u00f8sten. Her stilles det sp\u00f8rsm\u00e5l om friluftsliv egentlig er b\u00e6rekraftig, og vi f\u00e5r et spennende innblikk spenningene som oppst\u00e5r i b\u00e6rekraftarbeidet til landets st\u00f8rste friluftsorganisasjon, Den Norske Turistforening (DNT).<\/p>\n\n\n\n<figure class=\"wp-block-image size-full is-resized\"><img decoding=\"async\" src=\"https:\/\/site.nord.no\/response\/wp-content\/uploads\/sites\/56\/2023\/03\/image-15.png\" alt=\"\" class=\"wp-image-805\" style=\"width:800px\" width=\"800\" \/><\/figure>\n\n\n\n<h2 class=\"wp-block-heading\">Episode 3: Versting eller verdt det &#8211; Milj\u00f8problemer n\u00e5r idretten arrangerer?&nbsp;&nbsp;<\/h2>\n\n\n\n<p>I tredje episode av RESPONSECAST har Anne og Sigbj\u00f8rn med seg doktorgradsstipendiat Frida Austmo W\u00e5gan. Episoden handler om hvordan idrettsarrangementer kan bidra til \u00e5 bevisstgj\u00f8re og inspirere deltakere til mer milj\u00f8vennlig atferd og baseres p\u00e5 EcoTrail Oslo 2021 som empirisk case.&nbsp;&nbsp;<\/p>\n\n\n\n<figure class=\"wp-block-image size-full is-resized\"><img decoding=\"async\" src=\"https:\/\/site.nord.no\/response\/wp-content\/uploads\/sites\/56\/2023\/03\/image-23.png\" alt=\"\" class=\"wp-image-829\" style=\"width:800px\" width=\"800\" \/><\/figure>\n\n\n\n<h2 class=\"wp-block-heading\">Episode 4: Sunn eller usunn &#8211; Spiseforstyrrelser i idrett og mulige l\u00f8sninger?<\/h2>\n\n\n\n<p>I fjerde episode av RESPONSECAST gjester vitenskapelig assistent Martine Limstrand. Temaet i denne epiosden er b\u00e6rekraftig ut\u00f8verutvikling i klatring. Her diskuteres blant annet hvilke tiltak som brukes for \u00e5 forebygge forekomsten av spiseforstyrrelser i klatring, samt hvordan ut\u00f8vere og trenere opplever at disse tiltakene fungerer i praksis.<\/p>\n\n\n\n<figure class=\"wp-block-image size-full is-resized\"><img decoding=\"async\" src=\"https:\/\/site.nord.no\/response\/wp-content\/uploads\/sites\/56\/2023\/04\/image-2.png\" alt=\"\" class=\"wp-image-844\" style=\"width:800px\" width=\"800\" \/><\/figure>\n\n\n\n<h2 class=\"wp-block-heading\">Episode 5: Ulikhet eller utjevning &#8211; Utstyrskrav til hinder for deltakelse i idrett?<\/h2>\n\n\n\n<p>I femte episode av RESPONSECAST gjester f\u00f8rsteamanuensis Berit Irene Vannebo. Episoden omhandler hvordan den frivillige og ideelle organisasjonen BUA samarbeider med ulike akt\u00f8rer for \u00e5 realisere FNs b\u00e6rekraftsm\u00e5l gjennom utl\u00e5n av utstyr til sport og friluftsliv gratis.  <\/p>\n\n\n\n<figure class=\"wp-block-image size-full is-resized\"><img decoding=\"async\" src=\"https:\/\/site.nord.no\/response\/wp-content\/uploads\/sites\/56\/2023\/04\/image-5.png\" alt=\"\" class=\"wp-image-854\" style=\"width:800px\" width=\"800\" \/><\/figure>\n\n\n\n<h2 class=\"wp-block-heading\">Bonusepisode: Genialt eller gr\u00f8nnvasking &#8211; Fotballen i tjeneste for b\u00e6rekraft?<\/h2>\n\n\n\n<p>I bonusepisoden gjester Mads Skauge og Line Danielsen. Epsisoden handler om hvordan FK Bod\u00f8\/Glimt forst\u00e5r sin rolle som bidragsytere til b\u00e6rekraftig utvikling gjennom sin satsing p\u00e5 programmet Action Now. Her f\u00e5r vi innblikk i hvordan en eliteserieklubb bruker sin egen status til \u00e5 oppmuntre til samarbeid og positiv utvikling, b\u00e5de lokalt og nasjonalt, langs de tre b\u00e6rekraftsdimensjonene.<\/p>\n\n\n\n<figure class=\"wp-block-image size-full is-resized\"><img decoding=\"async\" src=\"https:\/\/site.nord.no\/response\/wp-content\/uploads\/sites\/56\/2023\/05\/image-3.png\" alt=\"\" class=\"wp-image-881\" style=\"width:800px\" width=\"800\" \/><\/figure>\n\n\n\n<h2 class=\"wp-block-heading\">Episode 6: Sammenfattende analyse og veien videre: Hva har vi egentlig l\u00e6rt?<\/h2>\n\n\n\n<p>I sesongen siste episode f\u00e5r vi et hyggelig gjenh\u00f8r med bokredakt\u00f8rene Anne Kamilla Lund og Maja Nilssen. Her oppsummerer de viktige funn fra forskningsbidragene i boka, og diskuterer hvilken betydning dette kan ha videre for b\u00e5de forsknings- og praksisfeltet innenfor b\u00e6rekraft i idrett og friluftsliv. <\/p>\n\n\n\n<figure class=\"wp-block-image size-full is-resized\"><img decoding=\"async\" src=\"https:\/\/site.nord.no\/response\/wp-content\/uploads\/sites\/56\/2023\/05\/image-9.png\" alt=\"\" class=\"wp-image-908\" style=\"width:800px\" width=\"800\" \/><\/figure>\n","protected":false},"excerpt":{"rendered":"<p>Endelig lanserer forskningsgruppa podcast: RESPONSECAST! I l\u00f8pet av v\u00e5ren kommer det syv episoder hvor vi f\u00e5r m\u00f8te forskere som er tilknyttet Nord universitet. Sesong 1 er basert p\u00e5 boka \u00abB\u00e6rekraft i idrett og friluftsliv\u00bb, som er et resultat av forskningsprosjektet Ledelse, samskaping og b\u00e6rekraft i norske organisasjoner (LESAB) ved Faggruppe Ledelse og innovasjon (Nord universitet). [&hellip;]<\/p>\n","protected":false},"author":91,"featured_media":0,"parent":693,"menu_order":1,"comment_status":"closed","ping_status":"closed","template":"","meta":{"footnotes":""},"coauthors":[19],"class_list":["post-1035","page","type-page","status-publish","hentry"],"_links":{"self":[{"href":"https:\/\/site.nord.no\/response\/wp-json\/wp\/v2\/pages\/1035","targetHints":{"allow":["GET"]}}],"collection":[{"href":"https:\/\/site.nord.no\/response\/wp-json\/wp\/v2\/pages"}],"about":[{"href":"https:\/\/site.nord.no\/response\/wp-json\/wp\/v2\/types\/page"}],"author":[{"embeddable":true,"href":"https:\/\/site.nord.no\/response\/wp-json\/wp\/v2\/users\/91"}],"replies":[{"embeddable":true,"href":"https:\/\/site.nord.no\/response\/wp-json\/wp\/v2\/comments?post=1035"}],"version-history":[{"count":4,"href":"https:\/\/site.nord.no\/response\/wp-json\/wp\/v2\/pages\/1035\/revisions"}],"predecessor-version":[{"id":1051,"href":"https:\/\/site.nord.no\/response\/wp-json\/wp\/v2\/pages\/1035\/revisions\/1051"}],"up":[{"embeddable":true,"href":"https:\/\/site.nord.no\/response\/wp-json\/wp\/v2\/pages\/693"}],"wp:attachment":[{"href":"https:\/\/site.nord.no\/response\/wp-json\/wp\/v2\/media?parent=1035"}],"wp:term":[{"taxonomy":"author","embeddable":true,"href":"https:\/\/site.nord.no\/response\/wp-json\/wp\/v2\/coauthors?post=1035"}],"curies":[{"name":"wp","href":"https:\/\/api.w.org\/{rel}","templated":true}]}}