{"id":1040,"date":"2023-09-05T15:50:21","date_gmt":"2023-09-05T13:50:21","guid":{"rendered":"https:\/\/site.nord.no\/response\/?page_id=1040"},"modified":"2024-01-14T08:51:07","modified_gmt":"2024-01-14T07:51:07","slug":"sesong-2","status":"publish","type":"page","link":"https:\/\/site.nord.no\/response\/sesong-2\/","title":{"rendered":"Sesong 2"},"content":{"rendered":"\n<p>Velkommen til sesong 2 av RESPONSECAST! Vi er tilbake med 10 nye episoder med ny innsikt og inspirasjon fra forskningsgruppa RESPONSE ved Nord universitet. Denne sesongen gir deg innblikk i doktorgradsprosjektene ved forskningsgruppa v\u00e5r, samt gleder og utfordringer i stipendiatlivets ulike faser. RESPONSECAST ledes av Anne Tj\u00f8nndal og Mads Skauge. Podcasten er produsert av Von kommunikasjon.<\/p>\n\n\n\n<p class=\"has-medium-font-size\"><strong>Sjekk ut RESPONSECAST&nbsp;<a href=\"https:\/\/open.spotify.com\/show\/7DWLvMeLGq6Qh1xbwxpVVO\">her<\/a>!<\/strong><\/p>\n\n\n\n<figure class=\"wp-block-image is-resized\"><img fetchpriority=\"high\" decoding=\"async\" width=\"1166\" height=\"1165\" src=\"https:\/\/site.nord.no\/response\/wp-content\/uploads\/sites\/56\/2023\/02\/image-14.png\" alt=\"\" class=\"wp-image-747\" style=\"width:572px;height:572px\" \/><\/figure>\n\n\n\n<h2 class=\"wp-block-heading\">Episode 1 &#8211; Hva g\u00e5r det egentlig ut p\u00e5: Et idrettssosiologisk doktorgradsprosjekt?<\/h2>\n\n\n\n<p>I sesongpremieren av RESPONSECAST har vi med oss professor Johans Tveit Sandvin. Han er leder for doktorgraden i sosiologi ved Nord universitet. I denne episoden snakker Sandvin med Anne Tj\u00f8nndal om \u00e5 skrive doktorgrad i sosiologi og om idrettssosiologi. Gjennom samtalen belyses sp\u00f8rsm\u00e5l som:<\/p>\n\n\n\n<ul class=\"wp-block-list\">\n<li>Hva er en doktorgradsavhandling i sosiologi?<\/li>\n\n\n\n<li>Hva er empiri og teori, og hvilken rolle spiller disse i en sosiologisk avhandling?<\/li>\n\n\n\n<li>Hvilke forskningsmetoder bruker sosiologer?<\/li>\n\n\n\n<li>Hvorfor er det viktig for sosiologer \u00e5 studere idrett?<\/li>\n\n\n\n<li>Hva er et idrettssosiologisk prosjekt?<\/li>\n<\/ul>\n\n\n\n<p>Enten du er en erfaren idrettsentusiast eller nysgjerrig p\u00e5 hvordan livet som stipendiat ved RESPONSE ser ut, vil denne episoden gi deg en fascinerende innsikt i det som skjer bak kulissene i et doktorgradsprogram i sosiologi.<\/p>\n\n\n\n<figure class=\"wp-block-image size-full is-resized\"><img decoding=\"async\" width=\"600\" height=\"800\" src=\"https:\/\/site.nord.no\/response\/wp-content\/uploads\/sites\/56\/2023\/09\/image.jpeg\" alt=\"\" class=\"wp-image-1045\" style=\"object-fit:cover;width:800px;height:1120px\" \/><\/figure>\n\n\n\n<h2 class=\"wp-block-heading\">Episode 2 &#8211; Personlig engasjement: Idrettsut\u00f8vere som klimaaktivister?<\/h2>\n\n\n\n<p>I en tid der verden st\u00e5r overfor stadig \u00f8kende klimautfordringer, blir det stadig tydeligere at ogs\u00e5 idretten har et ansvar for \u00e5 sikre en b\u00e6rekraftig utvikling for planeten. I denne episode av RESPONSECAST tar vi deg med inn i en spennende verden hvor idrettsut\u00f8vere gj\u00f8r en innsats utenfor idrettsarenaen gjennom \u00e5 engasjere seg som klimaaktivister.<\/p>\n\n\n\n<p>Doktorgradsstipendiat Frida Austmo W\u00e5gan er gjest i episoden, og hun forsker p\u00e5 idrettsut\u00f8vere og klimaaktivisme i fotball. I samtale med Mads Skauge og Anne Tj\u00f8nndal deler Frida av sin innsikt, og sammen belyser de sp\u00f8rsm\u00e5l som:<\/p>\n\n\n\n<ul class=\"wp-block-list\">\n<li>Hvorfor velger noen idrettsut\u00f8vere \u00e5 produsere og publisere aktivistisk innhold p\u00e5 sosiale medier?<\/li>\n\n\n\n<li>Hvor g\u00e5r grensene mellom klimaaktivisme, gr\u00f8nnvasking og b\u00e6rekraft som omd\u00f8mmebygging i idretten?<\/li>\n\n\n\n<li>Hva er en ting fra forskningsfeltet idrettsut\u00f8vere og aktivisme som alle b\u00f8r vite om og ta l\u00e6rdom av?<\/li>\n\n\n\n<li>Hvordan ser en hverdag ut for en stipendiat?<\/li>\n\n\n\n<li>Hvilke metoder kan man bruke for \u00e5 forske p\u00e5 klimaaktivisme i fotball?<\/li>\n\n\n\n<li>Hvilke utfordringer kommer med \u00e5 forske p\u00e5 klimaaktivisme som tema, og hvordan kan man h\u00e5ndtere disse utfordringene?<\/li>\n<\/ul>\n\n\n\n<p>Episoden avsluttes med Fridas tips til vordende doktorgradsstipendiater.<\/p>\n\n\n\n<figure class=\"wp-block-image size-full is-resized\"><img decoding=\"async\" width=\"821\" height=\"934\" src=\"https:\/\/site.nord.no\/response\/wp-content\/uploads\/sites\/56\/2023\/09\/image-5.png\" alt=\"\" class=\"wp-image-1086\" style=\"width:800px;height:undefinedpx\" \/><\/figure>\n\n\n\n<p><\/p>\n\n\n\n<h2 class=\"wp-block-heading\">Episode 3 &#8211; Potensialer og problemer: Hvordan VAR det og hvordan blir det \u00e5 v\u00e6re fotballdommer<\/h2>\n\n\n\n<p>Videod\u00f8mming og dommersystemer med kunstig intelligens blir stadig vanligere i internasjonal toppidrett. Disse dommerteknologiene har ogs\u00e5 kommet til norsk idrett. Videod\u00f8mming i fotball har f\u00e5tt mye oppmerksomhet etter at VAR ble innf\u00f8rt i norsk toppfotball for herrer i 2023 sesongen. I denne episoden av RESPONSECAST tar vi deg med inn i videod\u00f8mmingens verden!<\/p>\n\n\n\n<p>Doktorgradsstipendiat<a rel=\"noreferrer noopener\" href=\"https:\/\/www.nord.no\/om\/ansatte\/sigbjorn-borreson-skirbekk\" target=\"_blank\"> Sigbj\u00f8rn B\u00f8rreson Skirbekk <\/a>er gjest i episoden. Han forsker p\u00e5 implementeringen av VAR i norsk fotball. I samtale med Anne Tj\u00f8nndal deler Sigbj\u00f8rn av sin innsikt, og sammen belyser de sp\u00f8rsm\u00e5l som:<\/p>\n\n\n\n<ul class=\"wp-block-list\">\n<li>Hva er videoteknologi i d\u00f8mming og hvorfor brukes det?<\/li>\n\n\n\n<li>Hvilke konsekvenser f\u00e5r innf\u00f8ringen av VAR for fotballd\u00f8mming?&nbsp;<\/li>\n\n\n\n<li>Hvordan opplever dommerne at VAR p\u00e5virker rollen deres?<\/li>\n\n\n\n<li>Hvorfor er det viktig \u00e5 studere dommerrollen, kj\u00f8nn og VAR i sammenheng?&nbsp;<\/li>\n\n\n\n<li>Kan VAR bidra til \u00e5 sikre flere kvinnelige toppdommere i fotball?&nbsp;<\/li>\n\n\n\n<li>Hvilke metoder bruker du for \u00e5 forske p\u00e5 VAR, kj\u00f8nn og dommerrollen?&nbsp;<\/li>\n\n\n\n<li>Hvordan h\u00e5ndtere \u00e5 &#8216;drukne i data&#8217; som stipendiat?<\/li>\n<\/ul>\n\n\n\n<p>Som sist avsluttes episoden med gode tips fra Sigbj\u00f8rn til vordende doktorgradsstipendiater.<\/p>\n\n\n\n<p><\/p>\n\n\n\n<h2 class=\"wp-block-heading\">Episode 4 &#8211; Everyday youth sport: What is the difference between sport and play?<\/h2>\n\n\n\n<p>Oppdag magien med idrett for barn og unge, og den viktige rollen trenerne spiller for ut\u00f8veres trivsel. Dette er v\u00e5r f\u00f8rste podkastepisode p\u00e5 engelsk, der doktorgradsstipendiat Saara Isosomppi tar oss med p\u00e5 en reise gjennom forskningsverdenen innen idrett for barn og unge. I samtale med Anne deler Saara av sin innsikt, og sammen belyser de sp\u00f8rsm\u00e5l som:<\/p>\n\n\n\n<ul class=\"wp-block-list\">\n<li>Hvilken betydning har idrett for barn og unge?<\/li>\n\n\n\n<li>Hvordan kan trenere v\u00e6re med \u00e5 skape gode idrettsopplevelser?<\/li>\n\n\n\n<li>Er lek synonymt med idrett?<\/li>\n<\/ul>\n\n\n\n<p>Episoden avsluttes med Saaras unike erfaringer som PhD-student i Norge, og de overraskende aspektene ved hennes akademiske reise.<\/p>\n\n\n\n<figure class=\"wp-block-image size-full\"><img loading=\"lazy\" decoding=\"async\" width=\"745\" height=\"790\" src=\"https:\/\/site.nord.no\/response\/wp-content\/uploads\/sites\/56\/2023\/10\/image-3.png\" alt=\"\" class=\"wp-image-1128\" \/><\/figure>\n\n\n\n<h2 class=\"wp-block-heading\">Episode 5 &#8211; Times of change: Is the woman category in sports outdated?<\/h2>\n\n\n\n<p>De siste \u00e5rene har toppidretten v\u00e6rt preget av diskusjoner om kj\u00f8nn og nye definisjoner av kj\u00f8nn. Spesielt har debatten rundt trans- og ikke-bine\u00e6re kvinnelige ut\u00f8vere v\u00e6rt omdiskutert. Mange idretter har valgt \u00e5 bruke ulike testosteronreguleringer med \u00f8nske om \u00e5 sikre rettferdighet. Anna unders\u00f8ker i sitt doktorgradsprosjekt kritisk aspektene som har f\u00f8rt fram til dagens reguleringer. I samtale med Anne deler  Anna av sin innsikt, og sammen belyser de tema som: <\/p>\n\n\n\n<ul class=\"wp-block-list\">\n<li>Forst\u00e5elser av kj\u00f8nn i idretten<\/li>\n\n\n\n<li>Inkludering av trans- og ikke-bin\u00e6re ut\u00f8vere i idretten<\/li>\n\n\n\n<li>Innvirkningen av Covid-19-pandemien p\u00e5 forskning<\/li>\n\n\n\n<li>Utfordringer knyttet til \u00e5 fullf\u00f8re en doktoravhandling<\/li>\n<\/ul>\n\n\n\n<h2 class=\"wp-block-heading\">Episode 6 &#8211; Fra ledelse til prestasjoner: Hva ligger bak gode resultater i toppfotball?<\/h2>\n\n\n\n<p>\u00d8kt kommersialisering i toppfotball gir st\u00f8rre \u00f8konomiske ressurser blant klubbene. Det skaper nye muligheter, men byr samtidig p\u00e5 mange utfordringer. Gevinsten av \u00e5 lykkes blir stor, men presset og utfordringene tilsvarende store dersom resultater uteblir. De \u00f8kte ressursene gir klubbene tilgang p\u00e5 mer og bedre kompetanse i flere spesialiserte roller, men hvilke strategier og hvilken kompetanse er sentralt for prestasjonsutvikling i toppfotball? Hvordan forvaltes og operasjonaliseres kunnskap for \u00e5 opprettholde et prestasjonsklima som fremmer sportslige og organisatoriske m\u00e5l og visjoner?<\/p>\n\n\n\n<p>Doktorgradsstipendiat Kristian Kj\u00f8lstad Sigvartsen er gjest i episoden. Han forsker p\u00e5 prestasjonskultur i toppfotball. I samtale med Anne Tj\u00f8nndal og Mads Skauge deler Kristian av sin innsikt, og sammen belyser de sp\u00f8rsm\u00e5l som:<\/p>\n\n\n\n<ul class=\"wp-block-list\">\n<li>Hva er kommersialisering, og hvordan henger det sammen med prestasjonsutvikling i toppfotball?<\/li>\n\n\n\n<li>Hvorfor er det sosiologisk interessant \u00e5 studere prestasjonskultur i toppidrett?<\/li>\n\n\n\n<li>Hvilken kunnskap er n\u00f8dvendig for \u00e5 skape en kultur som tilrettelegger for prestasjonsutvikling i toppfotball?<\/li>\n<\/ul>\n\n\n\n<figure class=\"wp-block-image size-full\"><img loading=\"lazy\" decoding=\"async\" width=\"1089\" height=\"1936\" src=\"https:\/\/site.nord.no\/response\/wp-content\/uploads\/sites\/56\/2023\/11\/image.jpeg\" alt=\"\" class=\"wp-image-1175\" \/><\/figure>\n\n\n\n<h2 class=\"wp-block-heading\">Episode 7 &#8211; Likestilling i virtuell sport: Hvorfor forvrenger kvinnene stemmen? <\/h2>\n\n\n\n<p>E-sport utgj\u00f8r en global millionindustri og regnes som en av verdens raskest voksende idretter. I Norge har interessen for e-sport f\u00e5tt fotfeste, med muligheter for spesialisering p\u00e5 toppidrettslinjer ved videreg\u00e5ende skoler og tilbud om e-sport som aktivitet i flere idrettslag. Selv Norsk Tipping st\u00f8tter opp om norsk e-sport gjennom sitt samarbeid med Good Game Ligaen. I denne episoden av RESPONSECAST dykker vi ned i e-sportens verden!<\/p>\n\n\n\n<p><br>Gjesten i episoden er f\u00f8rsteamanuensis&nbsp;<a href=\"https:\/\/www.nord.no\/om\/ansatte\/egil-trasti-rogstad\" target=\"_blank\" rel=\"noreferrer noopener\">Egil Trasti Rogstad<\/a>, som nylig disputerte med en doktorgrad om kj\u00f8nn og e-sport i februar 2023. Sammen med programlederne Mads Skauge og Anne Tj\u00f8nndal deler Rogstad sin dype innsikt og belyser sentrale sp\u00f8rsm\u00e5l, blant annet:<\/p>\n\n\n\n<ul class=\"wp-block-list\">\n<li>Hva er e-sport?<\/li>\n\n\n\n<li>Hvordan forholder NIF seg til e-sport?<\/li>\n\n\n\n<li>Hva er kj\u00f8nnsulikhet i e-sport?<\/li>\n\n\n\n<li>Hvilke barrierer m\u00f8ter kvinner i e-sport?<\/li>\n\n\n\n<li>N\u00e5r er doktorgraden god nok til \u00e5 leveres inn?<\/li>\n\n\n\n<li>Hvordan er det \u00e5 disputere?<\/li>\n<\/ul>\n\n\n\n<p>Episoden avsluttes med Egils tips til vordende doktorgradsstipendiater.<\/p>\n\n\n\n<h2 class=\"wp-block-heading\">Episode 8 &#8211; Overv\u00e5kning i toppidretten &#8211; Ingen gjemmesteder for idrettsut\u00f8vere?<\/h2>\n\n\n\n<p>Teknologisk utvikling har stor innvirkning p\u00e5 idretten. I dag bruker mange toppklubber og lag ulike teknologiske verkt\u00f8y med sikte p\u00e5 \u00e5 optimalisere ut\u00f8veres prestasjoner og helse. Kritikere hevder at dette resulterer i en overv\u00e5kningspraksis i toppidretten, der ut\u00f8vere utsettes for overv\u00e5kning b\u00e5de p\u00e5 og utenfor idrettsarenaen. I denne episoden av RESPONSECAST diskuterer vi teknologibruk og overv\u00e5kning i toppidrett!<\/p>\n\n\n\n<p>Doktorgradsstipendiat Stian R\u00f8sten er gjest i episoden. Han forsker p\u00e5 hvordan idrettsut\u00f8vere opplever bruken av teknologiske verkt\u00f8y, og hvilke betydninger innsamling av data om kropp og prestasjon har for deres hverdagsliv. I samtale med Anne Tj\u00f8nndal og Mads Skauge belyser de sp\u00f8rsm\u00e5l som:<\/p>\n\n\n\n<ul class=\"wp-block-list\">\n<li>Hva er overv\u00e5kningsteknologier?<\/li>\n\n\n\n<li>Hvilke muligheter og utfordringer reiser bruken overv\u00e5kningsteknologier i toppidretten?<\/li>\n\n\n\n<li>Hvordan unders\u00f8ker man overv\u00e5kning sosiologisk?<\/li>\n\n\n\n<li>Hvordan jobbe med \u00e5 utvikle prosjektskisse for en doktorgradsstilling?<\/li>\n<\/ul>\n\n\n\n<p>Episoden avsluttes med Stians erfaringer om overgangen fra rolle som vitenskapelig assistent til doktorgradsstipendiat, og arbeidet med s\u00f8knad p\u00e5 doktorgradsstilling og utvikling av prosjektskisse.<\/p>\n\n\n\n<figure class=\"wp-block-image size-full\"><img loading=\"lazy\" decoding=\"async\" width=\"1125\" height=\"1115\" src=\"https:\/\/site.nord.no\/response\/wp-content\/uploads\/sites\/56\/2023\/12\/image-1.png\" alt=\"\" class=\"wp-image-1193\" \/><\/figure>\n\n\n\n<h2 class=\"wp-block-heading\">Episode 9 &#8211; Store idrettsarrangement: Hvilke risikofaktorer st\u00e5r arrang\u00f8rene ovenfor?<\/h2>\n\n\n\n<p>Store idrettsarrangement er spektakul\u00e6re \u00e5 se p\u00e5, tiltrekker seg internasjonale sponsorer og f\u00e5r mye medieoppmerksomhet. Det er ikke uvanlig at nasjoner, forbund og kommuner konkurrerer om \u00e5 f\u00e5 arrangere internasjonale idrettsarrangement. Kompleksiteten ved gjennomf\u00f8ringen av store idrettsarrangement medf\u00f8rer at det er flere fallgruver lokale arrang\u00f8rer kan g\u00e5 i underveis. I denne episoden av RESPONSECATS diskuterer vi risiko, sikkerhet og organisering av store idrettsarrangement.<\/p>\n\n\n\n<p>Universitetslektor Thor Atle Th\u00f8ring er gjest i episoden. Han forsker p\u00e5 samarbeidet mellom internasjonale eiere og lokale arrang\u00f8rer i store idrettsarrangement, samt hvordan lokale arrang\u00f8rer vurderer risiko og sikkerhet i organisering og gjennomf\u00f8ring av idrettsarrangement. I samtale med Anne Tj\u00f8nndal belyser Thor Atle sp\u00f8rsm\u00e5l som:<\/p>\n\n\n\n<ul class=\"wp-block-list\">\n<li> Hva er vanlige risikoer ved store idrettsarrangement?<\/li>\n\n\n\n<li>Hvilke risikoer og sikkerhetsvurderinger er unike for idrettsarangement som beslaglegger store deler av byrom?<\/li>\n\n\n\n<li>Hvordan p\u00e5virker den norske modellen organisering og ledelse av store idrettsarrangement?<\/li>\n\n\n\n<li>Hvordan oppleves overgangen fra undervisningsstilling til \u00e5 skrive doktorgrad?<\/li>\n<\/ul>\n\n\n\n<p>Episoden avsluttes med Thor Atles r\u00e5d til vordende doktorgradsstipendiater.<\/p>\n\n\n\n<figure class=\"wp-block-image size-full\"><img loading=\"lazy\" decoding=\"async\" width=\"600\" height=\"800\" src=\"https:\/\/site.nord.no\/response\/wp-content\/uploads\/sites\/56\/2023\/12\/image-7.png\" alt=\"\" class=\"wp-image-1218\" \/><\/figure>\n\n\n\n<h2 class=\"wp-block-heading\">Episode 10 &#8211; Doktorgrad og disputas: Hvorfor gj\u00f8r vi det s\u00e5nn p\u00e5 universitetet?<\/h2>\n\n\n\n<p>I sesongavslutningen av RESPONSECAST f\u00e5r du h\u00f8re resten av samtalen med professor Johans Tveit Sandvin som ogs\u00e5 var gjest i episode 1. I denne episoden fortsetter samtalen om alle begrepene og prosedyrene for forskning p\u00e5 universitetet. Gjennom samtalen belyses sp\u00f8rsm\u00e5l som:<\/p>\n\n\n\n<ul class=\"wp-block-list\">\n<li>Hvordan velge riktig forskningsmetode i ett doktorgradsprosjekt?<\/li>\n\n\n\n<li>Hva er forskjellen p\u00e5 en monografi og en artikkelbasert doktorgradsavhandling?<\/li>\n\n\n\n<li>Hva vil det si \u00e5 skrive en doktorgrad i sosiologi?<\/li>\n\n\n\n<li>Hvordan f\u00e5r man jobb som doktorgradsstipendiat?<\/li>\n\n\n\n<li>Hva er en disputas?<\/li>\n<\/ul>\n\n\n\n<p>Denne episoden er for deg som er nysgjerrig p\u00e5 hvordan livet som stipendiat ved Fakultet for samfunnsvitenskap ser ut, eller for deg som er interessert i \u00e5 l\u00e6re mer om hvordan forskning foreg\u00e5r!<\/p>\n\n\n\n<figure class=\"wp-block-image size-full\"><img loading=\"lazy\" decoding=\"async\" width=\"768\" height=\"1024\" src=\"https:\/\/site.nord.no\/response\/wp-content\/uploads\/sites\/56\/2024\/01\/image.jpeg\" alt=\"\" class=\"wp-image-1231\" \/><\/figure>\n","protected":false},"excerpt":{"rendered":"<p>Velkommen til sesong 2 av RESPONSECAST! Vi er tilbake med 10 nye episoder med ny innsikt og inspirasjon fra forskningsgruppa RESPONSE ved Nord universitet. Denne sesongen gir deg innblikk i doktorgradsprosjektene ved forskningsgruppa v\u00e5r, samt gleder og utfordringer i stipendiatlivets ulike faser. RESPONSECAST ledes av Anne Tj\u00f8nndal og Mads Skauge. Podcasten er produsert av Von [&hellip;]<\/p>\n","protected":false},"author":91,"featured_media":0,"parent":0,"menu_order":0,"comment_status":"closed","ping_status":"closed","template":"","meta":{"footnotes":""},"coauthors":[19],"class_list":["post-1040","page","type-page","status-publish","hentry"],"_links":{"self":[{"href":"https:\/\/site.nord.no\/response\/wp-json\/wp\/v2\/pages\/1040","targetHints":{"allow":["GET"]}}],"collection":[{"href":"https:\/\/site.nord.no\/response\/wp-json\/wp\/v2\/pages"}],"about":[{"href":"https:\/\/site.nord.no\/response\/wp-json\/wp\/v2\/types\/page"}],"author":[{"embeddable":true,"href":"https:\/\/site.nord.no\/response\/wp-json\/wp\/v2\/users\/91"}],"replies":[{"embeddable":true,"href":"https:\/\/site.nord.no\/response\/wp-json\/wp\/v2\/comments?post=1040"}],"version-history":[{"count":17,"href":"https:\/\/site.nord.no\/response\/wp-json\/wp\/v2\/pages\/1040\/revisions"}],"predecessor-version":[{"id":1232,"href":"https:\/\/site.nord.no\/response\/wp-json\/wp\/v2\/pages\/1040\/revisions\/1232"}],"wp:attachment":[{"href":"https:\/\/site.nord.no\/response\/wp-json\/wp\/v2\/media?parent=1040"}],"wp:term":[{"taxonomy":"author","embeddable":true,"href":"https:\/\/site.nord.no\/response\/wp-json\/wp\/v2\/coauthors?post=1040"}],"curies":[{"name":"wp","href":"https:\/\/api.w.org\/{rel}","templated":true}]}}