{"id":1234,"date":"2024-01-25T08:55:49","date_gmt":"2024-01-25T07:55:49","guid":{"rendered":"https:\/\/site.nord.no\/response\/?page_id=1234"},"modified":"2024-04-18T16:13:12","modified_gmt":"2024-04-18T14:13:12","slug":"sesong-3","status":"publish","type":"page","link":"https:\/\/site.nord.no\/response\/sesong-3\/","title":{"rendered":"Sesong 3"},"content":{"rendered":"\n<p>Velkommen til sesong 3 av RESPONSECAST! V\u00e5rens episoder tar utgangspunkt i boka <a href=\"https:\/\/fagbokforlaget.no\/Idrettsteknologi\/I9788245037890\" target=\"_blank\" rel=\"noreferrer noopener\">Idrettsteknologi <\/a>skrevet av Anne Tj\u00f8nndal, og er et samarbeid med podcasten <a href=\"https:\/\/open.spotify.com\/show\/2SbHQvE7VBTpdIA8OwIi4I\" target=\"_blank\" rel=\"noreferrer noopener\">Idrettsforskning<\/a>. Sesongens episoder ledes av Tom Erik Solstad og Anne Tj\u00f8nndal. Podcasten er produsert av Von kommunikasjon.<\/p>\n\n\n\n<p><strong>Sjekk ut RESPONSECAST&nbsp;<a href=\"https:\/\/open.spotify.com\/show\/7DWLvMeLGq6Qh1xbwxpVVO\">her<\/a>!<\/strong><\/p>\n\n\n\n<figure class=\"wp-block-image size-full\"><img fetchpriority=\"high\" decoding=\"async\" width=\"360\" height=\"510\" src=\"https:\/\/site.nord.no\/response\/wp-content\/uploads\/sites\/56\/2024\/01\/image-2.png\" alt=\"\" class=\"wp-image-1244\" \/><\/figure>\n\n\n\n<h2 class=\"wp-block-heading\">Episode 1: Idrettsteknologi og KI &#8211; Hva mister og vinner vi med ny teknologi?<\/h2>\n\n\n\n<p>I sesongens f\u00f8rste episode diskuterer professor <a href=\"https:\/\/www.nih.no\/om\/ansatte\/sigmundl\/\" target=\"_blank\" rel=\"noreferrer noopener\">Sigmund Loland<\/a> (Norges idrettsh\u00f8gskole), Anne og Tom Erik Solstad (H\u00f8gskulen p\u00e5 Vestlandet) hva idrettsteknologi er, og hvilke nye muligheter og utfordringer ny teknologi bringer for idretten.&nbsp;<\/p>\n\n\n\n<h2 class=\"wp-block-heading\">Episode 2: Digital sport inn i varmen &#8211; Utfordrer esport v\u00e5r forst\u00e5else av idrett?<\/h2>\n\n\n\n<p>Esport er den mest radikale formen for digitalisering av idretten. Satsing p\u00e5 esport er ogs\u00e5 en sentral del av IOCs idrettspolitiske strategi for \u00e5 gj\u00f8re OL mer ungdomsvennlig. I sesongens andre episode gjester f\u00f8rsteamanuensis <a href=\"https:\/\/www.nord.no\/om\/ansatte\/egil-trasti-rogstad\" target=\"_blank\" rel=\"noreferrer noopener\">Egil Trasti Rogstad <\/a>(Nord universitet) for \u00e5 diskutere hvordan esport skaper nye muligheter og utfordringer for idretten. <\/p>\n\n\n\n<h2 class=\"wp-block-heading\">Episode 3: Virtuell virkelighet og idrett &#8211; Nytt og nyttig eller en bj\u00f8rnetjeneste?<\/h2>\n\n\n\n<p>Virtuell virkelighetsteknologi er en av de nyeste teknologitrendene i idretten. Stadig flere akt\u00f8rer i idretten eksperimenterer med VR, AR, MR og XR. Virtuell virkelighetsteknologi brukes i dag blant annet til taktisk og mental trening av idrettsut\u00f8vere, til rehabilitering av skader, eller til&nbsp; \u00e5 gi nye og bedre publikumsopplevelser. I episoden gjester H\u00f8gskolelektor <a href=\"https:\/\/www.hvl.no\/person\/?user=Lars.Peder.Vatshelle.Bovim\" target=\"_blank\" rel=\"noreferrer noopener\">Lars Peder Vatshelle Bovim<\/a> (H\u00f8gskulen p\u00e5 Vestlandet) for \u00e5 diskutere gevinstene og truslene VR-teknologi representerer for idretten. <\/p>\n\n\n\n<h2 class=\"wp-block-heading\">Episode 4: Videoassistert d\u00f8mming &#8211; Mindre feilmargin, men st\u00f8rre fallh\u00f8yde?<\/h2>\n\n\n\n<p>Videoteknologi og kunstig intelligens i d\u00f8mming er et felt som er b\u00e5de veletablert og nytt i idretten. Noen idretter har brukt videoteknologi lenge, for eksempel Hawk-Eye i tennis. Andre idretter, som fotball, har nylig tatt i bruk videoteknologi. Noen eksperimenterer ogs\u00e5 med kunstig intelligens i d\u00f8mming, som i baseball.&nbsp; I denne episoden snakker vi om hvordan innf\u00f8ringen av videoteknologi p\u00e5virker b\u00e5de idretten og dommerrollen. Episodens ekspertgjest er doktorgradsstipendiat <a href=\"https:\/\/www.nord.no\/om\/ansatte\/sigbjorn-borreson-skirbekk\" target=\"_blank\" rel=\"noreferrer noopener\">Sigbj\u00f8rn B\u00f8rreson Skirbekk<\/a> (Nord universitet) for \u00e5 diskutere hvordan VAR gj\u00f8r dommerrollen enklere og vanskeligere p\u00e5 en og samme tid.<\/p>\n\n\n\n<h2 class=\"wp-block-heading\">Episode 5: Kroppsn\u00e6r teknologi &#8211; Overtolker vi n\u00e5r vi overv\u00e5ker kroppen?<\/h2>\n\n\n\n<p>Kroppsn\u00e6re teknologier tilbyr et arsenal av fysiologiske data &#8211; fra puls, body battery og HRV til s\u00f8vnkvalitet, kaloriforbruk og antall skritt. Disse tallene gir innsikt i egen helse, men hvor n\u00f8yaktige er dataene egentlig? Og hvem eier alle datapunktene om v\u00e5re hverdagsliv? Inviterer vi teknologigiganter som Garmin og Apple til \u00e5 overv\u00e5ke v\u00e5re vaner? I denne episoden snakker vi om dette og mye mer! Episodens ekspertgjester er overingeni\u00f8r <a href=\"https:\/\/www.ntnu.no\/ansatte\/pal.haugnes\" target=\"_blank\" rel=\"noreferrer noopener\">P\u00e5l Hatling Haugnes<\/a> og doktorgradsstipendiat <a href=\"https:\/\/www.ntnu.no\/ansatte\/sondre.auganaes\" target=\"_blank\" rel=\"noreferrer noopener\">Sondre Bergtun Augan\u00e6s <\/a>(NTNU).<\/p>\n\n\n\n<h2 class=\"wp-block-heading\">Episode 6: Raskere, h\u00f8yere, sterkere &#8211; Hva er teknologi og hva er doping?<\/h2>\n\n\n\n<p>Teknologi er blitt avgj\u00f8rende for prestasjonsutvikling. Vi ser stadig flere situasjoner hvor ny teknologi revolusjonerer toppidrettsprestasjoner. Et n\u00e6rliggende eksempel er hvordan karbonfibers\u00e5ler i l\u00f8pesko har f\u00f8rt til nye rekorder i maraton og triatlon. Men hvor g\u00e5r grensen mellom teknologisk innovasjon og doping i toppidrett? B\u00f8r vi tillate alt av teknologi i toppidrett s\u00e5 lenge det ikke utgj\u00f8r en trussel for idrettsut\u00f8veres helse og sikkerhet? Eller er OL i ferd med \u00e5 bli en konkurranse mellom ingeni\u00f8rer, leger og forskere? Sammen med episodens ekspertgjest professor <a href=\"https:\/\/www.nih.no\/om\/ansatte\/sigmundl\/\" target=\"_blank\" rel=\"noreferrer noopener\">Sigmund Loland<\/a> (Norges idrettsh\u00f8gskole) diskuterer Tom Erik Solstad og Anne Tj\u00f8nndal etiske utfordringer n\u00e5r det gjelder bruk av prestasjonsfremmende teknologi i idretten. <\/p>\n\n\n\n<h2 class=\"wp-block-heading\">Episode 7: Idrett og hetsing p\u00e5 nett &#8211; Fra mobbing til nakenbilder og fyllekj\u00f8ring<\/h2>\n\n\n\n<p>Sosiale medier er blitt en del av hverdagen til idrettsut\u00f8vere og trenere. Mange loggf\u00f8rer og deler data om trenings\u00f8kter p\u00e5 plattformer som Strava, Runkeeper og Fitocracy. Samtidig \u00e5pner sosiale medier og nettforum for nye former for hesting og mobbing i idretten. I denne episoden snakker vi om rasisme, kj\u00f8nnsdiskriminering og overgrep p\u00e5 digitale plattformer. Episodens ekspertgjest er f\u00f8rsteamanuensis <a href=\"https:\/\/www.nord.no\/om\/ansatte\/helga-dis-isfold-sigurdardottir\" target=\"_blank\" rel=\"noreferrer noopener\">Helga Dis Isfold Sigurdardottir<\/a> (Nord universitet).<\/p>\n\n\n\n<p><\/p>\n","protected":false},"excerpt":{"rendered":"<p>Velkommen til sesong 3 av RESPONSECAST! V\u00e5rens episoder tar utgangspunkt i boka Idrettsteknologi skrevet av Anne Tj\u00f8nndal, og er et samarbeid med podcasten Idrettsforskning. Sesongens episoder ledes av Tom Erik Solstad og Anne Tj\u00f8nndal. Podcasten er produsert av Von kommunikasjon. Sjekk ut RESPONSECAST&nbsp;her! Episode 1: Idrettsteknologi og KI &#8211; Hva mister og vinner vi med [&hellip;]<\/p>\n","protected":false},"author":91,"featured_media":0,"parent":0,"menu_order":0,"comment_status":"closed","ping_status":"closed","template":"","meta":{"footnotes":""},"coauthors":[19],"class_list":["post-1234","page","type-page","status-publish","hentry"],"_links":{"self":[{"href":"https:\/\/site.nord.no\/response\/wp-json\/wp\/v2\/pages\/1234","targetHints":{"allow":["GET"]}}],"collection":[{"href":"https:\/\/site.nord.no\/response\/wp-json\/wp\/v2\/pages"}],"about":[{"href":"https:\/\/site.nord.no\/response\/wp-json\/wp\/v2\/types\/page"}],"author":[{"embeddable":true,"href":"https:\/\/site.nord.no\/response\/wp-json\/wp\/v2\/users\/91"}],"replies":[{"embeddable":true,"href":"https:\/\/site.nord.no\/response\/wp-json\/wp\/v2\/comments?post=1234"}],"version-history":[{"count":10,"href":"https:\/\/site.nord.no\/response\/wp-json\/wp\/v2\/pages\/1234\/revisions"}],"predecessor-version":[{"id":1326,"href":"https:\/\/site.nord.no\/response\/wp-json\/wp\/v2\/pages\/1234\/revisions\/1326"}],"wp:attachment":[{"href":"https:\/\/site.nord.no\/response\/wp-json\/wp\/v2\/media?parent=1234"}],"wp:term":[{"taxonomy":"author","embeddable":true,"href":"https:\/\/site.nord.no\/response\/wp-json\/wp\/v2\/coauthors?post=1234"}],"curies":[{"name":"wp","href":"https:\/\/api.w.org\/{rel}","templated":true}]}}