{"id":136,"date":"2022-09-27T15:05:31","date_gmt":"2022-09-27T13:05:31","guid":{"rendered":"https:\/\/site.nord.no\/response\/?page_id=136"},"modified":"2023-04-12T08:51:10","modified_gmt":"2023-04-12T06:51:10","slug":"nyheter","status":"publish","type":"page","link":"https:\/\/site.nord.no\/response\/home\/nyheter\/","title":{"rendered":"Nyheter"},"content":{"rendered":"\n<div class=\"wp-block-columns is-layout-flex wp-container-core-columns-is-layout-28f84493 wp-block-columns-is-layout-flex\">\n<div class=\"wp-block-column is-layout-flow wp-block-column-is-layout-flow\"><\/div>\n<\/div>\n\n\n\n<div class=\"wp-block-columns is-layout-flex wp-container-core-columns-is-layout-28f84493 wp-block-columns-is-layout-flex\">\n<div class=\"wp-block-column is-layout-flow wp-block-column-is-layout-flow\"><ul class=\"wp-block-latest-posts__list wp-block-latest-posts\"><li><a class=\"wp-block-latest-posts__post-title\" href=\"https:\/\/site.nord.no\/response\/2026\/03\/06\/utlysning-masterstipend-2026-2027\/\">Utlysning masterstipend 2026-2027<\/a><\/li>\n<li><a class=\"wp-block-latest-posts__post-title\" href=\"https:\/\/site.nord.no\/response\/2024\/12\/18\/er-du-var-nye-kollega-stipendiat-i-sosiologi-samfunnsvitenskap-idrettsteknologi\/\">Er du v\u00e5r nye kollega? Stipendiat i sosiologi\/samfunnsvitenskap &#8211; Idrettsteknologi<\/a><\/li>\n<li><a class=\"wp-block-latest-posts__post-title\" href=\"https:\/\/site.nord.no\/response\/2024\/12\/18\/are-you-our-new-colleague-phd-in-sociology-social-science-sports-technology\/\">Are you our new colleague? PhD in Sociology\/Social Science &#8211; Sports technology<\/a><\/li>\n<li><a class=\"wp-block-latest-posts__post-title\" href=\"https:\/\/site.nord.no\/response\/2024\/10\/26\/virtuell-issa-2024-teknologi-og-innovasjon-i-idretten\/\">Virtuell ISSA 2024: Teknologi og innovasjon i idretten<\/a><\/li>\n<li><a class=\"wp-block-latest-posts__post-title\" href=\"https:\/\/site.nord.no\/response\/2024\/07\/03\/sports-tech-research-network-summit-increasing-the-relevance-of-virtual-sports-for-human-health-and-performance-19-september\/\">Sports Tech Research Network Summit &#8211; Increasing the relevance of virtual sports for human health and performance &#8211; 19. september<\/a><\/li>\n<li><a class=\"wp-block-latest-posts__post-title\" href=\"https:\/\/site.nord.no\/response\/2024\/04\/18\/ny-episode-av-responscast-22-april\/\">Ny episode av RESPONSCAST &#8211; 22. april<\/a><\/li>\n<li><a class=\"wp-block-latest-posts__post-title\" href=\"https:\/\/site.nord.no\/response\/2024\/04\/05\/vinn-boka-idrettsteknologi\/\">Vinn boka Idrettsteknologi!<\/a><\/li>\n<li><a class=\"wp-block-latest-posts__post-title\" href=\"https:\/\/site.nord.no\/response\/2024\/04\/05\/ny-episode-av-responsecast-8-april\/\">Ny episode av RESPONSECAST &#8211; 8. april<\/a><\/li>\n<li><a class=\"wp-block-latest-posts__post-title\" href=\"https:\/\/site.nord.no\/response\/2024\/03\/20\/ny-episode-av-responsecast-25-mars\/\">Ny episode av RESPONSECAST &#8211; 25. mars<\/a><\/li>\n<li><a class=\"wp-block-latest-posts__post-title\" href=\"https:\/\/site.nord.no\/response\/2024\/03\/08\/ny-episode-av-responsecast-11-mars\/\">Ny episode av RESPONSECAST &#8211; 11. mars<\/a><\/li>\n<li><a class=\"wp-block-latest-posts__post-title\" href=\"https:\/\/site.nord.no\/response\/2024\/02\/23\/ny-episode-av-responsecast-26-februar\/\">Ny episode av RESPONSECAST \u2013 26. februar!<\/a><\/li>\n<li><a class=\"wp-block-latest-posts__post-title\" href=\"https:\/\/site.nord.no\/response\/2024\/02\/09\/ny-episode-av-responsecast-12-februar\/\">Ny episode av RESPONSECAST &#8211; 12. februar!<\/a><\/li>\n<li><a class=\"wp-block-latest-posts__post-title\" href=\"https:\/\/site.nord.no\/response\/2024\/01\/25\/forste-episode-i-sesong-3-av-responsecast-slippes-29-januar\/\">F\u00f8rste episode i tredje sesong av RESPONSECAST slippes 29. januar!<\/a><\/li>\n<li><a class=\"wp-block-latest-posts__post-title\" href=\"https:\/\/site.nord.no\/response\/2024\/01\/10\/sesongavslunting-av-responsecast-doktorgrad-og-disputas-hvorfor-gjor-vi-det-sann-pa-universitetet\/\">Sesongavslunting av RESPONSECAST: Doktorgrad og disputas &#8211; Hvorfor gj\u00f8r vi det s\u00e5nn p\u00e5 universitetet?<\/a><\/li>\n<li><a class=\"wp-block-latest-posts__post-title\" href=\"https:\/\/site.nord.no\/response\/2023\/12\/28\/ny-episode-av-responsecast-om-organisering-og-risikofaktorer-ved-store-idrettsarrangementer\/\">Ny episode av RESPONSECAST om organisering og risikofaktorer ved store idrettsarrangementer<\/a><\/li>\n<li><a class=\"wp-block-latest-posts__post-title\" href=\"https:\/\/site.nord.no\/response\/2023\/12\/22\/er-du-var-nye-kollega-stipendiat-i-sosiologi-idrettsteknologi-og-ungdom\/\">Er du v\u00e5r nye kollega? Stipendiat i sosiologi &#8211; idrettsteknologi og ungdom<\/a><\/li>\n<li><a class=\"wp-block-latest-posts__post-title\" href=\"https:\/\/site.nord.no\/response\/2023\/12\/13\/ny-episode-av-responsecast-13-12-om-overvakning-i-toppidretten\/\">Ny episode av RESPONSECAST 13.12 om overv\u00e5kning i toppidretten<\/a><\/li>\n<li><a class=\"wp-block-latest-posts__post-title\" href=\"https:\/\/site.nord.no\/response\/2023\/11\/29\/ny-episode-av-responsecast-29-11-om-e-sport\/\">Ny episode av RESPONSECAST 29.11 om e-sport!<\/a><\/li>\n<li><a class=\"wp-block-latest-posts__post-title\" href=\"https:\/\/site.nord.no\/response\/2023\/11\/14\/ny-episode-av-responsecast-fra-ledelse-til-prestasjoner-hva-ligger-bak-gode-resultater-i-toppfotball\/\">Ny episode av RESPONSECAST &#8211; Fra ledelse til prestasjoner: Hva ligger bak gode resultater i toppfotball?<\/a><\/li>\n<li><a class=\"wp-block-latest-posts__post-title\" href=\"https:\/\/site.nord.no\/response\/2023\/11\/09\/digital-boklansering-20-november\/\">Digital boklansering &#8211; 20. november<\/a><\/li>\n<li><a class=\"wp-block-latest-posts__post-title\" href=\"https:\/\/site.nord.no\/response\/2023\/11\/02\/ny-episode-av-responsecast-1-november\/\">Ny episode av RESPONSECAST &#8211; 1. november!<\/a><\/li>\n<li><a class=\"wp-block-latest-posts__post-title\" href=\"https:\/\/site.nord.no\/response\/2023\/10\/19\/master-og-bachelorstipend\/\">Master- og bachelorstipend!<\/a><\/li>\n<li><a class=\"wp-block-latest-posts__post-title\" href=\"https:\/\/site.nord.no\/response\/2023\/10\/19\/responsecast-goes-international\/\">RESPONSECAST goes international<\/a><\/li>\n<li><a class=\"wp-block-latest-posts__post-title\" href=\"https:\/\/site.nord.no\/response\/2023\/10\/09\/nytt-response-medlem-tatt-opp-i-forskerskolen-digit\/\">Nytt RESPONSE-medlem tatt opp i Forskerskolen DIGIT!<\/a><\/li>\n<li><a class=\"wp-block-latest-posts__post-title\" href=\"https:\/\/site.nord.no\/response\/2023\/10\/02\/nord-master-plus-forskerskolen\/\">Nord Master Plus &#8211; Forskerskolen<\/a><\/li>\n<li><a class=\"wp-block-latest-posts__post-title\" href=\"https:\/\/site.nord.no\/response\/2023\/10\/01\/responsecast-potensialer-og-problemer-hvordan-var-det-og-hvordan-blir-det-a-vaere-fotballdommer-4-oktober\/\">RESPONSECAST &#8211; &#8220;Potensialer og problemer: Hvordan VAR det og hvordan blir det \u00e5 v\u00e6re fotballdommer&#8221; &#8211; 4. oktober<\/a><\/li>\n<li><a class=\"wp-block-latest-posts__post-title\" href=\"https:\/\/site.nord.no\/response\/2023\/09\/12\/responsecast-personlig-engasjement-idrettsutovere-som-klimaaktivister-20-september\/\">RESPONSECAST &#8211; &#8220;Personlig engasjement: Idrettsut\u00f8vere som klimaaktivister&#8221; &#8211; 20. september<\/a><\/li>\n<li><a class=\"wp-block-latest-posts__post-title\" href=\"https:\/\/site.nord.no\/response\/2023\/09\/06\/endelig-ny-sesong-av-responsecast\/\">Endelig ny sesong av RESPONSECAST!<\/a><\/li>\n<li><a class=\"wp-block-latest-posts__post-title\" href=\"https:\/\/site.nord.no\/response\/2023\/06\/23\/grip-muligheten-til-a-dra-pa-ansattutveksling\/\">Grip muligheten til \u00e5 dra p\u00e5 ansattutveksling!<\/a><\/li>\n<li><a class=\"wp-block-latest-posts__post-title\" href=\"https:\/\/site.nord.no\/response\/2023\/05\/25\/foredrag-om-bodo-glimts-suksess-og-supporterkultur-glimt-er-en-seier-for-den-moderne-fotballen\/\">Foredrag om Bod\u00f8\/Glimts suksess og supporterkultur: &#8211; Glimt er en seier for den moderne fotballen<\/a><\/li>\n<li><a class=\"wp-block-latest-posts__post-title\" href=\"https:\/\/site.nord.no\/response\/2023\/05\/24\/responsecast-episode-6\/\">RESPONSECAST: Episode 6!<\/a><\/li>\n<li><a class=\"wp-block-latest-posts__post-title\" href=\"https:\/\/site.nord.no\/response\/2023\/05\/16\/responsecast-6-sammenfattende-analyse-og-veien-videre-hva-har-vi-egentlig-laert-24-mai\/\">RESPONSECAST #6:\u00a0\u201cSammenfattende analyse og veien videre: Hva har vi egentlig l\u00e6rt?\u201d \u2013 24. mai\u00a0<\/a><\/li>\n<li><a class=\"wp-block-latest-posts__post-title\" href=\"https:\/\/site.nord.no\/response\/2023\/05\/10\/responsecast-bonusepisode\/\">RESPONSECAST: Bonusepisode!<\/a><\/li>\n<li><a class=\"wp-block-latest-posts__post-title\" href=\"https:\/\/site.nord.no\/response\/2023\/05\/03\/responsecast-bonusepisode-10-mai\/\">RESPONSECAST: Bonusepisode &#8211; 10. mai\u00a0<\/a><\/li>\n<li><a class=\"wp-block-latest-posts__post-title\" href=\"https:\/\/site.nord.no\/response\/2023\/04\/26\/responsecast-episode-5\/\">RESPONSECAST: Episode 5!<\/a><\/li>\n<li><a class=\"wp-block-latest-posts__post-title\" href=\"https:\/\/site.nord.no\/response\/2023\/04\/19\/dagmar-er-invitert-til-a-vaere-keynotespeaker-pa-svommeforskernes-ol\/\">Dagmar er invitert til \u00e5 v\u00e6re keynotespeaker p\u00e5 &#8220;sv\u00f8mmeforskernes OL&#8221;<\/a><\/li>\n<li><a class=\"wp-block-latest-posts__post-title\" href=\"https:\/\/site.nord.no\/response\/2023\/04\/19\/responsecast-5-ulikhet-eller-utjevning-utstyrskrav-til-hinder-for-deltakelse-i-idrett-26-april\/\">RESPONSECAST #5:\u00a0\u201cUlikhet eller utjevning: Utstyrskrav til hinder for deltakelse i idrett?\u00a0\u201d \u2013 26. april\u00a0<\/a><\/li>\n<li><a class=\"wp-block-latest-posts__post-title\" href=\"https:\/\/site.nord.no\/response\/2023\/04\/12\/responsecast-episode-4\/\">RESPONSECAST: Episode 4!<\/a><\/li>\n<li><a class=\"wp-block-latest-posts__post-title\" href=\"https:\/\/site.nord.no\/response\/2023\/04\/05\/responsecast-4-sunn-eller-usunn-spiseforstyrrelser-i-idrett-og-mulige-losninger-12-april\/\">RESPONSECAST #4:\u00a0&#8220;Sunn eller usunn: Spiseforstyrrelser i idrett og mulige l\u00f8sninger?&#8221; &#8211; 12. april\u00a0\u00a0<\/a><\/li>\n<li><a class=\"wp-block-latest-posts__post-title\" href=\"https:\/\/site.nord.no\/response\/2023\/03\/29\/responsecast-episode-3\/\">RESPONSECAST: Episode 3!<\/a><\/li>\n<li><a class=\"wp-block-latest-posts__post-title\" href=\"https:\/\/site.nord.no\/response\/2023\/03\/22\/responsecast-3-versting-eller-verdt-det-miljoproblemer-nar-idretten-arrangerer-29-mars\/\">RESPONSECAST #3:\u00a0&#8220;Versting eller verdt det: Milj\u00f8problemer n\u00e5r idretten arrangerer?&#8221; &#8211; 29. mars\u00a0\u00a0<\/a><\/li>\n<li><a class=\"wp-block-latest-posts__post-title\" href=\"https:\/\/site.nord.no\/response\/2023\/03\/15\/responsecast-episode-2\/\">RESPONSECAST: Episode 2!<\/a><\/li>\n<li><a class=\"wp-block-latest-posts__post-title\" href=\"https:\/\/site.nord.no\/response\/2023\/03\/09\/damer-med-drommejobber\/\">Damer med dr\u00f8mmejobber<\/a><\/li>\n<li><a class=\"wp-block-latest-posts__post-title\" href=\"https:\/\/site.nord.no\/response\/2023\/03\/08\/responsecast-2-problem-eller-losningen-er-friluftsliv-egentlig-baerekraftig-15-mars\/\">RESPONSECAST #2: &#8220;Problem eller l\u00f8sningen: Er friluftsliv egentlig b\u00e6rekraftig?&#8221; &#8211; 15. mars\u00a0<\/a><\/li>\n<li><a class=\"wp-block-latest-posts__post-title\" href=\"https:\/\/site.nord.no\/response\/2023\/03\/01\/responsecast-episode-1\/\">RESPONSECAST: Episode 1<\/a><\/li>\n<li><a class=\"wp-block-latest-posts__post-title\" href=\"https:\/\/site.nord.no\/response\/2023\/02\/24\/vi-lanserer-podcast\/\">Vi lanserer podcast 1. mars!<\/a><\/li>\n<li><a class=\"wp-block-latest-posts__post-title\" href=\"https:\/\/site.nord.no\/response\/2023\/02\/09\/utlysning-masterstipend-2023-2024\/\">Utlysning masterstipend 2023\/2024\u00a0<\/a><\/li>\n<li><a class=\"wp-block-latest-posts__post-title\" href=\"https:\/\/site.nord.no\/response\/2023\/01\/10\/hvordan-lede-kvinnelige-toppfotballspillere-podcastepisode-med-line-danielsen\/\">Hvordan lede kvinnelige toppfotballspillere? &#8211; Podcastepisode med Line Danielsen<\/a><\/li>\n<li><a class=\"wp-block-latest-posts__post-title\" href=\"https:\/\/site.nord.no\/response\/2022\/12\/02\/boklansering-og-seminar-baerekraft-i-idrett-og-friluftsliv\/\">Boklansering og seminar: B\u00e6rekraft i idrett og friluftsliv<\/a><\/li>\n<li><a class=\"wp-block-latest-posts__post-title\" href=\"https:\/\/site.nord.no\/response\/2022\/11\/09\/stromming-av-foredrag-pa-internasjonal-konferanse-om-idrett-og-kjonn-i-bodo-16-18-november\/\">Str\u00f8mming av foredrag p\u00e5 internasjonal konferanse om idrett og kj\u00f8nn\u00a0i Bod\u00f8 16.-18. november<\/a><\/li>\n<li><a class=\"wp-block-latest-posts__post-title\" href=\"https:\/\/site.nord.no\/response\/2022\/10\/25\/od-dagen-3-november-forskningsassistent-for-en-dag\/\">OD-dagen 3. november: Forskningsassistent for en dag?<\/a><\/li>\n<\/ul><\/div>\n<\/div>\n","protected":false},"excerpt":{"rendered":"","protected":false},"author":75,"featured_media":0,"parent":7,"menu_order":0,"comment_status":"closed","ping_status":"closed","template":"","meta":{"footnotes":""},"coauthors":[7],"class_list":["post-136","page","type-page","status-publish","hentry"],"_links":{"self":[{"href":"https:\/\/site.nord.no\/response\/wp-json\/wp\/v2\/pages\/136","targetHints":{"allow":["GET"]}}],"collection":[{"href":"https:\/\/site.nord.no\/response\/wp-json\/wp\/v2\/pages"}],"about":[{"href":"https:\/\/site.nord.no\/response\/wp-json\/wp\/v2\/types\/page"}],"author":[{"embeddable":true,"href":"https:\/\/site.nord.no\/response\/wp-json\/wp\/v2\/users\/75"}],"replies":[{"embeddable":true,"href":"https:\/\/site.nord.no\/response\/wp-json\/wp\/v2\/comments?post=136"}],"version-history":[{"count":12,"href":"https:\/\/site.nord.no\/response\/wp-json\/wp\/v2\/pages\/136\/revisions"}],"predecessor-version":[{"id":843,"href":"https:\/\/site.nord.no\/response\/wp-json\/wp\/v2\/pages\/136\/revisions\/843"}],"up":[{"embeddable":true,"href":"https:\/\/site.nord.no\/response\/wp-json\/wp\/v2\/pages\/7"}],"wp:attachment":[{"href":"https:\/\/site.nord.no\/response\/wp-json\/wp\/v2\/media?parent=136"}],"wp:term":[{"taxonomy":"author","embeddable":true,"href":"https:\/\/site.nord.no\/response\/wp-json\/wp\/v2\/coauthors?post=136"}],"curies":[{"name":"wp","href":"https:\/\/api.w.org\/{rel}","templated":true}]}}