{"id":155,"date":"2022-10-04T13:06:42","date_gmt":"2022-10-04T11:06:42","guid":{"rendered":"https:\/\/site.nord.no\/response\/?page_id=155"},"modified":"2023-11-06T08:14:47","modified_gmt":"2023-11-06T07:14:47","slug":"arrangementer","status":"publish","type":"page","link":"https:\/\/site.nord.no\/response\/home\/arrangementer\/","title":{"rendered":"Arrangementer"},"content":{"rendered":"\n<p>Siden vil oppdateres fortl\u00f8pende med spennende arrangementer.<\/p>\n\n\n<ul class=\"wp-block-latest-posts__list wp-block-latest-posts\"><li><a class=\"wp-block-latest-posts__post-title\" href=\"https:\/\/site.nord.no\/response\/2026\/03\/25\/response-seminar-8-april\/\">RESPONSE-seminar 8. april &#8211; Embodying the smartwatch<\/a><\/li>\n<li><a class=\"wp-block-latest-posts__post-title\" href=\"https:\/\/site.nord.no\/response\/2026\/01\/16\/fra-akselrasjon-til-resonans\/\">RESPONSE-seminar: Fra akselerasjon til resonans &#8211; \u00e5 tenke nytt om for l\u00e6ring, utvikling og prestasjon i idrett &#8211; 26. mai<\/a><\/li>\n<li><a class=\"wp-block-latest-posts__post-title\" href=\"https:\/\/site.nord.no\/response\/2026\/01\/16\/bryce_dyer_lecture\/\">RESPONSE-lecture: From Concept to Controversy to Consensus &#8211; Hoe a new sports technology policy transformed UK-based Time Trial Cycling &#8211; 28. mai<\/a><\/li>\n<\/ul>\n\n\n<blockquote class=\"wp-block-quote is-layout-flow wp-block-quote-is-layout-flow\">\n<p><\/p>\n<\/blockquote>\n\n\n\n<h3 class=\"wp-block-heading\">Forskningsgruppem\u00f8ter h\u00f8st 2023<\/h3>\n\n\n\n<ul class=\"wp-block-list\">\n<li><\/li>\n<\/ul>\n\n\n\n<p><\/p>\n\n\n\n<h3 class=\"wp-block-heading\">Fredagstrim 2023:<\/h3>\n\n\n\n<p>Vi m\u00f8tes hver fredag klokka 15.00 for felles aktivitet. Her er alle hjertelig velkommen til \u00e5 bli med\ud83d\ude0a Tre fredager i m\u00e5neden drar vi p\u00e5 joggetur sammen i &#8220;alle-skal-med-fart&#8221; (start fra hovedinngangen til universitetet), mens den f\u00f8rste fredagen i hver m\u00e5ned gj\u00f8r vi en alternativ aktivitet. Send et pip til Anne (<a href=\"mailto:anne.tjonndal@nord.no\">anne.tjonndal@nord.no<\/a>) eller Stian (<a href=\"mailto:stian.rosten@nord.no\">stian.rosten@nord.no<\/a>) om du vil legges til Teams-chatten for fredagsjogg, og send p\u00e5melding per e-post til ansvarlig person for p\u00e5melding til alternativ aktivitet.<\/p>\n\n\n\n<p><strong>H\u00f8stens planlagte alternative aktiviteter:<\/strong><\/p>\n\n\n\n<figure class=\"wp-block-table\"><table><tbody><tr><td><strong>Dato<\/strong><\/td><td><strong>Aktivitet<\/strong><\/td><td><strong>Sted<\/strong><\/td><td><strong>Ansvarlig<\/strong><\/td><\/tr><tr><td>08.09.2023 Kl. 15:00<\/td><td>Tur i marka bak universitetet<\/td><td>Oppm\u00f8te ved Hovedinngangen<\/td><td>Stian R\u00f8sten<\/td><\/tr><tr><td>06.10.2023 Kl. 16:00<\/td><td>Digital Darts<\/td><td>GATSBY, Moloveien 18<\/td><td>Egil Trasti Rogstad<\/td><\/tr><tr><td>03.11.2023 Kl. 15:00<\/td><td>Hoppetau<\/td><td>Bod\u00f8 Bokseklubb <br>(Notveien 15)<\/td><td>Anne Tj\u00f8nndal<\/td><\/tr><tr><td>01.12.2023 Kl. 20:00<\/td><td>Blacklight Minigolf<\/td><td>Bod\u00f8 Actionhall, Storgata 8<\/td><td>Kristian Kj\u00f8lstad Sigvartsen<\/td><\/tr><\/tbody><\/table><\/figure>\n","protected":false},"excerpt":{"rendered":"<p>Siden vil oppdateres fortl\u00f8pende med spennende arrangementer. Forskningsgruppem\u00f8ter h\u00f8st 2023 Fredagstrim 2023: Vi m\u00f8tes hver fredag klokka 15.00 for felles aktivitet. Her er alle hjertelig velkommen til \u00e5 bli med\ud83d\ude0a Tre fredager i m\u00e5neden drar vi p\u00e5 joggetur sammen i &#8220;alle-skal-med-fart&#8221; (start fra hovedinngangen til universitetet), mens den f\u00f8rste fredagen i hver m\u00e5ned gj\u00f8r vi [&hellip;]<\/p>\n","protected":false},"author":91,"featured_media":0,"parent":7,"menu_order":0,"comment_status":"closed","ping_status":"closed","template":"","meta":{"footnotes":""},"coauthors":[19],"class_list":["post-155","page","type-page","status-publish","hentry"],"_links":{"self":[{"href":"https:\/\/site.nord.no\/response\/wp-json\/wp\/v2\/pages\/155","targetHints":{"allow":["GET"]}}],"collection":[{"href":"https:\/\/site.nord.no\/response\/wp-json\/wp\/v2\/pages"}],"about":[{"href":"https:\/\/site.nord.no\/response\/wp-json\/wp\/v2\/types\/page"}],"author":[{"embeddable":true,"href":"https:\/\/site.nord.no\/response\/wp-json\/wp\/v2\/users\/91"}],"replies":[{"embeddable":true,"href":"https:\/\/site.nord.no\/response\/wp-json\/wp\/v2\/comments?post=155"}],"version-history":[{"count":12,"href":"https:\/\/site.nord.no\/response\/wp-json\/wp\/v2\/pages\/155\/revisions"}],"predecessor-version":[{"id":1141,"href":"https:\/\/site.nord.no\/response\/wp-json\/wp\/v2\/pages\/155\/revisions\/1141"}],"up":[{"embeddable":true,"href":"https:\/\/site.nord.no\/response\/wp-json\/wp\/v2\/pages\/7"}],"wp:attachment":[{"href":"https:\/\/site.nord.no\/response\/wp-json\/wp\/v2\/media?parent=155"}],"wp:term":[{"taxonomy":"author","embeddable":true,"href":"https:\/\/site.nord.no\/response\/wp-json\/wp\/v2\/coauthors?post=155"}],"curies":[{"name":"wp","href":"https:\/\/api.w.org\/{rel}","templated":true}]}}