{"id":215,"date":"2022-10-12T10:46:36","date_gmt":"2022-10-12T08:46:36","guid":{"rendered":"https:\/\/site.nord.no\/response\/?page_id=215"},"modified":"2023-08-24T08:53:07","modified_gmt":"2023-08-24T06:53:07","slug":"blog","status":"publish","type":"page","link":"https:\/\/site.nord.no\/response\/en\/blog\/","title":{"rendered":"Blog"},"content":{"rendered":"<ul class=\"wp-block-latest-posts__list wp-block-latest-posts\"><li><a class=\"wp-block-latest-posts__post-title\" href=\"https:\/\/site.nord.no\/response\/2025\/06\/10\/book-review-ai-in-sports-the-good-the-bad-and-the-incomprehensible\/\">Book Review: AI in sports &#8211; the good, the bad, and the incomprehensible<\/a><div class=\"wp-block-latest-posts__post-excerpt\">By: Anne Tj\u00f8nndal, Daniele Canini and Stian R\u00f8sten The use of Artificial Intelligence (AI) is becoming increasingly integrated into various regions across the sporting landscape. AI\u2019s capacity to analyse vast\u2026 <a class=\"wp-block-latest-posts__read-more\" href=\"https:\/\/site.nord.no\/response\/2025\/06\/10\/book-review-ai-in-sports-the-good-the-bad-and-the-incomprehensible\/\" rel=\"noopener noreferrer\">Read more<span class=\"screen-reader-text\">: Book Review: AI in sports &#8211; the good, the bad, and the incomprehensible<\/span><\/a><\/div><\/li>\n<li><a class=\"wp-block-latest-posts__post-title\" href=\"https:\/\/site.nord.no\/response\/2025\/04\/01\/book-review-game-changer-the-technoscientific-revolution-in-sports\/\">Book Review: Game changer &#8211; the technoscientific revolution in sports<\/a><div class=\"wp-block-latest-posts__post-excerpt\">By: Stian R\u00f8sten, Sigbj\u00f8rn Skirbekk, Anne Tj\u00f8nndal, Daniele Canini, Frida W\u00e5gan and Jens Grut Vorpvik Game changer: the technoscientific revolution in sports In&nbsp;Game Changer: The Technoscientific Revolution in Sports, Rayvon\u2026 <a class=\"wp-block-latest-posts__read-more\" href=\"https:\/\/site.nord.no\/response\/2025\/04\/01\/book-review-game-changer-the-technoscientific-revolution-in-sports\/\" rel=\"noopener noreferrer\">Read more<span class=\"screen-reader-text\">: Book Review: Game changer &#8211; the technoscientific revolution in sports<\/span><\/a><\/div><\/li>\n<li><a class=\"wp-block-latest-posts__post-title\" href=\"https:\/\/site.nord.no\/response\/2024\/10\/10\/book-review-bokanmeldelse-critical-perspectives-on-esports\/\">Book Review: Bokanmeldelse: Critical Perspectives on Esports<\/a><div class=\"wp-block-latest-posts__post-excerpt\">By: Egil Trasti Rogstad Loading New Insights: A Review of Critical Perspectives on Esports | idrottsforum.org Introduction Critical Perspectives on Esports&nbsp;by Annette R. Hofmann and Pascal Mamudou Camara is a\u2026 <a class=\"wp-block-latest-posts__read-more\" href=\"https:\/\/site.nord.no\/response\/2024\/10\/10\/book-review-bokanmeldelse-critical-perspectives-on-esports\/\" rel=\"noopener noreferrer\">Read more<span class=\"screen-reader-text\">: Book Review: Bokanmeldelse: Critical Perspectives on Esports<\/span><\/a><\/div><\/li>\n<li><a class=\"wp-block-latest-posts__post-title\" href=\"https:\/\/site.nord.no\/response\/2024\/05\/26\/book-review-a-critical-realist-theory-of-sport-by-graham-scambler\/\">Book Review: A Critical Realist Theory of Sport by Graham Scambler<\/a><div class=\"wp-block-latest-posts__post-excerpt\">By: Egil Trasti Rogstad, Frida Austmo W\u00e5gan, Stian R\u00f8sten, Anne Tj\u00f8nndal, Sigbj\u00f8rn B\u00f8rreson Skirbekk and Kristian Kj\u00f8lstad Sigvartsen The questions and discussions of \u2018sport\u2019 seem to never go away, neither\u2026 <a class=\"wp-block-latest-posts__read-more\" href=\"https:\/\/site.nord.no\/response\/2024\/05\/26\/book-review-a-critical-realist-theory-of-sport-by-graham-scambler\/\" rel=\"noopener noreferrer\">Read more<span class=\"screen-reader-text\">: Book Review: A Critical Realist Theory of Sport by Graham Scambler<\/span><\/a><\/div><\/li>\n<li><a class=\"wp-block-latest-posts__post-title\" href=\"https:\/\/site.nord.no\/response\/2024\/04\/09\/book-review-wearable-technology-in-elite-sports-a-crticial-examinationbook-review\/\">Book Review: Wearable Technology in Elite Sports \u2013 A Crticial ExaminationBook Review:<\/a><div class=\"wp-block-latest-posts__post-excerpt\">By:\u00a0Kristian Kj\u00f8lstad Sigvartsen, Egil Trasti Rogstad, Jens Grut Vorpvik, Stian R\u00f8sten, Anne Tj\u00f8nndal og Sigbj\u00f8rn B\u00f8rreson Skirbekk ________________________________________________________________________________________________________________ Important book about important issues, but less critical than expected With&nbsp;Wearable Technology\u2026 <a class=\"wp-block-latest-posts__read-more\" href=\"https:\/\/site.nord.no\/response\/2024\/04\/09\/book-review-wearable-technology-in-elite-sports-a-crticial-examinationbook-review\/\" rel=\"noopener noreferrer\">Read more<span class=\"screen-reader-text\">: Book Review: Wearable Technology in Elite Sports \u2013 A Crticial ExaminationBook Review:<\/span><\/a><\/div><\/li>\n<li><a class=\"wp-block-latest-posts__post-title\" href=\"https:\/\/site.nord.no\/response\/2023\/12\/22\/are-you-our-new-colleague-phd-in-sociology-sports-technology-and-youth\/\">Are you our new colleague? PhD in Sociology &#8211; Sports technology and youth<\/a><div class=\"wp-block-latest-posts__post-excerpt\">The Faculty of Social Sciences\u00a0at Nord University is seeking 1-2 PhD candidates in sociology in the field of sports technology and youth. The position(s) are for 3 years, full time,\u2026 <a class=\"wp-block-latest-posts__read-more\" href=\"https:\/\/site.nord.no\/response\/2023\/12\/22\/are-you-our-new-colleague-phd-in-sociology-sports-technology-and-youth\/\" rel=\"noopener noreferrer\">Read more<span class=\"screen-reader-text\">: Are you our new colleague? PhD in Sociology &#8211; Sports technology and youth<\/span><\/a><\/div><\/li>\n<li><a class=\"wp-block-latest-posts__post-title\" href=\"https:\/\/site.nord.no\/response\/2023\/12\/16\/book-review-sport-performance-and-sustainability\/\">Book Review: Sport, performance and sustainability<\/a><div class=\"wp-block-latest-posts__post-excerpt\">By:\u00a0Frida Austmo W\u00e5gan ____________________________________________________________________ Sport, performance and sustainability,&nbsp;by Daniel Svensson, Erik Backman, and Susanna Hedenborg, Sverker S\u00f6rlin, 2023 Edited by Daniel Svensson, Erick Backman, Susanna Hedenborg and Sverker S\u00f6lin, this\u2026 <a class=\"wp-block-latest-posts__read-more\" href=\"https:\/\/site.nord.no\/response\/2023\/12\/16\/book-review-sport-performance-and-sustainability\/\" rel=\"noopener noreferrer\">Read more<span class=\"screen-reader-text\">: Book Review: Sport, performance and sustainability<\/span><\/a><\/div><\/li>\n<li><a class=\"wp-block-latest-posts__post-title\" href=\"https:\/\/site.nord.no\/response\/2023\/09\/14\/travelogue-from-canada-and-a-glimpse-into-canadian-universities\/\">Travelogue from Canada and a Glimpse into Canadian Universities<\/a><div class=\"wp-block-latest-posts__post-excerpt\">Written by: Frida Austmo W\u00e5gan As part of my doctoral journey, I have been fortunate to have the opportunity to embark on a three-month research stay in Canada, primarily affiliated\u2026 <a class=\"wp-block-latest-posts__read-more\" href=\"https:\/\/site.nord.no\/response\/2023\/09\/14\/travelogue-from-canada-and-a-glimpse-into-canadian-universities\/\" rel=\"noopener noreferrer\">Read more<span class=\"screen-reader-text\">: Travelogue from Canada and a Glimpse into Canadian Universities<\/span><\/a><\/div><\/li>\n<li><a class=\"wp-block-latest-posts__post-title\" href=\"https:\/\/site.nord.no\/response\/2023\/08\/28\/book-review-technically-wrong-sexist-apps-biased-algorithms-and-other-threats-of-toxic-tech\/\">Book Review: Technically Wrong \u2013 Sexist Apps, Biased Algorithms, and Other Threats of Toxic Tech\u00a0<\/a><div class=\"wp-block-latest-posts__post-excerpt\">Why are the \u201cprivate\u201d digital and intelligent assistants that are baked into new technologies and apps, like Apple\u2019s Siri, Windows\u2019s Cortana, or Amazon\u2019s Alexa, all females? On the surface, such\u2026 <a class=\"wp-block-latest-posts__read-more\" href=\"https:\/\/site.nord.no\/response\/2023\/08\/28\/book-review-technically-wrong-sexist-apps-biased-algorithms-and-other-threats-of-toxic-tech\/\" rel=\"noopener noreferrer\">Read more<span class=\"screen-reader-text\">: Book Review: Technically Wrong \u2013 Sexist Apps, Biased Algorithms, and Other Threats of Toxic Tech\u00a0<\/span><\/a><\/div><\/li>\n<li><a class=\"wp-block-latest-posts__post-title\" href=\"https:\/\/site.nord.no\/response\/2023\/08\/25\/issa-2023-conference-report\/\">Conference report from ISSA 2023<\/a><div class=\"wp-block-latest-posts__post-excerpt\">RESPONSE participated in the 57th World Congress of Sociology of Sport in Ottawa, Canada! In August, Frida W\u00e5gan, Sigbj\u00f8rn Skirbekk, Mads Skauge, Anna Adlwarth, Stian R\u00f8sten, and Anne Tj\u00f8nndal traveled\u2026 <a class=\"wp-block-latest-posts__read-more\" href=\"https:\/\/site.nord.no\/response\/2023\/08\/25\/issa-2023-conference-report\/\" rel=\"noopener noreferrer\">Read more<span class=\"screen-reader-text\">: Conference report from ISSA 2023<\/span><\/a><\/div><\/li>\n<li><a class=\"wp-block-latest-posts__post-title\" href=\"https:\/\/site.nord.no\/response\/2023\/08\/24\/travelogue-from-berlin\/\">Travelogue from Berlin<\/a><div class=\"wp-block-latest-posts__post-excerpt\">Written by:\u00a0Frida Austmo W\u00e5gan From July 12th to 16th, doctoral candidate Frida W\u00e5gan traveled to Berlin to participate in the launch of a collaboration between the German Ministry of Environment,\u2026 <a class=\"wp-block-latest-posts__read-more\" href=\"https:\/\/site.nord.no\/response\/2023\/08\/24\/travelogue-from-berlin\/\" rel=\"noopener noreferrer\">Read more<span class=\"screen-reader-text\">: Travelogue from Berlin<\/span><\/a><\/div><\/li>\n<li><a class=\"wp-block-latest-posts__post-title\" href=\"https:\/\/site.nord.no\/response\/2023\/08\/24\/travelogue-from-iamcr-lyon-23\/\">Travelogue from IAMCR Lyon 23<\/a><div class=\"wp-block-latest-posts__post-excerpt\">Written by:\u00a0Egil Trasti Rogstad For the first time since the pandemic, the International Association for Media Communication Research organized a physical conference for its members in the beautiful French city\u2026 <a class=\"wp-block-latest-posts__read-more\" href=\"https:\/\/site.nord.no\/response\/2023\/08\/24\/travelogue-from-iamcr-lyon-23\/\" rel=\"noopener noreferrer\">Read more<span class=\"screen-reader-text\">: Travelogue from IAMCR Lyon 23<\/span><\/a><\/div><\/li>\n<li><a class=\"wp-block-latest-posts__post-title\" href=\"https:\/\/site.nord.no\/response\/2023\/07\/30\/report-from-the-14th-annual-conference-of-the-transnational-working-group-for-the-study-of-gender-and-sport\/\">Report from The 14th\u202fannual conference of the Transnational Working Group for the Study of Gender and Sport\u00a0<\/a><div class=\"wp-block-latest-posts__post-excerpt\">November 16-18 2022 RESPONSE hosted the conference \u201cThe 14th\u202fannual conference of the Transnational Working Group for the Study of Gender and Sport\u201d. We had three great days consisting of research\u2026 <a class=\"wp-block-latest-posts__read-more\" href=\"https:\/\/site.nord.no\/response\/2023\/07\/30\/report-from-the-14th-annual-conference-of-the-transnational-working-group-for-the-study-of-gender-and-sport\/\" rel=\"noopener noreferrer\">Read more<span class=\"screen-reader-text\">: Report from The 14th\u202fannual conference of the Transnational Working Group for the Study of Gender and Sport\u00a0<\/span><\/a><\/div><\/li>\n<li><a class=\"wp-block-latest-posts__post-title\" href=\"https:\/\/site.nord.no\/response\/2023\/07\/30\/travelogue-from-naples\/\">Travelogue from Naples\u00a0<\/a><div class=\"wp-block-latest-posts__post-excerpt\">Written by: Siv Stavang Aune Seven of the RESPONSE researchers travelled to Naples June 12-16 through the European University Alliance SEA-EU. We visited Universit\u00e0 degli Studi di Napoli \u201cParthenope\u201d and\u2026 <a class=\"wp-block-latest-posts__read-more\" href=\"https:\/\/site.nord.no\/response\/2023\/07\/30\/travelogue-from-naples\/\" rel=\"noopener noreferrer\">Read more<span class=\"screen-reader-text\">: Travelogue from Naples\u00a0<\/span><\/a><\/div><\/li>\n<li><a class=\"wp-block-latest-posts__post-title\" href=\"https:\/\/site.nord.no\/response\/2023\/07\/05\/book-review-21st-century-sports-how-technologies-will-change-sports-in-the-digital-age\/\">Book Review: 21st Century Sports &#8211; How Technologies Will Change Sports in the Digital Age?<\/a><div class=\"wp-block-latest-posts__post-excerpt\">By: Siv Stavang Aune,&nbsp;Anne Tj\u00f8nndal, Stian R\u00f8sten og Sigbj\u00f8rn B\u00f8rreson Skirbekk ________________________________________________________________________________________________________________ The future of sport? New anthology prophecies a technological revolution The book&nbsp;21st Century Sports: How Technologies Will Change\u2026 <a class=\"wp-block-latest-posts__read-more\" href=\"https:\/\/site.nord.no\/response\/2023\/07\/05\/book-review-21st-century-sports-how-technologies-will-change-sports-in-the-digital-age\/\" rel=\"noopener noreferrer\">Read more<span class=\"screen-reader-text\">: Book Review: 21st Century Sports &#8211; How Technologies Will Change Sports in the Digital Age?<\/span><\/a><\/div><\/li>\n<li><a class=\"wp-block-latest-posts__post-title\" href=\"https:\/\/site.nord.no\/response\/2023\/07\/05\/book-review-sports-economics-for-non-economists\/\">Book Review: Sports Economics for Non-Economists<\/a><div class=\"wp-block-latest-posts__post-excerpt\">By: Mads Skauge ________________________________________________________________________________________________________________ Making Sense of Sport Economics For someone having \u2018only\u2019 read&nbsp;Soccernomics&nbsp;of sport economics, I probably find myself in Wray Vamplew\u2019s target audience for his book&nbsp;Sports Economics for\u2026 <a class=\"wp-block-latest-posts__read-more\" href=\"https:\/\/site.nord.no\/response\/2023\/07\/05\/book-review-sports-economics-for-non-economists\/\" rel=\"noopener noreferrer\">Read more<span class=\"screen-reader-text\">: Book Review: Sports Economics for Non-Economists<\/span><\/a><\/div><\/li>\n<li><a class=\"wp-block-latest-posts__post-title\" href=\"https:\/\/site.nord.no\/response\/2023\/07\/05\/book-review-esports-insights\/\">Book Review: Esports Insights<\/a><div class=\"wp-block-latest-posts__post-excerpt\">By: Egil Rostad A quick and useful introduction to the global phenomenon of esports In recent years, esports has emerged as a worldwide phenomenon that captivates millions of people and\u2026 <a class=\"wp-block-latest-posts__read-more\" href=\"https:\/\/site.nord.no\/response\/2023\/07\/05\/book-review-esports-insights\/\" rel=\"noopener noreferrer\">Read more<span class=\"screen-reader-text\">: Book Review: Esports Insights<\/span><\/a><\/div><\/li>\n<li><a class=\"wp-block-latest-posts__post-title\" href=\"https:\/\/site.nord.no\/response\/2023\/07\/05\/book-review-sport-social-media-and-digital-technology-sociological-approachesbook-review\/\">Book Review: Sport, Social Media, and Digital Technology: Sociological Approaches<\/a><div class=\"wp-block-latest-posts__post-excerpt\">By: Stian R\u00f8sten, Anne Tj\u00f8nndal, Sigbj\u00f8rn B\u00f8rreson Skirbekk, Frida Austmo W\u00e5gan og Egil Trasti Rogstad Mostly successful collection how social media and digital communication technologies impact sports in various ways\u2026 <a class=\"wp-block-latest-posts__read-more\" href=\"https:\/\/site.nord.no\/response\/2023\/07\/05\/book-review-sport-social-media-and-digital-technology-sociological-approachesbook-review\/\" rel=\"noopener noreferrer\">Read more<span class=\"screen-reader-text\">: Book Review: Sport, Social Media, and Digital Technology: Sociological Approaches<\/span><\/a><\/div><\/li>\n<\/ul>\n\n\n<p><\/p>\n","protected":false},"excerpt":{"rendered":"","protected":false},"author":91,"featured_media":0,"parent":82,"menu_order":0,"comment_status":"closed","ping_status":"closed","template":"","meta":{"footnotes":""},"coauthors":[19],"class_list":["post-215","page","type-page","status-publish","hentry"],"_links":{"self":[{"href":"https:\/\/site.nord.no\/response\/wp-json\/wp\/v2\/pages\/215","targetHints":{"allow":["GET"]}}],"collection":[{"href":"https:\/\/site.nord.no\/response\/wp-json\/wp\/v2\/pages"}],"about":[{"href":"https:\/\/site.nord.no\/response\/wp-json\/wp\/v2\/types\/page"}],"author":[{"embeddable":true,"href":"https:\/\/site.nord.no\/response\/wp-json\/wp\/v2\/users\/91"}],"replies":[{"embeddable":true,"href":"https:\/\/site.nord.no\/response\/wp-json\/wp\/v2\/comments?post=215"}],"version-history":[{"count":4,"href":"https:\/\/site.nord.no\/response\/wp-json\/wp\/v2\/pages\/215\/revisions"}],"predecessor-version":[{"id":1011,"href":"https:\/\/site.nord.no\/response\/wp-json\/wp\/v2\/pages\/215\/revisions\/1011"}],"up":[{"embeddable":true,"href":"https:\/\/site.nord.no\/response\/wp-json\/wp\/v2\/pages\/82"}],"wp:attachment":[{"href":"https:\/\/site.nord.no\/response\/wp-json\/wp\/v2\/media?parent=215"}],"wp:term":[{"taxonomy":"author","embeddable":true,"href":"https:\/\/site.nord.no\/response\/wp-json\/wp\/v2\/coauthors?post=215"}],"curies":[{"name":"wp","href":"https:\/\/api.w.org\/{rel}","templated":true}]}}