{"id":231,"date":"2022-10-12T10:55:05","date_gmt":"2022-10-12T08:55:05","guid":{"rendered":"https:\/\/site.nord.no\/response\/?page_id=231"},"modified":"2025-12-16T08:40:06","modified_gmt":"2025-12-16T07:40:06","slug":"boker","status":"publish","type":"page","link":"https:\/\/site.nord.no\/response\/home\/forskning\/boker\/","title":{"rendered":"B\u00f8ker"},"content":{"rendered":"\n<h4 class=\"wp-block-heading\"><a href=\"https:\/\/cdforskning.no\/cdf\/catalog\/book\/263\">Grensel\u00f8s idrett: Studier av risiko, spenning og makt i norsk idrett<\/a><\/h4>\n\n\n\n<figure class=\"wp-block-image size-full is-resized\"><img fetchpriority=\"high\" decoding=\"async\" width=\"339\" height=\"480\" src=\"https:\/\/site.nord.no\/response\/wp-content\/uploads\/sites\/56\/2025\/12\/grenselosidrett.png\" alt=\"\" class=\"wp-image-1547\" style=\"width:350px\" srcset=\"https:\/\/site.nord.no\/response\/wp-content\/uploads\/sites\/56\/2025\/12\/grenselosidrett.png 339w, https:\/\/site.nord.no\/response\/wp-content\/uploads\/sites\/56\/2025\/12\/grenselosidrett-212x300.png 212w\" sizes=\"(max-width: 339px) 100vw, 339px\" \/><\/figure>\n\n\n\n<h4 class=\"wp-block-heading\"><a href=\"https:\/\/www.taylorfrancis.com\/books\/edit\/10.4324\/9781003527565\/women-digitized-sports-culture-anne-tj%C3%B8nndal-kirsten-frandsen-egil-trasti-rogstad-riikka-turtiainen\">Women in a Digitized Sports Culture &#8211; Nordic Perspectives<\/a><\/h4>\n\n\n\n<figure class=\"wp-block-image size-full is-resized\"><img decoding=\"async\" width=\"180\" height=\"272\" src=\"https:\/\/site.nord.no\/response\/wp-content\/uploads\/sites\/56\/2024\/05\/9781003527565-2.jpg\" alt=\"\" class=\"wp-image-1507\" style=\"width:350px\" \/><\/figure>\n\n\n\n<h4 class=\"wp-block-heading\"><a href=\"https:\/\/fagbokforlaget.no\/Idrettsteknologi\/I9788245037890\">Anne Tj\u00f8nndal &#8211; Idrettsteknologi<\/a><\/h4>\n\n\n\n<figure class=\"wp-block-image size-full is-resized\"><img decoding=\"async\" width=\"300\" height=\"425\" src=\"https:\/\/site.nord.no\/response\/wp-content\/uploads\/sites\/56\/2023\/02\/image-5.png\" alt=\"\" class=\"wp-image-682\" style=\"width:350px;height:495px\" \/><\/figure>\n\n\n\n<h4 class=\"wp-block-heading\"><a href=\"https:\/\/www.routledge.com\/Social-Issues-in-Esports\/Tjonndal\/p\/book\/9781032193205\">Anne Tj\u00f8nndal (Red.) &#8211; Social Issues in Esports <\/a><\/h4>\n\n\n\n<figure class=\"wp-block-image size-full\"><img loading=\"lazy\" decoding=\"async\" width=\"350\" height=\"536\" src=\"https:\/\/site.nord.no\/response\/wp-content\/uploads\/sites\/56\/2023\/02\/image-3.png\" alt=\"\" class=\"wp-image-679\" \/><\/figure>\n\n\n\n<h4 class=\"wp-block-heading\"><a href=\"https:\/\/www.universitetsforlaget.no\/baerekraft-i-idrett-og-friluftsliv\">Anne Tj\u00f8nndal, Anne Kamilla Lund og Maja Nilssen (Red.) &#8211; B\u00e6rekraft i idrett og friluftsliv<\/a><\/h4>\n\n\n\n<figure class=\"wp-block-image size-full is-resized\"><img loading=\"lazy\" decoding=\"async\" width=\"440\" height=\"621\" src=\"https:\/\/site.nord.no\/response\/wp-content\/uploads\/sites\/56\/2023\/02\/image-4.png\" alt=\"\" class=\"wp-image-681\" style=\"width:358px;height:505px\" \/><\/figure>\n","protected":false},"excerpt":{"rendered":"<p>Grensel\u00f8s idrett: Studier av risiko, spenning og makt i norsk idrett Women in a Digitized Sports Culture &#8211; Nordic Perspectives Anne Tj\u00f8nndal &#8211; Idrettsteknologi Anne Tj\u00f8nndal (Red.) &#8211; Social Issues in Esports Anne Tj\u00f8nndal, Anne Kamilla Lund og Maja Nilssen (Red.) &#8211; B\u00e6rekraft i idrett og friluftsliv<\/p>\n","protected":false},"author":91,"featured_media":0,"parent":123,"menu_order":0,"comment_status":"closed","ping_status":"closed","template":"","meta":{"footnotes":""},"coauthors":[19],"class_list":["post-231","page","type-page","status-publish","hentry"],"_links":{"self":[{"href":"https:\/\/site.nord.no\/response\/wp-json\/wp\/v2\/pages\/231","targetHints":{"allow":["GET"]}}],"collection":[{"href":"https:\/\/site.nord.no\/response\/wp-json\/wp\/v2\/pages"}],"about":[{"href":"https:\/\/site.nord.no\/response\/wp-json\/wp\/v2\/types\/page"}],"author":[{"embeddable":true,"href":"https:\/\/site.nord.no\/response\/wp-json\/wp\/v2\/users\/91"}],"replies":[{"embeddable":true,"href":"https:\/\/site.nord.no\/response\/wp-json\/wp\/v2\/comments?post=231"}],"version-history":[{"count":4,"href":"https:\/\/site.nord.no\/response\/wp-json\/wp\/v2\/pages\/231\/revisions"}],"predecessor-version":[{"id":1548,"href":"https:\/\/site.nord.no\/response\/wp-json\/wp\/v2\/pages\/231\/revisions\/1548"}],"up":[{"embeddable":true,"href":"https:\/\/site.nord.no\/response\/wp-json\/wp\/v2\/pages\/123"}],"wp:attachment":[{"href":"https:\/\/site.nord.no\/response\/wp-json\/wp\/v2\/media?parent=231"}],"wp:term":[{"taxonomy":"author","embeddable":true,"href":"https:\/\/site.nord.no\/response\/wp-json\/wp\/v2\/coauthors?post=231"}],"curies":[{"name":"wp","href":"https:\/\/api.w.org\/{rel}","templated":true}]}}