{"id":249,"date":"2022-10-12T11:01:33","date_gmt":"2022-10-12T09:01:33","guid":{"rendered":"https:\/\/site.nord.no\/response\/?page_id=249"},"modified":"2022-10-21T09:00:22","modified_gmt":"2022-10-21T07:00:22","slug":"om-forskningsgruppen","status":"publish","type":"page","link":"https:\/\/site.nord.no\/response\/home\/response-2\/om-forskningsgruppen\/","title":{"rendered":"Om forskningsgruppen"},"content":{"rendered":"\n<p>RESPONSE er en tverrfaglig forskningsgruppe ved Nord universitet. Forskningsgruppa ble startet h\u00f8sten 2018 og er en del av Faggruppe ledelse og innovasjon ved Fakultet for samfunnsvitenskap (FSV). Hovedvekten av forskerne v\u00e5re jobber ved FSV. RESPONSE har ogs\u00e5 flere medlemmer som er ansatt ved Fakultet for l\u00e6rerutdanning og kunst- og kulturfag (FLU) og Handelsh\u00f8gskolen (HHN). Vi jobber med mange fagomr\u00e5der, deriblant sosiologi, pedagogikk, HRM, organisasjon og ledelse, historie og idrettsvitenskap.&nbsp;&nbsp;<\/p>\n\n\n\n<p>Idrett er et av verdens st\u00f8rste kulturfenomen og speiler samfunnet. Kunnskap om idrett og samfunn er derfor viktig for \u00e5 forst\u00e5 samtidens muligheter og utfordringer. V\u00e5r forskningsgruppe jobber med sosiologiske, organisatoriske, kulturelle, filosofiske og historiske perspektiver p\u00e5 idrett. Vi utforsker problemstillinger knyttet til idrett som fenomen, og den organiserte idrettens rolle og betydning for samfunnet. Noen konkrete tema v\u00e5r forskning omhandler er:&nbsp;<\/p>\n\n\n\n<ul class=\"wp-block-list\"><li>Sosial ulikhet og ekskludering fra idrett\u202f\u00a0<\/li><li>Idrett, kj\u00f8nn og likestilling\u202f\u00a0<\/li><li>Aktivitet og helse\u202f\u00a0<\/li><li>Barne- og ungdomsidrett\u202f\u00a0<\/li><li>Esport og digitalisering av idrett\u202f\u00a0<\/li><li>Ledelse og organisasjon\u202f\u00a0<\/li><li>Toppidrett og idrettsarrangement\u202f\u00a0<\/li><li>Idrett, milj\u00f8 og b\u00e6rekraft\u202f\u00a0<\/li><li>Idrettsteknologi og innovasjon\u202f\u00a0<\/li><li>Bevegelseskulturer, estetikk og naturopplevelser\u202f\u00a0<\/li><\/ul>\n\n\n\n<p>Forskerne v\u00e5re underviser og veileder p\u00e5 flere ulike studieprogrammer, p\u00e5 bachelor-, master- og PhD-niv\u00e5. Vi er ogs\u00e5 engasjerte og deltar b\u00e5de i samfunnsdebatten og p\u00e5 faglige og vitenskapelige seminarer og konferanser i inn- og utland.&nbsp;&nbsp;<\/p>\n\n\n\n<p>Forskningsgruppa har lang tradisjon for \u00e5 inkludere studenter som medlemmer. Mange av v\u00e5re forskere er doktorgradsstipendiater, og vi lyser jevnlig ut bachelor- og masterstipender for \u00e5 tilknytte studentprosjekter til v\u00e5r forskningsaktivitet.&nbsp;<\/p>\n","protected":false},"excerpt":{"rendered":"<p>RESPONSE er en tverrfaglig forskningsgruppe ved Nord universitet. Forskningsgruppa ble startet h\u00f8sten 2018 og er en del av Faggruppe ledelse og innovasjon ved Fakultet for samfunnsvitenskap (FSV). Hovedvekten av forskerne v\u00e5re jobber ved FSV. RESPONSE har ogs\u00e5 flere medlemmer som er ansatt ved Fakultet for l\u00e6rerutdanning og kunst- og kulturfag (FLU) og Handelsh\u00f8gskolen (HHN). Vi [&hellip;]<\/p>\n","protected":false},"author":91,"featured_media":0,"parent":245,"menu_order":0,"comment_status":"closed","ping_status":"closed","template":"","meta":{"footnotes":""},"coauthors":[19],"class_list":["post-249","page","type-page","status-publish","hentry"],"_links":{"self":[{"href":"https:\/\/site.nord.no\/response\/wp-json\/wp\/v2\/pages\/249","targetHints":{"allow":["GET"]}}],"collection":[{"href":"https:\/\/site.nord.no\/response\/wp-json\/wp\/v2\/pages"}],"about":[{"href":"https:\/\/site.nord.no\/response\/wp-json\/wp\/v2\/types\/page"}],"author":[{"embeddable":true,"href":"https:\/\/site.nord.no\/response\/wp-json\/wp\/v2\/users\/91"}],"replies":[{"embeddable":true,"href":"https:\/\/site.nord.no\/response\/wp-json\/wp\/v2\/comments?post=249"}],"version-history":[{"count":3,"href":"https:\/\/site.nord.no\/response\/wp-json\/wp\/v2\/pages\/249\/revisions"}],"predecessor-version":[{"id":468,"href":"https:\/\/site.nord.no\/response\/wp-json\/wp\/v2\/pages\/249\/revisions\/468"}],"up":[{"embeddable":true,"href":"https:\/\/site.nord.no\/response\/wp-json\/wp\/v2\/pages\/245"}],"wp:attachment":[{"href":"https:\/\/site.nord.no\/response\/wp-json\/wp\/v2\/media?parent=249"}],"wp:term":[{"taxonomy":"author","embeddable":true,"href":"https:\/\/site.nord.no\/response\/wp-json\/wp\/v2\/coauthors?post=249"}],"curies":[{"name":"wp","href":"https:\/\/api.w.org\/{rel}","templated":true}]}}