{"id":341,"date":"2022-10-13T10:10:03","date_gmt":"2022-10-13T08:10:03","guid":{"rendered":"https:\/\/site.nord.no\/response\/?page_id=341"},"modified":"2024-11-08T09:08:03","modified_gmt":"2024-11-08T08:08:03","slug":"medieoppslag-og-intervju","status":"publish","type":"page","link":"https:\/\/site.nord.no\/response\/home\/formidling\/medieoppslag-og-intervju\/","title":{"rendered":"Medieoppslag og intervju"},"content":{"rendered":"\n<h3 class=\"wp-block-heading\">2024:<\/h3>\n\n\n\n<ul class=\"wp-block-list\">\n<li><a href=\"https:\/\/www.tv2.no\/sport\/slik-skal-var-kampen-avgjores-ikke-mulig-a-lose-med-et-kompromiss\/17149682\/\">Slik skal VAR-kampen avgj\u00f8res: \u2013 Ikke mulig \u00e5 l\u00f8se med et kompromiss<\/a>. Intervju med Sigbj\u00f8rn Skirbekk i TV2.<\/li>\n\n\n\n<li><a href=\"https:\/\/open.spotify.com\/episode\/0qjZwFgET0sIsFSFk0MVZK?fbclid=IwAR2ck12p7Nefz7tFb6pSEgbCcc4Sfi_jV6uvgodKA0zUGxuE3ESJA1HvKe8\">Sjokkovergangen til Gaute Helstrup: \u2013 Han har kanskje f\u00e5tt vel mye tyn<\/a>. Podcastepisode med Mads Skauge i Studio Glimt-Podden.<\/li>\n<\/ul>\n\n\n\n<h3 class=\"wp-block-heading\">2023:&nbsp;<\/h3>\n\n\n\n<ul class=\"wp-block-list\">\n<li><a href=\"https:\/\/kjonnsforskning.no\/nb\/hva-skal-vi-med-kjonnsforskning-kildens-arskonferanse-og-25-arsjubileumsfest\">Hva skal vi med kj\u00f8nnsforskning? Kildens \u00e5rskonferanse og 25-\u00e5rsjubileumsfest<\/a>. Anne Tj\u00f8nndal har presentert sin forskning om kj\u00f8nn og ulikhet i boksing.<\/li>\n\n\n\n<li><a href=\"https:\/\/www.nordlys.no\/kvinnekamp-pa-isen-foler-ikke-at-vi-far-den-stotten-vi-trenger\/f\/5-34-1881728?onboarding_mode=true&amp;fbclid=IwAR179ktg8iklr2dsjKYAw9JmVy4L3Xm3u_PEN4sCWYt8NuRGn-3Czn7EsQE\">Kvinnekamp p\u00e5 isen: \u2013 F\u00f8ler ikke at vi f\u00e5r den st\u00f8tten vi trenger.<\/a> Intervju med Anne Tj\u00f8nndal i Nordlys.<\/li>\n\n\n\n<li><a href=\"https:\/\/www.vg.no\/sport\/fotball\/i\/eJwwza\/alisha-lehmann-mest-populaere-spiller-i-vm-paa-instagram\">Alisha Lehmann: Mest popul\u00e6re spiller i VM p\u00e5 Instagram<\/a>. Intervju med Anne Tj\u00f8nndal i VG.<\/li>\n\n\n\n<li><a href=\"https:\/\/podtail.com\/no\/podcast\/idrettsforskning\/episode-82-idrettsteknologi-nodvendig-for-prestasj\/\">Idrettsteknologi, n\u00f8dvendig for prestasjon og rettferdighet?<\/a> Podcastepisode med Anne Tj\u00f8nndal i Idrettsforskning. <\/li>\n\n\n\n<li><a href=\"https:\/\/kjonnsforskning.no\/nb\/2023\/04\/profittjag-i-ishockeykulturen-kan-forsterke-machoadferd\">Profittjag i ishockeykulturen kan forsterke machoadferd<\/a>. Intervju med Anne Tj\u00f8nndal i Kilden kj\u00f8nnsforskning.no<\/li>\n\n\n\n<li><a href=\"https:\/\/www.nrk.no\/innlandet\/forskning-fra-storbritannia-viser-at-a-folge-med-pa-sport-kan-vaere-bra-for-deg-1.16358020\">Forskning fra Storbritannia viser at \u00e5 f\u00f8lge med p\u00e5 sport kan v\u00e6re bra for deg<\/a>. Intervju med Anne Tj\u00f8nndal i NRK.<\/li>\n\n\n\n<li><a href=\"https:\/\/www.aftenposten.no\/sport\/i\/rlVK0a\/sport-eller-farlig-realityshow\">Sport eller farlig realityshow?<\/a> Intervju med Anne Tj\u00f8nndal i Aftenposten.<\/li>\n\n\n\n<li><a href=\"https:\/\/www.nrk.no\/nordland\/bruker-e-pal-for-a-tjene-penger-pa-gaming-1.16320858\">Bruker e-pal for \u00e5 tjene penger p\u00e5 gaming<\/a>. Intervju med Egil Rogstad i NRK. <\/li>\n\n\n\n<li><a href=\"https:\/\/www.nrk.no\/nordland\/mener-doping-i-e-sport-kan-vaere-et-problem-som-snakkes-for-lite-om-1.16251180?fbclid=IwAR02-G7rteGsd6AFbgrBUL12eCcq7UZcoD_llc_ZlFVFwgPcbR6qPiGGNhM\">Doping i e-sport: \u2013 P\u00e5 tide \u00e5 f\u00e5 det p\u00e5 dagsorden, mener forsker<\/a>. Intervju med Anne Tj\u00f8nndal i NRK. <\/li>\n\n\n\n<li><a href=\"https:\/\/podcasts.apple.com\/no\/podcast\/episode-73-%C3%A5-lede-kvinnelige-toppfotballspillere-hvordan\/id1479417660?i=1000593173817&amp;fbclid=IwAR31shBYY6x6Oi3-aBQn1a0NGqXat8PHPkfcj8jOXTvku7KzFV5_iIWuzwo\">\u00c5 lede kvinnelige toppfotballspillere, hvordan?<\/a> Podcastepisode med Line Danielsen i Idrettsforskning. <\/li>\n<\/ul>\n\n\n\n<h3 class=\"wp-block-heading\">2022:&nbsp;<\/h3>\n\n\n\n<ul class=\"wp-block-list\">\n<li><a href=\"https:\/\/www.nrk.no\/nordland\/ingebrigtsen-effekt-gir-raskere-mosjonister_-flere-arsaker-virker-ogsa-inn-pa-skyhoyt-niva-1.16191552?fbclid=IwAR0pb5x02GF45Is0ENFxnyK0oM7trCkJKKcmwUGSb-gmeHY_ugYx6_l3Jag\">Mosjonister l\u00f8per mye raskere enn for 10 \u00e5r siden<\/a>. Intervju med Frida W\u00e5gan i NRK.<\/li>\n\n\n\n<li><a href=\"https:\/\/eur01.safelinks.protection.outlook.com\/?url=https%3A%2F%2Fwww.nrk.no%2Fnordland%2Fspiseforstyrrelser-i-idrett_-martine-limstrand-foreslar-barisforbud-i-klatring-1.16162858&amp;data=05%7C01%7Cstian.rosten%40nord.no%7Cbcb3fdd14d084d3b9f4f08dac16219eb%7Cfed13d9f21df485d909a231f3c6d16f0%7C1%7C0%7C638034924341721043%7CUnknown%7CTWFpbGZsb3d8eyJWIjoiMC4wLjAwMDAiLCJQIjoiV2luMzIiLCJBTiI6Ik1haWwiLCJXVCI6Mn0%3D%7C3000%7C%7C%7C&amp;sdata=fF%2FyRoQ%2FS%2Bi5mNt%2BELC7miJ9wyoKM%2FmbTDE9jN%2FPh7k%3D&amp;reserved=0\">Vil ha &#8220;barisforbud&#8221; &#8211; kan gj\u00f8re klatring til en sunnere sport<\/a>. Intervju med Martine Limstrand i NRK.<\/li>\n\n\n\n<li><a href=\"https:\/\/www.nrk.no\/nordland\/kylian-mbappe-far-kritikk-for-klimasvar.-forsker-pa-nord-universitet-og-morten-thorsby-er-oppgitt-1.16094751\">Thorsby og forsker hardt ut mot Mbapp\u00e9: \u2013 Slik oppf\u00f8rsel er ekstremt uheldig<\/a>. Intervju med Frida W\u00e5gan i NRK.<\/li>\n\n\n\n<li><a href=\"https:\/\/www.nrk.no\/nordland\/ungdom-flykter-fra-organisert-idrett-til-treningssenter.-vil-trene-nar-de-vil-1.15972865\">Ungdom som Vilde (14) gj\u00f8r forsker bekymret for fremtiden til organisert idrett i Norge<\/a>. Intervju med Mads Skauge i NRK.<\/li>\n\n\n\n<li><a rel=\"noreferrer noopener\" href=\"https:\/\/www.forskerforum.no\/jeg-vil-ha-det-artig-pa-jobb-jeg-far-heller-leve-med-at-jeg-aldri-blir-den-som-publiserer-flest-artikler\/\" target=\"_blank\">\u2013 Jeg vil ha det artig p\u00e5 jobb. Jeg f\u00e5r heller leve med at jeg aldri blir den som publiserer flest artikler<\/a>. Intervju med Anne Tj\u00f8nndal i Forskerforum.&nbsp;<\/li>\n\n\n\n<li><a href=\"https:\/\/www.norsk-klatring.no\/\">Mange f\u00f8ler seg tunge: \u2013 Rutesettere har stor makt over kroppsidealet i klatring<\/a>. Intervju med Martine Limstrand i Norsk-Klatring.<\/li>\n<\/ul>\n\n\n\n<h3 class=\"wp-block-heading\">2021:&nbsp;<\/h3>\n\n\n\n<ul class=\"wp-block-list\">\n<li><a rel=\"noreferrer noopener\" href=\"https:\/\/khrono.no\/klasseskilje-blant-unge-forskarar--eg-stiller-pa-ein-startstrek-to-kilometer-bak-dei-andre\/586469\" target=\"_blank\">Klasseskilje blant unge forskarar: \u2014 Eg stiller p\u00e5 ein startstrek to kilometer bak dei andre<\/a>. Intervju med Anne Tj\u00f8nndal i Khrono.&nbsp;&nbsp;<\/li>\n<\/ul>\n\n\n\n<h3 class=\"wp-block-heading\">2020:&nbsp;<\/h3>\n\n\n\n<ul class=\"wp-block-list\">\n<li><a rel=\"noreferrer noopener\" href=\"https:\/\/ung.forskning.no\/barn-og-ungdom-sport-trening\/hvordan-kan-idrett-bli-mer-rettferdig\/1766047\" target=\"_blank\">Hvordan kan idrett bli mer rettferdig?<\/a> Intervju med Anne Tj\u00f8nndal i Ung Forskning.&nbsp;&nbsp;<\/li>\n\n\n\n<li><a rel=\"noreferrer noopener\" href=\"https:\/\/khrono.no\/bokseamanuensis\/528409\" target=\"_blank\">Bokseamanuensis<\/a>. Intervju med Anne Tj\u00f8nndal i Khrono.&nbsp;&nbsp;<\/li>\n<\/ul>\n","protected":false},"excerpt":{"rendered":"<p>2024: 2023:&nbsp; 2022:&nbsp; 2021:&nbsp; 2020:&nbsp;<\/p>\n","protected":false},"author":91,"featured_media":0,"parent":125,"menu_order":0,"comment_status":"closed","ping_status":"closed","template":"","meta":{"footnotes":""},"coauthors":[19],"class_list":["post-341","page","type-page","status-publish","hentry"],"_links":{"self":[{"href":"https:\/\/site.nord.no\/response\/wp-json\/wp\/v2\/pages\/341","targetHints":{"allow":["GET"]}}],"collection":[{"href":"https:\/\/site.nord.no\/response\/wp-json\/wp\/v2\/pages"}],"about":[{"href":"https:\/\/site.nord.no\/response\/wp-json\/wp\/v2\/types\/page"}],"author":[{"embeddable":true,"href":"https:\/\/site.nord.no\/response\/wp-json\/wp\/v2\/users\/91"}],"replies":[{"embeddable":true,"href":"https:\/\/site.nord.no\/response\/wp-json\/wp\/v2\/comments?post=341"}],"version-history":[{"count":20,"href":"https:\/\/site.nord.no\/response\/wp-json\/wp\/v2\/pages\/341\/revisions"}],"predecessor-version":[{"id":1405,"href":"https:\/\/site.nord.no\/response\/wp-json\/wp\/v2\/pages\/341\/revisions\/1405"}],"up":[{"embeddable":true,"href":"https:\/\/site.nord.no\/response\/wp-json\/wp\/v2\/pages\/125"}],"wp:attachment":[{"href":"https:\/\/site.nord.no\/response\/wp-json\/wp\/v2\/media?parent=341"}],"wp:term":[{"taxonomy":"author","embeddable":true,"href":"https:\/\/site.nord.no\/response\/wp-json\/wp\/v2\/coauthors?post=341"}],"curies":[{"name":"wp","href":"https:\/\/api.w.org\/{rel}","templated":true}]}}