{"id":345,"date":"2022-10-13T10:11:18","date_gmt":"2022-10-13T08:11:18","guid":{"rendered":"https:\/\/site.nord.no\/response\/?page_id=345"},"modified":"2023-11-06T08:33:16","modified_gmt":"2023-11-06T07:33:16","slug":"foredrag","status":"publish","type":"page","link":"https:\/\/site.nord.no\/response\/home\/formidling\/foredrag\/","title":{"rendered":"Foredrag"},"content":{"rendered":"\n<h3 class=\"wp-block-heading\"><strong>2023<\/strong><\/h3>\n\n\n\n<ul class=\"wp-block-list\">\n<li>Tj\u00f8nndal, A. (2023). Combining research and activism? Reflections on working with stakeholders in sociology of sport.<a href=\"https:\/\/www.inn.no\/english\/events\/symposium-on-sport-and-neutrality\/\"> Symposium on Sport &amp; Neutrality.<\/a> Lillehammer, 27.10.2023.<\/li>\n\n\n\n<li>Tj\u00f8nndal, A. (2023). Kj\u00f8nn og ulikhet i boksing. <a href=\"https:\/\/kjonnsforskning.no\/nb\/hva-skal-vi-med-kjonnsforskning-kildens-arskonferanse-og-25-arsjubileumsfest\">Kildens \u00e5rskonferanse og 25-\u00e5rsjubileumsfest<\/a>. Kulturhuset i Oslo, 26.10.2023.<\/li>\n\n\n\n<li>Tj\u00f8nndal, A. (2023). Sosial inkludering og ekskludering i e-sport. Keynotespeaker p\u00e5 <a href=\"https:\/\/www.hh.se\/om-hogskolan\/akademier\/akademin-for-larande-humaniora-och-samhalle\/tankesmedjan-ideas\/tankesmedjan-ideas-panelsamtal\/e-sport-och-samhalle.html?fbclid=IwAR3ZNRsDdk9xLzX7-lJf6CjPBftzoH-hve-Pxrgvz2f50kJ5FnUnHZeGMTQ\">E-sport och samh\u00e4lle<\/a>. H\u00f6gskolan i Halmstad, Sverige, 27.04.2023.<\/li>\n\n\n\n<li>Tj\u00f8nndal, A. (2023). <em>Damer med dr\u00f8mmejobber<\/em>. Panelsamtale ledet av Nord-Norsk Lederutvikling i samarbeid med Bod\u00f82024. Bod\u00f8, Smart Hotel, 09.03.2023.<\/li>\n<\/ul>\n\n\n\n<h3 class=\"wp-block-heading\"><strong>2022<\/strong><\/h3>\n\n\n\n<ul class=\"wp-block-list\">\n<li>Rogstad, E., Skirbekk, S.B., R\u00f8sten, S. &amp; Tj\u00f8nndal, A. (2022). <em>Technology in refereeing and coaching. <\/em>NOS-HS Workshop Women in a Digitzed Sports Culture: Coaches and Referees. Nordisk konferanse, Nord universitet, 24.06.2022.<\/li>\n\n\n\n<li>Tj\u00f8nndal, A. (2022). <em>Teknologi og trenerrollen<\/em>. Foredrag p\u00e5 Barne- og ungdomstrenerkonferansen 2022: Hvordan f\u00e5r vi flere kompetente trenere? Oslo, Norges idrettsh\u00f8gskole, 01.10.2022.<\/li>\n\n\n\n<li>Tj\u00f8nndal, A. (2022). <a rel=\"noreferrer noopener\" href=\"https:\/\/fb.watch\/g7tlpwAo4M\/\" target=\"_blank\"><em>Challenges and Dilemmas faced with the inclusion of esports<\/em><\/a>. 15TH INTERNATIONAL SESSION FOR NATIONAL OLYMPIC ACADEMIES\u2019 &amp; NATIONAL OLYMPIC COMMITTEES\u2019 DELEGATEs, 16-22 May 2022. Internasjonal idrettspolitisk m\u00f8te. Athen, Hellas.&nbsp;<\/li>\n<\/ul>\n\n\n\n<h3 class=\"wp-block-heading\"><strong>2021&nbsp;<\/strong>&nbsp;<\/h3>\n\n\n\n<ul class=\"wp-block-list\">\n<li>Tj\u00f8nndal, A. (2021). <a rel=\"noreferrer noopener\" href=\"https:\/\/www.youtube.com\/watch?v=fF6mqYRB8z4\" target=\"_blank\"><em>Pathways for Women in Leadership Roles<\/em>.<\/a> UNESCO ICM Webinar: Inclusion of Women and Girls in Martial Arts, UNESCO.<\/li>\n\n\n\n<li>Tj\u00f8nndal, A. (2021). <em>A typology of sport innovation &amp; social innovation in sports<\/em>. Keynote speaker at the Nordic Sports Innovation Summit.<\/li>\n\n\n\n<li>Tj\u00f8nndal, A. (2021). <em>Idrett, kj\u00f8nn og ledelse<\/em>. Foredrag for Norges Idrettsforbund p\u00e5 nettverkssamling for kvinnelige ledere, 16.11.2021.<\/li>\n\n\n\n<li>Tj\u00f8nndal, A. (2021). <em>Sosial b\u00e6rekraft i idrett og idrettens rolle i b\u00e6rekraftig samfunnsutvikling. <\/em>Seminar om idrett og b\u00e6rekraft i regi av The North West og Norges Fotballforbund, 02.09.2021.&nbsp;<\/li>\n<\/ul>\n\n\n\n<h3 class=\"wp-block-heading\"><strong>2020<\/strong><\/h3>\n\n\n\n<ul class=\"wp-block-list\">\n<li>Tj\u00f8nndal, A. (2020). <em>Kan forskning gj\u00f8re boksing tryggere? <\/em>Forskningspub: hjernen og boksing (arrangement under forskningsdagene 2020). Bod\u00f8, 16.09.2020.<\/li>\n\n\n\n<li>Tj\u00f8nndal, A. (2020). <em>Digitalisering av idretten: trender, muligheter og utfordringer.<\/em> Webinar&nbsp;om Idrett i endring under Toppidrettsveka 2020. Trondheim, 21.08.2020.<\/li>\n\n\n\n<li>Tj\u00f8nndal, A. (2020). <em>Sports Related Concussion: a hidden crisis?<\/em> Young Researchers Night Bod\u00f8 (arrangement under Forskningsdagene i regi av Akademiet for yngre forskere). Bod\u00f8, 25.09.2020.&nbsp;<\/li>\n<\/ul>\n","protected":false},"excerpt":{"rendered":"<p>2023 2022 2021&nbsp;&nbsp; 2020<\/p>\n","protected":false},"author":91,"featured_media":0,"parent":125,"menu_order":0,"comment_status":"closed","ping_status":"closed","template":"","meta":{"footnotes":""},"coauthors":[19],"class_list":["post-345","page","type-page","status-publish","hentry"],"_links":{"self":[{"href":"https:\/\/site.nord.no\/response\/wp-json\/wp\/v2\/pages\/345","targetHints":{"allow":["GET"]}}],"collection":[{"href":"https:\/\/site.nord.no\/response\/wp-json\/wp\/v2\/pages"}],"about":[{"href":"https:\/\/site.nord.no\/response\/wp-json\/wp\/v2\/types\/page"}],"author":[{"embeddable":true,"href":"https:\/\/site.nord.no\/response\/wp-json\/wp\/v2\/users\/91"}],"replies":[{"embeddable":true,"href":"https:\/\/site.nord.no\/response\/wp-json\/wp\/v2\/comments?post=345"}],"version-history":[{"count":7,"href":"https:\/\/site.nord.no\/response\/wp-json\/wp\/v2\/pages\/345\/revisions"}],"predecessor-version":[{"id":1151,"href":"https:\/\/site.nord.no\/response\/wp-json\/wp\/v2\/pages\/345\/revisions\/1151"}],"up":[{"embeddable":true,"href":"https:\/\/site.nord.no\/response\/wp-json\/wp\/v2\/pages\/125"}],"wp:attachment":[{"href":"https:\/\/site.nord.no\/response\/wp-json\/wp\/v2\/media?parent=345"}],"wp:term":[{"taxonomy":"author","embeddable":true,"href":"https:\/\/site.nord.no\/response\/wp-json\/wp\/v2\/coauthors?post=345"}],"curies":[{"name":"wp","href":"https:\/\/api.w.org\/{rel}","templated":true}]}}