{"id":422,"date":"2022-10-16T12:00:43","date_gmt":"2022-10-16T10:00:43","guid":{"rendered":"https:\/\/site.nord.no\/response\/?page_id=422"},"modified":"2022-11-03T09:49:20","modified_gmt":"2022-11-03T08:49:20","slug":"masteroppgaver","status":"publish","type":"page","link":"https:\/\/site.nord.no\/response\/home\/forskning\/masteroppgaver\/","title":{"rendered":"Masteroppgaver"},"content":{"rendered":"\n<h3 class=\"wp-block-heading\">Martine Paulsen Limstrand<\/h3>\n\n\n\n<h4 class=\"wp-block-heading\">\u00abDet er veldig vanlig \u00e5 tenke at man er litt for tung\u00bb: En kvalitativ studie av b\u00e6rekraftig ut\u00f8verutvikling i klatring<\/h4>\n\n\n\n<figure class=\"wp-block-image size-full\"><img fetchpriority=\"high\" decoding=\"async\" width=\"2048\" height=\"1456\" src=\"https:\/\/site.nord.no\/response\/wp-content\/uploads\/sites\/56\/2022\/10\/IMG-1488.jpg\" alt=\"\" class=\"wp-image-442\" \/><\/figure>\n\n\n\n<p>B\u00e5de b\u00e6rekraft og helse er h\u00f8yaktuelle tema i norsk og internasjonal idrett. FNs tredje b\u00e6rekraftsm\u00e5l er \u00e5 sikre god helse for alle, uansett alder. Deltakelse i idrett kan fremme folkehelse, men ogs\u00e5 utl\u00f8se nye helseutfordringer. &nbsp;\u00c5 koble b\u00e6rekraftsm\u00e5l #3 inn i idrett er \u00e5 anerkjenne at idrett ogs\u00e5 kan utl\u00f8se problemer, og videre aktivt arbeide for \u00e5 redusere og forebygge dette. S\u00e6rlig i vektsensitive idretter vil det alltid dukke opp problemstillinger knyttet til vekt og helse fordi prestasjon ofte er forbundet med lav kroppsvekt. M\u00e5let med masteravhandlingen er \u00e5 bidra med forskningsbasert kunnskap til hvordan man kan ut\u00f8ve idrett \u00e5 drive idrettsorganisasjon p\u00e5 en b\u00e6rekraftig m\u00e5te, med hensyn til \u00e5 forebygge spiseforstyrrelser og sikre god ut\u00f8verhelse.<\/p>\n\n\n\n<p>Ved \u00e5 ta utgangspunkt i en studie av klatring, var form\u00e5let \u00e5 unders\u00f8ke:<\/p>\n\n\n\n<ol class=\"wp-block-list\" type=\"1\"><li>P\u00e5 hvilke m\u00e5ter p\u00e5virker idrettskultur i klatring ut\u00f8veres holdninger til kropp, helse og prestasjon?<\/li><li>Hvilke erfaringer har trenere og ut\u00f8vere i klatring med forebyggende tiltak for b\u00e6rekraftig ut\u00f8verutvikling?<\/li><\/ol>\n\n\n\n<p>Metodisk tar masterprosjektet utgangspunkt i kvalitative intervjuer med ti ut\u00f8vere og seks ledere og trenere i klatring. Datainnsamlingen tar utgangspunkt i to utvalg for \u00e5 f\u00e5 ulike perspektiver p\u00e5 faktorer og forebyggende tiltak. Datamaterialet er tolket i lys av tidligere forskning p\u00e5 spiseforstyrrelser og risikofaktorer i toppidrett og klatring, samt teoretiske perspektiver p\u00e5 b\u00e6rekraftig utvikling, milj\u00f8sosiologi og sosial sammenligningsteori.<\/p>\n\n\n\n<p>Studien viser at idrettskulturens magre idealkropp internaliseres av ut\u00f8verne uavhengig av niv\u00e5 i unders\u00f8kelsen, og at dette p\u00e5virker ut\u00f8vernes holdninger til kropp, helse og prestasjon. Idrettskulturens manglende \u00e5penhet om vekt og kosthold som prestasjonsfremmende faktorer, p\u00e5virker ut\u00f8verne til \u00e5 tie om egne holdninger. Dette kan bidra til \u00e5 forsterke helseutfordringer knyttet til mat og kropp i klatring. Andre faktorer som p\u00e5virker ut\u00f8veres holdninger til kropp og prestasjon er forbilder, sosiale medier, og kommentarer p\u00e5 kropp. Tiltak for b\u00e6rekraftig ut\u00f8verutvikling som belyses i oppgaven er forbud mot barisklatring, rutesetting og BMI-regulering. Av disse tiltakene viser datamaterialet at endring av rutesetting oppleves som mest effektivt for \u00e5 fremme b\u00e6rekraftig ut\u00f8verutvikling. Dette er ut\u00f8vere, trenere og ledere samstemte om. Et hovedfunn er at trenerne har behov for, og \u00f8nsker \u00f8kt kompetanse p\u00e5 hvordan man snakker med ut\u00f8vere om kosthold og vekt. Samtidig forteller ut\u00f8verne at enkelttiltak har liten effekt p\u00e5 deres holdninger, og at de heller har behov for kompetente trenere som kan bidra til b\u00e6rekraftig ut\u00f8verutvikling over tid.<\/p>\n\n\n\n<p>________________________________________________________________________________________________________________<\/p>\n\n\n\n<h3 class=\"wp-block-heading\">Marlene Andrea Daleng<\/h3>\n\n\n\n<h4 class=\"wp-block-heading\">&#8220;Vi \u00f8delegger faktisk det vi \u00f8nsker \u00e5 oppdage&#8221;: En kvalitativ studie av potensialet og paradokser i DNTs b\u00e6rekraftsarbeid<\/h4>\n\n\n\n<figure class=\"wp-block-image size-full\"><img decoding=\"async\" width=\"2736\" height=\"3648\" src=\"https:\/\/site.nord.no\/response\/wp-content\/uploads\/sites\/56\/2022\/11\/IMG_20210316_135914.jpg\" alt=\"\" class=\"wp-image-519\" \/><\/figure>\n\n\n\n<p>Masteroppgaven handler om hvilke erfaringer og holdninger ansatte og frivillige i Den Norske Turistforeningen (DNT) har rundt organisasjonens arbeid for \u00e5 v\u00e6re en b\u00e6rekraftig friluftsorganisasjon. Problemstillingen som utforskes er <em>hvordan erfarer ansatte og frivillige i DNT at friluftsorganisasjonen jobber med b\u00e6rekraftig utvikling i sin organisasjon?<\/em> Forskningssp\u00f8rsm\u00e5l er hvordan arbeider DNT med b\u00e6rekraftig utvikling? Hvordan oppfattes innholdet i DNTs b\u00e6rekraftstrategi og hvordan implementerer frivillige ledere strategien i de lokale foreningene? Og hvilke potensialer og paradokser oppst\u00e5r i DNTs arbeid for \u00e5 v\u00e6re en b\u00e6rekraftig friluftsorganisasjon? For \u00e5 f\u00e5 svar p\u00e5 sp\u00f8rsm\u00e5lene har jeg gjennomf\u00f8rt kvalitative forskningsintervju. Til sammen gjennomf\u00f8rte jeg seks intervjuer med ansatte og frivillige i DNT om implementeringen av organisasjonens b\u00e6rekraftstrategi. Datamaterialet blir tolket i lys av ADKAR-modellen og teorier om perfekt og realistisk b\u00e6rekraft.<\/p>\n\n\n\n<p>Oppgavens hovedfunn svarer til forskningssp\u00f8rsm\u00e5l 1, hvor DNT sier at helt siden organisasjonen ble grunnlagt har de jobbet for et enkelt friluftsliv, samtidig som organisasjonen ser utfordringen med egen drift i dagens samfunn. De seks informantene opplever at organisasjonens implementering av b\u00e6rekraftstrategien kan v\u00e6re med p\u00e5 \u00e5 styrke organisasjonens utviklingsarbeid for \u00e5 v\u00e6re en b\u00e6rekraftig friluftsorganisasjon. Alle informantene anser b\u00e6rekraftig utvikling innen friluftsliv som n\u00f8dvendig da de opplever at aktivt friluftsliv ikke n\u00f8dvendigvis er b\u00e6rekraftig. Informantene opplever at frilufts- og reiseliv kan gj\u00f8res mer b\u00e6rekraftig enn det gj\u00f8res i dag, og for at DNT skal kunne v\u00e6re til inspirasjon og motivasjon for b\u00e6rekraftige holdninger og valg m\u00e5 organisasjonen starte med \u00e5 endre egen adferd.<\/p>\n\n\n\n<p>Andre funn er informantenes erfaringer om at det er et stort paradoks innen friluftsliv og b\u00e6rekraft. Det har v\u00e6rt en tendens til \u00e5 tenke p\u00e5 det enkle friluftslivet som b\u00e6rekraftig i seg selv, men informantene viser at DNT som organisasjon st\u00e5r i spagaten mellom det \u00e5 skaffe flere medlemmer og kunne tilby dem turer, hytter og stier, og det \u00e5 bevare naturmangfold og den uber\u00f8rte naturen slik at man ikke \u00f8delegger for fremtidige generasjoner. Alle informantene var enige om at n\u00e6rhet til naturen, og hyppig, riktig bruk av natur og friluftsliv \u00f8ker tilknytningen til naturen, under slagordet at man tar vare p\u00e5 det man er glad i.<\/p>\n","protected":false},"excerpt":{"rendered":"<p>Martine Paulsen Limstrand \u00abDet er veldig vanlig \u00e5 tenke at man er litt for tung\u00bb: En kvalitativ studie av b\u00e6rekraftig ut\u00f8verutvikling i klatring B\u00e5de b\u00e6rekraft og helse er h\u00f8yaktuelle tema i norsk og internasjonal idrett. FNs tredje b\u00e6rekraftsm\u00e5l er \u00e5 sikre god helse for alle, uansett alder. Deltakelse i idrett kan fremme folkehelse, men ogs\u00e5 [&hellip;]<\/p>\n","protected":false},"author":91,"featured_media":0,"parent":123,"menu_order":0,"comment_status":"closed","ping_status":"closed","template":"","meta":{"footnotes":""},"coauthors":[19],"class_list":["post-422","page","type-page","status-publish","hentry"],"_links":{"self":[{"href":"https:\/\/site.nord.no\/response\/wp-json\/wp\/v2\/pages\/422","targetHints":{"allow":["GET"]}}],"collection":[{"href":"https:\/\/site.nord.no\/response\/wp-json\/wp\/v2\/pages"}],"about":[{"href":"https:\/\/site.nord.no\/response\/wp-json\/wp\/v2\/types\/page"}],"author":[{"embeddable":true,"href":"https:\/\/site.nord.no\/response\/wp-json\/wp\/v2\/users\/91"}],"replies":[{"embeddable":true,"href":"https:\/\/site.nord.no\/response\/wp-json\/wp\/v2\/comments?post=422"}],"version-history":[{"count":7,"href":"https:\/\/site.nord.no\/response\/wp-json\/wp\/v2\/pages\/422\/revisions"}],"predecessor-version":[{"id":520,"href":"https:\/\/site.nord.no\/response\/wp-json\/wp\/v2\/pages\/422\/revisions\/520"}],"up":[{"embeddable":true,"href":"https:\/\/site.nord.no\/response\/wp-json\/wp\/v2\/pages\/123"}],"wp:attachment":[{"href":"https:\/\/site.nord.no\/response\/wp-json\/wp\/v2\/media?parent=422"}],"wp:term":[{"taxonomy":"author","embeddable":true,"href":"https:\/\/site.nord.no\/response\/wp-json\/wp\/v2\/coauthors?post=422"}],"curies":[{"name":"wp","href":"https:\/\/api.w.org\/{rel}","templated":true}]}}