{"id":45,"date":"2022-08-30T10:18:48","date_gmt":"2022-08-30T08:18:48","guid":{"rendered":"https:\/\/site.nord.no\/response\/?page_id=45"},"modified":"2025-11-14T09:57:43","modified_gmt":"2025-11-14T08:57:43","slug":"medlemmer","status":"publish","type":"page","link":"https:\/\/site.nord.no\/response\/home\/response-2\/medlemmer\/","title":{"rendered":"Forskere"},"content":{"rendered":"\n<h4 class=\"wp-block-heading\"><strong>Leder for forskningsgruppen:<\/strong>&nbsp;<\/h4>\n\n\n\n<p>Anne Tj\u00f8nndal, Professor, Fakultet for samfunnsvitenskap. E-post: <a href=\"mailto:anne.tjonndal@nord.no\" target=\"_blank\" rel=\"noreferrer noopener\">anne.tjonndal@nord.no<\/a>&nbsp;&nbsp;<\/p>\n\n\n\n<p>Nestleder: Frida Austmo W\u00e5gan, PhD kandidat, Fakultet for samfunnsvitenskap. E-post: <a rel=\"noreferrer noopener\" href=\"mailto:frida.a.waagan@nord.no\" target=\"_blank\">frida.a.waagan@nord.no<\/a>&nbsp;&nbsp;<\/p>\n\n\n\n<h4 class=\"wp-block-heading\"><strong>Medlemmer:<\/strong>&nbsp;<\/h4>\n\n\n\n<p>Anna Adlwarth, PhD kandidat, Fakultet for samfunnsvitenskap. E-post: <a rel=\"noreferrer noopener\" href=\"mailto:anna.adlwarth@nord.no\" target=\"_blank\">anna.adlwarth@nord.no<\/a>&nbsp;&nbsp;<\/p>\n\n\n\n<p>Dagmar Dahl, F\u00f8rsteamanuensis, Fakultet for l\u00e6rerutd., kunst og kultur. E-post: <a rel=\"noreferrer noopener\" href=\"mailto:dagmar.g.dahl@nord.no\" target=\"_blank\">dagmar.g.dahl@nord.no<\/a>&nbsp;<\/p>\n\n\n\n<p>Egil Trasti Rogstad, F\u00f8rsteamanuensis, Fakultet for samfunnsvitenskap. E-post: <a href=\"mailto:egil.rogstad@nord.no\" target=\"_blank\" rel=\"noreferrer noopener\">egil.rogstad@nord.no<\/a>&nbsp;&nbsp;<\/p>\n\n\n\n<p>Emma Wulff Ginnerup, PhD kandidat, Fakultet for samfunnsvitenskap. E-post: <br><a href=\"mailto:emma.w.ginnerup@nord.no\">emma.w.ginnerup@nord.no<\/a> <\/p>\n\n\n\n<p>Kim-Andr\u00e9 St\u00f8vset, Universitetslektor, Fakultet for samfunnsvitenskap. E-post: <a href=\"mailto:kim-andre.stovset@nord.no\">kim-andre.stovset@nord.no<\/a> <\/p>\n\n\n\n<p>Kristian Kj\u00f8lstad Sigvartsen, PhD kandidat, Fakultet for samfunnsvitenskap. E-post: <a href=\"mailto:kristian.k.sigvartsen@nord.no\">kristian.k.sigvartsen@nord.no<\/a><\/p>\n\n\n\n<p>Line Dverseth Danielsen, F\u00f8rsteamanuensis, Fakultet for l\u00e6rerutd., kunst og kultur. E-post: <a href=\"mailto:line.danielsen@nord.no\" target=\"_blank\" rel=\"noreferrer noopener\">line.danielsen@nord.no<\/a>\u00a0\u00a0<\/p>\n\n\n\n<p>Mads Henrik Skauge Antonsen, F\u00f8rsteamanuensis, Fakultet for samfunnsvitenskap. E-post: <a href=\"mailto:mads.h.antonsen@nord.no\" target=\"_blank\" rel=\"noreferrer noopener\">mads.h.antonsen@nord.no<\/a>&nbsp;&nbsp;<\/p>\n\n\n\n<p>Maja Nilssen, F\u00f8rsteamanuensis, Fakultet for samfunnsvitenskap. E-post: <a rel=\"noreferrer noopener\" href=\"mailto:maja.nilssen@nord.no\" target=\"_blank\">maja.nilssen@nord.no<\/a>&nbsp;&nbsp;<\/p>\n\n\n\n<p>Sigbj\u00f8rn B\u00f8rreson Skirbekk, Universitetslektor, Fakultet for samfunnsvitenskap. E-post: <a href=\"mailto:sigbjorn.skirbekk@nord.no\" target=\"_blank\" rel=\"noreferrer noopener\">sigbjorn.skirbekk@nord.no<\/a>\u00a0\u00a0\u00a0<\/p>\n\n\n\n<p>Stian R\u00f8sten, PhD kandidat, Fakultet for samfunnsvitenskap. E-post: <a rel=\"noreferrer noopener\" href=\"mailto:stian.rosten@nord.no\" target=\"_blank\">stian.rosten@nord.no<\/a>&nbsp;&nbsp;<\/p>\n\n\n\n<p>Thor Atle Th\u00f8ring, Universitetslektor, Fakultet for samfunnsvitenskap. E-post: <a rel=\"noreferrer noopener\" href=\"mailto:thor.a.thoring@nord.no\" target=\"_blank\">thor.a.thoring@nord.no<\/a>&nbsp;&nbsp;<\/p>\n\n\n\n<p><\/p>\n","protected":false},"excerpt":{"rendered":"<p>Leder for forskningsgruppen:&nbsp; Anne Tj\u00f8nndal, Professor, Fakultet for samfunnsvitenskap. E-post: anne.tjonndal@nord.no&nbsp;&nbsp; Nestleder: Frida Austmo W\u00e5gan, PhD kandidat, Fakultet for samfunnsvitenskap. E-post: frida.a.waagan@nord.no&nbsp;&nbsp; Medlemmer:&nbsp; Anna Adlwarth, PhD kandidat, Fakultet for samfunnsvitenskap. E-post: anna.adlwarth@nord.no&nbsp;&nbsp; Dagmar Dahl, F\u00f8rsteamanuensis, Fakultet for l\u00e6rerutd., kunst og kultur. E-post: dagmar.g.dahl@nord.no&nbsp; Egil Trasti Rogstad, F\u00f8rsteamanuensis, Fakultet for samfunnsvitenskap. E-post: egil.rogstad@nord.no&nbsp;&nbsp; Emma Wulff Ginnerup, [&hellip;]<\/p>\n","protected":false},"author":75,"featured_media":0,"parent":245,"menu_order":0,"comment_status":"closed","ping_status":"closed","template":"","meta":{"footnotes":""},"coauthors":[7],"class_list":["post-45","page","type-page","status-publish","hentry"],"_links":{"self":[{"href":"https:\/\/site.nord.no\/response\/wp-json\/wp\/v2\/pages\/45","targetHints":{"allow":["GET"]}}],"collection":[{"href":"https:\/\/site.nord.no\/response\/wp-json\/wp\/v2\/pages"}],"about":[{"href":"https:\/\/site.nord.no\/response\/wp-json\/wp\/v2\/types\/page"}],"author":[{"embeddable":true,"href":"https:\/\/site.nord.no\/response\/wp-json\/wp\/v2\/users\/75"}],"replies":[{"embeddable":true,"href":"https:\/\/site.nord.no\/response\/wp-json\/wp\/v2\/comments?post=45"}],"version-history":[{"count":20,"href":"https:\/\/site.nord.no\/response\/wp-json\/wp\/v2\/pages\/45\/revisions"}],"predecessor-version":[{"id":1530,"href":"https:\/\/site.nord.no\/response\/wp-json\/wp\/v2\/pages\/45\/revisions\/1530"}],"up":[{"embeddable":true,"href":"https:\/\/site.nord.no\/response\/wp-json\/wp\/v2\/pages\/245"}],"wp:attachment":[{"href":"https:\/\/site.nord.no\/response\/wp-json\/wp\/v2\/media?parent=45"}],"wp:term":[{"taxonomy":"author","embeddable":true,"href":"https:\/\/site.nord.no\/response\/wp-json\/wp\/v2\/coauthors?post=45"}],"curies":[{"name":"wp","href":"https:\/\/api.w.org\/{rel}","templated":true}]}}