{"id":7,"date":"2025-08-30T09:01:00","date_gmt":"2025-08-30T07:01:00","guid":{"rendered":"https:\/\/site.nord.no\/response\/?page_id=7"},"modified":"2025-06-10T07:32:38","modified_gmt":"2025-06-10T05:32:38","slug":"home","status":"publish","type":"page","link":"https:\/\/site.nord.no\/response\/","title":{"rendered":"Forside"},"content":{"rendered":"\n<p class=\"has-medium-font-size\">RESPONSE er en tverrfaglig forskningsgruppe ved Nord universitet. Forskningsgruppa er organisert under <a href=\"https:\/\/www.nord.no\/no\/om-oss\/fakulteter-og-avdelinger\/fakultet-for-samfunnsvitenskap\">Fakultet for samfunnsvitenskap<\/a> (FSV) og hovedvekten av forskerne v\u00e5re jobber ved FSV. P\u00e5 denne nettsiden kan du bli kjent med RESPONSE-forskerne, v\u00e5re forskningsprosjekter, arrangementer og undervisning. <\/p>\n\n\n\n<p>Forskningsgruppa ble etablert i 2018 og har siden da drevet med m\u00e5lrettet forsknings- og utviklingsarbeid. Hovedvekten av forskerne v\u00e5re jobber innenfor fagomr\u00e5der som sosiologi, idrettsvitenskap, Outdoor Adventure Education, Human Resource Management (HRM), organisasjon og ledelse, pedagogikk, antropologi og mediefag.&nbsp;Vi har et internasjonalt ledende forskningsmilj\u00f8 innen idrettsteknologi, innovasjon og digitalisering i idretten. Utover dette har v\u00e5re forskere kompetanse p\u00e5 et mangfold av tema knyttet til idrettens rolle og betydning for samfunnet. Noen av v\u00e5re forskningstema er:<\/p>\n\n\n\n<ul class=\"wp-block-list\">\n<li>Sosial ulikhet og ekskludering fra idrett&nbsp;&nbsp;<\/li>\n\n\n\n<li>Kj\u00f8nn og likestilling i idrett&nbsp;<\/li>\n\n\n\n<li>Aktivitet og helse&nbsp;&nbsp;<\/li>\n\n\n\n<li>Barne- og ungdomsidrett&nbsp;<\/li>\n\n\n\n<li>Idrettspublikum&nbsp;&nbsp;<\/li>\n\n\n\n<li>Esport og digitalisering av idrett&nbsp;&nbsp;<\/li>\n\n\n\n<li>Medier, sosiale medier og formidling av idrett&nbsp;<\/li>\n\n\n\n<li>Ledelse og organisering av idrett&nbsp;<\/li>\n\n\n\n<li>Toppidrett og idrettsarrangementer&nbsp;<\/li>\n\n\n\n<li>Milj\u00f8 og b\u00e6rekraft i idrett&nbsp;<\/li>\n\n\n\n<li>Idrettsteknologi og innovasjon&nbsp;&nbsp;<\/li>\n\n\n\n<li>Bevegelseskulturer, estetikk og naturopplevelser&nbsp;<\/li>\n\n\n\n<li>Idretts- og fritidspolitikk<\/li>\n<\/ul>\n\n\n\n<p><\/p>\n\n\n\n<p>Som forskningsmilj\u00f8 er vi opptatt av internasjonalisering og forskningsformidling. Vi etterstreber derfor \u00e5 tiltrekke oss internasjonale gjesteforskere 2-4 ganger i \u00e5ret. V\u00e5re medlemmer deltar \u00e5rlig p\u00e5 internasjonale for skningskonferanser og forskningsopphold. For \u00e5 formidle forskningen v\u00e5r etablerte vi i 2022 podkasten <a href=\"https:\/\/open.spotify.com\/show\/7DWLvMeLGq6Qh1xbwxpVVO?si=cbe3b32aa29b40ca\" target=\"_blank\" rel=\"noreferrer noopener\">RESPONSECAST<\/a>, som n\u00e5 har fire sesonger. Forskningsgruppa har ogs\u00e5 tradisjon for \u00e5 inkludere studenter som medlemmer. Mange av v\u00e5re forskere er doktorgradsstipendiater, og vi lyser jevnlig ut bachelor- og masterstipender for \u00e5 tilknytte studentprosjekter til v\u00e5r forskningsaktivitet.\u202f<\/p>\n\n\n\n<p><\/p>\n\n\n\n<ul class=\"wp-block-social-links has-large-icon-size has-visible-labels has-icon-color has-icon-background-color is-style-pill-shape is-horizontal is-content-justification-left is-layout-flex wp-container-core-social-links-is-layout-20be11b6 wp-block-social-links-is-layout-flex\"><\/ul>\n","protected":false},"excerpt":{"rendered":"<p>RESPONSE er en tverrfaglig forskningsgruppe ved Nord universitet. Forskningsgruppa er organisert under Fakultet for samfunnsvitenskap (FSV) og hovedvekten av forskerne v\u00e5re jobber ved FSV. P\u00e5 denne nettsiden kan du bli kjent med RESPONSE-forskerne, v\u00e5re forskningsprosjekter, arrangementer og undervisning. Forskningsgruppa ble etablert i 2018 og har siden da drevet med m\u00e5lrettet forsknings- og utviklingsarbeid. Hovedvekten av [&hellip;]<\/p>\n","protected":false},"author":75,"featured_media":0,"parent":0,"menu_order":0,"comment_status":"closed","ping_status":"closed","template":"","meta":{"footnotes":""},"coauthors":[7],"class_list":["post-7","page","type-page","status-publish","hentry"],"_links":{"self":[{"href":"https:\/\/site.nord.no\/response\/wp-json\/wp\/v2\/pages\/7","targetHints":{"allow":["GET"]}}],"collection":[{"href":"https:\/\/site.nord.no\/response\/wp-json\/wp\/v2\/pages"}],"about":[{"href":"https:\/\/site.nord.no\/response\/wp-json\/wp\/v2\/types\/page"}],"author":[{"embeddable":true,"href":"https:\/\/site.nord.no\/response\/wp-json\/wp\/v2\/users\/75"}],"replies":[{"embeddable":true,"href":"https:\/\/site.nord.no\/response\/wp-json\/wp\/v2\/comments?post=7"}],"version-history":[{"count":15,"href":"https:\/\/site.nord.no\/response\/wp-json\/wp\/v2\/pages\/7\/revisions"}],"predecessor-version":[{"id":1478,"href":"https:\/\/site.nord.no\/response\/wp-json\/wp\/v2\/pages\/7\/revisions\/1478"}],"wp:attachment":[{"href":"https:\/\/site.nord.no\/response\/wp-json\/wp\/v2\/media?parent=7"}],"wp:term":[{"taxonomy":"author","embeddable":true,"href":"https:\/\/site.nord.no\/response\/wp-json\/wp\/v2\/coauthors?post=7"}],"curies":[{"name":"wp","href":"https:\/\/api.w.org\/{rel}","templated":true}]}}