{"id":29,"date":"2024-09-03T15:12:53","date_gmt":"2024-09-03T13:12:53","guid":{"rendered":"https:\/\/site.nord.no\/sam1015\/?page_id=29"},"modified":"2025-10-17T10:08:47","modified_gmt":"2025-10-17T08:08:47","slug":"om-emnet","status":"publish","type":"page","link":"https:\/\/site.nord.no\/sam1015\/om-emnet\/","title":{"rendered":"Om emnet"},"content":{"rendered":"\n<p><strong>Hva m\u00e5 en samfunnsfagl\u00e6rer kunne i dag, og hvordan jobber en samfunnsfagl\u00e6rer? Dette emnet gir en introduksjon til samfunnsfag som skolefag.<\/strong><\/p>\n\n\n\n<p>Dette emnet gir en innf\u00f8ring i noen sentrale tema og problemstillinger som er s\u00e6rlig aktuelle for samfunnsfagl\u00e6rere i dagens skole. Du vil f\u00e5 kjennskap til samfunnsfagets rolle og plass i skolen, og se n\u00e6rmere p\u00e5 l\u00e6replanen i samfunnsfag. Emnet tar ogs\u00e5 spesielt opp to sentrale tema som er relevante for alle klassetrinn, og som viser bredden av hva en samfunnsfagl\u00e6rer driver med: Urfolksperspektiv og digital kompetanse.<\/p>\n\n\n\n<p>Studiet har et omfang p\u00e5 15 studiepoeng, og inng\u00e5r som en del av Nord universitets <a href=\"https:\/\/www.nord.no\/studier\/samfunnsfag-arsstudium\">nettbaserte \u00e5rsstudium i samfunnsfag,<\/a> men kan ogs\u00e5 tas som enkeltemne.<\/p>\n\n\n\n<p><\/p>\n","protected":false},"excerpt":{"rendered":"<p>Hva m\u00e5 en samfunnsfagl\u00e6rer kunne i dag, og hvordan jobber en samfunnsfagl\u00e6rer? Dette emnet gir en introduksjon til samfunnsfag som skolefag. Dette emnet gir en innf\u00f8ring i noen sentrale tema og problemstillinger som er s\u00e6rlig aktuelle for samfunnsfagl\u00e6rere i dagens skole. Du vil f\u00e5 kjennskap til samfunnsfagets rolle og plass i skolen, og se n\u00e6rmere [&hellip;]<\/p>\n","protected":false},"author":75,"featured_media":60,"parent":0,"menu_order":0,"comment_status":"closed","ping_status":"closed","template":"","meta":{"footnotes":""},"coauthors":[6],"class_list":["post-29","page","type-page","status-publish","has-post-thumbnail","hentry"],"_links":{"self":[{"href":"https:\/\/site.nord.no\/sam1015\/wp-json\/wp\/v2\/pages\/29","targetHints":{"allow":["GET"]}}],"collection":[{"href":"https:\/\/site.nord.no\/sam1015\/wp-json\/wp\/v2\/pages"}],"about":[{"href":"https:\/\/site.nord.no\/sam1015\/wp-json\/wp\/v2\/types\/page"}],"author":[{"embeddable":true,"href":"https:\/\/site.nord.no\/sam1015\/wp-json\/wp\/v2\/users\/75"}],"replies":[{"embeddable":true,"href":"https:\/\/site.nord.no\/sam1015\/wp-json\/wp\/v2\/comments?post=29"}],"version-history":[{"count":7,"href":"https:\/\/site.nord.no\/sam1015\/wp-json\/wp\/v2\/pages\/29\/revisions"}],"predecessor-version":[{"id":549,"href":"https:\/\/site.nord.no\/sam1015\/wp-json\/wp\/v2\/pages\/29\/revisions\/549"}],"wp:featuredmedia":[{"embeddable":true,"href":"https:\/\/site.nord.no\/sam1015\/wp-json\/wp\/v2\/media\/60"}],"wp:attachment":[{"href":"https:\/\/site.nord.no\/sam1015\/wp-json\/wp\/v2\/media?parent=29"}],"wp:term":[{"taxonomy":"author","embeddable":true,"href":"https:\/\/site.nord.no\/sam1015\/wp-json\/wp\/v2\/coauthors?post=29"}],"curies":[{"name":"wp","href":"https:\/\/api.w.org\/{rel}","templated":true}]}}