{"id":68,"date":"2025-03-03T20:03:21","date_gmt":"2025-03-03T19:03:21","guid":{"rendered":"https:\/\/site.nord.no\/samisk-konferansen\/?page_id=68"},"modified":"2026-03-05T16:04:01","modified_gmt":"2026-03-05T15:04:01","slug":"praktisk-informasjon-practical-information","status":"publish","type":"page","link":"https:\/\/site.nord.no\/samisk-konferansen\/praktisk-informasjon-practical-information\/","title":{"rendered":"Praktisk informasjon &#8211; Levanger"},"content":{"rendered":"\n<div class=\"wp-block-group alignfull has-accent-2-background-color has-background has-global-padding is-layout-constrained wp-container-core-group-is-layout-669513ed wp-block-group-is-layout-constrained\" style=\"margin-top:0;margin-bottom:0;padding-top:var(--wp--preset--spacing--50);padding-right:var(--wp--preset--spacing--50);padding-bottom:var(--wp--preset--spacing--50);padding-left:var(--wp--preset--spacing--50)\">\n<div class=\"wp-block-columns alignwide is-layout-flex wp-container-core-columns-is-layout-28f84493 wp-block-columns-is-layout-flex\">\n<div class=\"wp-block-column is-layout-flow wp-block-column-is-layout-flow\" style=\"flex-basis:60%\">\n<p class=\"has-text-align-left\">Levanger ligger ca. 50 minutter nord for Trondheim lufthavn V\u00e6rnes. Det g\u00e5r tog nord- og s\u00f8rover hver time p\u00e5 hverdager. Du kan sjekke rutetabellen og kj\u00f8pe billett p\u00e5 <a href=\"https:\/\/entur.no\/\">Entur<\/a>. <strong>P\u00e5 grunn av et jordskred er det trafikale utfordringer b\u00e5de for bilvei (E6) og tog. Toget mellom Bod\u00f8 og Trondheim er ute av drift, mens lokaltoget kj\u00f8rer mellom Trondheim-V\u00e6rnes-\u00c5sen. Fra \u00c5sen er det buss for tog til Levanger og campus (R\u00f8stad). Disse l\u00f8sningene fungerer fint, men kan ta noe lengre tid enn normalt. Ved ankomst via bil blir man henvist til omkj\u00f8ringsvei. F\u00f8lg skiltingen langs E6.<\/strong> Hvis du skal bo p\u00e5 Thon Hotel Backlund, som ligger midt i Levanger sentrum, g\u00e5r du av p\u00e5 <a href=\"https:\/\/www.banenor.no\/reise-og-trafikk\/stasjoner\/-l-\/levanger\/\">Levanger stasjon<\/a>. Bor du p\u00e5 Thon Hotel Backlund, er det 15-20 minutter \u00e5 g\u00e5 til campus. Kommer du med tog og skal rett til campus, kan du g\u00e5 av p\u00e5 <a href=\"https:\/\/www.banenor.no\/reise-og-trafikk\/stasjoner\/-r-\/rostad\/\">R\u00f8stad stasjon,<\/a> som er et togstopp som ligger rett ved campus. Derfra er det bare noen minutter \u00e5 g\u00e5. Hvis du \u00f8nsker \u00e5 komme med buss, kan du finne rutetabellen p\u00e5 <a href=\"https:\/\/www.atb.no\/levanger\/\">atb.no<\/a>.<\/p>\n\n\n\n<p class=\"has-text-align-left\">Levanger is located approx. 50 minutes north of Trondheim Airport V\u00e6rnes. There are trains north and south every hour on weekdays. You can check the timetable and buy tickets on <a href=\"https:\/\/entur.no\/\">Entur.<\/a> <strong>Due to a landslide, there are traffic-related challenges affecting both the E6 highway and the railway. The train service between Bod\u00f8 and Trondheim is currently out of operation, while the local train is running between Trondheim\u2013V\u00e6rnes\u2013\u00c5sen. From \u00c5sen, a replacement bus service is available to Levanger and the campus at R\u00f8stad. These alternative arrangements are working well but may take slightly longer than usual. If you arrive by car, you will be directed to take a different route. Please follow the signs along the E6.<\/strong> If you are going to stay at Thon Hotel Backlund, which is located in the center of Levanger, you get off at <a href=\"https:\/\/www.banenor.no\/reise-og-trafikk\/stasjoner\/-l-\/levanger\/\">Levanger station<\/a>. If you are staying at Thon Hotel Backlund, it is 15-20 minutes to walk to the campus. If you come by train and are going straight to the campus, you can get off at <a href=\"https:\/\/www.banenor.no\/reise-og-trafikk\/stasjoner\/-r-\/rostad\/\">R\u00f8stad station<\/a>, which is a train stop located right next to the campus. From there it is only a few minutes&#8217; walk. If you want to arrive by bus, you can find the timetable at <a href=\"https:\/\/www.atb.no\/levanger\/\">atb.no. <\/a><\/p>\n<\/div>\n<\/div>\n\n\n\n<div style=\"height:var(--wp--preset--spacing--40)\" aria-hidden=\"true\" class=\"wp-block-spacer\"><\/div>\n\n\n\n<figure class=\"wp-block-image alignfull size-full is-style-rounded is-style-rounded--1\"><img loading=\"lazy\" decoding=\"async\" width=\"1200\" height=\"798\" src=\"https:\/\/site.nord.no\/samisk-konferansen\/wp-content\/uploads\/sites\/94\/2025\/03\/1200px-Levanger_stasjon.jpg\" alt=\"\" class=\"wp-image-71\" \/><figcaption class=\"wp-element-caption\">&laquo;Levanger stasjon&raquo; by Eaglestein is licensed under CC BY-SA 3.0. To view a copy of this license, visit https:\/\/creativecommons.org\/licenses\/by-sa\/3.0\/?ref=openverse.<\/figcaption><\/figure>\n<\/div>\n\n\n\n<div class=\"wp-block-group alignfull has-base-background-color has-background has-global-padding is-layout-constrained wp-container-core-group-is-layout-d89aad35 wp-block-group-is-layout-constrained\" style=\"margin-top:0;margin-bottom:0;padding-top:var(--wp--preset--spacing--50);padding-right:var(--wp--preset--spacing--50);padding-bottom:var(--wp--preset--spacing--50);padding-left:var(--wp--preset--spacing--50)\">\n<div class=\"wp-block-columns alignwide is-layout-flex wp-container-core-columns-is-layout-549b0c86 wp-block-columns-is-layout-flex\">\n<div class=\"wp-block-column is-layout-flow wp-container-core-column-is-layout-119bc444 wp-block-column-is-layout-flow\" style=\"flex-basis:60%\">\n<p class=\"has-heading-font-family has-x-large-font-size\" style=\"line-height:1.2\">Hoteller &#8211; Hotels<\/p>\n\n\n\n<div class=\"wp-block-columns is-layout-flex wp-container-core-columns-is-layout-87beb0d0 wp-block-columns-is-layout-flex\">\n<div class=\"wp-block-column is-layout-flow wp-block-column-is-layout-flow\">\n<p class=\"wp-container-content-9cfa9a5a\"><a href=\"https:\/\/www.thonhotels.no\/hoteller\/norge\/levanger\/thon-partner-hotel-backlund\/\">Thon Hotel Backlund<\/a> is the closest hotel to campus. If there are no rooms left at Backlund, we recommend you to reserve a room in Verdal, just a short train ride away from R\u00f8stad station. The hotels <a href=\"https:\/\/verdalhotell.no\/kontakt\/\">Verdal Hotel<\/a> and <a href=\"https:\/\/www.thonhotels.no\/hoteller\/norge\/verdal\/thon-hotel-verdal\">Thon Hotel Verdal<\/a> are both within walking distance from the train station in Verdal. The conference has reservered a certain amount of rooms with a discount code. Please follow for more information. <\/p>\n\n\n\n<p>It is also possible to stay at <a href=\"https:\/\/www.radissonhotels.com\/no-no\/hoteller\/radisson-blu-trondheim-airport?facilitatorId=RHGSEM&amp;cid=a:ps+b:ggl+c:emea+i:brand+e:rdb+d:nob+r:brt+f:no-NO+g:ho+h:NOTRDAIR+v:cf&amp;gad_source=1&amp;gclid=CjwKCAiAw5W-BhAhEiwApv4goPZcpVVD5fqq54xEQpaH-qP41rUKHP7BR3FT6WQo08JMfqJ3hUL_yBoCVp0QAvD_BwE&amp;gclsrc=aw.ds\">Radisson Blu Hotel Trondheim Airport<\/a>, but then it is of course a longer trainride for you to get to   Campus R\u00f8stad.<\/p>\n<\/div>\n\n\n\n<div class=\"wp-block-column is-layout-flow wp-block-column-is-layout-flow\">\n<p><a href=\"https:\/\/www.thonhotels.no\/hoteller\/norge\/levanger\/thon-partner-hotel-backlund\/\">Thon Hotel Backlund<\/a> er det n\u00e6rmeste hotellet til campus. Er det fullt p\u00e5 Backlund, anbefaler vi \u00e5 reservere rom i Verdal, kun en liten togtur unna R\u00f8stad stasjon. Hotellene <a href=\"https:\/\/verdalhotell.no\/kontakt\/\">Verdal Hotel<\/a> og <a href=\"https:\/\/www.thonhotels.no\/hoteller\/norge\/verdal\/thon-hotel-verdal\">Thon Hotel Verdal<\/a> er begge i gangavstand fra togstasjonen i Verdal. Konferansen har reservert et visst antall rom med rabattkode. Vennligst f\u00f8lg med for mer informasjon. <\/p>\n\n\n\n<p>Det er ogs\u00e5 mulig \u00e5 bo p\u00e5 <a href=\"https:\/\/www.radissonhotels.com\/no-no\/hoteller\/radisson-blu-trondheim-airport?facilitatorId=RHGSEM&amp;cid=a:ps+b:ggl+c:emea+i:brand+e:rdb+d:nob+r:brt+f:no-NO+g:ho+h:NOTRDAIR+v:cf&amp;gad_source=1&amp;gclid=CjwKCAiAw5W-BhAhEiwApv4goPZcpVVD5fqq54xEQpaH-qP41rUKHP7BR3FT6WQo08JMfqJ3hUL_yBoCVp0QAvD_BwE&amp;gclsrc=aw.ds\">Radisson Blu Hotel Trondheim Airport<\/a>, men da er det s\u00e5klart lenger togreise for deg for \u00e5 komme til campus R\u00f8stad.<\/p>\n<\/div>\n<\/div>\n<\/div>\n<\/div>\n<\/div>\n\n\n\n<div class=\"wp-block-cover alignfull is-light has-parallax\" style=\"padding-top:var(--wp--preset--spacing--50);padding-right:var(--wp--preset--spacing--50);padding-bottom:var(--wp--preset--spacing--50);padding-left:var(--wp--preset--spacing--50);min-height:100vh;aspect-ratio:unset;\"><div class=\"wp-block-cover__image-background wp-image-70 has-parallax\" style=\"background-position:50% 50%;background-image:url(https:\/\/site.nord.no\/samisk-konferansen\/wp-content\/uploads\/sites\/94\/2025\/03\/Kirkegata_i_Levanger.jpg)\"><\/div><span aria-hidden=\"true\" class=\"wp-block-cover__background has-base-background-color has-background-dim-0 has-background-dim\"><\/span><div class=\"wp-block-cover__inner-container has-global-padding is-layout-constrained wp-container-core-cover-is-layout-e4fd886c wp-block-cover-is-layout-constrained\">\n<div style=\"height:500px\" aria-hidden=\"true\" class=\"wp-block-spacer\"><\/div>\n<\/div><\/div>\n\n\n\n<div class=\"wp-block-group alignfull has-base-2-background-color has-background has-global-padding is-layout-constrained wp-container-core-group-is-layout-7cd14b77 wp-block-group-is-layout-constrained\" style=\"margin-top:0;margin-bottom:0;padding-top:var(--wp--preset--spacing--60);padding-right:var(--wp--preset--spacing--60);padding-bottom:var(--wp--preset--spacing--60);padding-left:var(--wp--preset--spacing--60)\">\n<div class=\"wp-block-group alignwide is-layout-flow wp-block-group-is-layout-flow\">\n<div style=\"height:var(--wp--preset--spacing--50)\" aria-hidden=\"true\" class=\"wp-block-spacer\"><\/div>\n\n\n\n<p class=\"has-text-align-center has-heading-font-family has-x-large-font-size\" style=\"font-style:normal;font-weight:400;line-height:1.2\">Bruk <a href=\"https:\/\/use.mazemap.com\/#v=1&amp;config=nord&amp;campusid=284&amp;zlevel=1&amp;center=11.311947,63.753935&amp;zoom=14.2\">Mazemap<\/a> for \u00e5 finne fram p\u00e5 campus! <\/p>\n\n\n\n<p class=\"has-text-align-center has-heading-font-family has-x-large-font-size\" style=\"font-style:normal;font-weight:400;line-height:1.2\">Use <a href=\"https:\/\/use.mazemap.com\/#v=1&amp;config=nord&amp;campusid=284&amp;zlevel=1&amp;center=11.311947,63.753935&amp;zoom=14.2\">Mazemap <\/a>to find your way on campus!<\/p>\n\n\n\n<p><\/p>\n\n\n\n<div style=\"height:var(--wp--preset--spacing--50)\" aria-hidden=\"true\" class=\"wp-block-spacer\"><\/div>\n<\/div>\n<\/div>\n\n\n\n<div class=\"wp-block-group alignfull has-base-2-color has-contrast-3-background-color has-text-color has-background has-link-color wp-elements-a4b0c429a350947728fcafb4ddf3906e has-global-padding is-layout-constrained wp-container-core-group-is-layout-facafb6f wp-block-group-is-layout-constrained\" style=\"margin-top:0;margin-bottom:0;padding-top:var(--wp--preset--spacing--50);padding-right:var(--wp--preset--spacing--50);padding-bottom:var(--wp--preset--spacing--50);padding-left:var(--wp--preset--spacing--50)\">\n<div class=\"wp-block-columns alignwide is-layout-flex wp-container-core-columns-is-layout-d1c656ed wp-block-columns-is-layout-flex\">\n<div class=\"wp-block-column is-vertically-aligned-stretch is-layout-flow wp-block-column-is-layout-flow\" style=\"padding-right:0;flex-basis:60%\">\n<div class=\"wp-block-group is-vertical is-content-justification-stretch is-layout-flex wp-container-core-group-is-layout-ae24f51d wp-block-group-is-layout-flex\" style=\"min-height:100%\">\n<figure class=\"wp-block-image size-full is-style-default wp-duotone-unset-2\"><img loading=\"lazy\" decoding=\"async\" width=\"1200\" height=\"900\" src=\"https:\/\/site.nord.no\/samisk-konferansen\/wp-content\/uploads\/sites\/94\/2025\/03\/Kirkegata_i_Levanger.jpg\" alt=\"Photo: &quot;Kirkegata i Levanger&quot; by\u00a0Bent Sigmund Olsen from Bergen, Norway\u00a0is licensed under\u00a0CC BY-SA 2.0.\" class=\"wp-image-70\" style=\"aspect-ratio:9\/16;object-fit:cover\" \/><figcaption class=\"wp-element-caption\">Photo: &laquo;Kirkegata i Levanger&raquo; by&nbsp;Bent Sigmund Olsen from Bergen, Norway&nbsp;is licensed under&nbsp;CC BY-SA 2.0.<\/figcaption><\/figure>\n\n\n\n<p class=\"has-medium-font-size\"><\/p>\n<\/div>\n<\/div>\n\n\n\n<div class=\"wp-block-column is-layout-flow wp-block-column-is-layout-flow\" style=\"flex-basis:40%\">\n<div class=\"wp-block-group has-global-padding is-layout-constrained wp-block-group-is-layout-constrained\">\n<p class=\"has-large-font-size\" style=\"font-style:normal;font-weight:500;line-height:1.2\"><\/p>\n\n\n\n<div style=\"height:var(--wp--preset--spacing--40)\" aria-hidden=\"true\" class=\"wp-block-spacer\"><\/div>\n\n\n\n<div class=\"wp-block-group is-layout-flow wp-block-group-is-layout-flow\">\n<figure class=\"wp-block-image size-full is-style-rounded is-style-rounded--3\"><img loading=\"lazy\" decoding=\"async\" width=\"1700\" height=\"1099\" src=\"https:\/\/site.nord.no\/samisk-konferansen\/wp-content\/uploads\/sites\/94\/2025\/03\/sorsamisk_torvgamme.jpg\" alt=\"S\u00f8rsamisk torvgamme p\u00e5 Nords campus p\u00e5 Levanger.\" class=\"wp-image-9\" style=\"aspect-ratio:9\/16;object-fit:cover\" \/><figcaption class=\"wp-element-caption\">S\u00f8rsamisk torvgamme p\u00e5 Nords campus p\u00e5 Levanger.<\/figcaption><\/figure>\n\n\n\n<p class=\"has-medium-font-size\"><\/p>\n<\/div>\n<\/div>\n<\/div>\n<\/div>\n<\/div>\n\n\n\n<p><\/p>\n","protected":false},"excerpt":{"rendered":"<p>Levanger ligger ca. 50 minutter nord for Trondheim lufthavn V\u00e6rnes. Det g\u00e5r tog nord- og s\u00f8rover hver time p\u00e5 hverdager. Du kan sjekke rutetabellen og kj\u00f8pe billett p\u00e5 Entur. P\u00e5 grunn av et jordskred er det trafikale utfordringer b\u00e5de for bilvei (E6) og tog. Toget mellom Bod\u00f8 og Trondheim er ute av drift, mens lokaltoget [&hellip;]<\/p>\n","protected":false},"author":58,"featured_media":0,"parent":0,"menu_order":0,"comment_status":"closed","ping_status":"closed","template":"","meta":{"footnotes":""},"coauthors":[3],"class_list":["post-68","page","type-page","status-publish","hentry"],"_links":{"self":[{"href":"https:\/\/site.nord.no\/samisk-konferansen\/wp-json\/wp\/v2\/pages\/68","targetHints":{"allow":["GET"]}}],"collection":[{"href":"https:\/\/site.nord.no\/samisk-konferansen\/wp-json\/wp\/v2\/pages"}],"about":[{"href":"https:\/\/site.nord.no\/samisk-konferansen\/wp-json\/wp\/v2\/types\/page"}],"author":[{"embeddable":true,"href":"https:\/\/site.nord.no\/samisk-konferansen\/wp-json\/wp\/v2\/users\/58"}],"replies":[{"embeddable":true,"href":"https:\/\/site.nord.no\/samisk-konferansen\/wp-json\/wp\/v2\/comments?post=68"}],"version-history":[{"count":9,"href":"https:\/\/site.nord.no\/samisk-konferansen\/wp-json\/wp\/v2\/pages\/68\/revisions"}],"predecessor-version":[{"id":239,"href":"https:\/\/site.nord.no\/samisk-konferansen\/wp-json\/wp\/v2\/pages\/68\/revisions\/239"}],"wp:attachment":[{"href":"https:\/\/site.nord.no\/samisk-konferansen\/wp-json\/wp\/v2\/media?parent=68"}],"wp:term":[{"taxonomy":"author","embeddable":true,"href":"https:\/\/site.nord.no\/samisk-konferansen\/wp-json\/wp\/v2\/coauthors?post=68"}],"curies":[{"name":"wp","href":"https:\/\/api.w.org\/{rel}","templated":true}]}}