{"id":94,"date":"2025-03-05T11:11:44","date_gmt":"2025-03-05T10:11:44","guid":{"rendered":"https:\/\/site.nord.no\/samisk-konferansen\/?page_id=94"},"modified":"2026-03-05T16:09:18","modified_gmt":"2026-03-05T15:09:18","slug":"the-conference-committee-konferansekomiteen","status":"publish","type":"page","link":"https:\/\/site.nord.no\/samisk-konferansen\/the-conference-committee-konferansekomiteen\/","title":{"rendered":"The conference committee\/Konferansekomiteen"},"content":{"rendered":"\n<p>Disse sitter i konferansekomiteen for Nord-konferansen samisk og urfolk\/ Here are the members of the conference committee for the Nord Conference for Sami and Indigenous People::<\/p>\n\n\n\n<ul class=\"wp-block-list\">\n<li>Tove Synn\u00f8ve Mentsen Ness, leder for Senter for samisk og urfolksstudier\/director for Center for Saami and Indigenous Studies <a href=\"mailto:tove.m.ness@nord.no\">tove.m.ness@nord.no<\/a><\/li>\n\n\n\n<li>Thomas Lohne Kintel, r\u00e5dgiver\/advisor <a href=\"thomas.kintel@nord.no\" data-type=\"link\" data-id=\"thomas.kintel@nord.no\"> thomas.kintel@nord.no<\/a><\/li>\n\n\n\n<li>Asbj\u00f8rn R\u00f8rslett Kolberg, dosent emeritus, Fakultet for l\u00e6rerutdanning, kunst- og kulturfag\/Faculty of Education and Arts, <a href=\"mailto:asbjorn.kolberg@nord.no\">asbjorn.kolberg@nord.no<\/a><\/li>\n\n\n\n<li>Astri Dankertsen, Professor, Fakultet for samfunnsvitenskap\/Faculty of Social Sciences, <a href=\"mailto:astri.dankertsen@nord.no\">astri.dankertsen@nord.no<\/a><\/li>\n\n\n\n<li>(Will be updated with more names)<\/li>\n<\/ul>\n\n\n\n<p><\/p>\n","protected":false},"excerpt":{"rendered":"<p>Disse sitter i konferansekomiteen for Nord-konferansen samisk og urfolk\/ Here are the members of the conference committee for the Nord Conference for Sami and Indigenous People::<\/p>\n","protected":false},"author":58,"featured_media":0,"parent":0,"menu_order":0,"comment_status":"closed","ping_status":"closed","template":"","meta":{"footnotes":""},"coauthors":[3],"class_list":["post-94","page","type-page","status-publish","hentry"],"_links":{"self":[{"href":"https:\/\/site.nord.no\/samisk-konferansen\/wp-json\/wp\/v2\/pages\/94","targetHints":{"allow":["GET"]}}],"collection":[{"href":"https:\/\/site.nord.no\/samisk-konferansen\/wp-json\/wp\/v2\/pages"}],"about":[{"href":"https:\/\/site.nord.no\/samisk-konferansen\/wp-json\/wp\/v2\/types\/page"}],"author":[{"embeddable":true,"href":"https:\/\/site.nord.no\/samisk-konferansen\/wp-json\/wp\/v2\/users\/58"}],"replies":[{"embeddable":true,"href":"https:\/\/site.nord.no\/samisk-konferansen\/wp-json\/wp\/v2\/comments?post=94"}],"version-history":[{"count":4,"href":"https:\/\/site.nord.no\/samisk-konferansen\/wp-json\/wp\/v2\/pages\/94\/revisions"}],"predecessor-version":[{"id":241,"href":"https:\/\/site.nord.no\/samisk-konferansen\/wp-json\/wp\/v2\/pages\/94\/revisions\/241"}],"wp:attachment":[{"href":"https:\/\/site.nord.no\/samisk-konferansen\/wp-json\/wp\/v2\/media?parent=94"}],"wp:term":[{"taxonomy":"author","embeddable":true,"href":"https:\/\/site.nord.no\/samisk-konferansen\/wp-json\/wp\/v2\/coauthors?post=94"}],"curies":[{"name":"wp","href":"https:\/\/api.w.org\/{rel}","templated":true}]}}